{"id":41317,"date":"2023-01-24T06:05:00","date_gmt":"2023-01-24T06:05:00","guid":{"rendered":"https:\/\/www.sisinternational.com\/?page_id=41317"},"modified":"2026-01-26T19:01:47","modified_gmt":"2026-01-27T00:01:47","slug":"flughafenumfrage-marktforschung","status":"publish","type":"page","link":"https:\/\/www.sisinternational.com\/de\/sachverstand\/flughafenumfrage-marktforschung\/","title":{"rendered":"Flughafenumfrage Marktforschung"},"content":{"rendered":"<h1 class=\"wp-block-heading\">Flughafenumfrage Marktforschung<\/h1>\n\n\n\n<figure class=\"gb-block-image gb-block-image-70ff05b8\"><img loading=\"lazy\" decoding=\"async\" width=\"1456\" height=\"816\" class=\"gb-image gb-image-70ff05b8\" src=\"https:\/\/www.sisinternational.com\/wp-content\/uploads\/2025\/10\/Airport-intercept-2.jpg\" alt=\"SIS International Marktforschung &amp; Strategie\" title=\"Airport intercept (2)\" srcset=\"https:\/\/www.sisinternational.com\/wp-content\/uploads\/2025\/10\/Airport-intercept-2.jpg 1456w, https:\/\/www.sisinternational.com\/wp-content\/uploads\/2025\/10\/Airport-intercept-2-300x168.jpg 300w, https:\/\/www.sisinternational.com\/wp-content\/uploads\/2025\/10\/Airport-intercept-2-1024x574.jpg 1024w, https:\/\/www.sisinternational.com\/wp-content\/uploads\/2025\/10\/Airport-intercept-2-768x430.jpg 768w, https:\/\/www.sisinternational.com\/wp-content\/uploads\/2025\/10\/Airport-intercept-2-18x10.jpg 18w\" sizes=\"auto, (max-width: 1456px) 100vw, 1456px\"><\/figure>\n\n\n\n<p><\/p>\n\n\n\n<hr class=\"wp-block-separator has-alpha-channel-opacity is-style-dots\"\/>\n\n\n\n<p><\/p>\n\n\n\n<div class=\"wp-block-columns has-global-color-9-color has-text-color has-background has-link-color wp-elements-2f6e43c6dc4f7864fcd323bc1a488b8c is-layout-flex wp-container-core-columns-is-layout-9d6595d7 wp-block-columns-is-layout-flex\" style=\"background-color:#f7f9fa6e\">\n<div class=\"wp-block-column is-layout-flow wp-block-column-is-layout-flow\" style=\"flex-basis:18%\"><\/div>\n\n\n\n<div class=\"wp-block-column is-vertically-aligned-center is-layout-flow wp-block-column-is-layout-flow\" style=\"flex-basis:71.28%\">\n<div class=\"wp-block-rank-math-toc-block aligncenter has-global-color-9-color has-text-color has-link-color wp-elements-bfd9db19fe0d546527856b2b9a405e1b\" style=\"font-size:16px\" id=\"rank-math-toc\"><h2><br><strong>T<\/strong>able of Contents<\/h2><nav><ul><li class=\"\"><a href=\"#what-is-airport-survey-market-research\">Was ist Marktforschung im Flughafenbereich?<\/a><\/li><li class=\"\"><a href=\"#who-are-the-survey-participants\">Wer sind die Umfrageteilnehmer?<\/a><\/li><li class=\"\"><a href=\"#how-to-conduct-successful-airport-survey-market-research\">So f\u00fchren Sie erfolgreiche Marktforschung um Flughafenumfragen durch<\/a><\/li><li class=\"\"><a href=\"#what-data-can-you-get-in-airport-survey-market-research\">Welche Daten k\u00f6nnen Sie durch eine Marktforschung mit Flughafenumfragen erhalten?<\/a><\/li><li class=\"\"><a href=\"#benefits-of-airport-survey-market-research\">Vorteile der Marktforschung durch Flughafenumfragen<\/a><\/li><li class=\"\"><a href=\"#businesses-that-need-airport-survey-market-research\">Unternehmen, die Marktforschung zu Flughafenumfragen ben\u00f6tigen<\/a><\/li><\/ul><\/nav><\/div>\n<\/div>\n<\/div>\n\n\n\n<p><\/p>\n\n\n\n<h2 class=\"wp-block-heading\" id=\"what-is-airport-survey-market-research\">Was ist Marktforschung im Flughafenbereich?<\/h2>\n\n\n\n<p>Die Marktforschung auf Flughafenebene ist eine genaue Methode, um Daten \u00fcber die verschiedenen Gewohnheiten und Vorlieben von Flughafenbenutzern zu sammeln. Tausende von Menschen nutzen t\u00e4glich den Flughafen, um gesch\u00e4ftlich oder privat zu reisen. Die verschiedenen Statistiken, die man von Flugg\u00e4sten erhalten kann, k\u00f6nnen auf zahlreiche Arten erhoben werden, aber Informationen aus erster Hand durch Interviews oder Umfragen zu erhalten, f\u00fchrt zu einem detaillierteren Ansatz.<\/p>\n\n\n\n<h2 class=\"wp-block-heading\" id=\"who-are-the-survey-participants\">Wer sind die Umfrageteilnehmer?<\/h2>\n\n\n\n<p>Airport <a class=\"wpil_keyword_link\" href=\"https:\/\/www.sisinternational.com\/de\/losungen\/qualitative-quantitative-forschungslosungen\/umfrage-marktforschung\/\"   title=\"Umfrage Marktforschung\" data-wpil-keyword-link=\"linked\"  data-wpil-monitor-id=\"725\">Umfrage Marktforschung<\/a> aims to provide airline companies, airports, or other businesses with useful data and strategies in the airport industry. The participants for the airport <a href=\"https:\/\/www.sisinternational.com\/de\/mitgliederbefragung-marktforschung\/\" title=\"Mitgliederbefragung Marktforschung\"  data-wpil-monitor-id=\"3594\">Umfrage Marktforschung<\/a> are those who have used, are currently using, or planning to travel by air.<\/p>\n\n\n\n<h2 class=\"wp-block-heading\" id=\"how-to-conduct-successful-airport-survey-market-research\">So f\u00fchren Sie erfolgreiche Marktforschung um Flughafenumfragen durch<\/h2>\n\n\n\n<figure class=\"gb-block-image gb-block-image-4024d408\"><img loading=\"lazy\" decoding=\"async\" width=\"1456\" height=\"816\" class=\"gb-image gb-image-4024d408\" src=\"https:\/\/www.sisinternational.com\/wp-content\/uploads\/2025\/10\/Airport-intercept-1.jpg\" alt=\"SIS International Marktforschung &amp; Strategie\" title=\"Airport intercept (1)\" srcset=\"https:\/\/www.sisinternational.com\/wp-content\/uploads\/2025\/10\/Airport-intercept-1.jpg 1456w, https:\/\/www.sisinternational.com\/wp-content\/uploads\/2025\/10\/Airport-intercept-1-300x168.jpg 300w, https:\/\/www.sisinternational.com\/wp-content\/uploads\/2025\/10\/Airport-intercept-1-1024x574.jpg 1024w, https:\/\/www.sisinternational.com\/wp-content\/uploads\/2025\/10\/Airport-intercept-1-768x430.jpg 768w, https:\/\/www.sisinternational.com\/wp-content\/uploads\/2025\/10\/Airport-intercept-1-18x10.jpg 18w\" sizes=\"auto, (max-width: 1456px) 100vw, 1456px\"><\/figure>\n\n\n\n<p><\/p>\n\n\n\n<p>Airport <a href=\"https:\/\/www.sisinternational.com\/de\/sachverstand\/branchen\/hotelumfrage-marktforschung\/\" title=\"Hotelumfrage Marktforschung\"  data-wpil-monitor-id=\"7211\">Umfrage Marktforschung<\/a> should be done efficiently by well-experienced companies or individuals in order to acquire credible data and strategies in the airport industry. Here are some ideal methods to successfully conduct these types of surveys:<\/p>\n\n\n\n<ul class=\"wp-block-list\">\n<li>Beschr\u00e4nken Sie den Fragebogen auf ein paar Fragen, deren Beantwortung nicht viel Zeit in Anspruch nimmt. Wenn Sie die Umfrageteilnehmer ansprechen, teilen Sie ihnen unbedingt mit, wie lange die Umfrage dauern wird.<\/li>\n\n\n\n<li>Machen Sie eine Probefahrt, indem Sie ein paar Umfragen durchf\u00fchren, um den Ablauf der Fragen zu beurteilen und die Zeit zu optimieren.<\/li>\n\n\n\n<li>Stellen Sie sicher, dass Sie die richtigen Leute haben, die die Umfrage durchf\u00fchren. Die Interviewer sollten kontaktfreudig, freundlich und tatkr\u00e4ftig sein.<\/li>\n\n\n\n<li>F\u00fchren Sie das Interview dort durch, wo die Flugg\u00e4ste warten. Es ist besser, mit dem Sicherheitsteam des Flughafens zusammenzuarbeiten, um Zugang zu bestimmten Bereichen zu erhalten.<\/li>\n\n\n\n<li>\u00dcberlegen Sie sich Anreize, um die Umfrageteilnehmer zu motivieren. W\u00e4hlen Sie m\u00f6glichst Geschenke aus, die Sie sofort verteilen k\u00f6nnen.<\/li>\n<\/ul>\n\n\n\n<h2 class=\"wp-block-heading\" id=\"what-data-can-you-get-in-airport-survey-market-research\">Welche Daten k\u00f6nnen Sie durch eine Marktforschung mit Flughafenumfragen erhalten?<\/h2>\n\n\n\n<p>Market Research provides insights into air travelers. Gathering data can be done face-to-face or online. However, <a class=\"wpil_keyword_link\" href=\"https:\/\/www.sisinternational.com\/de\/losungen\/reise-tourismus-und-gastgewerbeberatung\/marktforschung-fur-abfangjagden-auf-flughafen\/\"   title=\"Marktforschung f\u00fcr Flughafenabfangj\u00e4ger\" data-wpil-keyword-link=\"linked\"  data-wpil-monitor-id=\"398\">Marktforschung f\u00fcr Abfangjagden auf Flugh\u00e4fen<\/a>, which is done by interviewing flight passengers in the airport vicinity, is more favorable because of its direct approach.<\/p>\n\n\n\n<p>Passagiere werden nach dem Zufallsprinzip ausgew\u00e4hlt oder m\u00fcssen bestimmte Kriterien erf\u00fcllen. Ihnen werden eine Reihe von Fragen gestellt. Diese Fragen k\u00f6nnen sich auf bestimmte Daten beziehen, darunter unter anderem:<\/p>\n\n\n\n<ul class=\"wp-block-list\">\n<li>Wie oft fliegt ein Passagier im Jahr?<\/li>\n\n\n\n<li>Informieren Sie sich \u00fcber die Reisegr\u00fcnde.<\/li>\n\n\n\n<li>Warum die Passagiere das Flugzeug gegen\u00fcber anderen Transportmitteln bevorzugten.<\/li>\n\n\n\n<li>Gr\u00fcnde, warum sie eine bestimmte Fluggesellschaft einer anderen vorziehen.<\/li>\n\n\n\n<li>Die Art des Erlebnisses, das die Passagiere vor, w\u00e4hrend und nach dem Flug haben.<\/li>\n\n\n\n<li>Wissen, was an den Diensten verbessert werden kann und warum<\/li>\n\n\n\n<li>Welche Vorschl\u00e4ge sie zu den von ihnen genutzten Diensten machen k\u00f6nnen.<\/li>\n\n\n\n<li>Are they getting their money\u2019s <a href=\"https:\/\/www.sisinternational.com\/de\/financial-services-consulting\/high-net-worth-financial-services\/\" title=\"High Net Worth Financial Services\"  data-wpil-monitor-id=\"1013\">worth is using a specific service<\/a> or airline?<\/li>\n\n\n\n<li>Sind ihnen die aktuellen Angebote des Flughafens oder der Fluggesellschaft bekannt?<\/li>\n\n\n\n<li>Verschiedene Daten k\u00f6nnen Fluggesellschaften oder Flughafenunternehmen dabei helfen, ein Profil f\u00fcr ihren Besuchermarkt zu entwickeln<\/li>\n<\/ul>\n\n\n\n<h2 class=\"wp-block-heading\" id=\"benefits-of-airport-survey-market-research\">Vorteile der Marktforschung durch Flughafenumfragen<\/h2>\n\n\n\n<figure class=\"gb-block-image gb-block-image-b00fc42e\"><img loading=\"lazy\" decoding=\"async\" width=\"1456\" height=\"816\" class=\"gb-image gb-image-b00fc42e\" src=\"https:\/\/www.sisinternational.com\/wp-content\/uploads\/2025\/10\/Airport-intercept-3.jpg\" alt=\"SIS International Marktforschung &amp; Strategie\" title=\"Airport intercept (3)\" srcset=\"https:\/\/www.sisinternational.com\/wp-content\/uploads\/2025\/10\/Airport-intercept-3.jpg 1456w, https:\/\/www.sisinternational.com\/wp-content\/uploads\/2025\/10\/Airport-intercept-3-300x168.jpg 300w, https:\/\/www.sisinternational.com\/wp-content\/uploads\/2025\/10\/Airport-intercept-3-1024x574.jpg 1024w, https:\/\/www.sisinternational.com\/wp-content\/uploads\/2025\/10\/Airport-intercept-3-768x430.jpg 768w, https:\/\/www.sisinternational.com\/wp-content\/uploads\/2025\/10\/Airport-intercept-3-18x10.jpg 18w\" sizes=\"auto, (max-width: 1456px) 100vw, 1456px\"><\/figure>\n\n\n\n<p><\/p>\n\n\n\n<p>Das Sammeln von Informationen \u00fcber Flugreisende durch Marktforschung an Flugh\u00e4fen hilft dabei, Daten und Strategien f\u00fcr die Flughafenbranche bereitzustellen. Diese Art der Marktforschung bietet Einblicke in die Erfahrungen und Vorlieben von Flugg\u00e4sten, die von der Reisebranche genutzt werden k\u00f6nnen.<\/p>\n\n\n\n<h3 class=\"wp-block-heading\">Die Flughafenmarktforschung liefert Erkenntnisse, die in den folgenden Bereichen genutzt werden k\u00f6nnen:<\/h3>\n\n\n\n<ul class=\"wp-block-list\">\n<li>Unterst\u00fctzen Sie Entscheidungstr\u00e4ger und Unternehmen bei der Beschaffung von Daten und Strategien in der Flughafenbranche.<\/li>\n\n\n\n<li>Die erfassten Statistiken k\u00f6nnen dazu beitragen, Dienste zu verbessern und funktionierende Dienste beizubehalten.<\/li>\n\n\n\n<li>Informieren Sie sich \u00fcber die Faktoren, die Flugreisende dazu bewegen, sich f\u00fcr bestimmte Services zu entscheiden.<\/li>\n\n\n\n<li>Wettbewerbsanalyse zur Ermittlung des wichtigsten Differenzierungsmerkmals oder zum Benchmarking.<\/li>\n\n\n\n<li>Identifizieren Sie Personen, die derzeit Ihre Dienste nutzen, um \u00e4hnliche potenzielle Kunden anzusprechen<\/li>\n\n\n\n<li>Identifizieren Sie Personen, die mit dem Service unzufrieden sind, um herauszufinden, mit welcher Phase der Customer Journey sie am unzufriedensten sind.<\/li>\n<\/ul>\n\n\n\n<p><\/p>\n\n\n\n<!DOCTYPE html>\n<html lang=\"en\">\n<head>\n    <meta charset=\"UTF-8\">\n    <meta name=\"viewport\" content=\"width=device-width, initial-scale=1.0\">\n    <title>AI Blog Banner<\/title>\n    <style>\n        * {\n            margin: 0;\n            padding: 0;\n            box-sizing: border-box;\n        }\n\n        .banner {\n            position: relative;\n            width: 100%;\n            height: 350px;\n            overflow: hidden;\n            display: flex;\n            align-items: center;\n            justify-content: center;\n            font-family: 'Arial', sans-serif;\n            border-radius: 25px;\n        }\n\n        .animated-background {\n            position: absolute;\n            top: 0;\n            left: 0;\n            width: 100%;\n            height: 100%;\n            background: linear-gradient(45deg, #003f6b, #2d5a7b, #003f6b, #2d5a7b);\n            background-size: 400% 400%;\n            animation: gradientMove 8s ease-in-out infinite;\n        }\n\n        .ai-pattern {\n            position: absolute;\n            top: 0;\n            left: 0;\n            width: 100%;\n            height: 100%;\n            opacity: 0.1;\n            background-image: \n                radial-gradient(circle at 20% 20%, rgba(255,255,255,0.3) 2px, transparent 2px),\n                radial-gradient(circle at 80% 80%, rgba(255,255,255,0.2) 1px, transparent 1px),\n                radial-gradient(circle at 40% 60%, rgba(255,255,255,0.15) 1.5px, transparent 1.5px),\n                radial-gradient(circle at 60% 20%, rgba(255,255,255,0.25) 1px, transparent 1px),\n                radial-gradient(circle at 80% 40%, rgba(255,255,255,0.2) 2px, transparent 2px);\n            background-size: 100px 100px, 150px 150px, 80px 80px, 120px 120px, 90px 90px;\n            animation: patternFloat 12s linear infinite;\n        }\n\n        .neural-network {\n            position: absolute;\n            top: 0;\n            left: 0;\n            width: 100%;\n            height: 100%;\n            opacity: 0.08;\n        }\n\n        .neural-line {\n            position: absolute;\n            height: 1px;\n            background: linear-gradient(90deg, transparent, rgba(255,255,255,0.5), transparent);\n            animation: neuralPulse 6s ease-in-out infinite;\n        }\n\n        .neural-line:nth-child(1) {\n            top: 30%;\n            left: 0;\n            width: 60%;\n            animation-delay: 0s;\n        }\n\n        .neural-line:nth-child(2) {\n            top: 50%;\n            right: 0;\n            width: 70%;\n            animation-delay: 2s;\n        }\n\n        .neural-line:nth-child(3) {\n            top: 70%;\n            left: 20%;\n            width: 50%;\n            animation-delay: 4s;\n        }\n\n        .content {\n            position: relative;\n            z-index: 10;\n            text-align: center;\n            color: white !important;\n            max-width: 800px;\n            padding: 30px;\n        }\n\n        .content * {\n            color: white !important;\n        }\n\n        .cta-text {\n            font-size: 1.9rem;\n            font-weight: 700;\n            margin-bottom: 15px;\n            color: white !important;\n            background: linear-gradient(90deg, rgba(255,255,255,0.6), rgba(255,255,255,1), rgba(230,230,230,1), rgba(255,255,255,1), rgba(240,240,240,0.8), rgba(255,255,255,0.6));\n            background-size: 200% 100%;\n            -webkit-background-clip: text;\n            -webkit-text-fill-color: transparent;\n            background-clip: text;\n            animation: shineEffect 10s ease-in-out infinite;\n            line-height: 1.3;\n        }\n\n        .cta-subheading {\n            font-size: 1rem;\n            font-weight: 400;\n            margin-bottom: 25px;\n            color: white !important;\n            line-height: 1.6;\n            opacity: 0.95;\n        }\n\n        .cta-button {\n            background: linear-gradient(135deg, #8a6b0f, #bd9013, #d4a519);\n            border: 2px solid #8a6b0f;\n            color: white !important;\n            padding: 18px 40px;\n            font-size: 1.2rem;\n            font-weight: 600;\n            border-radius: 50px;\n            cursor: pointer;\n            transition: all 0.3s ease;\n            text-decoration: none;\n            display: inline-block;\n            position: relative;\n            overflow: hidden;\n        }\n\n        .cta-button::before {\n            content: '';\n            position: absolute;\n            top: 0;\n            left: -100%;\n            width: 100%;\n            height: 100%;\n            background: linear-gradient(90deg, \n                transparent 0%, \n                rgba(255, 255, 255, 0.3) 25%,\n                rgba(255, 255, 255, 0.6) 50%,\n                rgba(255, 255, 255, 0.3) 75%,\n                transparent 100%);\n            animation: shine 3s ease-in-out infinite;\n        }\n\n        .cta-button:hover {\n            transform: translateY(-3px);\n            box-shadow: 0 10px 25px rgba(0,0,0,0.2);\n            border-color: #bd9013;\n            background: linear-gradient(135deg, #bd9013, #d4a519, #e6b61f);\n        }\n\n        .floating-elements {\n            position: absolute;\n            top: 0;\n            left: 0;\n            width: 100%;\n            height: 100%;\n            pointer-events: none;\n        }\n\n        .floating-circle {\n            position: absolute;\n            border-radius: 50%;\n            background: rgba(255,255,255,0.1);\n            animation: float 8s ease-in-out infinite;\n        }\n\n        .floating-circle:nth-child(1) {\n            width: 80px;\n            height: 80px;\n            top: 20%;\n            left: 10%;\n            animation-delay: 0s;\n        }\n\n        .floating-circle:nth-child(2) {\n            width: 60px;\n            height: 60px;\n            top: 60%;\n            right: 15%;\n            animation-delay: 3s;\n        }\n\n        .floating-circle:nth-child(3) {\n            width: 40px;\n            height: 40px;\n            top: 80%;\n            left: 80%;\n            animation-delay: 6s;\n        }\n\n        .floating-circle:nth-child(4) {\n            width: 70px;\n            height: 70px;\n            top: 10%;\n            right: 20%;\n            animation-delay: 1.5s;\n        }\n\n        .floating-circle:nth-child(5) {\n            width: 50px;\n            height: 50px;\n            top: 75%;\n            left: 30%;\n            animation-delay: 4.5s;\n        }\n\n        @keyframes gradientMove {\n            0% { background-position: 0% 50%; }\n            25% { background-position: 100% 50%; }\n            50% { background-position: 100% 100%; }\n            75% { background-position: 0% 100%; }\n            100% { background-position: 0% 50%; }\n        }\n\n        @keyframes patternFloat {\n            0% { transform: translateX(0) translateY(0); }\n            33% { transform: translateX(30px) translateY(-20px); }\n            66% { transform: translateX(-20px) translateY(10px); }\n            100% { transform: translateX(0) translateY(0); }\n        }\n\n        @keyframes neuralPulse {\n            0%, 100% { opacity: 0.08; }\n            50% { opacity: 0.2; }\n        }\n\n        @keyframes shineEffect {\n            0% { background-position: 200% 0; }\n            100% { background-position: -200% 0; }\n        }\n\n        @keyframes shine {\n            0% {\n                left: -100%;\n            }\n            20%, 100% {\n                left: 100%;\n            }\n        }\n\n        @keyframes float {\n            0%, 100% { transform: translateY(0px) rotate(0deg); }\n            33% { transform: translateY(-30px) rotate(120deg); }\n            66% { transform: translateY(15px) rotate(240deg); }\n        }\n\n        @media (max-width: 768px) {\n            .banner {\n                height: 320px;\n                padding: 30px 0;\n            }\n            \n            .content {\n                padding: 40px 20px;\n            }\n            \n            .cta-text {\n                font-size: 1.3rem;\n                margin-bottom: 12px;\n            }\n            \n            .cta-subheading {\n                font-size: 0.85rem;\n                margin-bottom: 20px;\n            }\n            \n            .cta-button {\n                padding: 14px 28px;\n                font-size: 0.95rem;\n            }\n        }\n    <\/style>\n<\/head>\n<body>\n    <div class=\"banner\">\n        <div class=\"animated-background\"><\/div>\n        \n        <div class=\"ai-pattern\"><\/div>\n        \n        <div class=\"neural-network\">\n            <div class=\"neural-line\"><\/div>\n            <div class=\"neural-line\"><\/div>\n            <div class=\"neural-line\"><\/div>\n        <\/div>\n        \n        <div class=\"floating-elements\">\n            <div class=\"floating-circle\"><\/div>\n            <div class=\"floating-circle\"><\/div>\n            <div class=\"floating-circle\"><\/div>\n            <div class=\"floating-circle\"><\/div>\n            <div class=\"floating-circle\"><\/div>\n        <\/div>\n        \n        <div class=\"content\">\n            <div class=\"cta-text\">Ready to explore the insights that drive smarter decisions?<\/div>\n            <div class=\"cta-subheading\">Contact our Research experts today.<\/div>\n            <a href=\"mailto:Research@sisinternational.com\" class=\"cta-button\">Contact us now!<\/a>\n        <\/div>\n    <\/div>\n<\/body>\n<\/html>\n\n\n\n<p><\/p>\n\n\n\n<h2 class=\"wp-block-heading\" id=\"businesses-that-need-airport-survey-market-research\">Unternehmen, die Marktforschung zu Flughafenumfragen ben\u00f6tigen<\/h2>\n\n\n\n<ul class=\"wp-block-list\">\n<li>Fluggesellschaften<\/li>\n\n\n\n<li>Flughafenmanagement<\/li>\n\n\n\n<li>Unternehmen, die Dienstleistungen im Flughafenumfeld anbieten<\/li>\n\n\n\n<li>Unternehmen, die Dienstleistungen in der N\u00e4he des Flughafens anbieten<\/li>\n\n\n\n<li>Ladenbesitzer innerhalb und in der N\u00e4he des Flughafens<\/li>\n\n\n\n<li>Hotel- und Beherbergungsdienstleistungen f\u00fcr Flugg\u00e4ste<\/li>\n\n\n\n<li>Hersteller und H\u00e4ndler von Waren\/Gegenst\u00e4nden, die von Flugg\u00e4sten genutzt werden<\/li>\n<\/ul>\n\n\n<h2>Unser Standort in New York<\/h2>\n<p><!-- \/wp:post-content --> <!-- wp:html --> <iframe loading=\"lazy\" src=\"https:\/\/www.google.com\/maps\/embed?pb=!1m18!1m12!1m3!1d3022.976188376966!2d-73.99130312499956!3d40.740549471389315!2m3!1f0!2f0!3f0!3m2!1i1024!2i768!4f13.1!3m3!1m2!1s0x89c259a15798c731%3A0xd695d09bdd495f25!2s11%20E%2022nd%20St%20FL%202%2C%20New%20York%2C%20NY%2010010%2C%20USA!5e0!3m2!1sen!2spe!4v1726171763526!5m2!1sen!2spe\" width=\"600\" height=\"450\" allowfullscreen=\"allowfullscreen\" data-mce-fragment=\"1\"><\/iframe> <!-- \/wp:html --> <!-- wp:paragraph --><\/p>\n<h3 class=\"wp-block-heading\">11 E 22nd Street, Floor 2, New York, NY 10010 T: +1(212) 505-6805<\/h3>\n<hr \/>\n<h2><span style=\"font-weight: 400;\">\u00dcber SIS International<\/span><\/h2>\n<p><a href=\"https:\/\/www.sisinternational.com\/de\/\"><span style=\"font-weight: 400;\">SIS International<\/span><\/a><span style=\"font-weight: 400;\"> bietet quantitative, qualitative und strategische Forschung an. Wir liefern Daten, Tools, Strategien, Berichte und Erkenntnisse zur Entscheidungsfindung. Wir f\u00fchren auch Interviews, Umfragen, Fokusgruppen und andere Methoden und Ans\u00e4tze der Marktforschung durch.<\/span><a href=\"https:\/\/www.sisinternational.com\/de\/uber-sis-international-research\/contact-sis-international-market-research\/\"><span style=\"font-weight: 400;\"> Kontakt<\/span><\/a><span style=\"font-weight: 400;\"> f\u00fcr Ihr n\u00e4chstes Marktforschungsprojekt.<\/span><\/p>","protected":false},"excerpt":{"rendered":"<p>Die Marktforschung mit Flughafenumfragen ist eine zuverl\u00e4ssige Methode, um Daten zu den verschiedenen Gewohnheiten und Vorlieben von Flughafennutzern zu sammeln.<\/p>","protected":false},"author":1,"featured_media":70803,"parent":14514,"menu_order":162,"comment_status":"closed","ping_status":"closed","template":"","meta":{"footnotes":""},"class_list":["post-41317","page","type-page","status-publish","has-post-thumbnail"],"_links":{"self":[{"href":"https:\/\/www.sisinternational.com\/de\/wp-json\/wp\/v2\/pages\/41317","targetHints":{"allow":["GET"]}}],"collection":[{"href":"https:\/\/www.sisinternational.com\/de\/wp-json\/wp\/v2\/pages"}],"about":[{"href":"https:\/\/www.sisinternational.com\/de\/wp-json\/wp\/v2\/types\/page"}],"author":[{"embeddable":true,"href":"https:\/\/www.sisinternational.com\/de\/wp-json\/wp\/v2\/users\/1"}],"replies":[{"embeddable":true,"href":"https:\/\/www.sisinternational.com\/de\/wp-json\/wp\/v2\/comments?post=41317"}],"version-history":[{"count":11,"href":"https:\/\/www.sisinternational.com\/de\/wp-json\/wp\/v2\/pages\/41317\/revisions"}],"predecessor-version":[{"id":80773,"href":"https:\/\/www.sisinternational.com\/de\/wp-json\/wp\/v2\/pages\/41317\/revisions\/80773"}],"up":[{"embeddable":true,"href":"https:\/\/www.sisinternational.com\/de\/wp-json\/wp\/v2\/pages\/14514"}],"wp:featuredmedia":[{"embeddable":true,"href":"https:\/\/www.sisinternational.com\/de\/wp-json\/wp\/v2\/media\/70803"}],"wp:attachment":[{"href":"https:\/\/www.sisinternational.com\/de\/wp-json\/wp\/v2\/media?parent=41317"}],"curies":[{"name":"wp","href":"https:\/\/api.w.org\/{rel}","templated":true}]}}