{"id":41308,"date":"2023-01-24T01:23:55","date_gmt":"2023-01-24T01:23:55","guid":{"rendered":"https:\/\/www.sisinternational.com\/?page_id=41308"},"modified":"2026-03-12T11:59:25","modified_gmt":"2026-03-12T15:59:25","slug":"marktforschung-tijuana-mexiko","status":"publish","type":"page","link":"https:\/\/www.sisinternational.com\/de\/abdeckung\/latin-america\/marktforschung-in-lateinamerika-2\/marktforschung-tijuana-mexiko\/","title":{"rendered":"Marktforschung in Tijuana, Mexiko"},"content":{"rendered":"<h1>Marktforschung in Tijuana, Mexiko<\/h1>\n<p><img loading=\"lazy\" decoding=\"async\" class=\"aligncenter size-full wp-image-41346\" src=\"https:\/\/www.sisinternational.com\/wp-content\/uploads\/2023\/01\/market-research-tijuana.jpg\" alt=\"Marktforschung in Tijuana, Mexiko\" width=\"1140\" height=\"641\" \/><\/p>\n<p>Tijuana ist eine Stadt im Norden der Halbinsel Baja California, nahe San Diego, an der Grenze zwischen Mexiko und den USA. Diese gesch\u00e4ftige Stadt gilt aufgrund ihres kulturellen und kommerziellen Zentrums als Weltstadt.<\/p>\n<h2>Nachbarschaften<\/h2>\n<p>Tijuanas Hauptstra\u00dfe, die Avenida Revoluci\u00f3n \u2013 normalerweise voller Touristen \u2013 ist ges\u00e4umt von Souvenirl\u00e4den und Bars. In den vielen Stadien der Stadt finden auch regelm\u00e4\u00dfig Wrestling-K\u00e4mpfe (Lucha Libre) statt, die zur \u00fcblichen Unterhaltung geh\u00f6ren.<\/p>\n<p>Die bekanntesten Wahrzeichen sind das Kulturzentrum von Tijuana und der Jai Alai-Palast. Das Kulturzentrum ist ein modernes Geb\u00e4ude, in dem sich ein Theater, ein Konzertsaal, ein Museum und sogar ein Aquarium befinden. Dort finden h\u00e4ufig Workshops, Kurse, Programme, Shows, Literaturveranstaltungen, Ausstellungen, Konferenzen und mehr statt.<\/p>\n<p>Im Jai Alai Palace finden zahlreiche Veranstaltungen wie Konzerte und Theaterst\u00fccke statt. Sein Name leitet sich vom baskischen Sport Jai Alai ab.<\/p>\n<h2>Schl\u00fcsselindustrien<\/h2>\n<p>In Bezug auf Industrie und Wirtschaft ist Tijuana zweifellos eine dominierende Stadt im Bundesstaat Baja California und hat auch einen gewissen Einfluss auf den Rest Mexikos.<\/p>\n<p>The largest concentration of aerospace assembly plants in Mexico is located in Tijuana. Furthermore, it boasts the chief number of medical device manufacturers in all of North America. Besides aerospace and <a href=\"https:\/\/www.sisinternational.com\/de\/losungen\/branding-und-kundenforschungslosungen\/produkttests-marktforschung\/product-testing-for-consumer-products\/medical-device-product-testing-in-nyc\/\" title=\"Medical Device Product Testing in NYC\"  data-wpil-monitor-id=\"8096\">medical device production<\/a>, the following manufacturing plants can be found in Tijuana: automotive, auto parts, furniture, plastic injection molding, and electronics.<\/p>\n<h2>Trends<\/h2>\n<p>Wie in allen gro\u00dfen St\u00e4dten ist gesunder Menschenverstand angebracht. Tijuana steht in Mexiko an der Spitze der j\u00e4hrlichen Mordrate. Dennoch sind Besucher im Allgemeinen sicher, solange sie auf ihre Sicherheit achten. Mit anderen Worten: Bleiben Sie am besten in gut \u00fcberwachten Gegenden, auf den Hauptverkehrsstra\u00dfen und meiden Sie abgelegene Orte oder abgelegene Fu\u00dfg\u00e4ngerzonen.<\/p>\n<p>Dennoch ist Tijuana das Zentrum kultureller Aktivit\u00e4ten und bietet ein lebhaftes Nachtleben. Ein Besuch im nahegelegenen Ensenada ist immer eine Entt\u00e4uschung. Ensenada ist nicht nur eine Hafenstadt, sondern hat auch tolle Str\u00e4nde, an denen viele Tijuanenses (Einwohner von Tijuana) zum Entspannen hingehen. Der Strand von Ensenada ist f\u00fcr sein ruhiges Wasser und seinen weichen Sand bekannt.<\/p>\n<p>Das Rathaus hat au\u00dferdem ein Programm f\u00fcr umweltfreundliche Unternehmen eingef\u00fchrt und fordert Unternehmer auf, sich f\u00fcr eine Zertifizierung zu registrieren, die best\u00e4tigt, dass ihre Unternehmen alle erforderlichen Umweltschutzma\u00dfnahmen einhalten.<\/p>\n<h2>Vorteile und Trends des Marktes<\/h2>\n<p>Mexiko ist ein starker Handelspartner der USA und viele Importe in die USA erfolgen \u00fcber diese n\u00f6rdliche Stadt. San Diegos Exporte nach Mexiko sind hoch, was haupts\u00e4chlich auf den grenz\u00fcberschreitenden Handel mit Tijuana zur\u00fcckzuf\u00fchren ist. Ein gro\u00dfer Teil der Exporte San Diegos ist f\u00fcr die Halbinsel Baja California bestimmt.<br \/>\nBaja California ist einer der gr\u00f6\u00dften Exporteure Mexikos. Die USA sind der gr\u00f6\u00dfte Exporteur, aber auch China, Deutschland, Taiwan und Japan haben in Produktionsst\u00e4tten in Tijuana investiert.<\/p>\n<h2>Schl\u00fcsselfaktoren f\u00fcr den Erfolg eines Gesch\u00e4fts in Tijuana<\/h2>\n<p>Mexiko hat eine stabile und wachsende Wirtschaft und Tijuana ist aufgrund seiner strategischen Lage ein wichtiger Importeur und Exporteur. Dar\u00fcber hinaus sind die Arbeitskosten niedrig und die Arbeitskr\u00e4fte hochqualifiziert und effizient, was zu einer hohen Produktionsqualit\u00e4t f\u00fchrt. Dar\u00fcber hinaus genie\u00dft Mexiko Freihandelsabkommen mit fast allen L\u00e4ndern.<\/p>\n<h2>Verbraucherbasis<\/h2>\n<p>Tijuana bietet gro\u00dfartige Unterhaltung. Es gibt viele wunderbare Restaurants und Bars und alles ist zu erschwinglichen Preisen erh\u00e4ltlich.<\/p>\n<p>Dar\u00fcber hinaus kann man angenehmes Wetter genie\u00dfen, nicht zu hei\u00df und nicht zu kalt.<\/p>\n<p>Ein weiterer Vorteil des Lebens in Tijuana ist die gute Gesundheitsversorgung. Sie ist nicht nur von hoher Qualit\u00e4t, sondern auch die Geb\u00fchren sind angemessen. Arztbesuche, Zahnbehandlungen und Kontrolluntersuchungen sind g\u00fcnstiger als in den USA. Das medizinische Personal ist hochqualifiziert und bietet eine ausgezeichnete Versorgung.<\/p>\n<p>Ein weiterer Pluspunkt ist der bezahlbare Wohnraum.<\/p>\n<p>Und nicht zuletzt sollte man, trotz Tijuanas Ruf \u2013 oder Bekanntheit \u2013 f\u00fcr Kriminalit\u00e4t, wie in jeder Gro\u00dfstadt auch, den gesunden Menschenverstand einsetzen. Ausl\u00e4nder sind kein Ziel von Gewaltverbrechen, aber wenn sie von den ausgetretenen Pfaden abweichen, k\u00f6nnten sie ins Kreuzfeuer geraten. Man sollte also immer vorsichtig vorgehen und die zuvor in diesem Artikel erw\u00e4hnten Empfehlungen befolgen.<\/p>\n<h2>Gr\u00fcnde, Ihr Gesch\u00e4ft auf dem Markt auszubauen<\/h2>\n<p>Die meisten Einwohner Tijuanas sprechen Englisch, was die Kommunikation mit ausl\u00e4ndischen Investoren, Managern und Besuchern wesentlich erleichtert. Auch die Schulung von Mitarbeitern kann auf Englisch erfolgen. Die gro\u00dfe Bev\u00f6lkerung der Stadt sorgt zudem f\u00fcr reichlich Arbeitskr\u00e4fte.<\/p>\n<p>Die Gewerkschaften in Tijuana hei\u00dfen White Unions, das hei\u00dft, sie sind als arbeitgeberfreundliche Gewerkschaften bekannt.<\/p>\n<p>Aufgrund der N\u00e4he zur amerikanischen Grenze ist Tijuana nicht nur auf dem Luft- und Landweg, sondern auch auf dem Seeweg leicht zu erreichen.<\/p>\n<p>The port of Ensenada \u2013 a nearby city, and one of the top major ports in Mexico \u2013 supports Tijuana with import and export activities with countries such as China, Japan, the US, Panama, Costa Rica, Nicaragua, Jamaica, Venezuela, and others. This busy port received the maritime Prize of <a class=\"wpil_keyword_link\" href=\"https:\/\/www.sisinternational.com\/de\/abdeckung\/die-amerikaner\/\"   title=\"Der amerikanische Kontinent\" data-wpil-keyword-link=\"linked\"  data-wpil-monitor-id=\"401\">the Americas<\/a> (WFP) for becoming the first green port in Mexico and the second in Latin America.<\/p>\n<h2>\u00dcber Marktforschung in Tijuana<\/h2>\n<p>Before <a href=\"https:\/\/www.sisinternational.com\/de\/losungen\/fintech-strategieberatung-forschung\/hedgefonds-und-investmentmarktforschung\/\" title=\"Hedgefonds- und Investmentmarktforschung\"  data-wpil-monitor-id=\"8098\">investing in this market<\/a>, doing some research is always essential. One can use surveys, interviews, and focus groups for that. Taking these steps ensures better business choices and reduces risks. The main <a href=\"https:\/\/www.sisinternational.com\/de\/how-to-design-effective-surveys-for-quantitative-research\/\" title=\"How to Design Effective Surveys for Quantitative Research\"  data-wpil-monitor-id=\"8100\">research types that are used are quantitative<\/a>, qualitative, and strategic. Finally, getting acquainted with Mexico\u2019s <a href=\"https:\/\/www.sisinternational.com\/de\/optimized-management-system-for-a-leading-us-immigration-law-firm\/\" title=\"Optimized Management System for a Leading US Immigration law firm\"  data-wpil-monitor-id=\"8102\">immigration and tax laws<\/a> is highly recommended as well, and it is best to obtain some assistance from local experts for that.<\/p>","protected":false},"excerpt":{"rendered":"<p>Marktforschung in Tijuana; Umfragen, Interviews und Fokusgruppen. Bevor Sie in diesen Markt investieren, ist eine Recherche unerl\u00e4sslich.<\/p>","protected":false},"author":1,"featured_media":0,"parent":14351,"menu_order":43,"comment_status":"closed","ping_status":"closed","template":"","meta":{"footnotes":""},"class_list":["post-41308","page","type-page","status-publish"],"_links":{"self":[{"href":"https:\/\/www.sisinternational.com\/de\/wp-json\/wp\/v2\/pages\/41308","targetHints":{"allow":["GET"]}}],"collection":[{"href":"https:\/\/www.sisinternational.com\/de\/wp-json\/wp\/v2\/pages"}],"about":[{"href":"https:\/\/www.sisinternational.com\/de\/wp-json\/wp\/v2\/types\/page"}],"author":[{"embeddable":true,"href":"https:\/\/www.sisinternational.com\/de\/wp-json\/wp\/v2\/users\/1"}],"replies":[{"embeddable":true,"href":"https:\/\/www.sisinternational.com\/de\/wp-json\/wp\/v2\/comments?post=41308"}],"version-history":[{"count":3,"href":"https:\/\/www.sisinternational.com\/de\/wp-json\/wp\/v2\/pages\/41308\/revisions"}],"predecessor-version":[{"id":81369,"href":"https:\/\/www.sisinternational.com\/de\/wp-json\/wp\/v2\/pages\/41308\/revisions\/81369"}],"up":[{"embeddable":true,"href":"https:\/\/www.sisinternational.com\/de\/wp-json\/wp\/v2\/pages\/14351"}],"wp:attachment":[{"href":"https:\/\/www.sisinternational.com\/de\/wp-json\/wp\/v2\/media?parent=41308"}],"curies":[{"name":"wp","href":"https:\/\/api.w.org\/{rel}","templated":true}]}}