{"id":41306,"date":"2023-01-24T01:14:53","date_gmt":"2023-01-24T01:14:53","guid":{"rendered":"https:\/\/www.sisinternational.com\/?page_id=41306"},"modified":"2026-01-25T17:19:12","modified_gmt":"2026-01-25T22:19:12","slug":"marktforschung-zum-medizintourismus","status":"publish","type":"page","link":"https:\/\/www.sisinternational.com\/de\/sachverstand\/marktforschung-zum-medizintourismus\/","title":{"rendered":"Marktforschung f\u00fcr Medizintourismus"},"content":{"rendered":"<h1 class=\"wp-block-heading\">Marktforschung f\u00fcr Medizintourismus<\/h1>\n\n\n\n<figure class=\"gb-block-image gb-block-image-402f75fb\"><img loading=\"lazy\" decoding=\"async\" width=\"1456\" height=\"816\" class=\"gb-image gb-image-402f75fb\" src=\"https:\/\/www.sisinternational.com\/wp-content\/uploads\/2025\/08\/Medical-dewvice-4.jpg\" alt=\"SIS International Marktforschung &amp; Strategie\" title=\"Medical dewvice (4)\" srcset=\"https:\/\/www.sisinternational.com\/wp-content\/uploads\/2025\/08\/Medical-dewvice-4.jpg 1456w, https:\/\/www.sisinternational.com\/wp-content\/uploads\/2025\/08\/Medical-dewvice-4-300x168.jpg 300w, https:\/\/www.sisinternational.com\/wp-content\/uploads\/2025\/08\/Medical-dewvice-4-1024x574.jpg 1024w, https:\/\/www.sisinternational.com\/wp-content\/uploads\/2025\/08\/Medical-dewvice-4-768x430.jpg 768w, https:\/\/www.sisinternational.com\/wp-content\/uploads\/2025\/08\/Medical-dewvice-4-18x10.jpg 18w\" sizes=\"auto, (max-width: 1456px) 100vw, 1456px\"><\/figure>\n\n\n\n<p><\/p>\n\n\n\n<p>Der Medizintourismus ist aufgrund der steigenden Kosten f\u00fcr die medizinische Behandlung in den Heimatl\u00e4ndern, der Globalisierung der Gesundheitsbranche und des zunehmenden Zugangs zu qualifiziertem medizinischem Personal weltweit eine weltweit wachsende Branche. L\u00e4nder in Schwellenm\u00e4rkten priorisieren diese Branche, um Medizintouristen anzuziehen und die Exporte fortschrittlicher Dienstleistungsbranchen wie Gesundheitswesen, Biotechnologie und Pharmazie anzukurbeln.<\/p>\n\n\n\n<p>Unter Medizintourismus versteht man Reisen au\u00dferhalb des Heimatlandes, um medizinische Versorgung zu erhalten. Obwohl viele Menschen Medizintourismus als Reisen von reichen L\u00e4ndern in Entwicklungsl\u00e4nder verstehen, um dort g\u00fcnstigere medizinische Versorgung zu erhalten, gilt dieser Prozess auch f\u00fcr die umgekehrte Situation, in der Menschen aus weniger entwickelten L\u00e4ndern in reiche Volkswirtschaften reisen, um sich dort Operationen zu unterziehen, die in ihren Heimatl\u00e4ndern nicht ohne weiteres durchgef\u00fchrt werden k\u00f6nnen.<\/p>\n\n\n\n<p>SIS analysiert alle potenziellen Chancen, die diese Arbeitsweise mit sich bringt, und wie potenzielle Kunden und Anbieter davon profitieren und Behandlungen verbessern k\u00f6nnen.<\/p>\n\n\n\n<h2 class=\"wp-block-heading\">\u00dcber den Markt des Medizintourismus<\/h2>\n\n\n\n<p>Medizintourismus gibt es in fast allen L\u00e4ndern der Welt. Beispielsweise reisen US-B\u00fcrger nach Mexiko, Kanada oder in die L\u00e4nder Mittel- und S\u00fcdamerikas, um dort eine g\u00fcnstigere Gesundheitsversorgung zu erhalten, w\u00e4hrend Europ\u00e4er au\u00dferhalb der EU oder in L\u00e4nder reisen, in denen die Preise niedriger sind.<\/p>\n\n\n\n<p>Zu den beliebtesten Reisezielen z\u00e4hlen Kuba, Griechenland, Thailand, Korea und Serbien, da deren \u00c4rzte und Spezialisten zu den besten der Welt geh\u00f6ren.<\/p>\n\n\n\n<p>Die h\u00e4ufigsten Gr\u00fcnde, warum Menschen f\u00fcr eine medizinische Behandlung in ein anderes Land reisen, sind:<\/p>\n\n\n\n<ol class=\"wp-block-list\">\n<li>Preis (viele Menschen reisen in andere L\u00e4nder, weil sie sich keine Krankenversicherung leisten k\u00f6nnen oder weil die Behandlungskosten weit \u00fcber ihrem Budget liegen. Daraus l\u00e4sst sich schlie\u00dfen, dass dies der Hauptgrund f\u00fcr den Medizintourismus ist)<\/li>\n\n\n\n<li>Die Rechtm\u00e4\u00dfigkeit der Dienstleistung (einige Gesundheitsdienstleistungen wie Abtreibung oder Sterbehilfe sind in einigen L\u00e4ndern gesetzlich verboten, aber nicht in allen)<br>Kulturelle Unterschiede (viele Einwanderer m\u00f6chten aufgrund ihrer religi\u00f6sen \u00dcberzeugungen in ihrem Herkunftsland behandelt werden)<\/li>\n\n\n\n<li>Zugang zu experimentellen Verfahren<\/li>\n\n\n\n<li>Zugang zu verbesserter Pflegequalit\u00e4t<\/li>\n<\/ol>\n\n\n\n<p>Zu den Verfahren, f\u00fcr die sich Menschen in einem anderen Land entscheiden, geh\u00f6ren (jedoch ohne darauf beschr\u00e4nkt zu sein) Fruchtbarkeitsbehandlungen (z. B. Leihmutterschaft, IVF und assistierte Reproduktionstechnologien), Organtransplantationen, plastische Chirurgie, Zahnbehandlungen und experimentelle Krebsbehandlungen.<\/p>\n\n\n\n<p><a class=\"wpil_keyword_link\" href=\"https:\/\/www.sisinternational.com\/de\/losungen\/qualitative-quantitative-forschungslosungen\/customer-journey-marktforschung\/\"   title=\"Customer Journey Marktforschung\" data-wpil-keyword-link=\"linked\"  data-wpil-monitor-id=\"403\">Customer Journey Marktforschung<\/a> can uncover numerous sources of competitive advantage in the Medical Tourism sector. Customers face numerous benefits and risks in medical tourism and the stakes can be high. Before patients decide to have their procedure done in a foreign country, they often conduct comprehensive in-person and online research to pick the right facility, treatment and medical provider for his or her needs. As these decisions can be outside their domestic medical establishments, the online research that patients conduct is important in their decision making. Furthermore, people who opt for medical tourism often exhaust all available medical treatment options in their home country so they can be a vulnerable group requiring information about benefits and risks. <a href=\"https:\/\/www.sisinternational.com\/de\/sachverstand\/branchen\/marktforschung-fur-medizinische-gerate\/\" title=\"Marktforschung f\u00fcr medizinische Ger\u00e4te\"  data-wpil-monitor-id=\"3163\">Market Research provides the insight for Medical<\/a> Tourism providers to better serve potential patients.<\/p>\n\n\n\n<p>Zu den h\u00e4ufigsten Komplikationen des Medizintourismus geh\u00f6ren:<\/p>\n\n\n\n<ol class=\"wp-block-list\">\n<li>Krankheiten und Infektionsrisiko \u2013 von Eingriffskomplikationen (Wund- oder Spenderinfektionen) bis hin zu Infektionskrankheiten bei Reisen in ferne L\u00e4nder<\/li>\n\n\n\n<li>Antibiotikaresistenz \u2013 das ist ein relativ seltenes Risiko, aber jeder Medizintourist muss sich dessen bewusst sein<\/li>\n\n\n\n<li>Kommunikationsprobleme \u2013 nur registrierte Einrichtungen k\u00f6nnen Personal mit fortgeschrittenen Kenntnissen der englischen Sprache oder der Muttersprache des Patienten anbieten, was f\u00fcr eine angemessene Pflege unerl\u00e4sslich ist<\/li>\n\n\n\n<li>Flugreisen \u2013 wenn Patienten direkt nach der Operation fliegen, besteht ein hohes Risiko f\u00fcr Blutgerinnsel oder andere Reiserisiken. Daher ist es ratsam, mindestens 10 bis 14 Tage zu warten, bevor Sie nach Hause zur\u00fcckkehren.<\/li>\n<\/ol>\n\n\n\n<h2 class=\"wp-block-heading\">Die Medizintourismusbranche verstehen<\/h2>\n\n\n\n<p>Medical tourism is a multi-billion-dollar industry that is spread worldwide and experts believe it will continue to grow at a rapid pace. Medical <a class=\"wpil_keyword_link\" href=\"https:\/\/www.sisinternational.com\/de\/reisetourismus-marktforschung\/\"   title=\"Tourismusmarktforschung\" data-wpil-keyword-link=\"linked\"  data-wpil-monitor-id=\"726\">tourism market research<\/a> can illuminate customer segments, treatment opportunities, customer journey challenges and other sources of advantage.<\/p>\n\n\n\n<p>Numerous stakeholders operate in the <a href=\"https:\/\/www.sisinternational.com\/de\/losungen\/reise-tourismus-und-gastgewerbeberatung\/marketing-fur-medizintourismus\/\" title=\"Marketing f\u00fcr Medizintourismus\"  data-wpil-monitor-id=\"3924\">Medical Tourism market<\/a> and can influence decision making:<\/p>\n\n\n\n<ul class=\"wp-block-list\">\n<li>Patienten<\/li>\n\n\n\n<li>Indirekte Patienten (z. B. Ehepartner und Kinder, \u00fcberweisende \u00c4rzte)<\/li>\n\n\n\n<li>\u00c4rzte<\/li>\n\n\n\n<li>Vermittler des Medizintourismus und Agenturen f\u00fcr die logistische Koordinierung<\/li>\n\n\n\n<li>Pharmaunternehmen<\/li>\n\n\n\n<li>Biotechnologie-Unternehmen<\/li>\n\n\n\n<li>Kliniken f\u00fcr Medizintourismus<\/li>\n\n\n\n<li>Regierungen unterst\u00fctzen den Medizintourismus<\/li>\n\n\n\n<li>Verb\u00e4nde f\u00fcr Medizintourismus<\/li>\n<\/ul>\n\n\n\n<p>Agenturen f\u00fcr Medizintourismus funktionieren \u00e4hnlich wie Reiseb\u00fcros: Sie buchen Reisen mit den P\u00e4ssen der Patienten und organisieren die medizinische Versorgung der Patienten.<\/p>\n\n\n\n<p>Der Hauptunterschied zwischen diesen Agenturen und klassischen Reiseb\u00fcros besteht darin, dass sie als Vermittler zwischen Medizintouristen und Gesundheitseinrichtungen fungieren. In ihren Brosch\u00fcren werden keine Urlaubsangebote, sondern Angebote der Gesundheitsdienstleister zu den von ihnen angebotenen Gesundheitsleistungen dargestellt.<\/p>\n\n\n\n<p>Durch Marktforschung lassen sich Erkenntnisse gewinnen, wie die Medizintourismusbranche den Prozess patientenfreundlicher gestalten und die Beteiligten \u00fcber die Risiken informieren kann:<\/p>\n\n\n\n<ul class=\"wp-block-list\">\n<li>Beratung vor der Reise, einschlie\u00dflich Untersuchung der Krankengeschichte und Empfehlung von Gesundheitseinrichtungen auf der ganzen Welt, die auf die Behandlung bestimmter Erkrankungen spezialisiert sind.<\/li>\n\n\n\n<li>Abschluss einer Reiseversicherung f\u00fcr das Land, in dem der gew\u00fcnschte Eingriff durchgef\u00fchrt wird<\/li>\n\n\n\n<li>Organisation der gesamten Reise mit Unterkunft sowie Touren vor und nach der Operation<\/li>\n\n\n\n<li>\u00dcbersetzen Sie alle ben\u00f6tigten Krankenakten und Begleitdokumente und stellen Sie eine Person zur Verf\u00fcgung, die die Landessprache spricht, um Medizintouristen dabei zu helfen, die richtige Versorgung zu erhalten.<\/li>\n\n\n\n<li>Berechnen Sie das Gesamtbudget f\u00fcr die gesamte Reise und pr\u00e4sentieren Sie dem Kunden die kosteng\u00fcnstigste L\u00f6sung<\/li>\n\n\n\n<li>Organisieren Sie die Nachsorge bei schwerwiegenderen Operationen, zu denen auch Transplantationen und risikoreiche Eingriffe geh\u00f6ren.<\/li>\n<\/ul>\n\n\n\n<h2 class=\"wp-block-heading\">Preisforschung f\u00fcr Medizintourismus<\/h2>\n\n\n\n<p>Medical <a href=\"https:\/\/www.sisinternational.com\/de\/losungen\/reise-tourismus-und-gastgewerbeberatung\/irische-tourismusmarktforschung\/\" title=\"Irische Tourismusmarktforschung\"  data-wpil-monitor-id=\"3921\">Tourismusmarktforschung<\/a> may uncover a high demand and low sensitivity to pricing given how Medical Tourism can provide life improving benefits. At the same time, Medical Tourism research could uncover insights into price sensitivity. The cost of living in some countries can be much lower and that can impact patient decision making and choices of Medical Tourism destinations.<\/p>\n\n\n\n<p>Patienten k\u00f6nnen auch empfindlich auf vermeintliche versteckte Kosten reagieren, wie z. B. Reisekosten, Hotel-\/Hostel-Aufenthalte, Mietwagenkosten, Ausgaben f\u00fcr Essen und Getr\u00e4nke, Besichtigungsfahrten und andere Geb\u00fchren. Manchmal reisen Medizintouristen mit einem oder mehreren Freunden oder Familienmitgliedern, sodass die Kosten f\u00fcr deren Reise und Aufenthalt ebenfalls bekannt sein m\u00fcssen.<\/p>\n\n\n\n<h2 class=\"wp-block-heading\">Warum nimmt der Medizintourismus zu?<\/h2>\n\n\n\n<p>Viele Unternehmen sind am Medizintourismus interessiert, weil er Investitionen anlockt, lokale Gesundheitsbranchen f\u00f6rdert und die Kosten f\u00fcr Patienten senkt. Viele L\u00e4nder f\u00f6rdern den Medizintourismus, um nationale Wachstums- und Entwicklungsziele zu erreichen und den Export zu f\u00f6rdern.<\/p>\n\n\n\n<p>Immer mehr Institutionen entscheiden sich daf\u00fcr, auf Medizintourismus spezialisierte Gesundheitseinrichtungen zu akkreditieren.<\/p>\n\n\n\n<p>Es k\u00f6nnen zahlreiche Gelegenheiten bestehen, beispielsweise:<\/p>\n\n\n\n<ul class=\"wp-block-list\">\n<li>Verbesserung der Behandlungen<\/li>\n\n\n\n<li>Schaffung internationaler Netzwerke medizinischer Einrichtungen f\u00fcr den Gesundheitstourismus<\/li>\n\n\n\n<li>F\u00f6rderung von Innovation sowie Forschung und Entwicklung (F&amp;E)<\/li>\n\n\n\n<li>Verbesserung des Patientenerlebnisses und der Customer Journey<\/li>\n\n\n\n<li>Vereinfachung des Prozesses<\/li>\n\n\n\n<li>Bew\u00e4ltigung regulatorischer Herausforderungen<\/li>\n\n\n\n<li>Beschleunigung der Markteinf\u00fchrungszeit (Time-to-Market, TTM)<\/li>\n\n\n\n<li>Verst\u00e4ndnis der Konsumbarrieren<\/li>\n\n\n\n<li>Nachfragequellen verstehen<\/li>\n\n\n\n<li>Reaktionen auf Werbung und Informationsmaterialien verstehen<\/li>\n\n\n\n<li>Bewusstsein schaffen<\/li>\n<\/ul>\n\n\n\n<h2 class=\"wp-block-heading\">\u00dcber die Marktforschung zum Medizintourismus<\/h2>\n\n\n\n<p>SIS International Research has nearly 40 years experience in conducting <a class=\"wpil_keyword_link\" href=\"https:\/\/www.sisinternational.com\/de\/so-fuhren-sie-marktforschung-im-gesundheitswesen-durch\/\"   title=\"So f\u00fchren Sie Marktforschung im Gesundheitswesen durch\" data-wpil-keyword-link=\"linked\"  data-wpil-monitor-id=\"402\">Marktforschung im Gesundheitswesen<\/a>. We conduct Qualitative, Quantitative and Strategy Research. Key methods include surveys, Focus Groups, online communities, product testing, opinion research and advertising research. Contact us for your next <a href=\"https:\/\/www.sisinternational.com\/de\/sachverstand\/branchen\/medizintechnik-medtech-marktforschung\/\" title=\"Marktforschung f\u00fcr Medizintechnik (Med Tech)\"  data-wpil-monitor-id=\"4168\">Marktforschung f\u00fcr Medizintourismus<\/a> Projekt.<\/p>","protected":false},"excerpt":{"rendered":"<p>SIS verf\u00fcgt \u00fcber fast 40 Jahre Erfahrung in der Durchf\u00fchrung von Marktforschung im Bereich Medizintourismus. Wir f\u00fchren qualitative, quantitative und strategische Forschung durch.<\/p>","protected":false},"author":1,"featured_media":63847,"parent":14514,"menu_order":158,"comment_status":"closed","ping_status":"closed","template":"","meta":{"footnotes":""},"class_list":["post-41306","page","type-page","status-publish","has-post-thumbnail"],"_links":{"self":[{"href":"https:\/\/www.sisinternational.com\/de\/wp-json\/wp\/v2\/pages\/41306","targetHints":{"allow":["GET"]}}],"collection":[{"href":"https:\/\/www.sisinternational.com\/de\/wp-json\/wp\/v2\/pages"}],"about":[{"href":"https:\/\/www.sisinternational.com\/de\/wp-json\/wp\/v2\/types\/page"}],"author":[{"embeddable":true,"href":"https:\/\/www.sisinternational.com\/de\/wp-json\/wp\/v2\/users\/1"}],"replies":[{"embeddable":true,"href":"https:\/\/www.sisinternational.com\/de\/wp-json\/wp\/v2\/comments?post=41306"}],"version-history":[{"count":9,"href":"https:\/\/www.sisinternational.com\/de\/wp-json\/wp\/v2\/pages\/41306\/revisions"}],"predecessor-version":[{"id":78274,"href":"https:\/\/www.sisinternational.com\/de\/wp-json\/wp\/v2\/pages\/41306\/revisions\/78274"}],"up":[{"embeddable":true,"href":"https:\/\/www.sisinternational.com\/de\/wp-json\/wp\/v2\/pages\/14514"}],"wp:featuredmedia":[{"embeddable":true,"href":"https:\/\/www.sisinternational.com\/de\/wp-json\/wp\/v2\/media\/63847"}],"wp:attachment":[{"href":"https:\/\/www.sisinternational.com\/de\/wp-json\/wp\/v2\/media?parent=41306"}],"curies":[{"name":"wp","href":"https:\/\/api.w.org\/{rel}","templated":true}]}}