{"id":41304,"date":"2023-01-24T01:02:12","date_gmt":"2023-01-24T01:02:12","guid":{"rendered":"https:\/\/www.sisinternational.com\/?page_id=41304"},"modified":"2026-03-12T13:29:58","modified_gmt":"2026-03-12T17:29:58","slug":"kakaomarktforschung","status":"publish","type":"page","link":"https:\/\/www.sisinternational.com\/de\/losungen\/marktforschung-fur-die-lebensmittel-und-getrankeindustrie\/kakaomarktforschung\/","title":{"rendered":"Kakao-Marktforschung"},"content":{"rendered":"<h1 class=\"wp-block-heading\">Kakao-Marktforschung<\/h1>\n\n\n\n<figure class=\"gb-block-image gb-block-image-d899fae7\"><img loading=\"lazy\" decoding=\"async\" width=\"1456\" height=\"816\" class=\"gb-image gb-image-d899fae7\" src=\"https:\/\/www.sisinternational.com\/wp-content\/uploads\/2025\/08\/Cocoa-5.jpg\" alt=\"SIS International Marktforschung &amp; Strategie\" title=\"Cocoa (5)\" srcset=\"https:\/\/www.sisinternational.com\/wp-content\/uploads\/2025\/08\/Cocoa-5.jpg 1456w, https:\/\/www.sisinternational.com\/wp-content\/uploads\/2025\/08\/Cocoa-5-300x168.jpg 300w, https:\/\/www.sisinternational.com\/wp-content\/uploads\/2025\/08\/Cocoa-5-1024x574.jpg 1024w, https:\/\/www.sisinternational.com\/wp-content\/uploads\/2025\/08\/Cocoa-5-768x430.jpg 768w, https:\/\/www.sisinternational.com\/wp-content\/uploads\/2025\/08\/Cocoa-5-18x10.jpg 18w\" sizes=\"auto, (max-width: 1456px) 100vw, 1456px\"><\/figure>\n\n\n\n<p><\/p>\n\n\n\n<h2 class=\"wp-block-heading\">Was ist Kakaomarktforschung?<\/h2>\n\n\n\n<p>Kakaomarktforschung befasst sich mit der Analyse der kommerziellen Aussichten von Kakaonebenprodukten. Dabei liegt der Schwerpunkt insbesondere auf der Marktdurchdringung von Kakaopulver und Schokolade, den beiden \u00e4u\u00dferst beliebten Produkten aus Kakaobohnen.<\/p>\n\n\n\n<p>Wichtige Markteinblicke, Herausforderungen im Produktionsprozess und Preisschwankungen an der B\u00f6rse sind wesentliche Aspekte der Forschung zum Kakaomarkt. Dar\u00fcber hinaus umfasst die Kakaomarktforschung sowohl die regionale und qualitative Differenzierung als auch die Produktionskosten f\u00fcr Produktfamilien.<\/p>\n\n\n\n<h2 class=\"wp-block-heading\">Warum ist Marktforschung f\u00fcr Kakao wichtig?<\/h2>\n\n\n\n<p>Cocoa and chocolate are among the most popular and well-known products around the world. The production process nevertheless requires multi-layered management because there are different steps of action before the final <a href=\"https:\/\/www.sisinternational.com\/de\/losungen\/geschmackstest\/verbraucherprodukttests-in-new-york\/\" title=\"Verbraucherprodukttests in New York\"  data-wpil-monitor-id=\"8104\">products reach the consumers<\/a>. All executives and investors should be well aware of both the sources of profit and risks of the cocoa industry. There are opportunities to grab together with risks to consider. Factors like weather, socioeconomic conditions, human rights and a balanced share of profits are significant. The global appeal of cocoa products opens up numerous possibilities for business expansion and presents lucrative investment opportunities. On the other hand, cocoa market research reveals all new information related to the risk assessment of cocoa production.<\/p>\n\n\n\n<p>Kakao w\u00e4chst in bestimmten Regionen Afrikas, Lateinamerikas und S\u00fcdasiens, da er zum Wachsen W\u00e4rme und Feuchtigkeit ben\u00f6tigt. Wasser ist f\u00fcr das \u00dcberleben der Kakaob\u00e4ume lebenswichtig. Die Klimakrise bringt Gefahren mit sich, die ber\u00fccksichtigt und Herausforderungen bew\u00e4ltigt werden m\u00fcssen. Dar\u00fcber hinaus gibt es Umweltprobleme wie Abholzung und Verlust der Artenvielfalt sowie humanit\u00e4re Bedenken hinsichtlich der schlechten Lebensbedingungen der Kakaobauern, die negative Schlagzeilen verursachen und sich auf Umsatz und Gewinn auswirken k\u00f6nnten.<\/p>\n\n\n\n<h2 class=\"wp-block-heading\">Wichtige Berufsbezeichnungen in der Branche<\/h2>\n\n\n\n<figure class=\"gb-block-image gb-block-image-bbcac272\"><img loading=\"lazy\" decoding=\"async\" width=\"1456\" height=\"816\" class=\"gb-image gb-image-bbcac272\" src=\"https:\/\/www.sisinternational.com\/wp-content\/uploads\/2025\/08\/Cocoa-2.jpg\" alt=\"SIS International Marktforschung &amp; Strategie\" title=\"Cocoa (2)\" srcset=\"https:\/\/www.sisinternational.com\/wp-content\/uploads\/2025\/08\/Cocoa-2.jpg 1456w, https:\/\/www.sisinternational.com\/wp-content\/uploads\/2025\/08\/Cocoa-2-300x168.jpg 300w, https:\/\/www.sisinternational.com\/wp-content\/uploads\/2025\/08\/Cocoa-2-1024x574.jpg 1024w, https:\/\/www.sisinternational.com\/wp-content\/uploads\/2025\/08\/Cocoa-2-768x430.jpg 768w, https:\/\/www.sisinternational.com\/wp-content\/uploads\/2025\/08\/Cocoa-2-18x10.jpg 18w\" sizes=\"auto, (max-width: 1456px) 100vw, 1456px\"><\/figure>\n\n\n\n<p><\/p>\n\n\n\n<p>There are several relevant jobs in the <a href=\"https:\/\/www.sisinternational.com\/de\/sachverstand\/branchen\/industrielle-marktforschung\/\" title=\"Industrielle Marktforschung und Strategie\"  data-wpil-monitor-id=\"8099\">industry of cocoa market<\/a>:<\/p>\n\n\n\n<ul class=\"wp-block-list\">\n<li><a href=\"https:\/\/www.sisinternational.com\/de\/sachverstand\/branchen\/lebensmittel-und-getranketechnologie-marktforschung-lebensmitteltechnologie\/\" title=\"Marktforschung f\u00fcr Lebensmittel- und Getr\u00e4nketechnologie | Food Tech\"  data-wpil-monitor-id=\"8097\">Food technology research<\/a> scientists<\/li>\n\n\n\n<li><a href=\"https:\/\/www.sisinternational.com\/de\/sachverstand\/branchen\/marktforschung-zur-abfallwirtschaft\/\" title=\"Marktforschung zur Abfallwirtschaft\"  data-wpil-monitor-id=\"8094\">Marktforschungsmanager<\/a><\/li>\n\n\n\n<li>H\u00e4ndler<\/li>\n\n\n\n<li>H\u00e4ndler f\u00fcr Kakao- und Schokoladenzutaten<\/li>\n\n\n\n<li>Marketingmanager<\/li>\n\n\n\n<li>Produzenten<\/li>\n\n\n\n<li>Risikomanagement f\u00fcr Agrarrohstoffe<\/li>\n\n\n\n<li>Kakaologistik<\/li>\n\n\n\n<li>Kakao-Versanddienste<\/li>\n\n\n\n<li>Kakaotransportdienste<\/li>\n<\/ul>\n\n\n\n<h2 class=\"wp-block-heading\">Warum Unternehmen Marktforschung zum Thema Kakao brauchen<\/h2>\n\n\n\n<p>The cocoa market is widespread. Whilst demand comes mainly from the rich western countries of northern Europe, the USA and Canada there are countries like Malaysia, Turkey and Indonesia that rank among the top importers of cocoa worldwide. On the other hand, the supply comes from countries like Ghana, Cote d&#8217;Ivoire, Indonesia and Ecuador. Such a spread of the supply and demand chain requires broad <a href=\"https:\/\/www.sisinternational.com\/de\/losungen\/strategieberatung\/marktforschung-fur-die-lieferkette\/\" title=\"Marktforschung f\u00fcr die Lieferkette\"  data-wpil-monitor-id=\"6570\">Marktforschung<\/a>. Not only because of the spatial, cultural and language barriers but also because all relevant information shall be crystal clear. Such information includes:<\/p>\n\n\n\n<ul class=\"wp-block-list\">\n<li>Die Definition der Kakaosorten<\/li>\n\n\n\n<li>Die Mengen der j\u00e4hrlichen Produktion<\/li>\n\n\n\n<li>Die Nachernteprotokolle und der Umgang mit Kakao<\/li>\n\n\n\n<li>Die Anforderungen an g\u00fcltige und aktuelle Zertifizierungen<\/li>\n<\/ul>\n\n\n\n<h2 class=\"wp-block-heading\">Schl\u00fcsselfaktoren f\u00fcr den Erfolg<\/h2>\n\n\n\n<p>Die Durchf\u00fchrung einer umfassenden Kakaomarktforschung setzt voraus, dass alle interessierten Parteien eine hohe Steigerung der Kapitalrendite erwarten. Es gibt mehrere Hauptfaktoren f\u00fcr den Erfolg:<\/p>\n\n\n\n<ul class=\"wp-block-list\">\n<li>Hohe Qualit\u00e4tsstandards einhalten<\/li>\n\n\n\n<li>Entwicklung effektiver Vertriebskan\u00e4le<\/li>\n\n\n\n<li>Erzielung von Skaleneffekten<\/li>\n\n\n\n<li>Expansion auf ausl\u00e4ndischen M\u00e4rkten<\/li>\n\n\n\n<li>Steigender Marktanteil<\/li>\n\n\n\n<li>Nutzung der neuesten technologischen Fortschritte<\/li>\n\n\n\n<li>Einen fairen Preis festlegen<\/li>\n\n\n\n<li><a href=\"https:\/\/www.sisinternational.com\/de\/b2b-customer-experience-the-ultimate-guide-to-building-loyalty-that-lasts\/\" title=\"B2B Customer Experience: The Ultimate Guide to Building Loyalty That Lasts\"  data-wpil-monitor-id=\"8095\">Aufbau von Kundentreue<\/a><\/li>\n<\/ul>\n\n\n\n<p>Accurate planning, realistic goal setting and broad knowledge of the cocoa <a href=\"https:\/\/www.sisinternational.com\/de\/losungen\/qualitative-quantitative-forschungslosungen\/marktforschung-zu-menschlichen-faktoren\/\" title=\"Marktforschung zu menschlichen Faktoren\"  data-wpil-monitor-id=\"8103\">market industry are additional factors<\/a> that contribute significantly to success.<\/p>\n\n\n\n<h2 class=\"wp-block-heading\">\u00dcber Cocoa Market Research<\/h2>\n\n\n\n<figure class=\"gb-block-image gb-block-image-453d57e3\"><img loading=\"lazy\" decoding=\"async\" width=\"1456\" height=\"816\" class=\"gb-image gb-image-453d57e3\" src=\"https:\/\/www.sisinternational.com\/wp-content\/uploads\/2025\/08\/Cocoa-3.jpg\" alt=\"SIS International Marktforschung &amp; Strategie\" title=\"Cocoa (3)\" srcset=\"https:\/\/www.sisinternational.com\/wp-content\/uploads\/2025\/08\/Cocoa-3.jpg 1456w, https:\/\/www.sisinternational.com\/wp-content\/uploads\/2025\/08\/Cocoa-3-300x168.jpg 300w, https:\/\/www.sisinternational.com\/wp-content\/uploads\/2025\/08\/Cocoa-3-1024x574.jpg 1024w, https:\/\/www.sisinternational.com\/wp-content\/uploads\/2025\/08\/Cocoa-3-768x430.jpg 768w, https:\/\/www.sisinternational.com\/wp-content\/uploads\/2025\/08\/Cocoa-3-18x10.jpg 18w\" sizes=\"auto, (max-width: 1456px) 100vw, 1456px\"><\/figure>\n\n\n\n<p><\/p>\n\n\n\n<p>Cocoa is a commodity that is <a href=\"https:\/\/www.sisinternational.com\/de\/losungen\/fintech-strategieberatung-forschung\/algorithmischer-handel-marktforschung\/\" title=\"Algorithmischer Handel Marktforschung\"  data-wpil-monitor-id=\"8101\">traded on the following stock markets<\/a>:<\/p>\n\n\n\n<ul class=\"wp-block-list\">\n<li>Die New York Mercantile Exchange (NYMEX)<\/li>\n\n\n\n<li>Die Intercontinental Exchange (ICE) in London<\/li>\n<\/ul>\n\n\n\n<p>Therefore, the prices and size of cocoa contracts are two critical factors for determining the stock indices and efficiency of the product. What distinguishes cocoa from other values that are traded in stock, is that it\u2019s an agricultural product. Thus there is a specific analysis to conduct for making accurate predictions. Its efficiency and perspective rely mostly on human labor and the unstable conditions of its production process. The factor of the climate crisis is becoming extensively critical as there is much insecurity about future weather conditions. Within such an insecure environment, market research is becoming a highly important tool for determining the optimal business <a href=\"https:\/\/www.sisinternational.com\/de\/die-rolle-der-prozess-und-systementwicklung-fur-den-unternehmenserfolg\/\" title=\"Organisationsdesign Marktforschung\"  data-wpil-monitor-id=\"8093\">Strategie<\/a>. As the global market of cocoa is rapidly expanding, all involved parties shall prioritize the execution of meaningful, thorough and detailed market research.<\/p>","protected":false},"excerpt":{"rendered":"<p>Cocoa Market Research analysiert die kommerziellen Aussichten der Nebenprodukte von Kakao und konzentriert sich dabei insbesondere auf deren Marktdurchdringung.<\/p>","protected":false},"author":1,"featured_media":64061,"parent":22018,"menu_order":157,"comment_status":"closed","ping_status":"closed","template":"","meta":{"footnotes":""},"class_list":["post-41304","page","type-page","status-publish","has-post-thumbnail"],"_links":{"self":[{"href":"https:\/\/www.sisinternational.com\/de\/wp-json\/wp\/v2\/pages\/41304","targetHints":{"allow":["GET"]}}],"collection":[{"href":"https:\/\/www.sisinternational.com\/de\/wp-json\/wp\/v2\/pages"}],"about":[{"href":"https:\/\/www.sisinternational.com\/de\/wp-json\/wp\/v2\/types\/page"}],"author":[{"embeddable":true,"href":"https:\/\/www.sisinternational.com\/de\/wp-json\/wp\/v2\/users\/1"}],"replies":[{"embeddable":true,"href":"https:\/\/www.sisinternational.com\/de\/wp-json\/wp\/v2\/comments?post=41304"}],"version-history":[{"count":5,"href":"https:\/\/www.sisinternational.com\/de\/wp-json\/wp\/v2\/pages\/41304\/revisions"}],"predecessor-version":[{"id":81365,"href":"https:\/\/www.sisinternational.com\/de\/wp-json\/wp\/v2\/pages\/41304\/revisions\/81365"}],"up":[{"embeddable":true,"href":"https:\/\/www.sisinternational.com\/de\/wp-json\/wp\/v2\/pages\/22018"}],"wp:featuredmedia":[{"embeddable":true,"href":"https:\/\/www.sisinternational.com\/de\/wp-json\/wp\/v2\/media\/64061"}],"wp:attachment":[{"href":"https:\/\/www.sisinternational.com\/de\/wp-json\/wp\/v2\/media?parent=41304"}],"curies":[{"name":"wp","href":"https:\/\/api.w.org\/{rel}","templated":true}]}}