{"id":41302,"date":"2023-01-23T23:51:30","date_gmt":"2023-01-23T23:51:30","guid":{"rendered":"https:\/\/www.sisinternational.com\/?page_id=41302"},"modified":"2026-02-23T20:28:25","modified_gmt":"2026-02-24T01:28:25","slug":"marktforschung-bhutan","status":"publish","type":"page","link":"https:\/\/www.sisinternational.com\/de\/abdeckung\/marktforschung-asien\/marktforschung-bhutan\/","title":{"rendered":"Marktforschung in Bhutan"},"content":{"rendered":"<h1 class=\"wp-block-heading\">Marktforschung in Bhutan<\/h1>\n\n\n\n<figure class=\"gb-block-image gb-block-image-2984737b\"><img loading=\"lazy\" decoding=\"async\" width=\"1456\" height=\"816\" class=\"gb-image gb-image-2984737b\" src=\"https:\/\/www.sisinternational.com\/wp-content\/uploads\/2025\/09\/Bhutan-1.jpg\" alt=\"SIS International Marktforschung &amp; Strategie\" title=\"Bhutan (1)\" srcset=\"https:\/\/www.sisinternational.com\/wp-content\/uploads\/2025\/09\/Bhutan-1.jpg 1456w, https:\/\/www.sisinternational.com\/wp-content\/uploads\/2025\/09\/Bhutan-1-300x168.jpg 300w, https:\/\/www.sisinternational.com\/wp-content\/uploads\/2025\/09\/Bhutan-1-1024x574.jpg 1024w, https:\/\/www.sisinternational.com\/wp-content\/uploads\/2025\/09\/Bhutan-1-768x430.jpg 768w, https:\/\/www.sisinternational.com\/wp-content\/uploads\/2025\/09\/Bhutan-1-18x10.jpg 18w\" sizes=\"auto, (max-width: 1456px) 100vw, 1456px\"><\/figure>\n\n\n\n<p><\/p>\n\n\n\n<hr class=\"wp-block-separator has-alpha-channel-opacity is-style-dots\"\/>\n\n\n\n<p>Bhutan ist ein abgelegenes, kleines K\u00f6nigreich im Himalaya. Es liegt zwischen seinen m\u00e4chtigen Nachbarn China und Indien. Drak Yul, der bhutanische Name des Landes, bedeutet Land des Donnerdrachens.<\/p>\n\n\n\n<p>Die Wangchuck-Monarchie ist seit 1907 in Bhutan an der Macht. Jahrhundertelang hatte sich Bhutan von der Au\u00dfenwelt abgeschottet. Es bef\u00fcrchtete, dass Au\u00dfenstehende seine Monarchie und Kultur untergraben w\u00fcrden. Die Monarchie wurde in den 1970er Jahren er\u00f6ffnet, Fernsehen und Internet kamen erst 1999 auf.<\/p>\n\n\n\n<p><\/p>\n\n\n\n<div class=\"wp-block-columns has-global-color-9-color has-text-color has-background has-link-color wp-elements-92dd6112a0a8b223f0b71d636860d6ed is-layout-flex wp-container-core-columns-is-layout-9d6595d7 wp-block-columns-is-layout-flex\" style=\"background-color:#f7f9fa6e\">\n<div class=\"wp-block-column is-layout-flow wp-block-column-is-layout-flow\" style=\"flex-basis:18%\"><\/div>\n\n\n\n<div class=\"wp-block-column is-vertically-aligned-center is-layout-flow wp-block-column-is-layout-flow\" style=\"flex-basis:71.28%\">\n<div class=\"wp-block-rank-math-toc-block aligncenter has-global-color-9-color has-text-color has-link-color wp-elements-3bbeddcdb2b752969433e5951aa63f05\" style=\"font-size:16px\" id=\"rank-math-toc\"><h2><br><strong>T<\/strong>able of Contents<\/h2><nav><ul><li class=\"\"><a href=\"#key-industries\">Schl\u00fcsselindustrien<\/a><\/li><li class=\"\"><a href=\"#trends\">Trends<\/a><\/li><li class=\"\"><a href=\"#neighborhoods\">Nachbarschaften<\/a><\/li><li class=\"\"><a href=\"#benefits-and-strengths-in-the-market\">Vorteile und St\u00e4rken im Markt<\/a><\/li><li class=\"\"><a href=\"#consumer-base\">Verbraucherbasis<\/a><\/li><li class=\"\"><a href=\"#reasons-to-grow-your-business-in-the-bhutanese-market\">Gr\u00fcnde f\u00fcr den Ausbau Ihres Gesch\u00e4fts auf dem bhutanischen Markt<\/a><\/li><\/ul><\/nav><\/div>\n<\/div>\n<\/div>\n\n\n\n<p><\/p>\n\n\n\n<h3 class=\"wp-block-heading\">What Is Market Research in Bhutan?<\/h3>\n\n\n\n<p>Market research in Bhutan analyzes the unique cultural and economic landscape of this Himalayan kingdom. With a population that values Gross National Happiness over GDP, market research here often emphasizes consumer well-being and sustainability.<\/p>\n\n\n\n<p><strong>Wichtige Aspekte:<\/strong><\/p>\n\n\n\n<ul class=\"wp-block-list\">\n<li><strong>Wirtschaftlicher Kontext:<\/strong> Bhutan&#8217;s economy is largely driven by agriculture, hydropower, and tourism. The emphasis on sustainable development influences consumer preferences.<\/li>\n\n\n\n<li><strong>Methoden:<\/strong> Both qualitative and quantitative research methods, including surveys and focus groups, are used to gather insights on local consumer behaviors and attitudes.<\/li>\n\n\n\n<li><strong>Herausforderungen:<\/strong> Geographic isolation and a small population can limit data collection efforts, making tailored approaches essential.<\/li>\n\n\n\n<li><strong>Vorteile:<\/strong> Effective market research helps businesses understand local needs, allowing them to create products and services that align with Bhutanese values and preferences.<\/li>\n<\/ul>\n\n\n\n<h2 class=\"wp-block-heading\" id=\"key-industries\">Schl\u00fcsselindustrien<\/h2>\n\n\n\n<figure class=\"gb-block-image gb-block-image-640d80a6\"><img loading=\"lazy\" decoding=\"async\" width=\"1456\" height=\"816\" class=\"gb-image gb-image-640d80a6\" src=\"https:\/\/www.sisinternational.com\/wp-content\/uploads\/2025\/09\/Bhutan-2.jpg\" alt=\"SIS International Marktforschung &amp; Strategie\" title=\"Bhutan (2)\" srcset=\"https:\/\/www.sisinternational.com\/wp-content\/uploads\/2025\/09\/Bhutan-2.jpg 1456w, https:\/\/www.sisinternational.com\/wp-content\/uploads\/2025\/09\/Bhutan-2-300x168.jpg 300w, https:\/\/www.sisinternational.com\/wp-content\/uploads\/2025\/09\/Bhutan-2-1024x574.jpg 1024w, https:\/\/www.sisinternational.com\/wp-content\/uploads\/2025\/09\/Bhutan-2-768x430.jpg 768w, https:\/\/www.sisinternational.com\/wp-content\/uploads\/2025\/09\/Bhutan-2-18x10.jpg 18w\" sizes=\"auto, (max-width: 1456px) 100vw, 1456px\"><\/figure>\n\n\n\n<p><\/p>\n\n\n\n<p>Der Gro\u00dfteil der Aktivit\u00e4t wird von Heimindustrien betrieben, da das Gel\u00e4nde von schroffen Bergen \u00fcberzogen ist. Daher ist der Bau von Stra\u00dfen und anderer Infrastruktur teuer und schwierig.<\/p>\n\n\n\n<p>Agriculture, hydropower, and forestry are Bhutan&#8217;s main sources of income. Over 50 percent of its people live off these industries.<\/p>\n\n\n\n<p>Bhutan\u2019s main export is hydropower to India. Once Bhutan sorts out chronic construction delays, it can spur growth in the near future.<\/p>\n\n\n\n<h2 class=\"wp-block-heading\" id=\"trends\">Trends<\/h2>\n\n\n\n<p>The economy has grown at a moderate pace post-pandemic, and all the data points to that growth continuing over the next few years. Moreover, the country\u2019s modest tax burden supports economic freedom. On the downside, Bhutan has a growing trade deficit. Rising import costs have also impacted the country\u2019s financial health. The government is responding. It has put systems in place to control the prices of essential goods.<\/p>\n\n\n\n<h2 class=\"wp-block-heading\" id=\"neighborhoods\">Nachbarschaften<\/h2>\n\n\n\n<p><strong>Thimpu<\/strong> is the capital and largest city of Bhutan and the third-highest capital city in the world. La Paz is the highest, and Quito is the second-highest.<\/p>\n\n\n\n<p><strong>Paro<\/strong> is a small town in a valley with the same name. It\u2019s an excellent location for those who like being close to nature and a wonderful place to visit if you want to see sacred spaces.<\/p>\n\n\n\n<p><strong>Trongsa Dzong<\/strong> is another excellent place to visit in Bhutan. Located in the country\u2019s center, it sits atop a cliff and provides a beautiful view of the Black Mountains and the surrounding valleys.<\/p>\n\n\n\n<h2 class=\"wp-block-heading\" id=\"benefits-and-strengths-in-the-market\">Vorteile und St\u00e4rken im Markt<\/h2>\n\n\n\n<figure class=\"gb-block-image gb-block-image-9cde2b20\"><img loading=\"lazy\" decoding=\"async\" width=\"1456\" height=\"816\" class=\"gb-image gb-image-9cde2b20\" src=\"https:\/\/www.sisinternational.com\/wp-content\/uploads\/2025\/09\/Bhutan-3.jpg\" alt=\"SIS International Marktforschung &amp; Strategie\" title=\"Bhutan (3)\" srcset=\"https:\/\/www.sisinternational.com\/wp-content\/uploads\/2025\/09\/Bhutan-3.jpg 1456w, https:\/\/www.sisinternational.com\/wp-content\/uploads\/2025\/09\/Bhutan-3-300x168.jpg 300w, https:\/\/www.sisinternational.com\/wp-content\/uploads\/2025\/09\/Bhutan-3-1024x574.jpg 1024w, https:\/\/www.sisinternational.com\/wp-content\/uploads\/2025\/09\/Bhutan-3-768x430.jpg 768w, https:\/\/www.sisinternational.com\/wp-content\/uploads\/2025\/09\/Bhutan-3-18x10.jpg 18w\" sizes=\"auto, (max-width: 1456px) 100vw, 1456px\"><\/figure>\n\n\n\n<p><\/p>\n\n\n\n<p>Bhutan has shifted to a new strategy. In 2008, it became a democratic constitutional monarchy. Since then, it has based everything on the principle of Gross National Happiness. In fact, Bhutan has made tremendous progress in promoting gender equality and reducing extreme poverty.<\/p>\n\n\n\n<p>The country&#8217;s valleys have abundant water resources, which create the ideal conditions for developing the hydropower sector. This move has spurred further growth. Another key point is that the entire country has access to low-cost electricity.<\/p>\n\n\n\n<p>&nbsp;<\/p>\n\n\n\n<!DOCTYPE html>\n<html lang=\"en\">\n<head>\n    <meta charset=\"UTF-8\">\n    <meta name=\"viewport\" content=\"width=device-width, initial-scale=1.0\">\n    <title>AI Blog Banner<\/title>\n    <style>\n        * {\n            margin: 0;\n            padding: 0;\n            box-sizing: border-box;\n        }\n\n        .banner {\n            position: relative;\n            width: 100%;\n            height: 350px;\n            overflow: hidden;\n            display: flex;\n            align-items: center;\n            justify-content: center;\n            font-family: 'Arial', sans-serif;\n            border-radius: 25px;\n        }\n\n        .animated-background {\n            position: absolute;\n            top: 0;\n            left: 0;\n            width: 100%;\n            height: 100%;\n            background: linear-gradient(45deg, #003f6b, #2d5a7b, #003f6b, #2d5a7b);\n            background-size: 400% 400%;\n            animation: gradientMove 8s ease-in-out infinite;\n        }\n\n        .ai-pattern {\n            position: absolute;\n            top: 0;\n            left: 0;\n            width: 100%;\n            height: 100%;\n            opacity: 0.1;\n            background-image: \n                radial-gradient(circle at 20% 20%, rgba(255,255,255,0.3) 2px, transparent 2px),\n                radial-gradient(circle at 80% 80%, rgba(255,255,255,0.2) 1px, transparent 1px),\n                radial-gradient(circle at 40% 60%, rgba(255,255,255,0.15) 1.5px, transparent 1.5px),\n                radial-gradient(circle at 60% 20%, rgba(255,255,255,0.25) 1px, transparent 1px),\n                radial-gradient(circle at 80% 40%, rgba(255,255,255,0.2) 2px, transparent 2px);\n            background-size: 100px 100px, 150px 150px, 80px 80px, 120px 120px, 90px 90px;\n            animation: patternFloat 12s linear infinite;\n        }\n\n        .neural-network {\n            position: absolute;\n            top: 0;\n            left: 0;\n            width: 100%;\n            height: 100%;\n            opacity: 0.08;\n        }\n\n        .neural-line {\n            position: absolute;\n            height: 1px;\n            background: linear-gradient(90deg, transparent, rgba(255,255,255,0.5), transparent);\n            animation: neuralPulse 6s ease-in-out infinite;\n        }\n\n        .neural-line:nth-child(1) {\n            top: 30%;\n            left: 0;\n            width: 60%;\n            animation-delay: 0s;\n        }\n\n        .neural-line:nth-child(2) {\n            top: 50%;\n            right: 0;\n            width: 70%;\n            animation-delay: 2s;\n        }\n\n        .neural-line:nth-child(3) {\n            top: 70%;\n            left: 20%;\n            width: 50%;\n            animation-delay: 4s;\n        }\n\n        .content {\n            position: relative;\n            z-index: 10;\n            text-align: center;\n            color: white !important;\n            max-width: 800px;\n            padding: 30px;\n        }\n\n        .content * {\n            color: white !important;\n        }\n\n        .cta-text {\n            font-size: 1.9rem;\n            font-weight: 700;\n            margin-bottom: 15px;\n            color: white !important;\n            background: linear-gradient(90deg, rgba(255,255,255,0.6), rgba(255,255,255,1), rgba(230,230,230,1), rgba(255,255,255,1), rgba(240,240,240,0.8), rgba(255,255,255,0.6));\n            background-size: 200% 100%;\n            -webkit-background-clip: text;\n            -webkit-text-fill-color: transparent;\n            background-clip: text;\n            animation: shineEffect 10s ease-in-out infinite;\n            line-height: 1.3;\n        }\n\n        .cta-subheading {\n            font-size: 1rem;\n            font-weight: 400;\n            margin-bottom: 25px;\n            color: white !important;\n            line-height: 1.6;\n            opacity: 0.95;\n        }\n\n        .cta-button {\n            background: linear-gradient(135deg, #8a6b0f, #bd9013, #d4a519);\n            border: 2px solid #8a6b0f;\n            color: white !important;\n            padding: 18px 40px;\n            font-size: 1.2rem;\n            font-weight: 600;\n            border-radius: 50px;\n            cursor: pointer;\n            transition: all 0.3s ease;\n            text-decoration: none;\n            display: inline-block;\n            position: relative;\n            overflow: hidden;\n        }\n\n        .cta-button::before {\n            content: '';\n            position: absolute;\n            top: 0;\n            left: -100%;\n            width: 100%;\n            height: 100%;\n            background: linear-gradient(90deg, \n                transparent 0%, \n                rgba(255, 255, 255, 0.3) 25%,\n                rgba(255, 255, 255, 0.6) 50%,\n                rgba(255, 255, 255, 0.3) 75%,\n                transparent 100%);\n            animation: shine 3s ease-in-out infinite;\n        }\n\n        .cta-button:hover {\n            transform: translateY(-3px);\n            box-shadow: 0 10px 25px rgba(0,0,0,0.2);\n            border-color: #bd9013;\n            background: linear-gradient(135deg, #bd9013, #d4a519, #e6b61f);\n        }\n\n        .floating-elements {\n            position: absolute;\n            top: 0;\n            left: 0;\n            width: 100%;\n            height: 100%;\n            pointer-events: none;\n        }\n\n        .floating-circle {\n            position: absolute;\n            border-radius: 50%;\n            background: rgba(255,255,255,0.1);\n            animation: float 8s ease-in-out infinite;\n        }\n\n        .floating-circle:nth-child(1) {\n            width: 80px;\n            height: 80px;\n            top: 20%;\n            left: 10%;\n            animation-delay: 0s;\n        }\n\n        .floating-circle:nth-child(2) {\n            width: 60px;\n            height: 60px;\n            top: 60%;\n            right: 15%;\n            animation-delay: 3s;\n        }\n\n        .floating-circle:nth-child(3) {\n            width: 40px;\n            height: 40px;\n            top: 80%;\n            left: 80%;\n            animation-delay: 6s;\n        }\n\n        .floating-circle:nth-child(4) {\n            width: 70px;\n            height: 70px;\n            top: 10%;\n            right: 20%;\n            animation-delay: 1.5s;\n        }\n\n        .floating-circle:nth-child(5) {\n            width: 50px;\n            height: 50px;\n            top: 75%;\n            left: 30%;\n            animation-delay: 4.5s;\n        }\n\n        @keyframes gradientMove {\n            0% { background-position: 0% 50%; }\n            25% { background-position: 100% 50%; }\n            50% { background-position: 100% 100%; }\n            75% { background-position: 0% 100%; }\n            100% { background-position: 0% 50%; }\n        }\n\n        @keyframes patternFloat {\n            0% { transform: translateX(0) translateY(0); }\n            33% { transform: translateX(30px) translateY(-20px); }\n            66% { transform: translateX(-20px) translateY(10px); }\n            100% { transform: translateX(0) translateY(0); }\n        }\n\n        @keyframes neuralPulse {\n            0%, 100% { opacity: 0.08; }\n            50% { opacity: 0.2; }\n        }\n\n        @keyframes shineEffect {\n            0% { background-position: 200% 0; }\n            100% { background-position: -200% 0; }\n        }\n\n        @keyframes shine {\n            0% {\n                left: -100%;\n            }\n            20%, 100% {\n                left: 100%;\n            }\n        }\n\n        @keyframes float {\n            0%, 100% { transform: translateY(0px) rotate(0deg); }\n            33% { transform: translateY(-30px) rotate(120deg); }\n            66% { transform: translateY(15px) rotate(240deg); }\n        }\n\n        @media (max-width: 768px) {\n            .banner {\n                height: 320px;\n                padding: 30px 0;\n            }\n            \n            .content {\n                padding: 40px 20px;\n            }\n            \n            .cta-text {\n                font-size: 1.3rem;\n                margin-bottom: 12px;\n            }\n            \n            .cta-subheading {\n                font-size: 0.85rem;\n                margin-bottom: 20px;\n            }\n            \n            .cta-button {\n                padding: 14px 28px;\n                font-size: 0.95rem;\n            }\n        }\n    <\/style>\n<\/head>\n<body>\n    <div class=\"banner\">\n        <div class=\"animated-background\"><\/div>\n        \n        <div class=\"ai-pattern\"><\/div>\n        \n        <div class=\"neural-network\">\n            <div class=\"neural-line\"><\/div>\n            <div class=\"neural-line\"><\/div>\n            <div class=\"neural-line\"><\/div>\n        <\/div>\n        \n        <div class=\"floating-elements\">\n            <div class=\"floating-circle\"><\/div>\n            <div class=\"floating-circle\"><\/div>\n            <div class=\"floating-circle\"><\/div>\n            <div class=\"floating-circle\"><\/div>\n            <div class=\"floating-circle\"><\/div>\n        <\/div>\n        \n        <div class=\"content\">\n            <div class=\"cta-text\">Ready to explore the insights that drive smarter decisions?<\/div>\n            <div class=\"cta-subheading\">Contact our Research experts today.<\/div>\n            <a href=\"mailto:Research@sisinternational.com\" class=\"cta-button\">Contact us now!<\/a>\n        <\/div>\n    <\/div>\n<\/body>\n<\/html>\n\n\n\n<p>&nbsp;&nbsp;<\/p>\n\n\n\n<h2 class=\"wp-block-heading\" id=\"consumer-base\">Verbraucherbasis<\/h2>\n\n\n\n<p>Bhutan is experiencing rapid change. The population of the capital, Thimpu, has grown almost fivefold in the last few decades. Despite so many people moving to urban areas, 60 percent of Bhutanese still live in rural areas. The informal sector dominates the economy. Only 23 percent of employment is \u201cregular paid.\u201d Officially, Bhutan is a secular state, but three-quarters of the people practice Buddhism.<\/p>\n\n\n\n<h2 class=\"wp-block-heading\" id=\"reasons-to-grow-your-business-in-the-bhutanese-market\">Gr\u00fcnde f\u00fcr den Ausbau Ihres Gesch\u00e4fts auf dem bhutanischen Markt<\/h2>\n\n\n\n<p>Setting up a business in Bhutan is a great choice. The country offers many advantages. Our <a class=\"wpil_keyword_link\" href=\"https:\/\/www.sisinternational.com\/de\/reisetourismus-marktforschung\/\" title=\"Tourismusmarktforschung\" data-wpil-keyword-link=\"linked\" data-wpil-monitor-id=\"727\">tourism market research<\/a> in Bhutan has shown great potential. It\u2019s so great that the government has had to put a cap on visitor arrivals.<\/p>\n\n\n\n<p>Bhutaner studieren oft im Ausland und kehren dann in ihre Heimat zur\u00fcck. Sie haben daher Zugang zu qualifizierten Fachkr\u00e4ften, von denen viele Englisch sprechen.<\/p>\n\n\n<h2>Unser Standort in New York<\/h2>\n<p><!-- \/wp:post-content --> <!-- wp:html --> <iframe loading=\"lazy\" src=\"https:\/\/www.google.com\/maps\/embed?pb=!1m18!1m12!1m3!1d3022.976188376966!2d-73.99130312499956!3d40.740549471389315!2m3!1f0!2f0!3f0!3m2!1i1024!2i768!4f13.1!3m3!1m2!1s0x89c259a15798c731%3A0xd695d09bdd495f25!2s11%20E%2022nd%20St%20FL%202%2C%20New%20York%2C%20NY%2010010%2C%20USA!5e0!3m2!1sen!2spe!4v1726171763526!5m2!1sen!2spe\" width=\"600\" height=\"450\" allowfullscreen=\"allowfullscreen\" data-mce-fragment=\"1\"><\/iframe> <!-- \/wp:html --> <!-- wp:paragraph --><\/p>\n<h3 class=\"wp-block-heading\">11 E 22nd Street, Floor 2, New York, NY 10010 T: +1(212) 505-6805<\/h3>\n<hr \/>\n<h2><span style=\"font-weight: 400;\">\u00dcber SIS International<\/span><\/h2>\n<p><a href=\"https:\/\/www.sisinternational.com\/de\/\"><span style=\"font-weight: 400;\">SIS International<\/span><\/a><span style=\"font-weight: 400;\"> bietet quantitative, qualitative und strategische Forschung an. Wir liefern Daten, Tools, Strategien, Berichte und Erkenntnisse zur Entscheidungsfindung. Wir f\u00fchren auch Interviews, Umfragen, Fokusgruppen und andere Methoden und Ans\u00e4tze der Marktforschung durch.<\/span><a href=\"https:\/\/www.sisinternational.com\/de\/uber-sis-international-research\/contact-sis-international-market-research\/\"><span style=\"font-weight: 400;\"> Kontakt<\/span><\/a><span style=\"font-weight: 400;\"> f\u00fcr Ihr n\u00e4chstes Marktforschungsprojekt.<\/span><\/p>","protected":false},"excerpt":{"rendered":"<p>\u00dcber Marktforschung in Bhutan. Erkennen und verfolgen Sie wichtige Markttrends, Erkenntnisse sowie die treibenden Kr\u00e4fte hinter den neuesten Marktver\u00e4nderungen.<\/p>","protected":false},"author":1,"featured_media":65650,"parent":14508,"menu_order":69,"comment_status":"closed","ping_status":"closed","template":"","meta":{"footnotes":""},"class_list":["post-41302","page","type-page","status-publish","has-post-thumbnail"],"_links":{"self":[{"href":"https:\/\/www.sisinternational.com\/de\/wp-json\/wp\/v2\/pages\/41302","targetHints":{"allow":["GET"]}}],"collection":[{"href":"https:\/\/www.sisinternational.com\/de\/wp-json\/wp\/v2\/pages"}],"about":[{"href":"https:\/\/www.sisinternational.com\/de\/wp-json\/wp\/v2\/types\/page"}],"author":[{"embeddable":true,"href":"https:\/\/www.sisinternational.com\/de\/wp-json\/wp\/v2\/users\/1"}],"replies":[{"embeddable":true,"href":"https:\/\/www.sisinternational.com\/de\/wp-json\/wp\/v2\/comments?post=41302"}],"version-history":[{"count":10,"href":"https:\/\/www.sisinternational.com\/de\/wp-json\/wp\/v2\/pages\/41302\/revisions"}],"predecessor-version":[{"id":83629,"href":"https:\/\/www.sisinternational.com\/de\/wp-json\/wp\/v2\/pages\/41302\/revisions\/83629"}],"up":[{"embeddable":true,"href":"https:\/\/www.sisinternational.com\/de\/wp-json\/wp\/v2\/pages\/14508"}],"wp:featuredmedia":[{"embeddable":true,"href":"https:\/\/www.sisinternational.com\/de\/wp-json\/wp\/v2\/media\/65650"}],"wp:attachment":[{"href":"https:\/\/www.sisinternational.com\/de\/wp-json\/wp\/v2\/media?parent=41302"}],"curies":[{"name":"wp","href":"https:\/\/api.w.org\/{rel}","templated":true}]}}