{"id":41286,"date":"2023-01-23T20:36:46","date_gmt":"2023-01-23T20:36:46","guid":{"rendered":"https:\/\/www.sisinternational.com\/?page_id=41286"},"modified":"2025-10-19T00:32:52","modified_gmt":"2025-10-19T04:32:52","slug":"marktforschung-fur-pestizide","status":"publish","type":"page","link":"https:\/\/www.sisinternational.com\/de\/sachverstand\/marktforschung-fur-pestizide\/","title":{"rendered":"Marktforschung f\u00fcr Pestizide"},"content":{"rendered":"<h1 class=\"wp-block-heading\">Marktforschung f\u00fcr Pestizide<\/h1>\n\n\n\n<figure class=\"gb-block-image gb-block-image-99b2d828\"><img loading=\"lazy\" decoding=\"async\" width=\"1456\" height=\"816\" class=\"gb-image gb-image-99b2d828\" src=\"https:\/\/www.sisinternational.com\/wp-content\/uploads\/2025\/08\/Pesticide-3.jpg\" alt=\"SIS International Marktforschung &amp; Strategie\" title=\"Pesticide (3)\" srcset=\"https:\/\/www.sisinternational.com\/wp-content\/uploads\/2025\/08\/Pesticide-3.jpg 1456w, https:\/\/www.sisinternational.com\/wp-content\/uploads\/2025\/08\/Pesticide-3-300x168.jpg 300w, https:\/\/www.sisinternational.com\/wp-content\/uploads\/2025\/08\/Pesticide-3-1024x574.jpg 1024w, https:\/\/www.sisinternational.com\/wp-content\/uploads\/2025\/08\/Pesticide-3-768x430.jpg 768w, https:\/\/www.sisinternational.com\/wp-content\/uploads\/2025\/08\/Pesticide-3-18x10.jpg 18w\" sizes=\"auto, (max-width: 1456px) 100vw, 1456px\"><\/figure>\n\n\n\n<p><\/p>\n\n\n\n<h2 class=\"wp-block-heading\">Was ist Marktforschung zu Pestiziden?<\/h2>\n\n\n\n<p>Die Marktforschung zu Pestiziden konzentriert sich auf das Sammeln von Informationen zu verschiedenen Pestiziden und deren Auswirkungen auf die Wirtschaft und die damit verbundenen Branchen. Der einzige Zweck von Pestiziden besteht darin, Sch\u00e4dlinge zu verhindern, die unerw\u00fcnschte Lebewesen sind. Sch\u00e4dlinge gelten als sch\u00e4dlich f\u00fcr Pflanzen, Tiere, Menschen und sogar Geb\u00e4ude. Um den Wert der Marktforschung zu Pestiziden zu verstehen, ist es wichtig zu verstehen, was Pestizide sind.<\/p>\n\n\n\n<h2 class=\"wp-block-heading\">Was sind Pestizide?<\/h2>\n\n\n\n<p>Pestizide sind Substanzen oder eine Mischung von Substanzen, die verwendet werden, um Sch\u00e4dlinge zu verhindern, zu kontrollieren oder sogar auszurotten. Es gibt drei g\u00e4ngigste Pestizidklassen. Dies sind Herbizide, Fungizide und Insektizide. Pestizide gibt es auch in verschiedenen Formen. Sie k\u00f6nnen fl\u00fcssig, in fester Form oder in Gasform wie Begasungsmittel sein.<\/p>\n\n\n\n<p>Da Pestizide Sch\u00e4dlinge entweder vorbeugen, bek\u00e4mpfen oder ausrotten, werden sie meist auf Grundlage ihrer Wirkungsweise in Gruppen eingeteilt.<\/p>\n\n\n\n<p>Nachfolgend sind die h\u00e4ufigsten Gruppen aufgef\u00fchrt:<\/p>\n\n\n\n<p>Organophosphate: Sie werden \u00fcblicherweise aus Phosphors\u00e4ure hergestellt und wirken, indem sie das Nervensystem von Sch\u00e4dlingen sch\u00e4digen. Die meisten Insektizide geh\u00f6ren zu dieser Gruppe und viele sind hochgiftig.<\/p>\n\n\n\n<p>Organochlorverbindungen: Diese Pestizide werden manchmal auch als chlorierte Kohlenwasserstoffe bezeichnet und st\u00f6ren die Nervenimpuls\u00fcbertragung von Sch\u00e4dlingen. Sie werden am besten gegen Insekten und Milben eingesetzt, verbleiben jedoch lange Zeit in der Umwelt.<\/p>\n\n\n\n<p>Carbamate und Thiocarbamate: Wirken \u00e4hnlich im Nervensystem von Sch\u00e4dlingen und werden aus Carbamids\u00e4ure hergestellt. Dazu geh\u00f6ren Insektizide, Herbizide und Fungizide und bleiben k\u00fcrzer in der Umwelt.<\/p>\n\n\n\n<p>Pyrethroide (synthetisch): Dies sind k\u00fcnstlich hergestellte Pestizide, die das Nervensystem st\u00f6ren, indem sie Nervenzellen stimulieren und so L\u00e4hmungen verursachen. Sie bauen sich nicht schnell ab.<\/p>\n\n\n\n<h2 class=\"wp-block-heading\">Vorteile der Pestizid-Marktforschung<\/h2>\n\n\n\n<figure class=\"gb-block-image gb-block-image-dd58b589\"><img loading=\"lazy\" decoding=\"async\" width=\"1456\" height=\"816\" class=\"gb-image gb-image-dd58b589\" src=\"https:\/\/www.sisinternational.com\/wp-content\/uploads\/2025\/08\/Pesticide-6.jpg\" alt=\"SIS International Marktforschung &amp; Strategie\" title=\"Pesticide (6)\" srcset=\"https:\/\/www.sisinternational.com\/wp-content\/uploads\/2025\/08\/Pesticide-6.jpg 1456w, https:\/\/www.sisinternational.com\/wp-content\/uploads\/2025\/08\/Pesticide-6-300x168.jpg 300w, https:\/\/www.sisinternational.com\/wp-content\/uploads\/2025\/08\/Pesticide-6-1024x574.jpg 1024w, https:\/\/www.sisinternational.com\/wp-content\/uploads\/2025\/08\/Pesticide-6-768x430.jpg 768w, https:\/\/www.sisinternational.com\/wp-content\/uploads\/2025\/08\/Pesticide-6-18x10.jpg 18w\" sizes=\"auto, (max-width: 1456px) 100vw, 1456px\"><\/figure>\n\n\n\n<p><\/p>\n\n\n\n<p><a href=\"https:\/\/www.sisinternational.com\/de\/fallstudien\/\" title=\"Fallstudien\"  data-wpil-monitor-id=\"8484\">Marktforschung<\/a> provides insights into a specific industry that are useful for businesses and economic studies. With the role pesticides play in controlling or preventing pests, gathering data and strategies in the pesticide industry can be beneficial for the following reasons:<\/p>\n\n\n\n<ul class=\"wp-block-list\">\n<li>Auswirkungen von Pestiziden in der Landwirtschaft. Ziel ist es, mehr dar\u00fcber zu erfahren, wie Pestizide Landwirten helfen k\u00f6nnen, sichere Lebensmittel zu produzieren.<\/li>\n\n\n\n<li>Role of pesticides in <a href=\"https:\/\/www.sisinternational.com\/de\/losungen\/geschmackstest\/food-product-tests-in-ny\/\" title=\"Food Product Tests In NY\"  data-wpil-monitor-id=\"8489\">food crop production<\/a>. This will provide useful data for pesticide market research on the quantity and quality of crops.<\/li>\n\n\n\n<li>Auswirkungen verschiedener Pestizidarten auf die Gesundheit von Mensch und Tier. Die meisten Pestizide sind darauf ausgelegt, Sch\u00e4dlinge zu vernichten, indem sie das Nervensystem angreifen. Dies kann wiederum auch andere Lebewesen beeintr\u00e4chtigen und aufgrund der Toxizit\u00e4t gesundheitliche Probleme verursachen.<\/li>\n\n\n\n<li>Auswirkungen auf die Umwelt. Eine verl\u00e4ngerte oder falsche Anwendung von Pestiziden kann die Umgebung, insbesondere Boden und Wasser, verunreinigen.<\/li>\n\n\n\n<li>Continued <a href=\"https:\/\/www.sisinternational.com\/de\/sachverstand\/branchen\/geschaftsentscheider-marktforschung\/\" title=\"Marktforschung f\u00fcr Entscheidungstr\u00e4ger in Unternehmen\"  data-wpil-monitor-id=\"8493\">research can help businesses<\/a>, industries, and countries to make sound decisions regarding their uses and long-term benefits or consequences.<\/li>\n\n\n\n<li>Market research provides insights into the data and <a href=\"https:\/\/www.sisinternational.com\/de\/die-rolle-der-prozess-und-systementwicklung-fur-den-unternehmenserfolg\/\" title=\"Organisationsdesign Marktforschung\"  data-wpil-monitor-id=\"8485\">strategies<\/a> in the pesticide industry to build competitive knowledge for businesses and companies.<\/li>\n<\/ul>\n\n\n\n<h2 class=\"wp-block-heading\">Wichtige Berufsbezeichnungen in der Branche:<\/h2>\n\n\n\n<p>The pesticide <a href=\"https:\/\/www.sisinternational.com\/de\/sachverstand\/lebenslaufe\/marktforschung-fur-korperpflegeprodukte\/\" title=\"Marktforschung f\u00fcr K\u00f6rperpflegeprodukte\"  data-wpil-monitor-id=\"8488\">market and production<\/a>, including research, involve a lot of roles and specialties. Moreover, the production of pesticides and distribution require specific knowledge and training.<\/p>\n\n\n\n<p>Nachfolgend sind einige der wichtigen Berufsbezeichnungen in der Pestizidbranche aufgef\u00fchrt:<\/p>\n\n\n\n<ul class=\"wp-block-list\">\n<li>Chemieingenieure<\/li>\n\n\n\n<li>Chemiker<\/li>\n\n\n\n<li>Pflanzenmanager<\/li>\n\n\n\n<li>Marktberater<\/li>\n\n\n\n<li>Spezialist f\u00fcr Sch\u00e4dlingsbek\u00e4mpfung<\/li>\n\n\n\n<li>Leiter der Sch\u00e4dlingsbek\u00e4mpfung<\/li>\n\n\n\n<li>Sch\u00e4dlingsbek\u00e4mpfer<\/li>\n\n\n\n<li>Pestizid-Formulierer<\/li>\n\n\n\n<li>Pestizid-Handler<\/li>\n\n\n\n<li>Produktionsleiter<\/li>\n\n\n\n<li>Leiter der Qualit\u00e4tskontrolle<\/li>\n\n\n\n<li>Forschungswissenschaftler<\/li>\n<\/ul>\n\n\n\n<h2 class=\"wp-block-heading\">Unternehmen, die Marktforschung zu Pestiziden ben\u00f6tigen<\/h2>\n\n\n\n<p>Die wichtigen Daten und Strategien der Pestizidindustrie, die aus der Marktforschung zu Pestiziden gewonnen werden, k\u00f6nnen vielen Unternehmen helfen. Zu den Unternehmen geh\u00f6ren unter anderem die folgenden Branchen:<\/p>\n\n\n\n<ul class=\"wp-block-list\">\n<li>Pestizid-Herstellungsindustrie<\/li>\n\n\n\n<li>Landwirtschaft und Ackerbau<\/li>\n\n\n\n<li>Lebensmittelproduktion und -versorgung<\/li>\n\n\n\n<li>Agrochemische Unternehmen<\/li>\n\n\n\n<li>Gr\u00fcnes Industriegesch\u00e4ft<\/li>\n\n\n\n<li>Baugewerbe<\/li>\n\n\n\n<li>Chemieindustrie<\/li>\n<\/ul>\n\n\n\n<h2 class=\"wp-block-heading\">So wird Marktforschung f\u00fcr Pestizide durchgef\u00fchrt:<\/h2>\n\n\n\n<figure class=\"gb-block-image gb-block-image-610be5a5\"><img loading=\"lazy\" decoding=\"async\" width=\"1456\" height=\"816\" class=\"gb-image gb-image-610be5a5\" src=\"https:\/\/www.sisinternational.com\/wp-content\/uploads\/2025\/08\/Pesticide-4.jpg\" alt=\"SIS International Marktforschung &amp; Strategie\" title=\"Pesticide (4)\" srcset=\"https:\/\/www.sisinternational.com\/wp-content\/uploads\/2025\/08\/Pesticide-4.jpg 1456w, https:\/\/www.sisinternational.com\/wp-content\/uploads\/2025\/08\/Pesticide-4-300x168.jpg 300w, https:\/\/www.sisinternational.com\/wp-content\/uploads\/2025\/08\/Pesticide-4-1024x574.jpg 1024w, https:\/\/www.sisinternational.com\/wp-content\/uploads\/2025\/08\/Pesticide-4-768x430.jpg 768w, https:\/\/www.sisinternational.com\/wp-content\/uploads\/2025\/08\/Pesticide-4-18x10.jpg 18w\" sizes=\"auto, (max-width: 1456px) 100vw, 1456px\"><\/figure>\n\n\n\n<p><\/p>\n\n\n\n<p>As with most <a href=\"https:\/\/www.sisinternational.com\/de\/sachverstand\/branchen\/industrielle-marktforschung\/\" title=\"Industrielle Marktforschung und Strategie\"  data-wpil-monitor-id=\"8487\">Marktforschung<\/a> that was done in similar industries, gathering data and analyzing the information is crucial. Major steps are taken that <a href=\"https:\/\/www.sisinternational.com\/de\/veroffentlichungen\/skalierbare-geschaftsmarktforschung-7-moglichkeiten-zum-aufbau-eines-skalierbaren-geschafts\/\" title=\"Marktforschung f\u00fcr skalierbare Unternehmen: 7 M\u00f6glichkeiten zum Aufbau eines skalierbaren Unternehmens\"  data-wpil-monitor-id=\"8486\">way the market research<\/a> provides insights that are both credible and valid.<\/p>\n\n\n\n<ul class=\"wp-block-list\">\n<li>Datenerfassung nach Produkttyp<\/li>\n\n\n\n<li>Ergebniserfassung auf Basis des Bewerbungsprozesses<\/li>\n\n\n\n<li>Analyse der Ergebnisse nach Endnutzung<\/li>\n\n\n\n<li>Vergleich der Ergebnisse nach Standort<\/li>\n\n\n\n<li>Analyse der wichtigsten Treiber in der Pestizidindustrie<\/li>\n<\/ul>\n\n\n\n<p>Dar\u00fcber hinaus werden auch weitere wichtige Faktoren ber\u00fccksichtigt, wie etwa langfristige Auswirkungen auf die Umwelt und Gesundheit sowie auf diesen Faktoren basierende steigende Trends.<\/p>\n\n\n\n<h2 class=\"wp-block-heading\">\u00dcber die Pestizid-Marktforschung<\/h2>\n\n\n\n<p>Pesticides play a big role both for both humans and the environment. The Pesticide Market Research gathers information and data that are reliable. It is a useful tool for anyone who aims to have informed decisions when it comes to its production, application, <a href=\"https:\/\/www.sisinternational.com\/de\/verbesserung-der-marktdurchdringung-durch-einen-umfassenden-marketingplan\/\" title=\"Verbesserung der Marktdurchdringung durch einen umfassenden Marketingplan\"  data-wpil-monitor-id=\"8491\">marketing and strategic planning<\/a>.<\/p>","protected":false},"excerpt":{"rendered":"<p>Die Marktforschung zu Pestiziden ist ein n\u00fctzliches Instrument f\u00fcr fundierte Entscheidungen sowie f\u00fcr Produktion, Anwendung, Marketing und strategische Planung.<\/p>","protected":false},"author":1,"featured_media":64309,"parent":14514,"menu_order":155,"comment_status":"closed","ping_status":"closed","template":"","meta":{"footnotes":""},"class_list":["post-41286","page","type-page","status-publish","has-post-thumbnail"],"_links":{"self":[{"href":"https:\/\/www.sisinternational.com\/de\/wp-json\/wp\/v2\/pages\/41286","targetHints":{"allow":["GET"]}}],"collection":[{"href":"https:\/\/www.sisinternational.com\/de\/wp-json\/wp\/v2\/pages"}],"about":[{"href":"https:\/\/www.sisinternational.com\/de\/wp-json\/wp\/v2\/types\/page"}],"author":[{"embeddable":true,"href":"https:\/\/www.sisinternational.com\/de\/wp-json\/wp\/v2\/users\/1"}],"replies":[{"embeddable":true,"href":"https:\/\/www.sisinternational.com\/de\/wp-json\/wp\/v2\/comments?post=41286"}],"version-history":[{"count":4,"href":"https:\/\/www.sisinternational.com\/de\/wp-json\/wp\/v2\/pages\/41286\/revisions"}],"predecessor-version":[{"id":81425,"href":"https:\/\/www.sisinternational.com\/de\/wp-json\/wp\/v2\/pages\/41286\/revisions\/81425"}],"up":[{"embeddable":true,"href":"https:\/\/www.sisinternational.com\/de\/wp-json\/wp\/v2\/pages\/14514"}],"wp:featuredmedia":[{"embeddable":true,"href":"https:\/\/www.sisinternational.com\/de\/wp-json\/wp\/v2\/media\/64309"}],"wp:attachment":[{"href":"https:\/\/www.sisinternational.com\/de\/wp-json\/wp\/v2\/media?parent=41286"}],"curies":[{"name":"wp","href":"https:\/\/api.w.org\/{rel}","templated":true}]}}