{"id":41277,"date":"2023-01-23T16:12:02","date_gmt":"2023-01-23T16:12:02","guid":{"rendered":"https:\/\/www.sisinternational.com\/?page_id=41277"},"modified":"2026-01-25T19:25:31","modified_gmt":"2026-01-26T00:25:31","slug":"marktforschung-in-der-gummiindustrie","status":"publish","type":"page","link":"https:\/\/www.sisinternational.com\/de\/sachverstand\/marktforschung-in-der-gummiindustrie\/","title":{"rendered":"Marktforschung in der Gummiindustrie"},"content":{"rendered":"<h1 class=\"wp-block-heading\">Marktforschung in der Gummiindustrie<\/h1>\n\n\n\n<figure class=\"gb-block-image gb-block-image-1ac76d98\"><img loading=\"lazy\" decoding=\"async\" width=\"1456\" height=\"816\" class=\"gb-image gb-image-1ac76d98\" src=\"https:\/\/www.sisinternational.com\/wp-content\/uploads\/2025\/10\/Rubber-1.jpg\" alt=\"SIS International Marktforschung &amp; Strategie\" title=\"Rubber (1)\" srcset=\"https:\/\/www.sisinternational.com\/wp-content\/uploads\/2025\/10\/Rubber-1.jpg 1456w, https:\/\/www.sisinternational.com\/wp-content\/uploads\/2025\/10\/Rubber-1-300x168.jpg 300w, https:\/\/www.sisinternational.com\/wp-content\/uploads\/2025\/10\/Rubber-1-1024x574.jpg 1024w, https:\/\/www.sisinternational.com\/wp-content\/uploads\/2025\/10\/Rubber-1-768x430.jpg 768w, https:\/\/www.sisinternational.com\/wp-content\/uploads\/2025\/10\/Rubber-1-18x10.jpg 18w\" sizes=\"auto, (max-width: 1456px) 100vw, 1456px\"><\/figure>\n\n\n\n<p><\/p>\n\n\n\n<h2 class=\"wp-block-heading\">Gummi ist in unserem Alltag pr\u00e4sent<\/h2>\n\n\n\n<p>Gummi ist in vielen der wichtigsten Produkte unseres t\u00e4glichen Lebens enthalten, beispielsweise in OP-Handschuhen, Gummib\u00e4ndern und Reifen. Gummi ist ein unverzichtbares Material und einer der wichtigsten Rohstoffe unserer modernen Gesellschaft. Die Gummiindustrie ist Milliarden Dollar wert und bietet zahlreiche M\u00f6glichkeiten f\u00fcr Wachstum und die Entwicklung neuer Produkte.<\/p>\n\n\n\n<p>Es gibt zahlreiche Gummiarten, darunter Neopren-Kautschuk, Butylkautschuk, Styrol-Butadien-Kautschuk, Fluorsilikonkautschuk, Silikonkautschuk, Nitrilkautschuk und EPDM-Kautschuk. Zu den wichtigsten Faktoren f\u00fcr die Produktqualit\u00e4t z\u00e4hlen Elastizit\u00e4t, W\u00e4rmekontraktion und Haltbarkeit.<br>Much of the world\u2019s rubber production occurs in high growth emerging <a href=\"https:\/\/www.sisinternational.com\/de\/abdeckung\/die-amerikaner\/usa-berichterstattung\/marktforschung-in-south-carolina\/\" title=\"Marktforschung in South Carolina\"  data-wpil-monitor-id=\"5651\">markets in South<\/a> East Asia including in Thailand, Malaysia, Indonesia, Vietnam and India. Many of these countries consider the industry to be of national strategic importance and have councils and trade programs focused on boosting exports. Operating in these high growth economies presents numerous opportunities for growth and for boosting efficiency and developing Go-To-Market Strategy.<\/p>\n\n\n\n<p>SIS Market Research unterst\u00fctzt Unternehmen bei der Entdeckung neuer Marktchancen im Kautschuksektor. Wir bieten Marktforschung zu den neuesten Trends bei der Verwendung und Nachfrage von Kautschuk. Wir unterst\u00fctzen unsere Kunden bei der Entwicklung von Strategien zur Steigerung ihrer Rentabilit\u00e4t und betrieblichen Effizienz.<\/p>\n\n\n\n<h2 class=\"wp-block-heading\">Die Bedeutung der Marktforschung in der Gummiindustrie<\/h2>\n\n\n\n<figure class=\"gb-block-image gb-block-image-acd346e6\"><img loading=\"lazy\" decoding=\"async\" width=\"1456\" height=\"816\" class=\"gb-image gb-image-acd346e6\" src=\"https:\/\/www.sisinternational.com\/wp-content\/uploads\/2025\/10\/Rubber-4.jpg\" alt=\"SIS International Marktforschung &amp; Strategie\" title=\"Rubber (4)\" srcset=\"https:\/\/www.sisinternational.com\/wp-content\/uploads\/2025\/10\/Rubber-4.jpg 1456w, https:\/\/www.sisinternational.com\/wp-content\/uploads\/2025\/10\/Rubber-4-300x168.jpg 300w, https:\/\/www.sisinternational.com\/wp-content\/uploads\/2025\/10\/Rubber-4-1024x574.jpg 1024w, https:\/\/www.sisinternational.com\/wp-content\/uploads\/2025\/10\/Rubber-4-768x430.jpg 768w, https:\/\/www.sisinternational.com\/wp-content\/uploads\/2025\/10\/Rubber-4-18x10.jpg 18w\" sizes=\"auto, (max-width: 1456px) 100vw, 1456px\"><\/figure>\n\n\n\n<p>SIS Market Research sammelt Kundenforschung, Wettbewerbsanalysen, Unternehmenstreiber und Marktlandschaften, um Informationen f\u00fcr die Entscheidungsfindung bereitzustellen. Wir sind spezialisiert auf die Bereitstellung von Analysen zu Chancen, Rentabilit\u00e4tsquellen, Herausforderungen und Erfolgswegen.<\/p>\n\n\n\n<p>Zu den wichtigsten Produkten der Gummiindustrie geh\u00f6ren:<\/p>\n\n\n\n<ul class=\"wp-block-list\">\n<li>Autoreifen und Schl\u00e4uche<\/li>\n\n\n\n<li>Gummiformteile<\/li>\n\n\n\n<li>Matten- und Bodenbelagsanwendungen<\/li>\n\n\n\n<li>Schl\u00e4uche und Rohre<\/li>\n\n\n\n<li>Vulkanisierter Gummi f\u00fcr Schuhe<\/li>\n\n\n\n<li>Handschuhe f\u00fcr Industriearbeiter<\/li>\n\n\n\n<li>Sportausr\u00fcstung<\/li>\n\n\n\n<li>Isolierung und Isoliermaterialien<\/li>\n\n\n\n<li>Produkte zur sexuellen Gesundheit<\/li>\n\n\n\n<li>Matratzen<\/li>\n\n\n\n<li>Schuhe und Stiefel<\/li>\n\n\n\n<li>Wasserflaschen<\/li>\n\n\n\n<li>Schutzausr\u00fcstung f\u00fcr Polizei, Rettungskr\u00e4fte und Feuerwehr<\/li>\n\n\n\n<li>B\u00e4lle und Luftballons<\/li>\n<\/ul>\n\n\n\n<p>Kautschukproduzenten agieren zunehmend in einer hart umk\u00e4mpften Weltwirtschaft, in der die Produzenten weltweit Strategien zur Preissenkung und zunehmende Handelsbeschr\u00e4nkungen anwenden. Qualit\u00e4t und Produktlieferung bleiben weiterhin die Hauptproblembereiche.<\/p>\n\n\n\n<h2 class=\"wp-block-heading\">Nachhaltigkeit in der Gummiindustrie<\/h2>\n\n\n\n<p>Die steigende globale Nachfrage nach Kautschuk hat Bedenken hinsichtlich der langfristigen Nachhaltigkeit der Ressourcen geweckt. Der Haupttreiber der Nachfrage nach Kautschuk ist die Automobilindustrie, die weiterhin w\u00e4chst und t\u00e4glich Millionen von Reifen verbraucht. Um diese Nachfrage zu decken, erh\u00f6hen die Unternehmen ihre Produktionskapazit\u00e4t. Dies bedeutet, dass weltweit neue Kautschukplantagen ben\u00f6tigt werden.<\/p>\n\n\n\n<p>Die Ausweitung des Kautschukanbaus kann Auswirkungen auf die Umwelt haben und erfordert daher Forschung zu den Themen soziale Verantwortung, Nachhaltigkeit, Lieferketten, Kundenbed\u00fcrfnisse und Stakeholder-Erkenntnisse.<\/p>\n\n\n\n<p>SIS Market <a href=\"https:\/\/www.sisinternational.com\/de\/sachverstand\/branchen\/marktforschung-zur-industriellen-automatisierung\/\" title=\"Marktforschung f\u00fcr die industrielle Automatisierung\"  data-wpil-monitor-id=\"4818\">Forschung<\/a> advises companies on best practices for maintaining sustainability and for serving investors and community and industry stakeholders. This benefits the manufacturing processes and the brand&#8217;s position in the market.<\/p>\n\n\n\n<h2 class=\"wp-block-heading\">Vorteile der Marktforschung in der Gummiindustrie<\/h2>\n\n\n\n<figure class=\"gb-block-image gb-block-image-7794f7e1\"><img loading=\"lazy\" decoding=\"async\" width=\"1456\" height=\"816\" class=\"gb-image gb-image-7794f7e1\" src=\"https:\/\/www.sisinternational.com\/wp-content\/uploads\/2025\/10\/Rubber-3.jpg\" alt=\"SIS International Marktforschung &amp; Strategie\" title=\"Rubber (3)\" srcset=\"https:\/\/www.sisinternational.com\/wp-content\/uploads\/2025\/10\/Rubber-3.jpg 1456w, https:\/\/www.sisinternational.com\/wp-content\/uploads\/2025\/10\/Rubber-3-300x168.jpg 300w, https:\/\/www.sisinternational.com\/wp-content\/uploads\/2025\/10\/Rubber-3-1024x574.jpg 1024w, https:\/\/www.sisinternational.com\/wp-content\/uploads\/2025\/10\/Rubber-3-768x430.jpg 768w, https:\/\/www.sisinternational.com\/wp-content\/uploads\/2025\/10\/Rubber-3-18x10.jpg 18w\" sizes=\"auto, (max-width: 1456px) 100vw, 1456px\"><\/figure>\n\n\n\n<ul class=\"wp-block-list\">\n<li>St\u00e4rkt die strategische Positionierung eines Unternehmens in der Gummiindustrie<\/li>\n\n\n\n<li>Minimiert das Investitionsrisiko<\/li>\n\n\n\n<li>Identifiziert potenzielle Bedrohungen und Chancen<\/li>\n\n\n\n<li>Deckt die St\u00e4rken und Schw\u00e4chen der Wettbewerber auf<\/li>\n\n\n\n<li>Leitet die strategische Planung<\/li>\n\n\n\n<li>Identifiziert aufkommende Trends<\/li>\n\n\n\n<li>Bietet dem Unternehmen die Werkzeuge, um der Konkurrenz einen Schritt voraus zu sein<\/li>\n\n\n\n<li>Liefert Prognosen, Projektionen, Empfehlungen und Vorhersagen<\/li>\n\n\n\n<li>Beleuchtet Kundenbed\u00fcrfnisse und -anforderungen<\/li>\n\n\n\n<li>Analysiert die Marktlandschaft, um wichtige Bedrohungen durch Geopolitik und Handelsregulierungen aufzudecken<\/li>\n\n\n\n<li>Deckt Benchmarks der Top-Konkurrenten auf<\/li>\n<\/ul>\n\n\n\n<h2 class=\"wp-block-heading\">So gewinnen wir Erkenntnisse<\/h2>\n\n\n\n<p>SIS verf\u00fcgt \u00fcber umfangreiche Datenbanken und hat Zugriff auf die folgenden Fachleute der Gummiindustrie:<\/p>\n\n\n\n<ul class=\"wp-block-list\">\n<li>Prozesschemiker<\/li>\n\n\n\n<li>Industriemechaniker\/-in<\/li>\n\n\n\n<li>Entscheidungstr\u00e4ger<\/li>\n\n\n\n<li>F\u00fchrungskr\u00e4fte der obersten Ebene<\/li>\n\n\n\n<li>Vizepr\u00e4sident<\/li>\n\n\n\n<li>Kfz-Techniker<\/li>\n\n\n\n<li>Teilehersteller<\/li>\n\n\n\n<li>Projekt Maschinenbauingenieure<\/li>\n\n\n\n<li>Polymeringenieure<\/li>\n\n\n\n<li>Filialleiter<\/li>\n\n\n\n<li>Auslieferungsfahrer<\/li>\n\n\n\n<li>Kunststofftechniker<\/li>\n\n\n\n<li>Servicemanager<\/li>\n\n\n\n<li>Reifentechniker<\/li>\n\n\n\n<li>Andere<\/li>\n<\/ul>\n\n\n\n<h2 class=\"wp-block-heading\">\u00dcber Marktforschung in der Gummiindustrie<\/h2>\n\n\n\n<figure class=\"gb-block-image gb-block-image-68309510\"><img loading=\"lazy\" decoding=\"async\" width=\"1456\" height=\"816\" class=\"gb-image gb-image-68309510\" src=\"https:\/\/www.sisinternational.com\/wp-content\/uploads\/2025\/10\/Rubber-2.jpg\" alt=\"SIS International Marktforschung &amp; Strategie\" title=\"Rubber (2)\" srcset=\"https:\/\/www.sisinternational.com\/wp-content\/uploads\/2025\/10\/Rubber-2.jpg 1456w, https:\/\/www.sisinternational.com\/wp-content\/uploads\/2025\/10\/Rubber-2-300x168.jpg 300w, https:\/\/www.sisinternational.com\/wp-content\/uploads\/2025\/10\/Rubber-2-1024x574.jpg 1024w, https:\/\/www.sisinternational.com\/wp-content\/uploads\/2025\/10\/Rubber-2-768x430.jpg 768w, https:\/\/www.sisinternational.com\/wp-content\/uploads\/2025\/10\/Rubber-2-18x10.jpg 18w\" sizes=\"auto, (max-width: 1456px) 100vw, 1456px\"><\/figure>\n\n\n\n<p><\/p>\n\n\n\n<p>Gummi <a href=\"https:\/\/www.sisinternational.com\/de\/marktforschung-im-bildungssektor-2\/\" title=\"Marktforschung f\u00fcr die Bildungsbranche\"  data-wpil-monitor-id=\"1813\">Industry Market Research<\/a> helps maximize profit and minimize risk in business decision making. Market Research can give a company the competitive advantage they need over its competitors. Market Research speaks with customers, competitors, subject matter experts, investors and other key stakeholders to gain incisive data for decision making.<\/p>\n\n\n\n<p>Mit \u00fcber 38 Jahren Erfahrung verf\u00fcgt SIS Market Research \u00fcber eine beispiellose Pr\u00e4senz auf den internationalen M\u00e4rkten. Wir verf\u00fcgen \u00fcber die Technologien, Werkzeuge und Strategien, um Informationen zu sammeln und Kundenbed\u00fcrfnisse zu verstehen. Zu unseren Techniken geh\u00f6ren unter anderem Umfragen, pers\u00f6nliche Umfragen, Interviews, Fokusgruppen, Ethnographie, Branchenanalysen, Wettbewerbsanalysen, Online-Communitys, Telefonumfragen, Besuche vor Ort und Recherchen zu Wettbewerbern und vieles mehr.<\/p>\n\n\n\n<p>In unserer Abteilung f\u00fcr Strategieforschung und -beratung bieten wir Wettbewerbsanalysen, Markteintrittsberatung, Go-To-Market-Forschung, Benchmarking, Voice of the Customer, Conjoint-Analyse, Faktorenanalyse, multivariate statistische Analyse, Bewertungen des Exportpotenzials und Marktchancenanalysen.<\/p>","protected":false},"excerpt":{"rendered":"<p>Die Marktforschung in der Gummiindustrie tr\u00e4gt dazu bei, den Gewinn zu maximieren und das Risiko bei gesch\u00e4ftlichen Entscheidungen zu minimieren.<\/p>","protected":false},"author":1,"featured_media":72078,"parent":14514,"menu_order":154,"comment_status":"closed","ping_status":"closed","template":"","meta":{"footnotes":""},"class_list":["post-41277","page","type-page","status-publish","has-post-thumbnail"],"_links":{"self":[{"href":"https:\/\/www.sisinternational.com\/de\/wp-json\/wp\/v2\/pages\/41277","targetHints":{"allow":["GET"]}}],"collection":[{"href":"https:\/\/www.sisinternational.com\/de\/wp-json\/wp\/v2\/pages"}],"about":[{"href":"https:\/\/www.sisinternational.com\/de\/wp-json\/wp\/v2\/types\/page"}],"author":[{"embeddable":true,"href":"https:\/\/www.sisinternational.com\/de\/wp-json\/wp\/v2\/users\/1"}],"replies":[{"embeddable":true,"href":"https:\/\/www.sisinternational.com\/de\/wp-json\/wp\/v2\/comments?post=41277"}],"version-history":[{"count":6,"href":"https:\/\/www.sisinternational.com\/de\/wp-json\/wp\/v2\/pages\/41277\/revisions"}],"predecessor-version":[{"id":79352,"href":"https:\/\/www.sisinternational.com\/de\/wp-json\/wp\/v2\/pages\/41277\/revisions\/79352"}],"up":[{"embeddable":true,"href":"https:\/\/www.sisinternational.com\/de\/wp-json\/wp\/v2\/pages\/14514"}],"wp:featuredmedia":[{"embeddable":true,"href":"https:\/\/www.sisinternational.com\/de\/wp-json\/wp\/v2\/media\/72078"}],"wp:attachment":[{"href":"https:\/\/www.sisinternational.com\/de\/wp-json\/wp\/v2\/media?parent=41277"}],"curies":[{"name":"wp","href":"https:\/\/api.w.org\/{rel}","templated":true}]}}