{"id":41223,"date":"2023-01-16T04:07:39","date_gmt":"2023-01-16T04:07:39","guid":{"rendered":"https:\/\/www.sisinternational.com\/?page_id=41223"},"modified":"2026-01-27T15:20:07","modified_gmt":"2026-01-27T20:20:07","slug":"clusteranalyse-marktforschung","status":"publish","type":"page","link":"https:\/\/www.sisinternational.com\/de\/losungen\/qualitative-quantitative-forschungslosungen\/clusteranalyse-marktforschung\/","title":{"rendered":"Clusteranalyse Marktforschung"},"content":{"rendered":"<h1 class=\"wp-block-heading\">Was ist Clusteranalyse?<\/h1>\n\n\n\n<figure class=\"gb-block-image gb-block-image-9bf2cb72\"><img loading=\"lazy\" decoding=\"async\" width=\"1456\" height=\"816\" class=\"gb-image gb-image-9bf2cb72\" src=\"https:\/\/www.sisinternational.com\/wp-content\/uploads\/2025\/10\/Pricing-Analytics-1.jpg\" srcset=\"https:\/\/www.sisinternational.com\/wp-content\/uploads\/2025\/10\/Pricing-Analytics-1.jpg 1456w, https:\/\/www.sisinternational.com\/wp-content\/uploads\/2025\/10\/Pricing-Analytics-1-300x168.jpg 300w, https:\/\/www.sisinternational.com\/wp-content\/uploads\/2025\/10\/Pricing-Analytics-1-1024x574.jpg 1024w, https:\/\/www.sisinternational.com\/wp-content\/uploads\/2025\/10\/Pricing-Analytics-1-768x430.jpg 768w, https:\/\/www.sisinternational.com\/wp-content\/uploads\/2025\/10\/Pricing-Analytics-1-18x10.jpg 18w\" sizes=\"auto, (max-width: 1456px) 100vw, 1456px\" alt=\"SIS International Marktforschung &amp; Strategie\"><\/figure>\n\n\n\n<p><\/p>\n\n\n\n<p>Die Clusteranalyse ist eine Technik, die die nat\u00fcrlichen Gruppen innerhalb eines Datensatzes untersucht. Ein einfacher Anwendungsfall ist beispielsweise die Gruppierung von Einzelhandelsgesch\u00e4ften anhand ihrer Ums\u00e4tze. Angenommen, ein Pflanzengesch\u00e4ft hat acht Filialen in der Stadt. Die folgende Tabelle zeigt die Ums\u00e4tze von Rosenpflanzen und Orchideen pro Tag.<\/p>\n\n\n\n<p>Dieses Beispiel hat nur begrenzte Datenpunkte. Daher war es einfach, die beiden Cluster von Pflanzenladen-Verkaufsstellen in das Diagramm einzuzeichnen und die visuellen Darstellungen zu sehen. Bei Tausenden von Datenpunkten m\u00fcssen Sie Clusteranalyse-Algorithmen verwenden. Diese unterteilen die Datenpunkte weiter in verschiedene Cluster.<\/p>\n\n\n\n<h2 class=\"wp-block-heading\">Warum ist die Clusteranalyse wichtig?<\/h2>\n\n\n\n<p>Mithilfe von Clustering k\u00f6nnen Forscher Muster zwischen Datenelementen identifizieren und definieren. Dar\u00fcber hinaus hilft das Aufdecken dieser Muster zwischen Datenpunkten dabei, Strukturen zu unterscheiden und zu skizzieren. Diese Strukturen waren vorher m\u00f6glicherweise nicht offensichtlich. Sobald sie jedoch entdeckt wurden, sind sie f\u00fcr die Daten bemerkenswert. Sobald sich eine definierte Struktur herauskristallisiert, wird eine fundierte Entscheidungsfindung viel einfacher.<\/p>\n\n\n\n<h2 class=\"wp-block-heading\">Wichtigste Berufsbezeichnung \u2013 Datenwissenschaftler<\/h2>\n\n\n\n<p>Datenwissenschaftler m\u00fcssen sich mit Statistik, Mathematik, Gesch\u00e4ftsanalyse, Modellierung und Technik auskennen. Dar\u00fcber hinaus m\u00fcssen sie gro\u00dfe Mengen komplexer Daten in fortschrittliche Analysel\u00f6sungen umwandeln. Diese Wissenschaftler entwickeln, pflegen und sammeln strukturierte und unstrukturierte Datens\u00e4tze. Sie verwenden diese S\u00e4tze zum Analysieren, Berichten und Erstellen von Prognosen, Modellen, Berichten und Anzeigen. Diese unterst\u00fctzen die Gesch\u00e4ftstaktik und -strategie des Unternehmens.<\/p>\n\n\n\n<h2 class=\"wp-block-heading\">Warum Unternehmen eine Clusteranalyse ben\u00f6tigen<\/h2>\n\n\n\n<p>Mithilfe der Clusteranalyse k\u00f6nnen Unternehmen die Kundenreaktion auf ihre Produkte und Dienstleistungen ermitteln. Dabei werden Kunden mit denselben Eigenschaften in einem Cluster zusammengefasst. So k\u00f6nnen Unternehmen ihre Dienstleistungen besser organisieren. Sie k\u00f6nnen auch bestimmten Gruppen bestimmte Produkte anbieten. F\u00fcr Unternehmen ist es hilfreich, das Verbraucherverhalten zu verstehen. Sie erfahren Dinge wie den Geschmack der Kunden. Sie k\u00f6nnen auch deren Reaktion auf Produkte und Dienstleistungen sowie ihr Kaufverhalten erkennen.<\/p>\n\n\n\n<h2 class=\"wp-block-heading\">Schl\u00fcsselfaktoren f\u00fcr den Erfolg<\/h2>\n\n\n\n<p>Eine geeignete Methode erzeugt Cluster von hoher Qualit\u00e4t. Ihre Ergebnisse sollten also f\u00fcr eine einzelne Gruppe \u00e4hnlich sein. Das Gegenteil sollte der Fall sein, wenn es mehr als ein Cluster gibt. Die Qualit\u00e4t der Sets h\u00e4ngt von der Methode und ihrer Ausf\u00fchrung ab. Ihr Ansatz sollte auch einige oder alle versteckten Muster entdecken, die in den Daten vorhanden sein k\u00f6nnen. Das gebr\u00e4uchlichste Ma\u00df f\u00fcr Cluster ist die euklidische Distanz. Sie zeigt, wie weit der Mittelpunkt einer Gruppe vom Mittelpunkt eines anderen Sets entfernt ist.<\/p>\n\n\n\n<h2 class=\"wp-block-heading\">\u00dcber Cluster Analysis Market Research<\/h2>\n\n\n\n<p>Qualitative Marktforschung verleiht Tiefe. Sie kann jedoch selbst bei kleinen Stichproben gro\u00dfe Mengen komplexer Daten produzieren. Sie k\u00f6nnen die Clusteranalyse auf codierte qualitative Daten anwenden, um Ergebnisse zu verdeutlichen. Sie wird Sie dabei unterst\u00fctzen, Dinge wie die Motive der Teilnehmer f\u00fcr ihre Handlungen aufzudecken. Sie wird Ihnen auch die Gr\u00fcnde f\u00fcr Ergebnisse zeigen, die auf dem Deckmantel keinen Sinn ergeben. Studien, die mit unterschiedlichen Stichproben durchgef\u00fchrt werden, produzieren oft Unmengen qualitativer Daten. F\u00fcr fortgeschrittene quantitative Marktforschung sind jedoch m\u00f6glicherweise gr\u00f6\u00dfere Stichproben erforderlich.<\/p>\n\n\n\n<p>UX Market Research is also crucial. You can gain insights with User Interviews, <a href=\"https:\/\/www.sisinternational.com\/de\/losungen\/qualitative-quantitative-forschungslosungen\/k-means-cluster-analysis-in-market-research\/\" title=\"K-Means Cluster Analysis in Market Research\"  data-wpil-monitor-id=\"1604\">Markteintrittsforschung<\/a>, Analytics, and Surveys. Combining these tactics should provide a solid overview of your user base.<\/p>\n\n\n\n<p>Cluster Analysis is also great for <a href=\"https:\/\/www.sisinternational.com\/de\/losungen\/qualitative-quantitative-forschungslosungen\/mastering-conjoint-analysis-research-strategies-for-market-success\/\" title=\"Conjoint Analysis Research\"  data-wpil-monitor-id=\"1024\">Marktchancenforschung<\/a>. You can find <a href=\"https:\/\/www.sisinternational.com\/de\/so-fuhren-sie-eine-wettbewerbsanalyse-durch\/\" title=\"Wettbewerbsanalyse im Marketing\"  data-wpil-monitor-id=\"7273\">competitive sets in your market<\/a> by clustering products and brands. Brands within a cluster compete more with one another than brands in another group. As a company, you can examine your current offerings and compare them to those of rival firms. That way, they can see what\u2019s possible with new product opportunities.<\/p>\n\n\n\n<p>Die Clusteranalyse ist funktional. Viele Marktforscher nutzen sie zur Marktpositionierung und -segmentierung. Sie nutzen sie auch, um Testm\u00e4rkte f\u00fcr neue Produkte zu finden. Es gibt verschiedene Softwareprogramme, die den Analyseteil unterst\u00fctzen. Am besten ist es jedoch, mit einem erfahrenen Marktforscher zusammenzuarbeiten, der die Studie so gestalten kann, dass die relevanten Daten erhoben werden. Auf diese Weise k\u00f6nnen Sie sicher sein, dass Ihre Daten aus angemessenen und repr\u00e4sentativen Stichprobengr\u00f6\u00dfen stammen.<\/p>\n\n\n\n<p><\/p>","protected":false},"excerpt":{"rendered":"<p>Die Clusteranalyse der Marktforschung dient der Marktpositionierung und -segmentierung sowie der Suche nach Testm\u00e4rkten f\u00fcr neue Produkte. <\/p>","protected":false},"author":1,"featured_media":71795,"parent":14660,"menu_order":35,"comment_status":"closed","ping_status":"closed","template":"","meta":{"footnotes":""},"class_list":["post-41223","page","type-page","status-publish","has-post-thumbnail"],"_links":{"self":[{"href":"https:\/\/www.sisinternational.com\/de\/wp-json\/wp\/v2\/pages\/41223","targetHints":{"allow":["GET"]}}],"collection":[{"href":"https:\/\/www.sisinternational.com\/de\/wp-json\/wp\/v2\/pages"}],"about":[{"href":"https:\/\/www.sisinternational.com\/de\/wp-json\/wp\/v2\/types\/page"}],"author":[{"embeddable":true,"href":"https:\/\/www.sisinternational.com\/de\/wp-json\/wp\/v2\/users\/1"}],"replies":[{"embeddable":true,"href":"https:\/\/www.sisinternational.com\/de\/wp-json\/wp\/v2\/comments?post=41223"}],"version-history":[{"count":6,"href":"https:\/\/www.sisinternational.com\/de\/wp-json\/wp\/v2\/pages\/41223\/revisions"}],"predecessor-version":[{"id":80920,"href":"https:\/\/www.sisinternational.com\/de\/wp-json\/wp\/v2\/pages\/41223\/revisions\/80920"}],"up":[{"embeddable":true,"href":"https:\/\/www.sisinternational.com\/de\/wp-json\/wp\/v2\/pages\/14660"}],"wp:featuredmedia":[{"embeddable":true,"href":"https:\/\/www.sisinternational.com\/de\/wp-json\/wp\/v2\/media\/71795"}],"wp:attachment":[{"href":"https:\/\/www.sisinternational.com\/de\/wp-json\/wp\/v2\/media?parent=41223"}],"curies":[{"name":"wp","href":"https:\/\/api.w.org\/{rel}","templated":true}]}}