{"id":41221,"date":"2023-01-16T03:48:50","date_gmt":"2023-01-16T03:48:50","guid":{"rendered":"https:\/\/www.sisinternational.com\/?page_id=41221"},"modified":"2026-01-26T14:24:01","modified_gmt":"2026-01-26T19:24:01","slug":"entscheidungsmodellierung-marktforschung","status":"publish","type":"page","link":"https:\/\/www.sisinternational.com\/de\/losungen\/qualitative-quantitative-forschungslosungen\/entscheidungsmodellierung-marktforschung\/","title":{"rendered":"Choice Modeling Marktforschung"},"content":{"rendered":"<h1 class=\"wp-block-heading\">Choice Modeling Marktforschung<\/h1>\n\n\n<div class=\"wp-block-image\">\n<figure class=\"aligncenter size-large\"><img loading=\"lazy\" decoding=\"async\" width=\"1024\" height=\"574\" src=\"https:\/\/www.sisinternational.com\/wp-content\/uploads\/2025\/10\/analysis-analytics-research-11-1024x574.jpg\" alt=\"SIS International Marktforschung &amp; Strategie\" class=\"wp-image-71909\" srcset=\"https:\/\/www.sisinternational.com\/wp-content\/uploads\/2025\/10\/analysis-analytics-research-11-1024x574.jpg 1024w, https:\/\/www.sisinternational.com\/wp-content\/uploads\/2025\/10\/analysis-analytics-research-11-300x168.jpg 300w, https:\/\/www.sisinternational.com\/wp-content\/uploads\/2025\/10\/analysis-analytics-research-11-768x430.jpg 768w, https:\/\/www.sisinternational.com\/wp-content\/uploads\/2025\/10\/analysis-analytics-research-11-18x10.jpg 18w, https:\/\/www.sisinternational.com\/wp-content\/uploads\/2025\/10\/analysis-analytics-research-11.jpg 1456w\" sizes=\"auto, (max-width: 1024px) 100vw, 1024px\" \/><\/figure>\n<\/div>\n\n\n<p><\/p>\n\n\n\n<p>Quantitative Marktforschung ist eine auf offenen Fragen basierende Forschungsmethode. Sie basiert auf ausf\u00fchrlichen Interviews, Fokusgruppen und anderen modernen Techniken. Was ist der Unterschied zwischen quantitativer und qualitativer Forschung?<\/p>\n\n\n\n<p>Bei der quantitativen Marktforschung werden Fragen mit einem numerischen Wert gestellt. Beispiel: \u201eWie war Ihre Erfahrung mit dem Kundenservice auf einer Skala von 1 bis 5?\u201c Eine andere Frage k\u00f6nnte lauten: \u201eWie hoch ist Ihr Jahresgehalt?\u201c<\/p>\n\n\n\n<p>Qualitative Forschung stellt Fragen, die sich nicht auf eine Zahl reduzieren lassen. Zum Beispiel: \u201eWas ist Ihre Berufsbezeichnung?\u201c oder \u201eWas hat Ihnen heute an unserem Service am besten gefallen?\u201c<\/p>\n\n\n\n<p>Der Forscher, der nach wissenschaftlichen Ergebnissen sucht, wird sich auf quantitative Forschung st\u00fctzen. Sie ist tendenziell unparteiischer. Sie wird gew\u00e4hlt, weil sie:<\/p>\n\n\n\n<ul class=\"wp-block-list\">\n<li>Einfachere Kontrolle der Daten<\/li>\n\n\n\n<li>Unvoreingenommen und wissenschaftlich<\/li>\n\n\n\n<li>F\u00fcr ein gr\u00f6\u00dferes Publikum geeignet<\/li>\n\n\n\n<li>H\u00f6here Akzeptanz<\/li>\n\n\n\n<li>Zielgerichteter, da Forscher es h\u00e4ufig verwenden, um eine Theorie zu testen.<\/li>\n<\/ul>\n\n\n\n<h2 class=\"wp-block-heading\">Was ist Choice-Modeling-Marktforschung?<\/h2>\n\n\n\n<p><a href=\"https:\/\/www.sisinternational.com\/de\/losungen\/qualitative-quantitative-forschungslosungen\/enhancing-product-appeal-through-consumer-choice-modeling\/\" title=\"Consumer Choice Modeling\"  data-wpil-monitor-id=\"1190\">Choice Modeling is a Quantitative Research<\/a> technique used to measure what consumers like. It\u2019s different from standard Surveys and Market Research methods. Moreover, these methods only capture a rough picture of consumer intentions, often not supported by science. Choice Modeling uses a controlled trial run, which finds and measures the factors that lead to a decision. It does so even outside the conscious awareness of the respondents.<\/p>\n\n\n\n<h2 class=\"wp-block-heading\">Warum ist Entscheidungsmodellierung wichtig?<\/h2>\n\n\n\n<p>Choice Modeling allows firms to gauge consumer demand. It tells them why they make the choices they do. You can apply Choice Modeling in many ways. You can use it to measure the demand for an existing product or <a href=\"https:\/\/www.sisinternational.com\/de\/industry-forecast\/financial-services-forecast\/\" title=\"Financial Services Forecast\"  data-wpil-monitor-id=\"3826\">service or to forecast<\/a> the need for new ones. It allows you to explore vast numbers of possible configurations to the order of many, many trillions. <a href=\"https:\/\/www.sisinternational.com\/de\/losungen\/qualitative-quantitative-forschungslosungen\/discrete-choice-in-market-research\/\" title=\"Discrete Choice in Market Research\"  data-wpil-monitor-id=\"899\">Auswahlmodellierung<\/a> would not work with standard research methods.<\/p>\n\n\n\n<h2 class=\"wp-block-heading\">Warum brauchen Unternehmen Entscheidungsmodelle?<\/h2>\n\n\n\n<p>Choice Modeling sagt Ihnen, was Ihren K\u00e4ufern und potenziellen K\u00e4ufern wichtig ist. Es verfolgt ihre Handlungen bei Kaufentscheidungen. Beginnen Sie noch heute mit der Verwendung von Choice Modeling, um Produktfunktionen auf impliziten Wert zu testen. Verwenden Sie es, um den Erfolg von Marketingkampagnen zu \u00fcberpr\u00fcfen, Preisstrategien festzulegen und mehr. SIS International bietet eine Vielzahl von Dienstleistungen an, darunter UX-Marktforschung und Planung von Markteinf\u00fchrungsstrategien.<\/p>\n\n\n\n<h2 class=\"wp-block-heading\">\u00dcber Choice Modeling Market Research<\/h2>\n\n\n\n<p>Mit den Standardmethoden k\u00f6nnen Sie viel Zeit und Energie sparen. Allerdings sind die Daten m\u00f6glicherweise nicht so spezifisch auf Ihr Publikum zugeschnitten, wie Sie es gerne h\u00e4tten. Verwenden Sie Choice Modeling, um Fragen zu Branchentrends, Haushaltseinkommen und demografischen Daten zu beantworten.<\/p>\n\n\n\n<p>Qualitative Marktforschung kann auf verschiedene Weise durchgef\u00fchrt werden. Sie k\u00f6nnen beispielsweise Fokusgruppen, Umfragen und ausf\u00fchrliche Interviews verwenden. Forscher nutzen Interviews in der Marktforschung in gro\u00dfem Umfang. Sie sind eine der am h\u00e4ufigsten verwendeten Formen der Datenerfassung in der quantitativen Marktforschung.<\/p>\n\n\n\n<p>Online-Umfragen sind eine weitere g\u00e4ngige Methode der Marktforschung. Sie sind wichtig, um Feedback von der Zielgruppe zu sammeln. Sie funktionieren gut bei gro\u00dfen Zielgruppen. Aber Choice Modeling liefert Ihnen die Details. Forscher haben es verwendet, um die Auswirkungen subtiler \u00c4nderungen an Layout und Wortlaut zu beobachten. Sie haben es sogar verwendet, um den direkten Dollarwert von Marken zu messen.<\/p>\n\n\n\n<h2 class=\"wp-block-heading\">Einen Forscher f\u00fcr Ihr Unternehmen einstellen<\/h2>\n\n\n\n<p>Wenn Sie Ihre Kunden selbst befragen, k\u00f6nnen Sie sich ein differenziertes Bild von Ihrem Zielmarkt machen. Direkte Recherche kann jedoch teuer und zeitaufw\u00e4ndig sein. Jede Taktik hat jedoch Vor- und Nachteile. Erfahrene Forscher wissen, wie sie mit jeder Methode die besten Ergebnisse erzielen.<\/p>\n\n\n\n<p>The right mix will address the unique needs of your firm. It will consider the timeframe, desired impact, scope, and budget. There\u2019s no one-size-fits-all answer. Resist the urge to base your approach only on what your <a href=\"https:\/\/www.sisinternational.com\/de\/losungen\/branding-und-kundenforschungslosungen\/storytelling-marktforschung\/\" title=\"Storytelling Marktforschung\"  data-wpil-monitor-id=\"5953\">market researcher tells<\/a> you. Instead, work along with them to figure out what your business requires. It will also help you figure out what the market research process demands.<\/p>\n\n\n\n<p><\/p>","protected":false},"excerpt":{"rendered":"<p> Marktforschung mithilfe von Choice Modeling; eine quantitative Forschungstechnik zur Messung der Vorlieben der Verbraucher \u2013 anders als herk\u00f6mmliche Umfragen.<\/p>","protected":false},"author":1,"featured_media":71909,"parent":14660,"menu_order":34,"comment_status":"closed","ping_status":"closed","template":"","meta":{"_uag_custom_page_level_css":"","footnotes":""},"class_list":["post-41221","page","type-page","status-publish","has-post-thumbnail"],"uagb_featured_image_src":{"full":["https:\/\/www.sisinternational.com\/wp-content\/uploads\/2025\/10\/analysis-analytics-research-11.jpg",1456,816,false],"thumbnail":["https:\/\/www.sisinternational.com\/wp-content\/uploads\/2025\/10\/analysis-analytics-research-11-150x150.jpg",150,150,true],"medium":["https:\/\/www.sisinternational.com\/wp-content\/uploads\/2025\/10\/analysis-analytics-research-11-300x168.jpg",300,168,true],"medium_large":["https:\/\/www.sisinternational.com\/wp-content\/uploads\/2025\/10\/analysis-analytics-research-11-768x430.jpg",768,430,true],"large":["https:\/\/www.sisinternational.com\/wp-content\/uploads\/2025\/10\/analysis-analytics-research-11-1024x574.jpg",1024,574,true],"1536x1536":["https:\/\/www.sisinternational.com\/wp-content\/uploads\/2025\/10\/analysis-analytics-research-11.jpg",1456,816,false],"2048x2048":["https:\/\/www.sisinternational.com\/wp-content\/uploads\/2025\/10\/analysis-analytics-research-11.jpg",1456,816,false],"trp-custom-language-flag":["https:\/\/www.sisinternational.com\/wp-content\/uploads\/2025\/10\/analysis-analytics-research-11-18x10.jpg",18,10,true]},"uagb_author_info":{"display_name":"Ruth Stanat","author_link":"https:\/\/www.sisinternational.com\/de\/author\/expert\/"},"uagb_comment_info":0,"uagb_excerpt":"Choice Modeling Market Research; a quantitative research technique used to measure what consumers like \u2014 different from standard Surveys.","_links":{"self":[{"href":"https:\/\/www.sisinternational.com\/de\/wp-json\/wp\/v2\/pages\/41221","targetHints":{"allow":["GET"]}}],"collection":[{"href":"https:\/\/www.sisinternational.com\/de\/wp-json\/wp\/v2\/pages"}],"about":[{"href":"https:\/\/www.sisinternational.com\/de\/wp-json\/wp\/v2\/types\/page"}],"author":[{"embeddable":true,"href":"https:\/\/www.sisinternational.com\/de\/wp-json\/wp\/v2\/users\/1"}],"replies":[{"embeddable":true,"href":"https:\/\/www.sisinternational.com\/de\/wp-json\/wp\/v2\/comments?post=41221"}],"version-history":[{"count":7,"href":"https:\/\/www.sisinternational.com\/de\/wp-json\/wp\/v2\/pages\/41221\/revisions"}],"predecessor-version":[{"id":79625,"href":"https:\/\/www.sisinternational.com\/de\/wp-json\/wp\/v2\/pages\/41221\/revisions\/79625"}],"up":[{"embeddable":true,"href":"https:\/\/www.sisinternational.com\/de\/wp-json\/wp\/v2\/pages\/14660"}],"wp:featuredmedia":[{"embeddable":true,"href":"https:\/\/www.sisinternational.com\/de\/wp-json\/wp\/v2\/media\/71909"}],"wp:attachment":[{"href":"https:\/\/www.sisinternational.com\/de\/wp-json\/wp\/v2\/media?parent=41221"}],"curies":[{"name":"wp","href":"https:\/\/api.w.org\/{rel}","templated":true}]}}