{"id":41219,"date":"2023-01-16T03:29:33","date_gmt":"2023-01-16T03:29:33","guid":{"rendered":"https:\/\/www.sisinternational.com\/?page_id=41219"},"modified":"2026-03-12T21:51:45","modified_gmt":"2026-03-13T01:51:45","slug":"marktforschung-zur-markenpositionierung","status":"publish","type":"page","link":"https:\/\/www.sisinternational.com\/de\/losungen\/branding-und-kundenforschungslosungen\/marktforschung-zur-markenpositionierung\/","title":{"rendered":"Marktforschung zur Markenpositionierung"},"content":{"rendered":"<h1 class=\"wp-block-heading\">Marktforschung zur Markenpositionierung<\/h1>\n\n\n\n<figure class=\"gb-block-image gb-block-image-86df8dd6\"><img loading=\"lazy\" decoding=\"async\" width=\"1456\" height=\"816\" class=\"gb-image gb-image-86df8dd6\" src=\"https:\/\/www.sisinternational.com\/wp-content\/uploads\/2025\/08\/Strategy-consulting-11.jpg\" alt=\"SIS International Marktforschung &amp; Strategie\" title=\"Strategy consulting (11)\" srcset=\"https:\/\/www.sisinternational.com\/wp-content\/uploads\/2025\/08\/Strategy-consulting-11.jpg 1456w, https:\/\/www.sisinternational.com\/wp-content\/uploads\/2025\/08\/Strategy-consulting-11-300x168.jpg 300w, https:\/\/www.sisinternational.com\/wp-content\/uploads\/2025\/08\/Strategy-consulting-11-1024x574.jpg 1024w, https:\/\/www.sisinternational.com\/wp-content\/uploads\/2025\/08\/Strategy-consulting-11-768x430.jpg 768w, https:\/\/www.sisinternational.com\/wp-content\/uploads\/2025\/08\/Strategy-consulting-11-18x10.jpg 18w\" sizes=\"auto, (max-width: 1456px) 100vw, 1456px\"><\/figure>\n\n\n\n<hr class=\"wp-block-separator has-alpha-channel-opacity is-style-dots\"\/>\n\n\n\n<h2 class=\"wp-block-heading p1\">Was ist Markenpositionierung?<\/h2>\n\n\n\n<p class=\"p2\">Die Markenpositionierung bezieht sich auf den einzigartigen Wert, den eine Marke ihren Kunden bietet. Laut Marketing-Experte Philip Kotler ist die Markenpositionierung \u201eder Akt, das Angebot und Image eines Unternehmens so zu gestalten, dass es einen besonderen Platz im Bewusstsein der Zielgruppe einnimmt.\u201c Mit anderen Worten beschreibt die Markenpositionierung, wie sich eine Marke von anderen unterscheidet. Sie zeigt, was Ihre Marke von der Konkurrenz unterscheidet und sagt uns, wo oder wie sie im Bewusstsein der Kunden verankert ist.<\/p>\n\n\n\n<p class=\"p2\">Companies use UX <a title=\"Marktforschung zur Markenaktivierung\" href=\"https:\/\/www.sisinternational.com\/de\/stellen-sie-sicher-dass-sich-ihre-botschaft-an-die-kunden-erinnert\/\" data-wpil-monitor-id=\"2288\">Market Research to define the brand<\/a> position. They examine how potential and current customers interact with the Brand. They also use data to fuel the next steps. This type of <a title=\"Markenmarktforschung und Kundenbindung\" href=\"https:\/\/www.sisinternational.com\/de\/sis-markenforschung-und-kundenbindung\/\" data-wpil-monitor-id=\"2517\">Brand Positioning Strategy Market Research<\/a> is powerful. <a title=\"Kommunale Marktforschung\" href=\"https:\/\/www.sisinternational.com\/de\/sachverstand\/branchen\/kommunale-marktforschung\/\" data-wpil-monitor-id=\"3477\">Research allows advertising and marketing<\/a> teams to understand their market of interest better. It\u2019s better than making assumptions or resorting to what worked in the past.<\/p>\n\n\n\n<h2 class=\"wp-block-heading p1\">Warum ist die Markenpositionierung wichtig?<\/h2>\n\n\n\n<p class=\"p2\">Markenpositionierungsstrategien haben einen direkten Bezug zur Kundentreue. Warum? Weil sie die Vorlieben der Kunden pr\u00e4gen. Sie haben auch eine Verbindung zum verbraucherbasierten Markenwert. Diese Kunden haben ihre Bereitschaft gezeigt, die Marke zu kaufen.<\/p>\n\n\n\n<p class=\"p2\">Ein weiteres Tool, das Unternehmen verwenden, ist die Wettbewerbsanalyse, um Daten \u00fcber ihre Konkurrenten zu sammeln und zu untersuchen. Tats\u00e4chlich hilft es ihnen, ihre Marktposition einzusch\u00e4tzen und ihre Produkte zu verbessern. Auf diese Weise k\u00f6nnen sie ihre Marketingstrategien verbessern.<\/p>\n\n\n\n<p class=\"p2\">Die Markenpositionierung ist f\u00fcr ein Unternehmen von entscheidender Bedeutung. Sie bietet ihnen eine direkte M\u00f6glichkeit, den Wert ihrer Marke f\u00fcr ihre Kunden zu kommunizieren. Dies geschieht intern durch eine Markenpositionierungserkl\u00e4rung. Es kann auch extern durch verschiedene Marketingstrategien geschehen.<\/p>\n\n\n\n<h2 class=\"wp-block-heading p1\">Warum Unternehmen eine Markenpositionierung brauchen<\/h2>\n\n\n\n<p class=\"p2\">A logo or tagline alone won\u2019t do the job of <a title=\"Aufbau chinesischer Marken\" href=\"https:\/\/www.sisinternational.com\/de\/schaffung-einer-globalen-marke-fur-china\/\" data-wpil-monitor-id=\"3665\">building a solid brand<\/a>. You have to think about how customers will see you. What will make you different from other firms offering similar products or services? That\u2019s why it\u2019s essential to be strategic about positioning. Ensure that your Brand appeals to the right audience.<\/p>\n\n\n\n<p class=\"p2\">Durch Markenpositionierung wird Ihre Marke bekannt. Sie etabliert sie als etwas, das es wert ist, in Betracht gezogen zu werden. Sie bringt den L\u00e4rm anderer Marken zum Schweigen, sodass Ihre Marke hervorstechen kann. Ein weiterer Vorteil der Markenpositionierung besteht darin, dass Sie damit Ihre Botschaft an Ihre Zielgruppe vermitteln k\u00f6nnen. Wir werden jeden Tag an jeder Ecke mit Verkaufs- und Marketingbotschaften bombardiert. Jeder buhlt um Ihre Aufmerksamkeit und Zeit. Ihre Markenpositionierung sticht aus dem Durcheinander hervor. Sie spricht die Menschen an, die Sie inmitten all dieses L\u00e4rms ansprechen m\u00f6chten.<\/p>\n\n\n\n<h3 class=\"wp-block-heading p1\">Erfolgsfaktoren f\u00fcr die Markenpositionierung<\/h3>\n\n\n\n<p class=\"p2\">Was w\u00fcnschen Sie sich, wenn Sie sich in den Finger schneiden: ein Pflaster oder ein Heftpflaster? So k\u00f6nnen Sie mithilfe der Markenpositionierung eine starke Marke aufbauen, entwickeln, verwalten und ihre Entwicklung vorantreiben:<\/p>\n\n\n\n<ul class=\"wp-block-list ul1\">\n<li>Markenpositionierung ist eine M\u00f6glichkeit, Ihren Stand hervorzuheben. Sie tun dies auf eine Weise, die Sie von Ihren Mitbewerbern unterscheidet. Wenn sich Ihre Zielkunden f\u00fcr eine Marke entscheiden, sollte Ihre Einzigartigkeit sie anziehen. Dar\u00fcber hinaus sollte sie sie dazu bringen, sich f\u00fcr Sie zu entscheiden.<\/li>\n\n\n\n<li>Erstellen Sie ein Markenessenzdiagramm. Marken erf\u00fcllen Bed\u00fcrfnisse, und das ist der Beginn jeder Markenpositionierungsaussage. Ein Markenessenzdiagramm kann Ihnen dabei helfen, Ihre Ideen zu ordnen, sodass sie klar und pr\u00e4gnant sind.<\/li>\n\n\n\n<li>Finden Sie Ihre aktuelle Markenpositionierung. Denken Sie zun\u00e4chst \u00fcber Ihre Zielkunden nach und definieren Sie, wer sie sind. Identifizieren Sie als N\u00e4chstes Ihre Werte, Ihre Mission und was Sie vom Rest des Marktes unterscheidet.<\/li>\n<\/ul>\n\n\n\n<h2 class=\"wp-block-heading p1\">\u00dcber Brand Positioning Market Research<\/h2>\n\n\n\n<p class=\"p2\">Es ist wichtig, sowohl potenzielle als auch bestehende Kunden anzusprechen. Nur so kann eine gute Markenpositionierung erreicht werden. Dar\u00fcber hinaus sind Ihre Kunden eine hervorragende Quelle, um Ihre aktuelle Markenposition herauszufinden. Sie k\u00f6nnen Ihnen auch dabei helfen, die Position Ihrer Konkurrenten herauszufinden.<\/p>\n\n\n\n<p class=\"p2\">You can establish this <a title=\"B2B-Marktpositionierung und Markenforschung\" href=\"https:\/\/www.sisinternational.com\/de\/b2b-markenpositionierung-und-verfolgung\/\" data-wpil-monitor-id=\"4318\">position through Qualitative Market Research<\/a>. With this type of research, customers talk about their purchases. Or, you can use Quantitative Market Research Surveys.<\/p>\n\n\n\n<p class=\"p2\">You\u2019ll also need to do <a title=\"Marktforschung zur Markendifferenzierung\" href=\"https:\/\/www.sisinternational.com\/de\/losungen\/branding-und-kundenforschungslosungen\/markendifferenzierung-marktforschung\/\" data-wpil-monitor-id=\"2863\">Marktgr\u00f6\u00dfenforschung<\/a> as part of your Brand Positioning effort. This type of <a title=\"Vakuum-Marktforschung\" href=\"https:\/\/www.sisinternational.com\/de\/sachverstand\/branchen\/vakuum-marktforschung\/\" data-wpil-monitor-id=\"4868\">Forschung<\/a> looks at the prospects of your market. It shows you where you\u2019re falling short, so you can improve and strengthen your brand.<\/p>\n\n\n\n<h2 class=\"wp-block-heading\">Schl\u00fcsselfaktoren f\u00fcr den Erfolg bei der Marktforschung zur Neupositionierung einer Marke<\/h2>\n\n\n\n<p>In der dynamischen Gesch\u00e4ftswelt k\u00f6nnen die Klarheit und Einzigartigkeit einer Marke ihre Marktleistung erheblich beeinflussen. Deshalb ist die Neupositionierung einer Marke nicht nur eine Marketingstrategie, sondern ein wesentlicher Bestandteil, um Relevanz zu erhalten und Wachstum voranzutreiben.<\/p>\n\n\n\n<p>How can businesses navigate the intricacies of brand repositioning to ensure they not only meet but exceed market expectations? The key lies in comprehensive market research tailored to unearth the insights that drive successful <a title=\"Buchrezension: \u201eWahrheit, L\u00fcgen &amp; Werbung\u201c\" href=\"https:\/\/www.sisinternational.com\/de\/buchbesprechung-wahrheit-lugen-werbung\/\" data-wpil-monitor-id=\"4463\">brand<\/a> transformations.<\/p>\n\n\n\n<h2 class=\"wp-block-heading\">Was ist Marktforschung zur Markenneupositionierung? Warum ist sie wichtig?<\/h2>\n\n\n\n<p>To remain competitive and relevant, businesses must reassess and adjust their brand&#8217;s position in the market. This reassessment is where <a title=\"Marktforschung f\u00fcr alternde Marken\" href=\"https:\/\/www.sisinternational.com\/de\/sachverstand\/branchen\/marktforschung-fur-alternde-marken\/\" data-wpil-monitor-id=\"3716\">brand repositioning market research<\/a> steps in, it involves analyzing every facet of the brand&#8217;s current standing and meticulously planning its future trajectory.<\/p>\n\n\n\n<p>For this reason, <a title=\"Markenmarktforschung\" href=\"https:\/\/www.sisinternational.com\/de\/sachverstand\/branchen\/markenmarktforschung\/\" data-wpil-monitor-id=\"6741\">brand repositioning market research<\/a> helps businesses understand how their brand is perceived, determine the direction it should take, and identify the gaps between current perceptions and desired positioning. Moreover, it encompasses a variety of research methods (including qualitative and quantitative analysis) to gather comprehensive insights into consumer attitudes, market trends, and the competitive landscape.<\/p>\n\n\n\n<p>The importance of <a title=\"\u00d6ffentlichkeitsarbeit und Marktforschung\" href=\"https:\/\/www.sisinternational.com\/de\/was-ist-offentlichkeitsarbeit\/\" data-wpil-monitor-id=\"2237\">brand repositioning market research<\/a> becomes even more pronounced for companies in the public eye. For companies on the brink of going public or those that have recently done so, this research is crucial. The findings provide a strategic foundation for crafting a brand narrative that aligns with investor expectations and market demands.<\/p>\n\n\n\n<h2 class=\"wp-block-heading\">Schl\u00fcsselfaktoren f\u00fcr den Erfolg bei der Marktforschung zur Neupositionierung einer Marke<\/h2>\n\n\n\n<p>Der Erfolg von Bem\u00fchungen zur Neupositionierung einer Marke h\u00e4ngt von mehreren Faktoren ab, die die Effektivit\u00e4t der Forschung und damit auch der Neupositionierungsstrategie selbst erheblich steigern k\u00f6nnen.<\/p>\n\n\n\n<p>Damit Marktforschung ein wertvolles Instrument bei der Neupositionierung einer Marke ist, muss sie umfassend sein und verschiedene Aspekte der Pr\u00e4senz und Wahrnehmung der Marke auf dem Markt untersuchen. Sie sollte ein breites Spektrum an Datenquellen umfassen, darunter direktes Verbraucherfeedback, Wettbewerbsanalysen, Branchentrends und Mediendarstellungen.<\/p>\n\n\n\n<p>Ein weiterer entscheidender Faktor ist die Effizienz des Forschungsprozesses. Zeit und Ressourcen sind oft begrenzt, insbesondere bei Unternehmen, die sich auf die Pr\u00fcfung des \u00f6ffentlichen Marktes einstellen. Die Forschung muss so konzipiert sein, dass die aussagekr\u00e4ftigsten Daten m\u00f6glichst effizient gesammelt werden, ohne redundante oder irrelevante Anfragen, die Ressourcen verbrauchen und Zeitpl\u00e4ne verl\u00e4ngern k\u00f6nnen.<\/p>\n\n\n\n<p>Dar\u00fcber hinaus ist die Genauigkeit und Zuverl\u00e4ssigkeit der Daten ein Schl\u00fcsselfaktor, da die auf dieser Untersuchung basierenden Entscheidungen weitreichende Auswirkungen auf die Marke haben k\u00f6nnen. Daher ist es von gr\u00f6\u00dfter Bedeutung, sicherzustellen, dass die Daten den Markt und die Verbraucherstimmung wahrheitsgetreu widerspiegeln. Dies bedeutet, dass strenge Methoden angewendet und Datenpunkte abgeglichen werden m\u00fcssen, um die Ergebnisse zu \u00fcberpr\u00fcfen.<\/p>\n\n\n\n<p>Eine erfolgreiche Marktforschung zur Neupositionierung einer Marke muss zudem flexibel und anpassungsf\u00e4hig sein. M\u00e4rkte sind dynamisch \u2013 und das Verbraucherverhalten \u00e4ndert sich schnell. Forschungsmethoden und -strategien m\u00fcssen sich an neue Informationen oder pl\u00f6tzliche Ver\u00e4nderungen der Marktbedingungen anpassen k\u00f6nnen, um weiterhin relevant und n\u00fctzlich zu bleiben.<\/p>\n\n\n\n<p>Schlie\u00dflich m\u00fcssen die Erkenntnisse in umsetzbare Strategien umgesetzt werden, die auf die Ziele und Marktchancen der Marke abgestimmt sind. Dazu sind nicht nur Datenanalysten erforderlich, sondern auch strategische Denker, die Datenpunkte mit realen Anwendungen verbinden k\u00f6nnen.<\/p>\n\n\n\n<p><\/p>","protected":false},"excerpt":{"rendered":"<p>Bei der Markenpositionierung geht es um den einzigartigen Wert, den eine Marke ihren Kunden bietet. Sie zeigt, was Ihre Marke von der Konkurrenz unterscheidet.<\/p>","protected":false},"author":1,"featured_media":62537,"parent":14650,"menu_order":19,"comment_status":"closed","ping_status":"closed","template":"","meta":{"footnotes":""},"class_list":["post-41219","page","type-page","status-publish","has-post-thumbnail"],"_links":{"self":[{"href":"https:\/\/www.sisinternational.com\/de\/wp-json\/wp\/v2\/pages\/41219","targetHints":{"allow":["GET"]}}],"collection":[{"href":"https:\/\/www.sisinternational.com\/de\/wp-json\/wp\/v2\/pages"}],"about":[{"href":"https:\/\/www.sisinternational.com\/de\/wp-json\/wp\/v2\/types\/page"}],"author":[{"embeddable":true,"href":"https:\/\/www.sisinternational.com\/de\/wp-json\/wp\/v2\/users\/1"}],"replies":[{"embeddable":true,"href":"https:\/\/www.sisinternational.com\/de\/wp-json\/wp\/v2\/comments?post=41219"}],"version-history":[{"count":13,"href":"https:\/\/www.sisinternational.com\/de\/wp-json\/wp\/v2\/pages\/41219\/revisions"}],"predecessor-version":[{"id":84494,"href":"https:\/\/www.sisinternational.com\/de\/wp-json\/wp\/v2\/pages\/41219\/revisions\/84494"}],"up":[{"embeddable":true,"href":"https:\/\/www.sisinternational.com\/de\/wp-json\/wp\/v2\/pages\/14650"}],"wp:featuredmedia":[{"embeddable":true,"href":"https:\/\/www.sisinternational.com\/de\/wp-json\/wp\/v2\/media\/62537"}],"wp:attachment":[{"href":"https:\/\/www.sisinternational.com\/de\/wp-json\/wp\/v2\/media?parent=41219"}],"curies":[{"name":"wp","href":"https:\/\/api.w.org\/{rel}","templated":true}]}}