{"id":41214,"date":"2023-01-16T02:36:28","date_gmt":"2023-01-16T02:36:28","guid":{"rendered":"https:\/\/www.sisinternational.com\/?page_id=41214"},"modified":"2026-03-12T21:55:14","modified_gmt":"2026-03-13T01:55:14","slug":"markendifferenzierung-marktforschung","status":"publish","type":"page","link":"https:\/\/www.sisinternational.com\/de\/losungen\/branding-und-kundenforschungslosungen\/markendifferenzierung-marktforschung\/","title":{"rendered":"Marktforschung zur Markendifferenzierung"},"content":{"rendered":"<h1 class=\"wp-block-heading\">Marktforschung zur Markendifferenzierung<\/h1>\n\n\n\n<figure class=\"gb-block-image gb-block-image-7148e7a1\"><img loading=\"lazy\" decoding=\"async\" width=\"1456\" height=\"816\" class=\"gb-image gb-image-7148e7a1\" src=\"https:\/\/www.sisinternational.com\/wp-content\/uploads\/2025\/08\/Strategy-consulting-10.jpg\" alt=\"SIS International Marktforschung &amp; Strategie\" title=\"Strategy consulting (10)\" srcset=\"https:\/\/www.sisinternational.com\/wp-content\/uploads\/2025\/08\/Strategy-consulting-10.jpg 1456w, https:\/\/www.sisinternational.com\/wp-content\/uploads\/2025\/08\/Strategy-consulting-10-300x168.jpg 300w, https:\/\/www.sisinternational.com\/wp-content\/uploads\/2025\/08\/Strategy-consulting-10-1024x574.jpg 1024w, https:\/\/www.sisinternational.com\/wp-content\/uploads\/2025\/08\/Strategy-consulting-10-768x430.jpg 768w, https:\/\/www.sisinternational.com\/wp-content\/uploads\/2025\/08\/Strategy-consulting-10-18x10.jpg 18w\" sizes=\"auto, (max-width: 1456px) 100vw, 1456px\"><\/figure>\n\n\n\n<hr class=\"wp-block-separator has-alpha-channel-opacity is-style-dots\"\/>\n\n\n\n<h2 class=\"wp-block-heading\">Was ist Markendifferenzierung?<\/h2>\n\n\n\n<p>Durch Markendifferenzierung heben Sie Ihre Marke von der Konkurrenz ab. Sie tun dies, indem Sie auf die besten Aspekte Ihrer Marke aufmerksam machen und zeigen, wie diese dem Verbraucher von Nutzen sind. Dies kann sich auf die physischen Merkmale Ihres Produkts oder Ihrer Dienstleistung beziehen. Oder es k\u00f6nnen die Emotionen sein, die es bei Ihren Verbrauchern hervorruft, Aspekte seiner Verpackung oder sein Preis. Es kann sich auch auf Ihre Markengeschichte beziehen und darauf, wie sich Ihre Kunden bei der Verwendung f\u00fchlen.<\/p>\n\n\n\n<h2 class=\"wp-block-heading\">Warum ist Markendifferenzierung wichtig?<\/h2>\n\n\n\n<p><a title=\"Schockvertising und Schockmarketing\" href=\"https:\/\/www.sisinternational.com\/de\/schockwerbung-und-schockmarketing\/\" data-wpil-monitor-id=\"1975\">Markendifferenzierung<\/a> is a vital aspect of any marketing strategy. It allows firms to reveal profit-making features. These are the features that help them put in place a unique selling proposition. Thus, they see the attributes that make them stand out. If you offer your customers something special, it will help you build an army of loyal clients. Also, these people will love your brand for the great UX you provide.<\/p>\n\n\n\n<h2 class=\"wp-block-heading\">Wichtigste Berufsbezeichnung \u2013 Markenstratege<\/h2>\n\n\n\n<p>Markenstrategen beraten Unternehmen, die ihre Marken ausbauen m\u00f6chten. Sie sammeln Feedback aus dem Vertrieb. Sie analysieren auch das Verhalten der Verbraucher, um die Position des Unternehmens zu definieren. Eine weitere Aufgabe dieser Experten ist die Entwicklung einer Strategie zur Markendifferenzierung. Sie helfen auch bei der Durchf\u00fchrung von Marktforschungsanalysen. Sie legen den Ton eines Unternehmens fest, damit alles mit den Kampagnenpl\u00e4nen \u00fcbereinstimmt.<\/p>\n\n\n\n<h2 class=\"wp-block-heading\">Warum Unternehmen eine Markendifferenzierung brauchen<\/h2>\n\n\n\n<p>High-growth firms are almost three times more likely to have something that sets them apart. <a title=\"Marketing und Werbung im digitalen Zeitalter\" href=\"https:\/\/www.sisinternational.com\/de\/digitaler-werbemarkt\/\" data-wpil-monitor-id=\"7407\">Markendifferenzierung<\/a> allows firms to target their marketing efforts further. They can direct these efforts to their most relevant markets. Furthermore, it sets firms apart from their rivals. If you don\u2019t have something that sets you apart, the only option is to compete on price \u2013 and that\u2019s a race to the bottom.<\/p>\n\n\n\n<h2 class=\"wp-block-heading\">Schl\u00fcsselfaktoren f\u00fcr den Erfolg<\/h2>\n\n\n\n<p>Zur F\u00f6rderung der Markendifferenzierung sollten Sie die folgenden f\u00fcnf Strategien in Betracht ziehen:<\/p>\n\n\n\n<ol class=\"wp-block-list\">\n<li>Emotionale Reaktion. Marken sollten eine Verbindung zu ihren Kunden aufbauen. Solche Marken sind oft besser positioniert als solche, die ein gutes Preis-Leistungs-Verh\u00e4ltnis bieten.<\/li>\n\n\n\n<li>Die Dinge aufr\u00fctteln. Diese Strategie l\u00f6st ein unerf\u00fclltes Bed\u00fcrfnis auf einzigartige und neuartige Weise.<\/li>\n\n\n\n<li>So pr\u00e4sentieren Sie Ihre Marke. Verbraucher erinnern sich an Marken, die eine Figur oder ein Maskottchen verwenden. Jeder kennt zum Beispiel die Eidechse von Geico.<\/li>\n\n\n\n<li>Einzigartiges Erlebnis. Unternehmen k\u00f6nnen dieses Erlebnis auf verschiedene Weise zum Ausdruck bringen. Sie k\u00f6nnen die physische Pr\u00e4senz der Marke im Einzelhandel und die neuartige Atmosph\u00e4re, die sie schafft, hervorheben. Oder sie k\u00f6nnen den hervorragenden Kundenservice oder die Benutzerfreundlichkeit ihrer Website hervorheben. Es kann sogar darum gehen, wie sich Menschen f\u00fchlen, wenn sie Ihr Produkt verwenden (zum Beispiel die \u201eCan&#039;t Beat the Feeling\u201c-Kampagne von Coca-Cola).<\/li>\n\n\n\n<li>Preisgestaltung. Ein Unternehmen kann danach streben, der Niedrigpreisf\u00fchrer zu sein. Oder es kann sich am anderen Ende des Spektrums als Premiummarke zu einem hohen Preis positionieren.<\/li>\n<\/ol>\n\n\n\n<h2 class=\"wp-block-heading\">\u00dcber Markendifferenzierungs-Marktforschung<\/h2>\n\n\n\n<p><a title=\"Marktforschung f\u00fcr alternde Marken\" href=\"https:\/\/www.sisinternational.com\/de\/sachverstand\/branchen\/marktforschung-fur-alternde-marken\/\" data-wpil-monitor-id=\"3721\">Marktforschung zur Markendifferenzierung<\/a> can involve using Focus Groups. In-depth Interviews with your customers to explore their decision-making process is another tool. The researchers may then need to back up this Qualitative Market Research. So they\u2019ll do Quantitative Market Research. They\u2019ll measure the clients\u2019 brand awareness and image compared to their rivals.<\/p>\n\n\n\n<p>UX-Marktforschung ist ebenfalls von entscheidender Bedeutung. Auf dem heutigen schnelllebigen, technologiegetriebenen Markt k\u00f6nnen Sie nicht in einer Blase arbeiten. Stattdessen w\u00e4re es am besten, wenn Sie Ihren Konkurrenten direkt gegen\u00fcbertreten. Sie m\u00fcssen feinere Funktionen entwickeln und eine bessere UX bieten als sie.<\/p>\n\n\n\n<p>Ein weiterer wichtiger Aspekt der Recherche ist die Wettbewerbsanalyse. Mit diesem Tool k\u00f6nnen Sie die L\u00fccken zwischen anderen Produkten und den Anforderungen Ihrer gemeinsamen Zielgruppe aufdecken.<\/p>\n\n\n\n<p>The best advantage <a title=\"Markenmarktforschung\" href=\"https:\/\/www.sisinternational.com\/de\/sachverstand\/branchen\/markenmarktforschung\/\" data-wpil-monitor-id=\"6744\">Marktforschung zur Markendifferenzierung<\/a> offers is price perception. If your brand uses this service, it can desensitize its customers to higher prices. You\u2019re no longer fighting against competitors on price. Best of all, consumers feel justified in paying more for your product or service.<\/p>\n\n\n\n<p><\/p>","protected":false},"excerpt":{"rendered":"<p>Der gr\u00f6\u00dfte Vorteil der Marktforschung zur Markendifferenzierung liegt in der Preiswahrnehmung. Marken k\u00f6nnen ihre Kunden gegen\u00fcber h\u00f6heren Preisen desensibilisieren.<\/p>","protected":false},"author":1,"featured_media":62536,"parent":14650,"menu_order":18,"comment_status":"closed","ping_status":"closed","template":"","meta":{"footnotes":""},"class_list":["post-41214","page","type-page","status-publish","has-post-thumbnail"],"_links":{"self":[{"href":"https:\/\/www.sisinternational.com\/de\/wp-json\/wp\/v2\/pages\/41214","targetHints":{"allow":["GET"]}}],"collection":[{"href":"https:\/\/www.sisinternational.com\/de\/wp-json\/wp\/v2\/pages"}],"about":[{"href":"https:\/\/www.sisinternational.com\/de\/wp-json\/wp\/v2\/types\/page"}],"author":[{"embeddable":true,"href":"https:\/\/www.sisinternational.com\/de\/wp-json\/wp\/v2\/users\/1"}],"replies":[{"embeddable":true,"href":"https:\/\/www.sisinternational.com\/de\/wp-json\/wp\/v2\/comments?post=41214"}],"version-history":[{"count":6,"href":"https:\/\/www.sisinternational.com\/de\/wp-json\/wp\/v2\/pages\/41214\/revisions"}],"predecessor-version":[{"id":84496,"href":"https:\/\/www.sisinternational.com\/de\/wp-json\/wp\/v2\/pages\/41214\/revisions\/84496"}],"up":[{"embeddable":true,"href":"https:\/\/www.sisinternational.com\/de\/wp-json\/wp\/v2\/pages\/14650"}],"wp:featuredmedia":[{"embeddable":true,"href":"https:\/\/www.sisinternational.com\/de\/wp-json\/wp\/v2\/media\/62536"}],"wp:attachment":[{"href":"https:\/\/www.sisinternational.com\/de\/wp-json\/wp\/v2\/media?parent=41214"}],"curies":[{"name":"wp","href":"https:\/\/api.w.org\/{rel}","templated":true}]}}