{"id":41160,"date":"2022-12-23T03:56:05","date_gmt":"2022-12-23T03:56:05","guid":{"rendered":"https:\/\/www.sisinternational.com\/?page_id=41160"},"modified":"2025-10-01T22:30:29","modified_gmt":"2025-10-02T02:30:29","slug":"marktforschung-trinidad-und-tobago","status":"publish","type":"page","link":"https:\/\/www.sisinternational.com\/de\/abdeckung\/marktforschung-in-der-karibik\/marktforschung-trinidad-und-tobago\/","title":{"rendered":"Marktforschung in Trinidad und Tobago"},"content":{"rendered":"<h1 class=\"wp-block-heading\">Marktforschung in Trinidad und Tobago<\/h1>\n\n\n\n<figure class=\"gb-block-image gb-block-image-6bc5f28f\"><img loading=\"lazy\" decoding=\"async\" width=\"1456\" height=\"816\" class=\"gb-image gb-image-6bc5f28f\" src=\"https:\/\/www.sisinternational.com\/wp-content\/uploads\/2025\/09\/Trinidad-and-Tobago-3.jpg\" alt=\"SIS International Marktforschung &amp; Strategie\" title=\"Trinidad and Tobago (3)\" srcset=\"https:\/\/www.sisinternational.com\/wp-content\/uploads\/2025\/09\/Trinidad-and-Tobago-3.jpg 1456w, https:\/\/www.sisinternational.com\/wp-content\/uploads\/2025\/09\/Trinidad-and-Tobago-3-300x168.jpg 300w, https:\/\/www.sisinternational.com\/wp-content\/uploads\/2025\/09\/Trinidad-and-Tobago-3-1024x574.jpg 1024w, https:\/\/www.sisinternational.com\/wp-content\/uploads\/2025\/09\/Trinidad-and-Tobago-3-768x430.jpg 768w, https:\/\/www.sisinternational.com\/wp-content\/uploads\/2025\/09\/Trinidad-and-Tobago-3-18x10.jpg 18w\" sizes=\"auto, (max-width: 1456px) 100vw, 1456px\"><\/figure>\n\n\n\n<p><\/p>\n\n\n\n<p>Trinidad und Tobago ist ein karibischer Inselstaat am s\u00fcd\u00f6stlichen Ende der Kette. Die beiden Hauptinseln sind Trinidad und Tobago, mit mehreren kleineren Inselchen innerhalb ihrer Meeresgrenzen. Die Inseln liegen s\u00fcdlich von Grenada und nordwestlich von Guyana. Trinidad ist bei weitem die gr\u00f6\u00dfere der beiden Inseln und hat eine Fl\u00e4che von etwa 1850 Quadratmeilen. An der n\u00e4chsten Stelle ist es nur sieben Meilen von Venezuela entfernt.<\/p>\n\n\n\n<h2 class=\"wp-block-heading\">Schl\u00fcsselindustrien<\/h2>\n\n\n\n<p>The GDP per capita rate in Trinidad and Tobago is the highest in the region. Thus, experts have classed it as a high-income country. It\u2019s also the largest <a href=\"https:\/\/www.sisinternational.com\/de\/sachverstand\/branchen\/ol-und-gasmarktforschung\/\" title=\"\u00d6l- und Gasmarktforschung\"  data-wpil-monitor-id=\"8481\">oil and gas<\/a> producer in the region and one of the largest natural gas exporters in the world. Trinidad and Tobago is a leader in the region\u2019s finance scene, and tourism is growing but is not the primary sector. The main exports are <a href=\"https:\/\/www.sisinternational.com\/de\/sachverstand\/branchen\/marktforschung-fur-flussiggas\/\" title=\"Marktforschung f\u00fcr Fl\u00fcssiggas\"  data-wpil-monitor-id=\"8479\">petroleum and its products and liquefied<\/a> natural gas. Trinidad and Tobago also exports cereal, soft drinks, juices, fish, cocoa, cosmetics, preserved fruits, and household cleaners.<\/p>\n\n\n\n<h2 class=\"wp-block-heading\">Nachbarschaften<\/h2>\n\n\n\n<h3 class=\"wp-block-heading\">Hafen von Spanien<\/h3>\n\n\n\n<p>Die Hauptstadt ist eine gesch\u00e4ftige Hafenstadt im Norden der Insel Trinidad. Hier finden Sie alles, von Restaurants mit allen m\u00f6glichen Gerichten bis hin zu Laubs\u00e4gearbeiten an den Holzgeb\u00e4uden. Dar\u00fcber hinaus finden Sie hier fast alle Facetten Trinidads.<\/p>\n\n\n\n<h3 class=\"wp-block-heading\">San Fernando<\/h3>\n\n\n\n<p>Die zweitgr\u00f6\u00dfte Stadt im S\u00fcden der Insel. Die meisten Einwohner von San Fernando sind indischer und chinesischer Abstammung, daher ist die Stadt stark asiatisch gepr\u00e4gt.<\/p>\n\n\n\n<h3 class=\"wp-block-heading\">Scarborough<\/h3>\n\n\n\n<p>The capital <a href=\"https:\/\/www.sisinternational.com\/de\/losungen\/qualitative-quantitative-forschungslosungen\/tests-an-zentralen-standorten-in-new-york-city\/\" title=\"Zentrale Standorttests in New York City: Vorteile f\u00fcr Produkttests\"  data-wpil-monitor-id=\"8482\">city of Tobago and the island\u2019s central<\/a> business hub. Located on the southern coast, Scarborough has revamped the city in recent times.<\/p>\n\n\n\n<h3 class=\"wp-block-heading\">Trends<\/h3>\n\n\n\n<p>Dienstleistungen wie Finanzen und Tourismus haben in den letzten Jahren zugenommen. Die Regierung versucht, das Angebot zu diversifizieren. Korruption und Drogenkriminalit\u00e4t sind jedoch ernsthafte Probleme und beeintr\u00e4chtigen den Tourismus und das Wachstum privater Unternehmen. Ein weiteres wichtiges Problem ist der starke Zustrom venezolanischer Migranten. Dennoch erholt sich die Wirtschaft weiter, da der Nicht-Energiesektor an Fahrt gewinnt.<\/p>\n\n\n\n<h2 class=\"wp-block-heading\">Vorteile und St\u00e4rken im Markt<\/h2>\n\n\n\n<p>Trinidad und Tobago ist ein f\u00fchrendes Land der Karibischen Gemeinschaft (CARICOM) mit riesigen \u00d6l- und Gasreserven und einem gro\u00dfen Staatsfonds. Dar\u00fcber hinaus herrscht dort ein offenes Gesch\u00e4ftsumfeld, seit die meisten Handelsbarrieren abgebaut wurden. Die Insel hat einen starken Appetit auf importierte Produkte, da viele Produkte aus den USA als qualitativ hochwertig erachten. Es ist ein stabiles Land, das bereit f\u00fcr Gesch\u00e4fte ist.<\/p>\n\n\n\n<h2 class=\"wp-block-heading\">Verbraucherbasis<\/h2>\n\n\n\n<p>In Trinidad und Tobago leben etwa 1,4 Millionen Menschen. M\u00e4nner und Frauen sind gleich stark vertreten. Etwa 53 Prozent der Menschen leben in st\u00e4dtischen Zentren, der Rest in l\u00e4ndlichen Gebieten. Die Internetdurchdringung liegt bei 77 Prozent. Etwa 78 Prozent der Menschen nutzen soziale Medien. Die meisten sind auf Facebook, aber auch Instagram, LinkedIn und Twitter werden h\u00e4ufig genutzt. Das Land verf\u00fcgt \u00fcber fast 2 Millionen Mobilfunkverbindungen.<\/p>\n\n\n\n<h2 class=\"wp-block-heading\">Gr\u00fcnde f\u00fcr den Ausbau Ihres Gesch\u00e4fts auf dem Markt von Trinidad und Tobago<\/h2>\n\n\n\n<p>Despite the troubles, Trinidad and Tobago remains a great place to do business. It has a range of trade agreements, which is a boon for the manufacturing sector. Most notable are their trade deals with CARICOM, Latin America, and Europe. Also, the country\u2019s success in the <a href=\"https:\/\/www.sisinternational.com\/de\/sachverstand\/branchen\/energie-strategieberatung-marktforschung\/\" title=\"Energie- und Stromstrategieberatung Marktforschung\"  data-wpil-monitor-id=\"8483\">Energie<\/a> sector has lowered the cost of power. This has enabled it to become a manufacturing powerhouse. The government supports foreign direct investment in almost all sectors. Lately, it has been placing a specific focus on the non-energy sector.<\/p>\n\n\n\n<h2 class=\"wp-block-heading\">\u00dcber Marktforschung in Trinidad und Tobago<\/h2>\n\n\n\n<p><a href=\"https:\/\/www.sisinternational.com\/de\/kontaktieren-sie-sis-international-market-research\/\" title=\"Kontaktiere uns\"  data-wpil-monitor-id=\"8471\">SIS International Forschung<\/a> Firm is a leader in Quantitative and Qualitative research. Both types of research have been the subject of many debates. But neither is better than the other \u2013 they have strengths and weaknesses. Our <a href=\"https:\/\/www.sisinternational.com\/de\/losungen\/fintech-strategieberatung-forschung\/marktforschung-fur-finanzdienstleistungen\/\" title=\"Marktforschung f\u00fcr Finanzdienstleistungen\"  data-wpil-monitor-id=\"8475\">market research services<\/a> will help you get to know your customers. Take the guesswork out of your <a href=\"https:\/\/www.sisinternational.com\/de\/losungen\/fokusgruppen-marktforschung\/\" title=\"Fokusgruppe Marktforschung\"  data-wpil-monitor-id=\"8477\">marketing process with reliable Focus Groups<\/a>. We also do your Interviews and Surveys to help you form a Go-To-Market Strategy.<\/p>\n\n\n\n<p><\/p>","protected":false},"excerpt":{"rendered":"<p>Trinidad und Tobago verf\u00fcgt \u00fcber riesige \u00d6l- und Gasreserven und einen gro\u00dfen Staatsfonds. SIS International bietet umfassende Marktforschung.<\/p>","protected":false},"author":1,"featured_media":66370,"parent":33287,"menu_order":22,"comment_status":"closed","ping_status":"closed","template":"","meta":{"footnotes":""},"class_list":["post-41160","page","type-page","status-publish","has-post-thumbnail"],"_links":{"self":[{"href":"https:\/\/www.sisinternational.com\/de\/wp-json\/wp\/v2\/pages\/41160","targetHints":{"allow":["GET"]}}],"collection":[{"href":"https:\/\/www.sisinternational.com\/de\/wp-json\/wp\/v2\/pages"}],"about":[{"href":"https:\/\/www.sisinternational.com\/de\/wp-json\/wp\/v2\/types\/page"}],"author":[{"embeddable":true,"href":"https:\/\/www.sisinternational.com\/de\/wp-json\/wp\/v2\/users\/1"}],"replies":[{"embeddable":true,"href":"https:\/\/www.sisinternational.com\/de\/wp-json\/wp\/v2\/comments?post=41160"}],"version-history":[{"count":3,"href":"https:\/\/www.sisinternational.com\/de\/wp-json\/wp\/v2\/pages\/41160\/revisions"}],"predecessor-version":[{"id":81422,"href":"https:\/\/www.sisinternational.com\/de\/wp-json\/wp\/v2\/pages\/41160\/revisions\/81422"}],"up":[{"embeddable":true,"href":"https:\/\/www.sisinternational.com\/de\/wp-json\/wp\/v2\/pages\/33287"}],"wp:featuredmedia":[{"embeddable":true,"href":"https:\/\/www.sisinternational.com\/de\/wp-json\/wp\/v2\/media\/66370"}],"wp:attachment":[{"href":"https:\/\/www.sisinternational.com\/de\/wp-json\/wp\/v2\/media?parent=41160"}],"curies":[{"name":"wp","href":"https:\/\/api.w.org\/{rel}","templated":true}]}}