{"id":41150,"date":"2022-12-23T02:38:15","date_gmt":"2022-12-23T02:38:15","guid":{"rendered":"https:\/\/www.sisinternational.com\/?page_id=41150"},"modified":"2026-01-24T21:28:53","modified_gmt":"2026-01-25T02:28:53","slug":"marktforschung-auf-den-turks-und-caicosinseln","status":"publish","type":"page","link":"https:\/\/www.sisinternational.com\/de\/abdeckung\/marktforschung-in-der-karibik\/marktforschung-auf-den-turks-und-caicosinseln\/","title":{"rendered":"Marktforschung auf den Turks- und Caicosinseln"},"content":{"rendered":"<h1 class=\"wp-block-heading\">Marktforschung auf den Turks- und Caicosinseln<\/h1>\n\n\n\n<figure class=\"gb-block-image gb-block-image-c589658e\"><img loading=\"lazy\" decoding=\"async\" width=\"1456\" height=\"816\" class=\"gb-image gb-image-c589658e\" src=\"https:\/\/www.sisinternational.com\/wp-content\/uploads\/2025\/09\/Turks-and-Caicos-Islands-2.jpg\" alt=\"SIS International Marktforschung &amp; Strategie\" title=\"Turks and Caicos Islands (2)\" srcset=\"https:\/\/www.sisinternational.com\/wp-content\/uploads\/2025\/09\/Turks-and-Caicos-Islands-2.jpg 1456w, https:\/\/www.sisinternational.com\/wp-content\/uploads\/2025\/09\/Turks-and-Caicos-Islands-2-300x168.jpg 300w, https:\/\/www.sisinternational.com\/wp-content\/uploads\/2025\/09\/Turks-and-Caicos-Islands-2-1024x574.jpg 1024w, https:\/\/www.sisinternational.com\/wp-content\/uploads\/2025\/09\/Turks-and-Caicos-Islands-2-768x430.jpg 768w, https:\/\/www.sisinternational.com\/wp-content\/uploads\/2025\/09\/Turks-and-Caicos-Islands-2-18x10.jpg 18w\" sizes=\"auto, (max-width: 1456px) 100vw, 1456px\"><\/figure>\n\n\n\n<hr class=\"wp-block-separator has-alpha-channel-opacity is-style-dots\"\/>\n\n\n\n<p>Die Turks- und Caicosinseln bestehen aus den Turks- und ihrem gr\u00f6\u00dferen Gegenst\u00fcck, den Caicosinseln. Diese beiden Inselgruppen liegen in der tropischen Zone des Atlantiks, s\u00fcd\u00f6stlich der Bahamas und n\u00f6rdlich von Haiti. Die Inseln, kurz TCI genannt, sind ein britisches \u00dcberseegebiet. Sie bestehen aus 100 benannten Inseln, Cays und Felsen. Grand Turk und Providenciales sind zwei bekanntere bewohnte Inseln, die anderen sind North Caicos, Middle Caicos, South Caicos, Parrot Cay, Salt Cay, Ambergris Cay und Pine Cay.<\/p>\n\n\n\n<h2 class=\"wp-block-heading\">Schl\u00fcsselindustrien<\/h2>\n\n\n\n<p>Significant amounts of agricultural land exist in North and Middle Caicos. This land can support new farms producing higher yields. Another central area where people invest in Turks and Caicos is the <a href=\"https:\/\/www.sisinternational.com\/de\/sachverstand\/branchen\/marktforschung-fur-gewerbeimmobilien\/\" title=\"Marktforschung f\u00fcr Gewerbeimmobilien\"  data-wpil-monitor-id=\"8227\">real estate market<\/a>. This developing nation is nurturing an open economy for property investors. It offers everything from relocation homes to holiday properties. Tourism remains another significant source of income for the islands, with most visitors coming from the US via cruise ship.<\/p>\n\n\n\n<h2 class=\"wp-block-heading\">Nachbarschaften<\/h2>\n\n\n\n<h3 class=\"wp-block-heading\">Cockburn-Stadt<\/h3>\n\n\n\n<p>Die Hauptstadt des Landes erstreckt sich \u00fcber den gr\u00f6\u00dften Teil der Insel Grand Turk. Sie bietet viel historische bermudische Architektur aus dem 18. und 19. Jahrhundert, und diese stattlichen Geb\u00e4ude s\u00e4umen mindestens zwei der Stra\u00dfen dieser Stadt.<\/p>\n\n\n\n<h3 class=\"wp-block-heading\">Radland<\/h3>\n\n\n\n<p>Eine Stadt auf der Insel Providenciales. Sie besteht aus zwei Wohnvierteln und ist au\u00dferdem der Standort eines ehemaligen Sandsteinbruchs.<\/p>\n\n\n\n<h3 class=\"wp-block-heading\">Conch Bar<\/h3>\n\n\n\n<p>Das gr\u00f6\u00dfte der drei D\u00f6rfer auf der Insel Middle Caicos ist der Standort einer Grundschule und einiger Regierungsgeb\u00e4ude. Der nahegelegene Conch Bar Caves National Park verf\u00fcgt \u00fcber ein riesiges H\u00f6hlensystem: eines der gr\u00f6\u00dften in der Karibik.<\/p>\n\n\n\n<h2 class=\"wp-block-heading\">Trends<\/h2>\n\n\n\n<p>Die Inseln verf\u00fcgen aufgrund ihrer \u00fcppigen Meere und Ackerfl\u00e4chen \u00fcber gro\u00dfes Potenzial. Experten haben weitere Bereiche ausgemacht, die als Investitionsfelder attraktiv sein k\u00f6nnen. Dazu z\u00e4hlen Lebensmittelverarbeitung, Agrarindustrie und Meereskultur. Die florierende Tourismusbranche hat eine enorme Nachfrage nach lokalen landwirtschaftlichen Erzeugnissen und Fisch geschaffen, die derzeit das Angebot \u00fcbersteigt \u2013 insbesondere die Caicosinseln bieten ein ideales Klima und fruchtbaren Boden.<\/p>\n\n\n\n<h2 class=\"wp-block-heading\">Vorteile und St\u00e4rken im Markt<\/h2>\n\n\n\n<p>This region\u2019s high unemployment rate means you will get cheap labor. Your operating costs will be lower as a result. Another key point is that the Turks and Caicos <a href=\"https:\/\/www.sisinternational.com\/de\/sachverstand\/branchen\/pharmacy-benefit-manager-pbm-marktforschung\/\" title=\"Pharmacy Benefit Manager (PBM) Marktforschung\"  data-wpil-monitor-id=\"8230\">market has many benefits<\/a> and strengths. These include first-rate healthcare centers, full-service banking, and a well-developed telecommunications network. Each of these factors is important when considering investing in these islands.<\/p>\n\n\n\n<h2 class=\"wp-block-heading\">Verbraucherbasis<\/h2>\n\n\n\n<p>Auf den Turks- und Caicosinseln leben etwa 40.000 Menschen, die sich gleichm\u00e4\u00dfig auf M\u00e4nner und Frauen verteilen. Tats\u00e4chlich leben 94 Prozent dieser Menschen in st\u00e4dtischen Zentren und der Rest in l\u00e4ndlichen Gebieten. 90 Prozent sind Social-Media-Nutzer, die meisten davon auf Facebook. Andere beliebte Plattformen sind Instagram, LinkedIn und Twitter.<\/p>\n\n\n\n<h2 class=\"wp-block-heading\">Gr\u00fcnde f\u00fcr den Ausbau Ihres Gesch\u00e4fts auf dem Turks- und Caicosmarkt<\/h2>\n\n\n\n<p>Die Inseln haben in den letzten Jahrzehnten ein nachhaltiges und anhaltendes Wachstum gezeigt. Standard &amp; Poor&#039;s hat dieses Wachstum perfekt untermauert, indem es die Kreditw\u00fcrdigkeit des Landes mit BBB+ best\u00e4tigt hat. Dieses Rating gilt f\u00fcr langfristige Anleihen in Landes- und Fremdw\u00e4hrung. S&amp;P hat auch Vertrauen in die TCI gezeigt. Sie glauben, dass die TCI weiterhin ein umsichtiges Finanzmanagement betreiben werden. Sie sind auch der Meinung, dass das Land die Kreditaufnahme begrenzen wird. Die Regierung verwaltet ihre Wirtschaft gut, was das Vertrauen der Anleger st\u00e4rkt.<\/p>\n\n\n\n<h2 class=\"wp-block-heading\">\u00dcber Marktforschung auf den Turks- und Caicosinseln<\/h2>\n\n\n\n<p>Are you planning to start a business in the Turks and Caicos Islands? It\u2019s vital to do <a href=\"https:\/\/www.sisinternational.com\/de\/losungen\/qualitative-quantitative-forschungslosungen\/qualitative-forschung-rekrutierung\/\" title=\"Qualitative Forschung Rekrutierung\"  data-wpil-monitor-id=\"8229\">Qualitative und Quantitative Forschung<\/a>. This research will help you come up with a Go-To-Market <a href=\"https:\/\/www.sisinternational.com\/de\/die-rolle-der-prozess-und-systementwicklung-fur-den-unternehmenserfolg\/\" title=\"Organisationsdesign Marktforschung\"  data-wpil-monitor-id=\"8226\">Strategie<\/a>. That\u2019s where we at <a href=\"https:\/\/www.sisinternational.com\/de\/kontaktieren-sie-sis-international-market-research\/\" title=\"Kontaktiere uns\"  data-wpil-monitor-id=\"8225\">SIS International Forschung<\/a> come in. We can set up Focus Groups, Surveys, and Interviews as part of your <a href=\"https:\/\/www.sisinternational.com\/de\/sachverstand\/branchen\/diesel-marktforschung\/\" title=\"Diesel-Marktforschung\"  data-wpil-monitor-id=\"3489\">Marktgr\u00f6\u00dfenforschung<\/a>. We also offer UX <a href=\"https:\/\/www.sisinternational.com\/de\/losungen\/qualitative-quantitative-forschungslosungen\/chaid-analyse-marktforschung\/\" title=\"CHAID Analyse Marktforschung\"  data-wpil-monitor-id=\"8228\">Market Research and Competitive Analysis<\/a> to new companies in the TCI.<\/p>\n\n\n\n<p><\/p>","protected":false},"excerpt":{"rendered":"<p>Die Turks- und Caicosinseln sind Anbieter von Nahrungsmittelverarbeitung, Agrarindustrie und Meereskultur. SIS International bietet wichtige Marktforschung.<\/p>","protected":false},"author":1,"featured_media":66372,"parent":33287,"menu_order":21,"comment_status":"closed","ping_status":"closed","template":"","meta":{"footnotes":""},"class_list":["post-41150","page","type-page","status-publish","has-post-thumbnail"],"_links":{"self":[{"href":"https:\/\/www.sisinternational.com\/de\/wp-json\/wp\/v2\/pages\/41150","targetHints":{"allow":["GET"]}}],"collection":[{"href":"https:\/\/www.sisinternational.com\/de\/wp-json\/wp\/v2\/pages"}],"about":[{"href":"https:\/\/www.sisinternational.com\/de\/wp-json\/wp\/v2\/types\/page"}],"author":[{"embeddable":true,"href":"https:\/\/www.sisinternational.com\/de\/wp-json\/wp\/v2\/users\/1"}],"replies":[{"embeddable":true,"href":"https:\/\/www.sisinternational.com\/de\/wp-json\/wp\/v2\/comments?post=41150"}],"version-history":[{"count":4,"href":"https:\/\/www.sisinternational.com\/de\/wp-json\/wp\/v2\/pages\/41150\/revisions"}],"predecessor-version":[{"id":81383,"href":"https:\/\/www.sisinternational.com\/de\/wp-json\/wp\/v2\/pages\/41150\/revisions\/81383"}],"up":[{"embeddable":true,"href":"https:\/\/www.sisinternational.com\/de\/wp-json\/wp\/v2\/pages\/33287"}],"wp:featuredmedia":[{"embeddable":true,"href":"https:\/\/www.sisinternational.com\/de\/wp-json\/wp\/v2\/media\/66372"}],"wp:attachment":[{"href":"https:\/\/www.sisinternational.com\/de\/wp-json\/wp\/v2\/media?parent=41150"}],"curies":[{"name":"wp","href":"https:\/\/api.w.org\/{rel}","templated":true}]}}