{"id":41145,"date":"2022-12-23T02:01:37","date_gmt":"2022-12-23T02:01:37","guid":{"rendered":"https:\/\/www.sisinternational.com\/?page_id=41145"},"modified":"2026-01-25T16:43:06","modified_gmt":"2026-01-25T21:43:06","slug":"marktforschung-in-st-vincent-und-den-grenadinen","status":"publish","type":"page","link":"https:\/\/www.sisinternational.com\/de\/abdeckung\/marktforschung-in-der-karibik\/marktforschung-in-st-vincent-und-den-grenadinen\/","title":{"rendered":"Marktforschung in St. Vincent und den Grenadinen"},"content":{"rendered":"<h1 class=\"wp-block-heading\">Marktforschung in St. Vincent und den Grenadinen<\/h1>\n\n\n\n<figure class=\"gb-block-image gb-block-image-be932a82\"><img loading=\"lazy\" decoding=\"async\" width=\"1456\" height=\"816\" class=\"gb-image gb-image-be932a82\" src=\"https:\/\/www.sisinternational.com\/wp-content\/uploads\/2025\/09\/St.-Vincent-and-the-Grenadines-3.jpg\" alt=\"SIS International Marktforschung &amp; Strategie\" title=\"St. Vincent and the Grenadines (3)\" srcset=\"https:\/\/www.sisinternational.com\/wp-content\/uploads\/2025\/09\/St.-Vincent-and-the-Grenadines-3.jpg 1456w, https:\/\/www.sisinternational.com\/wp-content\/uploads\/2025\/09\/St.-Vincent-and-the-Grenadines-3-300x168.jpg 300w, https:\/\/www.sisinternational.com\/wp-content\/uploads\/2025\/09\/St.-Vincent-and-the-Grenadines-3-1024x574.jpg 1024w, https:\/\/www.sisinternational.com\/wp-content\/uploads\/2025\/09\/St.-Vincent-and-the-Grenadines-3-768x430.jpg 768w, https:\/\/www.sisinternational.com\/wp-content\/uploads\/2025\/09\/St.-Vincent-and-the-Grenadines-3-18x10.jpg 18w\" sizes=\"auto, (max-width: 1456px) 100vw, 1456px\"><\/figure>\n\n\n\n<hr class=\"wp-block-separator has-alpha-channel-opacity is-style-dots\"\/>\n\n\n\n<p><\/p>\n\n\n\n<p>St. Vincent und die Grenadinen sind ein Inselstaat in der Karibik. Er liegt s\u00fcdlich von St. Lucia und Antigua, westlich von Barbados und n\u00f6rdlich von Grenada. Die Hauptinsel St. Vincent nimmt den gr\u00f6\u00dften Teil dieses 360 Quadratkilometer gro\u00dfen Landes ein. Dazu geh\u00f6ren auch die n\u00f6rdlichen zwei Drittel der Grenadinen, eine Kette von 32 Inseln. Auf einigen der Inseln leben Menschen. Dazu geh\u00f6ren Mustique, Bequia, Canouan, Union Island und Mayreau. Kingstown ist die Hauptstadt und der wichtigste Hafen.<\/p>\n\n\n\n<h2 class=\"wp-block-heading\">Schl\u00fcsselindustrien<\/h2>\n\n\n\n<p>Die Bananenproduktion ist ein wichtiger Sektor in diesem einkommensschwachen Land. Au\u00dferdem ist St. Vincent der weltweit gr\u00f6\u00dfte Produzent von Pfeilwurz. Ebenfalls wichtig ist der Dienstleistungssektor, der auf dem wachsenden Tourismussektor des Landes basiert. Der Tourismus ist f\u00fcr die Wirtschaft von entscheidender Bedeutung. Der verarbeitende Sektor ist noch immer winzig. Es gibt auch einen Offshore-Finanzsektor, der ausl\u00e4ndische Unternehmen bedient.<\/p>\n\n\n\n<h2 class=\"wp-block-heading\">Nachbarschaften<\/h2>\n\n\n\n<h3 class=\"wp-block-heading\">Kingstown<\/h3>\n\n\n\n<p>Das wichtigste Handelszentrum, der wichtigste Hafen und die Hauptstadt von St. Vincent und den Grenadinen. Die Stadt wurde 1722 von franz\u00f6sischen Siedlern gegr\u00fcndet. Doch St. Vincent stand 196 Jahre unter britischer Kolonialherrschaft, bevor es 1979 seine Selbstverwaltung erlangte.<\/p>\n\n\n\n<h3 class=\"wp-block-heading\">Arnos Vale<\/h3>\n\n\n\n<p>Das ehemalige Anwesen ist heute ein Dorf in der Greathead Bay im S\u00fcden von St. Vincent. Hier befindet sich der Flughafen ET Joshua. ET Joshua wurde nach der Er\u00f6ffnung des neuen internationalen Flughafens Argyle nicht mehr genutzt.<\/p>\n\n\n\n<h3 class=\"wp-block-heading\">Ashton<\/h3>\n\n\n\n<p>A town on the south <a href=\"https:\/\/www.sisinternational.com\/de\/abdeckung\/marktforschung-afrika\/marktforschung-in-mauritius-afrika\/\" title=\"Market Research in Mauritius \u2014 Island off Africa&#8217;s East Coast\"  data-wpil-monitor-id=\"9739\">coast of Union Island<\/a>, one of the Grenadines.<\/p>\n\n\n\n<h2 class=\"wp-block-heading\">Trends<\/h2>\n\n\n\n<p>The government is open to all investors, but niche markets are of prime concern. Niche products include global financial services, tourism, light manufacturing, Agri processing, scientific and medical research, renewable energy, IT, and the creative industries. In fact, most local companies would welcome joint ventures with foreign investors, which gives them access to more and better expertise and technology. It also leads to <a href=\"https:\/\/www.sisinternational.com\/de\/losungen\/fintech-strategieberatung-forschung\/kapitalmarktmarktforschung\/\" title=\"Kapitalmarktforschung\"  data-wpil-monitor-id=\"9735\">capital investments and markets<\/a>.<\/p>\n\n\n\n<h2 class=\"wp-block-heading\">Vorteile und St\u00e4rken im Markt<\/h2>\n\n\n\n<p>Foreign companies operating in St. Vincent and the Grenadines have many perks. For example, they are exempt from paying personal and corporate income taxes. They are also exempt from estate and withholding taxes, and they get a 25-year holiday from other taxes. Another benefit of investing in Saint Vincent is the Caribbean\/Canada Trade Agreement. Under this agreement, Canada provides duty-free access to its <a href=\"https:\/\/www.sisinternational.com\/de\/abdeckung\/die-amerikaner\/marktforschung-in-der-karibik\/marktforschung-st-barthelemy\/\" title=\"Marktforschung in St. Barthelemy\"  data-wpil-monitor-id=\"3703\">market for most products made in St.<\/a> Vincent.<\/p>\n\n\n\n<h2 class=\"wp-block-heading\">Verbraucherbasis<\/h2>\n\n\n\n<p>Banana production and tourism employ most of the workforce in St. Vincent and the Grenadines. More than two-thirds of the labor force work in service industries. These <a href=\"https:\/\/www.sisinternational.com\/de\/losungen\/ai-marktforschung-und-strategieberatung\/ki-einfuhrung-reise-gastgewerbe-tourismusbranche-beratung\/\" title=\"Einf\u00fchrung von KI in der Reise-, Gastgewerbe- und Tourismusbranche \u2013 Beratung\"  data-wpil-monitor-id=\"9737\">industries include tourism<\/a>, retail, IT, transport, and communications. About half of all Vincentians live in urban centers; the rest stay in rural areas. Two-thirds have an Internet connection. Facebook has the largest number of users, followed by Instagram, LinkedIn, and Twitter.<\/p>\n\n\n\n<h2 class=\"wp-block-heading\">Gr\u00fcnde f\u00fcr den Ausbau Ihres Gesch\u00e4fts im SVG-Markt<\/h2>\n\n\n\n<p>Investors enjoy a range of incentives when they put money into the Saint Vincent economy. The country has lifted the ban on foreigners <a href=\"https:\/\/www.sisinternational.com\/de\/multiplattform-marketing-kampagnenstrategie-fur-eine-holdinggesellschaft-und-einen-unternehmenskonglomerat-aus-den-emiraten\/\" title=\"Multikulturelle Werbedienstleistungen f\u00fcr eine Holdinggesellschaft und einen Unternehmenskonglomerat aus den Emiraten\"  data-wpil-monitor-id=\"9738\">holding trust company<\/a> licenses. New companies get import tax concessions on machinery. They also don\u2019t have to pay duties on raw materials, spare parts, and equipment. Another perk is that business owners have the freedom to repatriate funds.<\/p>\n\n\n\n<h2 class=\"wp-block-heading\">\u00dcber Marktforschung in St. Vincent und den Grenadinen<\/h2>\n\n\n\n<p>SIS International is one of the leading <a href=\"https:\/\/www.sisinternational.com\/de\/sachverstand\/branchen\/losungen-fur-die-marktforschung-im-gesundheitswesen\/\" title=\"Marktforschungsunternehmen f\u00fcr das Gesundheitswesen\"  data-wpil-monitor-id=\"9730\">Market Research firms<\/a> in the USA. We provide Qualitative and <a href=\"https:\/\/www.sisinternational.com\/de\/top-5-benefits-of-conducting-quantitative-market-research\/\" title=\"Top 5 Benefits of Conducting Quantitative Market Research\"  data-wpil-monitor-id=\"9728\">Quantitative Marktforschung<\/a> services. We can also help with your Go-to-Market Strategy, and we conduct UX Market Research. Do you need in-depth <a href=\"https:\/\/www.sisinternational.com\/de\/abdeckung\/die-amerikaner\/marktforschung-in-der-karibik\/marktforschung-st-kitts-und-nevis\/\" title=\"Marktforschung in St. Kitts und Nevis\"  data-wpil-monitor-id=\"3280\">St. Vincent and the Grenadines market research<\/a>? We can arrange <a href=\"https:\/\/www.sisinternational.com\/de\/losungen\/fokusgruppen-marktforschung\/wie-man-eine-fokusgruppe-leitet\/\" title=\"So leiten Sie eine Fokusgruppe\"  data-wpil-monitor-id=\"9734\">Focus Groups and conduct<\/a> further studies using Surveys and Interviews. Please get in touch with us to request a quote if you\u2019d like us to <a href=\"https:\/\/www.sisinternational.com\/de\/how-to-conduct-effective-quantitative-market-research\/\" title=\"How to Conduct Effective Quantitative Market Research\"  data-wpil-monitor-id=\"9732\">conduct market research<\/a> for your company.<\/p>","protected":false},"excerpt":{"rendered":"<p>Bananen- und Pfeilwurzanbau sowie Tourismus sind in St. Vincent und den Grenadinen von entscheidender Bedeutung. SIS International bietet umfassende Marktforschung. <\/p>","protected":false},"author":1,"featured_media":66365,"parent":33287,"menu_order":20,"comment_status":"closed","ping_status":"closed","template":"","meta":{"footnotes":""},"class_list":["post-41145","page","type-page","status-publish","has-post-thumbnail"],"_links":{"self":[{"href":"https:\/\/www.sisinternational.com\/de\/wp-json\/wp\/v2\/pages\/41145","targetHints":{"allow":["GET"]}}],"collection":[{"href":"https:\/\/www.sisinternational.com\/de\/wp-json\/wp\/v2\/pages"}],"about":[{"href":"https:\/\/www.sisinternational.com\/de\/wp-json\/wp\/v2\/types\/page"}],"author":[{"embeddable":true,"href":"https:\/\/www.sisinternational.com\/de\/wp-json\/wp\/v2\/users\/1"}],"replies":[{"embeddable":true,"href":"https:\/\/www.sisinternational.com\/de\/wp-json\/wp\/v2\/comments?post=41145"}],"version-history":[{"count":5,"href":"https:\/\/www.sisinternational.com\/de\/wp-json\/wp\/v2\/pages\/41145\/revisions"}],"predecessor-version":[{"id":81621,"href":"https:\/\/www.sisinternational.com\/de\/wp-json\/wp\/v2\/pages\/41145\/revisions\/81621"}],"up":[{"embeddable":true,"href":"https:\/\/www.sisinternational.com\/de\/wp-json\/wp\/v2\/pages\/33287"}],"wp:featuredmedia":[{"embeddable":true,"href":"https:\/\/www.sisinternational.com\/de\/wp-json\/wp\/v2\/media\/66365"}],"wp:attachment":[{"href":"https:\/\/www.sisinternational.com\/de\/wp-json\/wp\/v2\/media?parent=41145"}],"curies":[{"name":"wp","href":"https:\/\/api.w.org\/{rel}","templated":true}]}}