{"id":41141,"date":"2022-12-22T20:54:31","date_gmt":"2022-12-22T20:54:31","guid":{"rendered":"https:\/\/www.sisinternational.com\/?page_id=41141"},"modified":"2026-01-25T16:43:07","modified_gmt":"2026-01-25T21:43:07","slug":"marktforschung-in-st-martin","status":"publish","type":"page","link":"https:\/\/www.sisinternational.com\/de\/abdeckung\/marktforschung-in-der-karibik\/marktforschung-in-st-martin\/","title":{"rendered":"Marktforschung in St. Martin"},"content":{"rendered":"<h1 class=\"wp-block-heading\">Marktforschung in St. Martin<\/h1>\n\n\n\n<figure class=\"gb-block-image gb-block-image-b006da90\"><img loading=\"lazy\" decoding=\"async\" width=\"1456\" height=\"816\" class=\"gb-image gb-image-b006da90\" src=\"https:\/\/www.sisinternational.com\/wp-content\/uploads\/2025\/09\/Martinique-3.jpg\" alt=\"SIS International Marktforschung &amp; Strategie\" title=\"Martinique (3)\" srcset=\"https:\/\/www.sisinternational.com\/wp-content\/uploads\/2025\/09\/Martinique-3.jpg 1456w, https:\/\/www.sisinternational.com\/wp-content\/uploads\/2025\/09\/Martinique-3-300x168.jpg 300w, https:\/\/www.sisinternational.com\/wp-content\/uploads\/2025\/09\/Martinique-3-1024x574.jpg 1024w, https:\/\/www.sisinternational.com\/wp-content\/uploads\/2025\/09\/Martinique-3-768x430.jpg 768w, https:\/\/www.sisinternational.com\/wp-content\/uploads\/2025\/09\/Martinique-3-18x10.jpg 18w\" sizes=\"auto, (max-width: 1456px) 100vw, 1456px\"><\/figure>\n\n\n\n<hr class=\"wp-block-separator has-alpha-channel-opacity is-style-dots\"\/>\n\n\n\n<p>St. Martin ist eine karibische Insel, die etwa 305 Kilometer \u00f6stlich von Puerto Rico liegt und eine Fl\u00e4che von mindestens 86 Quadratkilometern hat. Sie ist im Verh\u00e4ltnis 60:40 zwischen Frankreich und den Niederlanden aufgeteilt. Die franz\u00f6sische Seite liegt im Norden und ist eine \u00dcberseekolonie. Die niederl\u00e4ndische Seite, bekannt als Sint Maarten, liegt im s\u00fcdlichen Teil der Insel.<\/p>\n\n\n\n<p>What\u2019s the best part of staying on this island? Visitors taste two lively but distinct cultures for the price of one vacation. Another key point is that the island is proud of its dual heritage and customs. Another great thing about St. Martin is that people and goods have free movement between the two sides of the island. As a matter of fact, there\u2019s no physical border. The official currency of St. Martin is the Euro. Sint Maarten uses the Netherlands Antillean Guilder. Both sides accept the US Dollar for most transactions.<\/p>\n\n\n\n<h2 class=\"wp-block-heading\">Schl\u00fcsselindustrien<\/h2>\n\n\n\n<p>Die tropische Lage von St. Martin zieht jedes Jahr viele Besucher an. Die Wirtschaft der Insel dreht sich um den Tourismus. Aus diesem Grund besch\u00e4ftigt diese Branche die meisten Menschen. Sie erschlie\u00dft auch viele Branchen wie Hotels, Restaurants, andere Gastronomiebetriebe, Kreuzfahrtschiffe, Fluggesellschaften, Unterhaltung und Transport. Die Insel importiert den Gro\u00dfteil ihrer Lebensmittel, da die Landwirtschaft sp\u00e4rlich ist. Die wichtigsten Exportg\u00fcter sind Seeschiffe, Aluminiumschrott, M\u00f6bel und Alkohol.<\/p>\n\n\n\n<h2 class=\"wp-block-heading\">Nachbarschaften<\/h2>\n\n\n\n<h3 class=\"wp-block-heading\">Marigot<\/h3>\n\n\n\n<p>Marigot ist die Hauptstadt von St. Martin. Sie hat ein sehr europ\u00e4isches Flair, mit exklusiven Einkaufsm\u00f6glichkeiten und entspannten Restaurants. Die Stadt hat einen Jachthafen und Sie k\u00f6nnen eine F\u00e4hre nach St. Barth, Anguilla und zu anderen Inseln weiter oben in der Kette nehmen.<\/p>\n\n\n\n<h3 class=\"wp-block-heading\">Cupecoy\/Tiefland<\/h3>\n\n\n\n<p>Cupecoy liegt an der niederl\u00e4ndischen Grenze im Nordwesten. Hier gibt es ein Casino, einen Golfplatz und einige gute Restaurants. Au\u00dferdem gibt es hier viele teure Villen, die diesen Teil der Insel dominieren.<\/p>\n\n\n\n<h3 class=\"wp-block-heading\">Orient Bay\/Orient Village<\/h3>\n\n\n\n<p>Auf der Ostseite der Insel gibt es in Orient Bay viele Ferienunterk\u00fcnfte. Au\u00dferdem gibt es hier viele Restaurants und kleine Hotels. Dar\u00fcber hinaus befindet sich hier einer der beliebtesten Str\u00e4nde der Insel.<\/p>\n\n\n\n<h2 class=\"wp-block-heading\">Trends<\/h2>\n\n\n\n<p>St. Martin genie\u00dft ein Wetter, das den Tourismus f\u00f6rdert. Gro\u00dfe Kreuzfahrtschiffe legen daher regelm\u00e4\u00dfig auf der Insel an. Dar\u00fcber hinaus bietet die Branche den Einwohnern von St. Martin viele Arbeitspl\u00e4tze. Dennoch hinkt die Insel Sint Maarten hinterher. Der Flughafen, die Casinos und die Anlegestellen f\u00fcr gro\u00dfe Kreuzfahrtschiffe liegen alle auf der niederl\u00e4ndischen Seite. Positiv ist, dass St. Martin ein Paradies f\u00fcr Feinschmecker ist und f\u00fcr die beste Esskultur der Region bekannt ist.<\/p>\n\n\n\n<h2 class=\"wp-block-heading\">Vorteile und St\u00e4rken im Markt<\/h2>\n\n\n\n<p>St. Martin\u2019s residents, by law, pay the same electricity rates as all other French citizens. Their utility rates start at&nbsp;$0.12 per kilowatt hour&nbsp;for home users. Sint Maarten, in comparison, charges around&nbsp;$0.35\/kWh. Another benefit of the <a href=\"https:\/\/www.sisinternational.com\/de\/abdeckung\/die-amerikaner\/marktforschung-in-der-karibik\/marktforschung-st-barthelemy\/\" title=\"Marktforschung in St. Barthelemy\"  data-wpil-monitor-id=\"3708\">St. Martin market<\/a> is that companies can get an official ruling stating their tax system will not change. Moreover, dividends and capital gains are tax-exempt in St. Martin, and no withholding tax exists.<\/p>\n\n\n\n<h2 class=\"wp-block-heading\">Verbraucherbasis<\/h2>\n\n\n\n<p>Das durchschnittliche Jahresgehalt pro Person betr\u00e4gt in St. Martin $46.000. Diese Art von Daten ist von entscheidender Bedeutung, da Sie dadurch mehr an Ihre Kunden verkaufen k\u00f6nnen. Sie m\u00fcssen Ihre Kunden kennen und sehen, wie sie sich entwickeln. Haben sie neue Ziele oder Werte? Stehen sie vor neuen Herausforderungen? Haben sich ihre Schwachstellen ge\u00e4ndert? Sie m\u00fcssen Ihre Kunden verstehen. Wenn Sie das nicht tun, k\u00f6nnen Sie Ihre aktuelle Marketingkampagne m\u00f6glicherweise nicht fortsetzen. Andernfalls kann es passieren, dass Sie unsensibel erscheinen. Hier kommt die qualitative, quantitative und strategische Marktforschung ins Spiel.<\/p>\n\n\n\n<h2 class=\"wp-block-heading\">\u00dcber Marktforschung in St. Martin<\/h2>\n\n\n\n<p>SIS International offers extensive UX and <a href=\"https:\/\/www.sisinternational.com\/de\/abdeckung\/die-amerikaner\/marktforschung-in-der-karibik\/marktforschung-st-kitts-und-nevis\/\" title=\"Marktforschung in St. Kitts und Nevis\"  data-wpil-monitor-id=\"3295\">Marktchancenforschung<\/a>. We keep you clued in on commercial industries and consumer products. We also provide insights into consumer lifestyles and trends in St. Martin. You may have an excellent idea for a service or product, but will people want it? You need to conduct some <a href=\"https:\/\/www.sisinternational.com\/de\/sachverstand\/branchen\/diesel-marktforschung\/\" title=\"Diesel-Marktforschung\"  data-wpil-monitor-id=\"3493\">Markteintrittsforschung<\/a> to find out. Our research teams know the habits and attitudes of Caribbean consumers. We can help you with your Go-to-Market Strategy so you hit the ground running. Contact us today!<\/p>\n\n\n\n<p><\/p>","protected":false},"excerpt":{"rendered":"<p>Die tropische Lage von St. Martin zieht viele Besucher an. SIS bietet Marktforschungseinblicke zum Lebensstil und zu Trends der Verbraucher auf St. Martin.<\/p>","protected":false},"author":1,"featured_media":66138,"parent":33287,"menu_order":19,"comment_status":"closed","ping_status":"closed","template":"","meta":{"footnotes":""},"class_list":["post-41141","page","type-page","status-publish","has-post-thumbnail"],"_links":{"self":[{"href":"https:\/\/www.sisinternational.com\/de\/wp-json\/wp\/v2\/pages\/41141","targetHints":{"allow":["GET"]}}],"collection":[{"href":"https:\/\/www.sisinternational.com\/de\/wp-json\/wp\/v2\/pages"}],"about":[{"href":"https:\/\/www.sisinternational.com\/de\/wp-json\/wp\/v2\/types\/page"}],"author":[{"embeddable":true,"href":"https:\/\/www.sisinternational.com\/de\/wp-json\/wp\/v2\/users\/1"}],"replies":[{"embeddable":true,"href":"https:\/\/www.sisinternational.com\/de\/wp-json\/wp\/v2\/comments?post=41141"}],"version-history":[{"count":6,"href":"https:\/\/www.sisinternational.com\/de\/wp-json\/wp\/v2\/pages\/41141\/revisions"}],"predecessor-version":[{"id":77910,"href":"https:\/\/www.sisinternational.com\/de\/wp-json\/wp\/v2\/pages\/41141\/revisions\/77910"}],"up":[{"embeddable":true,"href":"https:\/\/www.sisinternational.com\/de\/wp-json\/wp\/v2\/pages\/33287"}],"wp:featuredmedia":[{"embeddable":true,"href":"https:\/\/www.sisinternational.com\/de\/wp-json\/wp\/v2\/media\/66138"}],"wp:attachment":[{"href":"https:\/\/www.sisinternational.com\/de\/wp-json\/wp\/v2\/media?parent=41141"}],"curies":[{"name":"wp","href":"https:\/\/api.w.org\/{rel}","templated":true}]}}