{"id":41137,"date":"2022-12-22T20:32:20","date_gmt":"2022-12-22T20:32:20","guid":{"rendered":"https:\/\/www.sisinternational.com\/?page_id=41137"},"modified":"2025-10-01T22:23:12","modified_gmt":"2025-10-02T02:23:12","slug":"marktforschung-in-sint-maarten","status":"publish","type":"page","link":"https:\/\/www.sisinternational.com\/de\/abdeckung\/marktforschung-in-der-karibik\/marktforschung-in-sint-maarten\/","title":{"rendered":"Marktforschung in Sint Maarten"},"content":{"rendered":"<h1 class=\"wp-block-heading\">Marktforschung in Sint Maarten<\/h1>\n\n\n\n<figure class=\"gb-block-image gb-block-image-8e1e6f83\"><img loading=\"lazy\" decoding=\"async\" width=\"1456\" height=\"816\" class=\"gb-image gb-image-8e1e6f83\" src=\"https:\/\/www.sisinternational.com\/wp-content\/uploads\/2025\/09\/Sint-Maarten-1.jpg\" alt=\"SIS International Marktforschung &amp; Strategie\" title=\"Sint Maarten (1)\" srcset=\"https:\/\/www.sisinternational.com\/wp-content\/uploads\/2025\/09\/Sint-Maarten-1.jpg 1456w, https:\/\/www.sisinternational.com\/wp-content\/uploads\/2025\/09\/Sint-Maarten-1-300x168.jpg 300w, https:\/\/www.sisinternational.com\/wp-content\/uploads\/2025\/09\/Sint-Maarten-1-1024x574.jpg 1024w, https:\/\/www.sisinternational.com\/wp-content\/uploads\/2025\/09\/Sint-Maarten-1-768x430.jpg 768w, https:\/\/www.sisinternational.com\/wp-content\/uploads\/2025\/09\/Sint-Maarten-1-18x10.jpg 18w\" sizes=\"auto, (max-width: 1456px) 100vw, 1456px\"><\/figure>\n\n\n\n<p><\/p>\n\n\n\n<hr class=\"wp-block-separator has-alpha-channel-opacity is-style-dots\"\/>\n\n\n\n<p>Sint Maarten ist Teil des K\u00f6nigreichs der Niederlande. Es nimmt das s\u00fcdliche Drittel der geteilten Insel St. Martin ein \u2013 die n\u00f6rdlichen zwei Drittel sind franz\u00f6sisch. Die Hauptstadt von Sint Maarten ist Philipsburg und Staatsoberhaupt ist der niederl\u00e4ndische K\u00f6nig (oder die niederl\u00e4ndische K\u00f6nigin), vertreten durch einen Gouverneur. Das Regierungssystem \u00e4hnelt dem des Vereinigten K\u00f6nigreichs, wobei der Premierminister das Regierungsoberhaupt ist. Sint Maarten ist h\u00fcgelig und die H\u00e4nge f\u00fchren hinunter zu Salzpfannen, K\u00fcstenlagunen und Sandb\u00e4nken.<\/p>\n\n\n\n<h2 class=\"wp-block-heading\">Nachbarschaften<\/h2>\n\n\n\n<h3 class=\"wp-block-heading\">Philipsburg<\/h3>\n\n\n\n<p>In der niederl\u00e4ndischen Hauptstadt gibt es viele Sehensw\u00fcrdigkeiten. Au\u00dferdem gibt es endlose Einkaufsm\u00f6glichkeiten, von Modeboutiquen bis zu Juweliergesch\u00e4ften.<\/p>\n\n\n\n<h3 class=\"wp-block-heading\">Simpson Bay<\/h3>\n\n\n\n<p>Simpson Bay liegt an der Lagune von Sint Maarten. Es ist eine der bekanntesten St\u00e4dte auf Sint Maarten. Dar\u00fcber hinaus ist diese Gegend mit ihren unz\u00e4hligen Nachtclubs, Restaurants, Bars und Jachth\u00e4fen von Weltklasse das Herz der Tourismusszene von Sint Maarten.<\/p>\n\n\n\n<h3 class=\"wp-block-heading\">Holl\u00e4ndisches Viertel<\/h3>\n\n\n\n<p>Dies ist einer der gr\u00f6\u00dferen Vororte von Sint Maarten. Im niederl\u00e4ndischen Viertel befindet sich eines der \u00e4ltesten Plantagenh\u00e4user der Insel.<\/p>\n\n\n\n<h2 class=\"wp-block-heading\">Schl\u00fcsselindustrien<\/h2>\n\n\n\n<p>Sint Maartens Wirtschaft basiert auf dem Tourismus. Hotels, Restaurants und andere tourismusbezogene Branchen machen fast die H\u00e4lfte des BIP aus. Freiberufler und E-Commerce werden zur Norm, sodass St. Maarten auch im IT-Gesch\u00e4ftssektor auf dem Vormarsch ist. Immobilien sind eine weitere Schl\u00fcsselbranche, ebenso wie Kommunikation, Transport und Lagerung.<\/p>\n\n\n\n<h2 class=\"wp-block-heading\">Trends<\/h2>\n\n\n\n<p>Die Wirtschaft von Sint Maarten brach nach den Hurrikanen Irma und Maria im Jahr 2017 ein. Die Pandemie schlug zwei Jahre sp\u00e4ter zu und richtete weitere Verw\u00fcstungen an. Dennoch erwarten Experten eine baldige Erholung der Wirtschaft. Touristen kehren in gro\u00dfer Zahl zur\u00fcck und der Kreuzfahrttourismus nimmt zu. Auf der negativen Seite k\u00e4mpft die Welt mit einer starken Inflation, und Sint Maarten bildet da keine Ausnahme. Das Land ist \u00d6lpreisschocks ausgeliefert. Au\u00dferdem importiert es durch den festen Wechselkurs und den Handelskanal Inflation aus den USA.<\/p>\n\n\n\n<h2 class=\"wp-block-heading\">Vorteile und St\u00e4rken im Markt<\/h2>\n\n\n\n<p>Sint Maarten ist ein Immobilienparadies. Sogar die Franzosen kaufen mehr auf der niederl\u00e4ndischen Seite. Au\u00dferdem sind die Gesetze g\u00fcnstiger und es gibt keine Kapitalertragssteuer. Es gibt auch keine Grundsteuer. Genehmigungen und Zoneneinschr\u00e4nkungen sind leicht zu bekommen. Was ist noch so toll an Sint Maarten? Investoren werden hier wie vom Erdboden verschluckt. Nach f\u00fcnf Jahren ist es f\u00fcr Investoren leicht, sich f\u00fcr eine dauerhafte Aufenthaltserlaubnis zu qualifizieren. Aber zuerst m\u00fcssen sie 1450.000 US-Dollar oder mehr investieren. F\u00fcnf Jahre danach k\u00f6nnen sie die niederl\u00e4ndische Staatsb\u00fcrgerschaft erhalten.<\/p>\n\n\n\n<h2 class=\"wp-block-heading\">Verbraucherbasis<\/h2>\n\n\n\n<p>Die Bev\u00f6lkerung von Sint Maarten ist gleichm\u00e4\u00dfig zwischen M\u00e4nnern und Frauen aufgeteilt. Die meisten Menschen leben in st\u00e4dtischen Zentren. Zwei Drittel haben Internetzugang und 80 Prozent nutzen soziale Medien, haupts\u00e4chlich Facebook, aber auch Instagram, LinkedIn und Twitter sind beliebt. Die Mobilfunkverbindungen liegen bei \u00fcber 100 Prozent und fast jeder hat Zugang zu Elektrizit\u00e4t. Ein Gro\u00dfteil der Verbraucherbasis ist auf Geld angewiesen, das Auswanderer nach Hause schicken.<\/p>\n\n\n\n<h2 class=\"wp-block-heading\">Gr\u00fcnde, Ihr Gesch\u00e4ft auf dem Sint Maarten-Markt auszubauen<\/h2>\n\n\n\n<p>Sint Maarten hat eine bl\u00fchende, robuste Wirtschaft. Es hat das h\u00f6chste Pro-Kopf-Einkommen in den niederl\u00e4ndischen Karibikstaaten. Dar\u00fcber hinaus w\u00e4chst die Wirtschaft und es ist ein guter Zeitpunkt f\u00fcr Investitionen. Die Insel setzt auf frische Ideen und unterst\u00fctzt diese. Unternehmen k\u00f6nnen auch das erstklassige Kommunikationssystem, die Finanzen und andere Dienstleistungen des Landes nutzen. Die meisten Ihrer Einnahmen werden in Euro und US-Dollar erzielt und Importe und Exporte sind zollfrei.<\/p>\n\n\n\n<h2 class=\"wp-block-heading\">\u00dcber Marktforschung in St. Maarten<\/h2>\n\n\n\n<p>You may have the best idea for a <a href=\"https:\/\/www.sisinternational.com\/de\/losungen\/geschmackstest\/produkttestdienste-in-new-york\/\" title=\"Produkttestdienste in New York\"  data-wpil-monitor-id=\"8999\">product or service<\/a>, but will people want it? You need to <a href=\"https:\/\/www.sisinternational.com\/de\/how-to-conduct-effective-quantitative-market-research\/\" title=\"How to Conduct Effective Quantitative Market Research\"  data-wpil-monitor-id=\"8998\">conduct some market research<\/a> to find out. <a href=\"https:\/\/www.sisinternational.com\/de\/ostern-und-der-unvermeidliche-schokoladenhase\/\" title=\"Ostermarktforschung\"  data-wpil-monitor-id=\"8996\">SIS International has offered market research<\/a> services for several years. We do Competitive Analysis, Go-to-Market Strategy, Qualitative and <a href=\"https:\/\/www.sisinternational.com\/de\/top-5-benefits-of-conducting-quantitative-market-research\/\" title=\"Top 5 Benefits of Conducting Quantitative Market Research\"  data-wpil-monitor-id=\"8997\">Quantitative Marktforschung<\/a>, consumer surveys, Focus Groups, and Interviews. We look at existing products and ones that are in development. Get your data on Sint Maarten and other locales today!<\/p>\n\n\n\n<p><\/p>","protected":false},"excerpt":{"rendered":"<p>Sint Maarten verf\u00fcgt \u00fcber eine starke, auf Tourismus basierende Wirtschaft. SIS International bietet seit mehreren Jahren Marktforschungsdienste an.<\/p>","protected":false},"author":1,"featured_media":66355,"parent":33287,"menu_order":18,"comment_status":"closed","ping_status":"closed","template":"","meta":{"footnotes":""},"class_list":["post-41137","page","type-page","status-publish","has-post-thumbnail"],"_links":{"self":[{"href":"https:\/\/www.sisinternational.com\/de\/wp-json\/wp\/v2\/pages\/41137","targetHints":{"allow":["GET"]}}],"collection":[{"href":"https:\/\/www.sisinternational.com\/de\/wp-json\/wp\/v2\/pages"}],"about":[{"href":"https:\/\/www.sisinternational.com\/de\/wp-json\/wp\/v2\/types\/page"}],"author":[{"embeddable":true,"href":"https:\/\/www.sisinternational.com\/de\/wp-json\/wp\/v2\/users\/1"}],"replies":[{"embeddable":true,"href":"https:\/\/www.sisinternational.com\/de\/wp-json\/wp\/v2\/comments?post=41137"}],"version-history":[{"count":3,"href":"https:\/\/www.sisinternational.com\/de\/wp-json\/wp\/v2\/pages\/41137\/revisions"}],"predecessor-version":[{"id":81507,"href":"https:\/\/www.sisinternational.com\/de\/wp-json\/wp\/v2\/pages\/41137\/revisions\/81507"}],"up":[{"embeddable":true,"href":"https:\/\/www.sisinternational.com\/de\/wp-json\/wp\/v2\/pages\/33287"}],"wp:featuredmedia":[{"embeddable":true,"href":"https:\/\/www.sisinternational.com\/de\/wp-json\/wp\/v2\/media\/66355"}],"wp:attachment":[{"href":"https:\/\/www.sisinternational.com\/de\/wp-json\/wp\/v2\/media?parent=41137"}],"curies":[{"name":"wp","href":"https:\/\/api.w.org\/{rel}","templated":true}]}}