{"id":41133,"date":"2022-12-22T19:38:52","date_gmt":"2022-12-22T19:38:52","guid":{"rendered":"https:\/\/www.sisinternational.com\/?page_id=41133"},"modified":"2026-01-24T21:28:54","modified_gmt":"2026-01-25T02:28:54","slug":"marktforschung-in-st-lucia","status":"publish","type":"page","link":"https:\/\/www.sisinternational.com\/de\/abdeckung\/marktforschung-in-der-karibik\/marktforschung-in-st-lucia\/","title":{"rendered":"Marktforschung in St. Lucia"},"content":{"rendered":"<h1 class=\"wp-block-heading\">Marktforschung in St. Lucia<\/h1>\n\n\n\n<figure class=\"gb-block-image gb-block-image-b93d64fd\"><img loading=\"lazy\" decoding=\"async\" width=\"1456\" height=\"816\" class=\"gb-image gb-image-b93d64fd\" src=\"https:\/\/www.sisinternational.com\/wp-content\/uploads\/2025\/09\/Saint-Lucia-3.jpg\" alt=\"SIS International Marktforschung &amp; Strategie\" title=\"Saint Lucia (3)\" srcset=\"https:\/\/www.sisinternational.com\/wp-content\/uploads\/2025\/09\/Saint-Lucia-3.jpg 1456w, https:\/\/www.sisinternational.com\/wp-content\/uploads\/2025\/09\/Saint-Lucia-3-300x168.jpg 300w, https:\/\/www.sisinternational.com\/wp-content\/uploads\/2025\/09\/Saint-Lucia-3-1024x574.jpg 1024w, https:\/\/www.sisinternational.com\/wp-content\/uploads\/2025\/09\/Saint-Lucia-3-768x430.jpg 768w, https:\/\/www.sisinternational.com\/wp-content\/uploads\/2025\/09\/Saint-Lucia-3-18x10.jpg 18w\" sizes=\"auto, (max-width: 1456px) 100vw, 1456px\"><\/figure>\n\n\n\n<p><\/p>\n\n\n\n<hr class=\"wp-block-separator has-alpha-channel-opacity is-style-dots\"\/>\n\n\n\n<p>St. Lucia ist ein ostkaribischer Staat auf den Inseln \u00fcber dem Winde, nordwestlich von Barbados und n\u00f6rdlich\/nord\u00f6stlich von St. Vincent. Er umfasst eine Fl\u00e4che von 238 Quadratmeilen und ist die Heimat von etwa 180.000 Menschen. Es ist einer von nur zwei souver\u00e4nen Staaten, die nach einer Frau benannt sind (der andere ist Irland).<\/p>\n\n\n\n<h2 class=\"wp-block-heading\">Schl\u00fcsselindustrien<\/h2>\n\n\n\n<p>Saint Lucia has shifted from being a single-crop economy. The island\u2019s most crucial <a href=\"https:\/\/www.sisinternational.com\/de\/losungen\/ai-marktforschung-und-strategieberatung\/ki-einfuhrung-reise-gastgewerbe-tourismusbranche-beratung\/\" title=\"Einf\u00fchrung von KI in der Reise-, Gastgewerbe- und Tourismusbranche \u2013 Beratung\"  data-wpil-monitor-id=\"9234\">industry is now tourism<\/a>. That sector is also the primary source of income, jobs, and foreign exchange earnings. It accounts for two-thirds of the island\u2019s GDP. The biggest industry used to be banana exports. Although that has declined, farm workers comprise one-fifth of jobs. The island also exports mangoes and avocados. Saint Lucia also has a well-developed manufacturing industry, and the financial services sector is growing.<\/p>\n\n\n\n<h2 class=\"wp-block-heading\">Nachbarschaften<\/h2>\n\n\n\n<h3 class=\"wp-block-heading\">Castries<\/h3>\n\n\n\n<p>Castries ist Hauptstadt und Regierungssitz. Auch die Firmenzentralen vieler lokaler und ausl\u00e4ndischer Unternehmen befinden sich in Castries. Ein sehenswerter Ort ist der Derek Walcott Square im Stadtzentrum.<\/p>\n\n\n\n<h3 class=\"wp-block-heading\">Anse La Raye<\/h3>\n\n\n\n<p>Dies ist ein charmantes Fischerdorf an der Westk\u00fcste. Das Dorf ist bekannt f\u00fcr seine Meeresfr\u00fcchte-Stra\u00dfenparty am Freitagabend.<\/p>\n\n\n\n<h3 class=\"wp-block-heading\">Vieux Fort<\/h3>\n\n\n\n<p>Die zweitgr\u00f6\u00dfte Stadt von St. Lucia verf\u00fcgt \u00fcber einen gro\u00dfen Flughafen. Besucher finden die Altstadt in der N\u00e4he des Hafens. Sie hat eine beeindruckende Kirche und sch\u00f6ne historische Geb\u00e4ude. Das n\u00f6rdliche Ende ist moderner und beherbergt das Einkaufsviertel der Stadt.<\/p>\n\n\n\n<h2 class=\"wp-block-heading\">Trends<\/h2>\n\n\n\n<p>St. Lucia steht nun vor einer Herausforderung durch den Krieg in der Ukraine. Die Insel ist von Energie- und Nahrungsmittelimporten abh\u00e4ngig. Sie hat noch immer nicht den j\u00fcngsten globalen Abschwung verkraftet, der ihre vom Tourismus abh\u00e4ngige Wirtschaft beeintr\u00e4chtigt hat. Diese R\u00fcckschl\u00e4ge haben die Probleme aufgrund des geringen Wachstums noch versch\u00e4rft. St. Lucia ist zudem anf\u00e4llig f\u00fcr Klimawandel und Naturkatastrophen. Finanzierungsbedarf und hohe Staatsverschuldung, die w\u00e4hrend des Abschwungs gestiegen sind, sind weitere eklatante kurzfristige Risiken.<\/p>\n\n\n\n<h2 class=\"wp-block-heading\">Vorteile und St\u00e4rken im Markt<\/h2>\n\n\n\n<p>St. Lucia has many strengths that make it an ideal place to invest. The country performs well on global indicators. It has economic freedom, the government is effective, and starting a business is easy. Also, there are no restrictions on capital flows. The island\u2019s <a href=\"https:\/\/www.sisinternational.com\/de\/losungen\/reise-tourismus-und-gastgewerbeberatung\/kulturtourismusberatung\/\" title=\"Kulturtourismusberatung\"  data-wpil-monitor-id=\"9236\">cultural<\/a> heritage and natural beauty are key drivers of tourism. Another vital area is the financial services industry, which is ripe for expansion and real growth.<\/p>\n\n\n\n<h2 class=\"wp-block-heading\">Verbraucherbasis<\/h2>\n\n\n\n<p>Etwa 5 Prozent der Bev\u00f6lkerung von St. Lucia leben unterhalb der Armutsgrenze. Positiv ist, dass der Zugang zu Elektrizit\u00e4t bei fast 100 Prozent liegt. Der Internetzugang liegt bei etwa 63 Prozent. Zwei Drittel dieser Nutzer sind in sozialen Medien unterwegs und die Anzeigenreichweite von Facebook betr\u00e4gt fast 50 Prozent. Nur ein F\u00fcnftel der Einwohner von St. Lucia lebt in st\u00e4dtischen Zentren, der Rest bleibt auf dem Land.<\/p>\n\n\n\n<h2 class=\"wp-block-heading\">Gr\u00fcnde, Ihr Gesch\u00e4ft auf dem Markt von St. Lucia auszubauen<\/h2>\n\n\n\n<p>Saint Lucia is ideal for servicing regional, global, and virtual markets. The country offers an attractive climate for foreign investment with its sound policies and prudent planning. It also has well-tailored concessions for large and small investment projects. The private sector has good access to <a href=\"https:\/\/www.sisinternational.com\/de\/losungen\/fintech-strategieberatung-forschung\/marktforschung-zu-kreditkarten\/\" title=\"Kreditkarten-Marktforschung\"  data-wpil-monitor-id=\"9235\">credit in the local market<\/a>. Also, Saint Lucia has some of the highest literacy rates in the region.<\/p>\n\n\n\n<h2 class=\"wp-block-heading\">\u00dcber Marktforschung in St. Lucia<\/h2>\n\n\n\n<p>SIS International is a leading market research company that offers Quantitative and Qualitative Market Research on trends in Saint Lucia. We conduct affordable, fast, and high-quality Strategy Market Research. We also do Competitive Analysis to provide insights to help you make critical data-driven decisions. Our Focus Groups, Surveys, and Interviews will further enhance your <a href=\"https:\/\/www.sisinternational.com\/de\/sachverstand\/branchen\/diesel-marktforschung\/\" title=\"Diesel-Marktforschung\"  data-wpil-monitor-id=\"3496\">Markteintrittsforschung<\/a>.<\/p>\n\n\n\n<p><\/p>","protected":false},"excerpt":{"rendered":"<p>St. Lucia hat viele St\u00e4rken, die es zu einem idealen Investitionsstandort machen. SIS International bietet f\u00fchrende Marktforschung zu Trends in St. Lucia.<\/p>","protected":false},"author":1,"featured_media":66350,"parent":33287,"menu_order":17,"comment_status":"closed","ping_status":"closed","template":"","meta":{"footnotes":""},"class_list":["post-41133","page","type-page","status-publish","has-post-thumbnail"],"_links":{"self":[{"href":"https:\/\/www.sisinternational.com\/de\/wp-json\/wp\/v2\/pages\/41133","targetHints":{"allow":["GET"]}}],"collection":[{"href":"https:\/\/www.sisinternational.com\/de\/wp-json\/wp\/v2\/pages"}],"about":[{"href":"https:\/\/www.sisinternational.com\/de\/wp-json\/wp\/v2\/types\/page"}],"author":[{"embeddable":true,"href":"https:\/\/www.sisinternational.com\/de\/wp-json\/wp\/v2\/users\/1"}],"replies":[{"embeddable":true,"href":"https:\/\/www.sisinternational.com\/de\/wp-json\/wp\/v2\/comments?post=41133"}],"version-history":[{"count":4,"href":"https:\/\/www.sisinternational.com\/de\/wp-json\/wp\/v2\/pages\/41133\/revisions"}],"predecessor-version":[{"id":81544,"href":"https:\/\/www.sisinternational.com\/de\/wp-json\/wp\/v2\/pages\/41133\/revisions\/81544"}],"up":[{"embeddable":true,"href":"https:\/\/www.sisinternational.com\/de\/wp-json\/wp\/v2\/pages\/33287"}],"wp:featuredmedia":[{"embeddable":true,"href":"https:\/\/www.sisinternational.com\/de\/wp-json\/wp\/v2\/media\/66350"}],"wp:attachment":[{"href":"https:\/\/www.sisinternational.com\/de\/wp-json\/wp\/v2\/media?parent=41133"}],"curies":[{"name":"wp","href":"https:\/\/api.w.org\/{rel}","templated":true}]}}