{"id":41126,"date":"2022-12-22T19:21:50","date_gmt":"2022-12-22T19:21:50","guid":{"rendered":"https:\/\/www.sisinternational.com\/?page_id=41126"},"modified":"2026-01-24T21:28:56","modified_gmt":"2026-01-25T02:28:56","slug":"marktforschung-in-anguilla","status":"publish","type":"page","link":"https:\/\/www.sisinternational.com\/de\/abdeckung\/marktforschung-in-der-karibik\/marktforschung-in-anguilla\/","title":{"rendered":"Marktforschung in Anguilla"},"content":{"rendered":"<h1 class=\"wp-block-heading\">Marktforschung in Anguilla<\/h1>\n\n\n\n<figure class=\"gb-block-image gb-block-image-b274facd\"><img loading=\"lazy\" decoding=\"async\" width=\"1456\" height=\"816\" class=\"gb-image gb-image-b274facd\" src=\"https:\/\/www.sisinternational.com\/wp-content\/uploads\/2025\/09\/Anguilla-3.jpg\" alt=\"SIS International Marktforschung &amp; Strategie\" title=\"Anguilla (3)\" srcset=\"https:\/\/www.sisinternational.com\/wp-content\/uploads\/2025\/09\/Anguilla-3.jpg 1456w, https:\/\/www.sisinternational.com\/wp-content\/uploads\/2025\/09\/Anguilla-3-300x168.jpg 300w, https:\/\/www.sisinternational.com\/wp-content\/uploads\/2025\/09\/Anguilla-3-1024x574.jpg 1024w, https:\/\/www.sisinternational.com\/wp-content\/uploads\/2025\/09\/Anguilla-3-768x430.jpg 768w, https:\/\/www.sisinternational.com\/wp-content\/uploads\/2025\/09\/Anguilla-3-18x10.jpg 18w\" sizes=\"auto, (max-width: 1456px) 100vw, 1456px\"><\/figure>\n\n\n\n<p><\/p>\n\n\n\n<p>Anguilla ist ein britisches \u00dcberseegebiet in der Karibik. Es liegt \u00f6stlich der Virgin Islands und Puerto Ricos und n\u00f6rdlich von St. Martin. Die Gesamtfl\u00e4che betr\u00e4gt 35 Quadratmeilen. Diese flache, tief liegende Koralleninsel hat wenig Ackerland, da ihr Boden d\u00fcnn und arm ist. Die Hauptstadt von Anguilla ist The Valley.<\/p>\n\n\n\n<h2 class=\"wp-block-heading\">Schl\u00fcsselindustrien<\/h2>\n\n\n\n<p>Klares blaues Wasser und wundersch\u00f6ne Korallenriffe umgeben Anguilla. Ebenso wie 33 unber\u00fchrte, palmenges\u00e4umte Str\u00e4nde. Daher ist es kein Wunder, dass der Luxustourismus eine der S\u00e4ulen der Wirtschaft Anguillas ist. Eine weitere S\u00e4ule sind Offshore-Finanzdienstleistungen, die Anguilla einer gro\u00dfen lokalen und globalen Kundschaft anbietet. Die dritte S\u00e4ule ist die Fischerei, die sowohl als touristische Aktivit\u00e4t als auch als kommerzielle Industrie dient.<\/p>\n\n\n\n<h2 class=\"wp-block-heading\">Nachbarschaften<\/h2>\n\n\n\n<h3 class=\"wp-block-heading\">Meads Bucht<\/h3>\n\n\n\n<p>Laying between Long Bay and West End Village, it is ideal for first-time visitors to the island. This prime location allows visitors to access several picturesque beaches. It\u2019s also close to the best <a href=\"https:\/\/www.sisinternational.com\/de\/losungen\/reise-tourismus-und-gastgewerbeberatung\/hotel-restaurant-marketing-beratung\/\" title=\"Hotel Restaurant Marketing Beratung\"  data-wpil-monitor-id=\"9329\">hotels and restaurants<\/a>.<\/p>\n\n\n\n<h3 class=\"wp-block-heading\">Sandiger Boden<\/h3>\n\n\n\n<p>Nahe der Mitte der Insel gelegen, ist es perfekt f\u00fcr preisbewusste Reisende. Mehrere Privatunterk\u00fcnfte k\u00f6nnen gemietet werden. So k\u00f6nnen Besucher die Insel genie\u00dfen, ohne sich in Unkosten st\u00fcrzen zu m\u00fcssen.<\/p>\n\n\n\n<h3 class=\"wp-block-heading\">Blaspunkt<\/h3>\n\n\n\n<p>Der beste Ort f\u00fcr Familien. Es liegt in der N\u00e4he aller Attraktionen der Insel. Au\u00dferdem ist es nur wenige Minuten vom Flughafen und dem F\u00e4hrterminal entfernt.<\/p>\n\n\n\n<h2 class=\"wp-block-heading\">Trends<\/h2>\n\n\n\n<p>Anguilla erholt sich von einem j\u00fcngsten R\u00fcckgang der Touristenzahlen aufgrund der pandemiebedingten Ausgangssperren. Dennoch hat die Insel mittelfristig eine robuste Zukunftsperspektive. Einer der Faktoren, die den Aufschwung vorantreiben, ist die Erneuerung der Landebahn des einzigen Flughafens der Insel. Ein weiterer Faktor ist der Verkauf und die Modernisierung des erstklassigen Resorts CuisinArt. Die Inflation hat Anguilla hart getroffen, insbesondere bei den Lebensmittelpreisen. Auch die Preise f\u00fcr Kraftstoff, Haushaltsger\u00e4te und Flugtickets sind stark gestiegen.<\/p>\n\n\n\n<h2 class=\"wp-block-heading\">Vorteile und St\u00e4rken im Markt<\/h2>\n\n\n\n<p>People doing business in Anguilla can enjoy the island\u2019s political stability. It also has a favorable corporate tax regime with no income taxes. Direct, corporate, capital gains, and inheritance taxes are also non-existent. The working environment is very relaxed. It has a solid but flexible legal framework based on English Common Law. This framework provides favorable laws and policies for those wishing to do business.<\/p>\n\n\n\n<h2 class=\"wp-block-heading\">Verbraucherbasis<\/h2>\n\n\n\n<p>Most of the residents of Anguilla are of African descent. It has a few Whites and people of mixed race. About a quarter of the people are ex-pats. They hail from the US, the UK, <a href=\"https:\/\/www.sisinternational.com\/de\/abdeckung\/die-amerikaner\/marktforschung-in-der-karibik\/marktforschung-st-kitts-und-nevis\/\" title=\"Marktforschung in St. Kitts und Nevis\"  data-wpil-monitor-id=\"9327\">St. Kitts und Nevis<\/a>, Jamaica, the Dominican Republic, and also Nigeria. Many Indian, Chinese, and Mexican workers moved to the island in 2006-2007. They came to work in the tourism industry as the local population could not supply the labor needed.<\/p>\n\n\n\n<h2 class=\"wp-block-heading\">Gr\u00fcnde, Ihr Gesch\u00e4ft auf dem Anguilla-Markt auszubauen<\/h2>\n\n\n\n<p>Anguilla is one of the most attractive <a href=\"https:\/\/www.sisinternational.com\/de\/losungen\/branding-und-kundenforschungslosungen\/produkttests-marktforschung\/fuhrendes-unternehmen-fur-zentrale-standorttests\/\" title=\"F\u00fchrendes Unternehmen f\u00fcr zentrale Standorttests\"  data-wpil-monitor-id=\"9330\">locations to start a company<\/a>. It\u2019s easy for a <a href=\"https:\/\/www.sisinternational.com\/de\/unternehmensgrundung-in-der-turkei\/\" title=\"Unternehmensgr\u00fcndung in der T\u00fcrkei\"  data-wpil-monitor-id=\"9331\">business to set<\/a> up shop. One can incorporate an offshore company within minutes. It\u2019s straightforward if doing it online with the help of a sub-agent. The island offers investor privacy and trademark protection. Also, Anguilla does not enforce any currency controls. So investors can move their money freely and hold funds in any currency of their choice.<\/p>\n\n\n\n<h2 class=\"wp-block-heading\">\u00dcber Marktforschung in Anguilla<\/h2>\n\n\n\n<p>SIS International offers an in-depth guide to the <a href=\"https:\/\/www.sisinternational.com\/de\/losungen\/strategieberatung\/markteintritts-machbarkeits-dimensionierungsstudien\/\" title=\"Markteintritts-, Machbarkeits- und Gr\u00f6\u00dfenstudien\"  data-wpil-monitor-id=\"9326\">size and shape of the Anguilla market<\/a>. You get the best <a href=\"https:\/\/www.sisinternational.com\/de\/sachverstand\/branchen\/diesel-marktforschung\/\" title=\"Diesel-Marktforschung\"  data-wpil-monitor-id=\"3500\">Marktgr\u00f6\u00dfenforschung<\/a>. Plus, we\u2019ll do a <a href=\"https:\/\/www.sisinternational.com\/de\/losungen\/strategieberatung\/schulung-und-strategie-zur-wettbewerbsanalyse\/\" title=\"Competitive Intelligence-Training und Strategie\"  data-wpil-monitor-id=\"9332\">Wettbewerbsf\u00e4hig<\/a> Analysis to help you form your Go-to-Market Strategy. We also do Quantitative and <a href=\"https:\/\/www.sisinternational.com\/de\/tools-and-resources-for-qualitative-market-research\/\" title=\"Tools and Resources for Qualitative Market Research\"  data-wpil-monitor-id=\"9325\">Qualitative Marktforschung<\/a>. Thus, we help you to find the sectors driving growth. Our tools include Interviews, Surveys, and Focus Groups. These give you <a href=\"https:\/\/www.sisinternational.com\/de\/how-to-conduct-in-depth-interviews-for-market-insights\/\" title=\"So f\u00fchren Sie ausf\u00fchrliche Interviews durch, um Markteinblicke zu gewinnen\"  data-wpil-monitor-id=\"9328\">insights into the strength of the market<\/a> and how it will receive your products or services.<\/p>\n\n\n\n<p><\/p>","protected":false},"excerpt":{"rendered":"<p>Anguilla ist einer der attraktivsten Standorte f\u00fcr die Gr\u00fcndung eines Unternehmens. SIS International bietet einen ausf\u00fchrlichen Leitfaden zur Marktforschung.<\/p>","protected":false},"author":1,"featured_media":66204,"parent":33287,"menu_order":16,"comment_status":"closed","ping_status":"closed","template":"","meta":{"footnotes":""},"class_list":["post-41126","page","type-page","status-publish","has-post-thumbnail"],"_links":{"self":[{"href":"https:\/\/www.sisinternational.com\/de\/wp-json\/wp\/v2\/pages\/41126","targetHints":{"allow":["GET"]}}],"collection":[{"href":"https:\/\/www.sisinternational.com\/de\/wp-json\/wp\/v2\/pages"}],"about":[{"href":"https:\/\/www.sisinternational.com\/de\/wp-json\/wp\/v2\/types\/page"}],"author":[{"embeddable":true,"href":"https:\/\/www.sisinternational.com\/de\/wp-json\/wp\/v2\/users\/1"}],"replies":[{"embeddable":true,"href":"https:\/\/www.sisinternational.com\/de\/wp-json\/wp\/v2\/comments?post=41126"}],"version-history":[{"count":4,"href":"https:\/\/www.sisinternational.com\/de\/wp-json\/wp\/v2\/pages\/41126\/revisions"}],"predecessor-version":[{"id":81561,"href":"https:\/\/www.sisinternational.com\/de\/wp-json\/wp\/v2\/pages\/41126\/revisions\/81561"}],"up":[{"embeddable":true,"href":"https:\/\/www.sisinternational.com\/de\/wp-json\/wp\/v2\/pages\/33287"}],"wp:featuredmedia":[{"embeddable":true,"href":"https:\/\/www.sisinternational.com\/de\/wp-json\/wp\/v2\/media\/66204"}],"wp:attachment":[{"href":"https:\/\/www.sisinternational.com\/de\/wp-json\/wp\/v2\/media?parent=41126"}],"curies":[{"name":"wp","href":"https:\/\/api.w.org\/{rel}","templated":true}]}}