{"id":41094,"date":"2022-12-13T06:04:20","date_gmt":"2022-12-13T06:04:20","guid":{"rendered":"https:\/\/www.sisinternational.com\/?page_id=41094"},"modified":"2026-01-24T21:28:57","modified_gmt":"2026-01-25T02:28:57","slug":"marktforschung-amerikanische-jungferninseln","status":"publish","type":"page","link":"https:\/\/www.sisinternational.com\/de\/abdeckung\/marktforschung-in-der-karibik\/marktforschung-amerikanische-jungferninseln\/","title":{"rendered":"Marktforschung auf den Amerikanischen Jungferninseln"},"content":{"rendered":"<h1 class=\"wp-block-heading\">Marktforschung auf den Amerikanischen Jungferninseln<\/h1>\n\n\n\n<p><\/p>\n\n\n\n<figure class=\"gb-block-image gb-block-image-995c3e9e\"><img loading=\"lazy\" decoding=\"async\" width=\"1456\" height=\"816\" class=\"gb-image gb-image-995c3e9e\" src=\"https:\/\/www.sisinternational.com\/wp-content\/uploads\/2025\/09\/US-Virgin-islands-2.jpg\" alt=\"SIS International Marktforschung &amp; Strategie\" title=\"US Virgin islands (2)\" srcset=\"https:\/\/www.sisinternational.com\/wp-content\/uploads\/2025\/09\/US-Virgin-islands-2.jpg 1456w, https:\/\/www.sisinternational.com\/wp-content\/uploads\/2025\/09\/US-Virgin-islands-2-300x168.jpg 300w, https:\/\/www.sisinternational.com\/wp-content\/uploads\/2025\/09\/US-Virgin-islands-2-1024x574.jpg 1024w, https:\/\/www.sisinternational.com\/wp-content\/uploads\/2025\/09\/US-Virgin-islands-2-768x430.jpg 768w, https:\/\/www.sisinternational.com\/wp-content\/uploads\/2025\/09\/US-Virgin-islands-2-18x10.jpg 18w\" sizes=\"auto, (max-width: 1456px) 100vw, 1456px\"><\/figure>\n\n\n\n<p><\/p>\n\n\n\n<hr class=\"wp-block-separator has-alpha-channel-opacity is-style-dots\"\/>\n\n\n\n<p>Die Amerikanischen Jungferninseln liegen in der N\u00e4he der Gro\u00dfen Antillen, etwa 40 Meilen \u00f6stlich von Puerto Rico. Die Inseln liegen im nord\u00f6stlichen Karibischen Meer. Die USVI sind ein organisiertes, nicht eingemeindetes US-Inselgebiet und Teil der Virgin Islands Group, zu der auch die benachbarten Britischen Jungferninseln geh\u00f6ren. Die USVI bestehen aus drei gro\u00dfen Inseln \u2013 St. Thomas, St. Croix und St. John \u2013 und mindestens 50 kleinen Cays und Inselchen.<\/p>\n\n\n\n<h2 class=\"wp-block-heading\">Schl\u00fcsselindustrien<\/h2>\n\n\n\n<ul class=\"wp-block-list\">\n<li>Finanzdienstleistungen<\/li>\n\n\n\n<li>Rum destillieren<\/li>\n\n\n\n<li>Montage der Uhr<\/li>\n\n\n\n<li>Pharmazeutika<\/li>\n\n\n\n<li>Tourismus<\/li>\n\n\n\n<li>Infotechnik<\/li>\n<\/ul>\n\n\n\n<h2 class=\"wp-block-heading\">Gr\u00f6\u00dfere St\u00e4dte<\/h2>\n\n\n\n<ul class=\"wp-block-list\">\n<li><strong>Charlotte Amalie, St. Thomas<\/strong> \u2013 Charlotte Amalie ist die Hauptstadt der Amerikanischen Jungferninseln. Es ist auch die gr\u00f6\u00dfte Stadt auf der Insel St. Thomas. Hier findet man die besten Restaurants und Einkaufsm\u00f6glichkeiten sowie alle wichtigen Verkehrsknotenpunkte.<\/li>\n\n\n\n<li><strong>Christiansted, St. Croix<\/strong> \u2013 Christiansted wurde 1734 in St. Croix gegr\u00fcndet und ist die gr\u00f6\u00dfte Stadt der Insel. Sie zeichnet sich durch einzigartige afrikanisch-d\u00e4nische Architektur und viele historische Geb\u00e4ude aus. Ein weiterer wichtiger Punkt ist, dass das Sporttauchen eine gro\u00dfe Attraktion dieser Stadt ist und vor der K\u00fcste mehrere sehr gute Tauchpl\u00e4tze liegen.<\/li>\n\n\n\n<li><strong>Cruz Bay, St. John<\/strong> \u2013 In dieser beliebten Stadt erwarten die Besucher zahlreiche Einkaufsm\u00f6glichkeiten, Restaurants und Nachtclubs (einschlie\u00dflich eines Casinos). Der Strand von Cruz Bay liegt ganz in der N\u00e4he. Bars und Gesch\u00e4fte s\u00e4umen diesen belebten K\u00fcstenabschnitt. Cruz Bay ist ein Ferienort und bietet daher eine gro\u00dfe Auswahl an Reiseveranstaltern, die verschiedene Dienstleistungen anbieten.<\/li>\n<\/ul>\n\n\n\n<h2 class=\"wp-block-heading\">Trends<\/h2>\n\n\n\n<p>Handel, Tourismus und andere Dienstleistungen sind die wichtigsten Sektoren. Sie machen mehr als die H\u00e4lfte des BIP der Jungferninseln aus. Diese Sektoren stellen auch etwa die H\u00e4lfte aller zivilen Arbeitspl\u00e4tze. Die Inseln beherbergen jedes Jahr Millionen von Touristen, von denen die meisten von Kreuzfahrtschiffen kommen. Die Inseln importieren den gr\u00f6\u00dften Teil ihrer Lebensmittel, da der Agrarsektor klein ist. Staat und Industrie machen jeweils etwa ein F\u00fcnftel des BIP aus.<\/p>\n\n\n\n<h2 class=\"wp-block-heading\">Verbraucherbasis<\/h2>\n\n\n\n<p>Die meisten Einwohner der Virgin Islands leben auf St. Thomas und St. Croix. Weniger als f\u00fcnf Prozent wohnen auf St. John. Die Bev\u00f6lkerung ist vielf\u00e4ltig. Etwa drei Viertel sind schwarz, weitere zehn Prozent sind wei\u00df und der Rest f\u00e4llt unter \u201eAndere\u201c. Tats\u00e4chlich sind viele von ihnen Wanderarbeiter aus den Nachbarl\u00e4ndern. Diese Inseln sind unber\u00fchrt und bieten gro\u00dfartige Lebensbedingungen. Die nat\u00fcrliche Sch\u00f6nheit und das milde Klima tragen zus\u00e4tzlich zu einer hervorragenden Lebensqualit\u00e4t bei.<\/p>\n\n\n\n<h2 class=\"wp-block-heading\">Vorteile und St\u00e4rken im Markt<\/h2>\n\n\n\n<ul class=\"wp-block-list\">\n<li>Hersteller k\u00f6nnen ihren Produkten das Etikett \u201eMade in USA\u201c hinzuf\u00fcgen.<\/li>\n\n\n\n<li>Auf den Jungferninseln gilt die US-W\u00e4hrung, und sie stehen unter dem Schutz der US-Gerichte und ihrer Flagge.<\/li>\n\n\n\n<li>Diese Inseln sind ein Paradies. Sie haben wundersch\u00f6ne Str\u00e4nde, 360-Grad-Aussichten und ein gut entwickeltes Tourismusangebot.<\/li>\n\n\n\n<li>Die Regierung unterst\u00fctzt \u00f6ffentlich-private Partnerschaften. So konnte sie beispielsweise mehrere Investitionsabkommen mit privaten Unternehmen abschlie\u00dfen.<\/li>\n\n\n\n<li>Die Inseln verf\u00fcgen \u00fcber eine gebildete, engagierte und stabile Arbeitskraft.<\/li>\n<\/ul>\n\n\n\n<h2 class=\"wp-block-heading\">Reasons to Grow Your Business in the US Virgin Islands Market<\/h2>\n\n\n\n<p>The US Virgin Islands offers the Economic Development Commission or EDC program, a unique tax incentive for qualified companies moving to their shores. It reduces personal and corporate income taxes by 90 percent. It also exempts such <a href=\"https:\/\/www.sisinternational.com\/de\/multiplattform-marketing-kampagnenstrategie-fur-eine-holdinggesellschaft-und-einen-unternehmenskonglomerat-aus-den-emiraten\/\" title=\"Multikulturelle Werbedienstleistungen f\u00fcr eine Holdinggesellschaft und einen Unternehmenskonglomerat aus den Emiraten\"  data-wpil-monitor-id=\"9245\">companies from business<\/a> property tax. Also, goods produced in these islands may gain quota-free, duty-free entry into the US.<\/p>\n\n\n\n<h2 class=\"wp-block-heading\">About Market Research in the US Virgin Islands<\/h2>\n\n\n\n<p>SIS offers accurate and speedy market research with expert moderators and a huge, diverse database of study candidates. We also ensure quality results and peace of mind by providing Qualitative and Quantitative Market Research, Surveys, Interviews, Focus Groups, UX and Strategy Market Research, and Competitive Analysis. SIS also does Market Entry, Market Opportunity, and <a href=\"https:\/\/www.sisinternational.com\/de\/sachverstand\/branchen\/diesel-marktforschung\/\" title=\"Diesel-Marktforschung\"  data-wpil-monitor-id=\"3503\">Marktgr\u00f6\u00dfenforschung<\/a>.<\/p>\n\n\n\n<p><\/p>","protected":false},"excerpt":{"rendered":"<p>SIS bietet pr\u00e4zise und schnelle Marktforschung mit erfahrenen Moderatoren und einer riesigen, vielf\u00e4ltigen Datenbank mit Studienkandidaten.<\/p>","protected":false},"author":1,"featured_media":66378,"parent":33287,"menu_order":15,"comment_status":"closed","ping_status":"closed","template":"","meta":{"footnotes":""},"class_list":["post-41094","page","type-page","status-publish","has-post-thumbnail"],"_links":{"self":[{"href":"https:\/\/www.sisinternational.com\/de\/wp-json\/wp\/v2\/pages\/41094","targetHints":{"allow":["GET"]}}],"collection":[{"href":"https:\/\/www.sisinternational.com\/de\/wp-json\/wp\/v2\/pages"}],"about":[{"href":"https:\/\/www.sisinternational.com\/de\/wp-json\/wp\/v2\/types\/page"}],"author":[{"embeddable":true,"href":"https:\/\/www.sisinternational.com\/de\/wp-json\/wp\/v2\/users\/1"}],"replies":[{"embeddable":true,"href":"https:\/\/www.sisinternational.com\/de\/wp-json\/wp\/v2\/comments?post=41094"}],"version-history":[{"count":4,"href":"https:\/\/www.sisinternational.com\/de\/wp-json\/wp\/v2\/pages\/41094\/revisions"}],"predecessor-version":[{"id":81545,"href":"https:\/\/www.sisinternational.com\/de\/wp-json\/wp\/v2\/pages\/41094\/revisions\/81545"}],"up":[{"embeddable":true,"href":"https:\/\/www.sisinternational.com\/de\/wp-json\/wp\/v2\/pages\/33287"}],"wp:featuredmedia":[{"embeddable":true,"href":"https:\/\/www.sisinternational.com\/de\/wp-json\/wp\/v2\/media\/66378"}],"wp:attachment":[{"href":"https:\/\/www.sisinternational.com\/de\/wp-json\/wp\/v2\/media?parent=41094"}],"curies":[{"name":"wp","href":"https:\/\/api.w.org\/{rel}","templated":true}]}}