{"id":41092,"date":"2022-12-13T05:56:28","date_gmt":"2022-12-13T05:56:28","guid":{"rendered":"https:\/\/www.sisinternational.com\/?page_id=41092"},"modified":"2026-01-24T21:28:58","modified_gmt":"2026-01-25T02:28:58","slug":"marktforschung-niederlandische-karibik","status":"publish","type":"page","link":"https:\/\/www.sisinternational.com\/de\/abdeckung\/marktforschung-in-der-karibik\/marktforschung-niederlandische-karibik\/","title":{"rendered":"Marktforschung in der niederl\u00e4ndischen Karibik"},"content":{"rendered":"<h1 class=\"wp-block-heading\">Marktforschung in der niederl\u00e4ndischen Karibik<\/h1>\n\n\n\n<figure class=\"gb-block-image gb-block-image-04965494\"><img loading=\"lazy\" decoding=\"async\" width=\"1456\" height=\"816\" class=\"gb-image gb-image-04965494\" src=\"https:\/\/www.sisinternational.com\/wp-content\/uploads\/2025\/09\/Dutch-Caribbean-3.jpg\" alt=\"SIS International Marktforschung &amp; Strategie\" title=\"Dutch Caribbean (3)\" srcset=\"https:\/\/www.sisinternational.com\/wp-content\/uploads\/2025\/09\/Dutch-Caribbean-3.jpg 1456w, https:\/\/www.sisinternational.com\/wp-content\/uploads\/2025\/09\/Dutch-Caribbean-3-300x168.jpg 300w, https:\/\/www.sisinternational.com\/wp-content\/uploads\/2025\/09\/Dutch-Caribbean-3-1024x574.jpg 1024w, https:\/\/www.sisinternational.com\/wp-content\/uploads\/2025\/09\/Dutch-Caribbean-3-768x430.jpg 768w, https:\/\/www.sisinternational.com\/wp-content\/uploads\/2025\/09\/Dutch-Caribbean-3-18x10.jpg 18w\" sizes=\"auto, (max-width: 1456px) 100vw, 1456px\"><\/figure>\n\n\n\n<hr class=\"wp-block-separator has-alpha-channel-opacity is-style-dots\"\/>\n\n\n\n<p>Die niederl\u00e4ndischen Karibikinseln sind Teil der Inselkette der Kleinen Antillen. Drei der Inseln liegen im Norden, in der N\u00e4he der Jungferninseln. Diese drei sind Saba, Sint Eustatius und Sint Maarten.<\/p>\n\n\n\n<p>Die s\u00fcdlichen Inseln, bekannt als \u201eABC-Inseln\u201c, sind Aruba, Bonaire und Curacao. Au\u00dferdem gibt es Klein Bonaire (Little Bonaire) und Klein Curacao (Little Curacao).<\/p>\n\n\n\n<p>Diese Inseln waren fr\u00fcher als Niederl\u00e4ndische Antillen bekannt. Im Jahr 2010 haben die Niederl\u00e4ndischen Antillen ihren Status als Land aufgegeben. Tats\u00e4chlich bilden Aruba, Cura\u00e7ao und Sint Maarten jetzt eine einzigartige Gruppe. Sie wurden zu konstituierenden L\u00e4ndern des K\u00f6nigreichs der Niederlande. Die anderen Inseln, Bonaire, Sint Eustatius und Saba, wurden zu besonderen Gemeinden der Niederlande.<\/p>\n\n\n\n<h2 class=\"wp-block-heading\">Schl\u00fcsselindustrien<\/h2>\n\n\n\n<p>Die Wirtschaft h\u00e4ngt von zwei riesigen \u00d6lraffinerien auf Aruba und Curacao ab. Diese beiden H\u00e4fen geh\u00f6ren aufgrund des hohen Volumens an ein- und ausgehenden Lieferungen zu den gesch\u00e4ftigsten der Welt.<\/p>\n\n\n\n<p>Petroleum products form the backbone of the economy. The next most important <a href=\"https:\/\/www.sisinternational.com\/de\/losungen\/ai-marktforschung-und-strategieberatung\/ki-einfuhrung-reise-gastgewerbe-tourismusbranche-beratung\/\" title=\"Einf\u00fchrung von KI in der Reise-, Gastgewerbe- und Tourismusbranche \u2013 Beratung\"  data-wpil-monitor-id=\"10356\">industry is tourism<\/a>, followed by banking and investments.<\/p>\n\n\n\n<h2 class=\"wp-block-heading\">Nachbarschaften<\/h2>\n\n\n\n<p><strong>Oranjestad<\/strong>: die Hauptstadt und gr\u00f6\u00dfte Stadt Arubas, an der S\u00fcdk\u00fcste gelegen. Diese Stadt verf\u00fcgt \u00fcber mehrere Einkaufszentren und andere moderne Annehmlichkeiten.<\/p>\n\n\n\n<p><strong>Willemstad<\/strong>: Hauptstadt von Cura\u00e7ao. Willemstad war vor seiner Aufl\u00f6sung im Jahr 2010 die Hauptstadt der Niederl\u00e4ndischen Antillen.<\/p>\n\n\n\n<p><strong>Philipsburg<\/strong>: die Hauptstadt von Sint Maarten. Front Street ist das zentrale Einkaufsviertel im Herzen der Stadt.<\/p>\n\n\n\n<h2 class=\"wp-block-heading\">Trends<\/h2>\n\n\n\n<h3 class=\"wp-block-heading\">Besondere Gemeinden<\/h3>\n\n\n\n<p>Bonaire, Saba und Sint Eustatius haben zusammen eine Bev\u00f6lkerung von 26.500. Diese Zahl steigt, und auf den Inseln leben etwas mehr M\u00e4nner als Frauen.<\/p>\n\n\n\n<p>Mehr als 80 Prozent der Menschen auf diesen drei Inseln sind Internetnutzer. Die meisten von ihnen nutzen auch soziale Medien. Die Daten deuten darauf hin, dass Facebooks Anzeigenreichweite gr\u00f6\u00dfer ist als die von Instagram. Bislang ist die Akzeptanz von LinkedIn miserabel.<\/p>\n\n\n\n<h3 class=\"wp-block-heading\">Mitgliedsl\u00e4nder<\/h3>\n\n\n\n<p>Die L\u00e4nder dieser Gruppe, Aruba, Curacao und Sint Maarten, verzeichnen einen Aufw\u00e4rtstrend. Der Tourismus erholt sich und die Zahl der \u00dcbernachtungsg\u00e4ste und Kreuzfahrtschiff-Besucher nimmt zu. Die Erholung gewinnt an Boden, aber sie hat mit Gegenwind durch Inflation und andere R\u00fcckschl\u00e4ge zu k\u00e4mpfen.<\/p>\n\n\n\n<h2 class=\"wp-block-heading\">Vorteile und St\u00e4rken im Markt<\/h2>\n\n\n\n<p>The Dutch Caribbean features exciting nightlife. Island hopping is easy, and there are <a href=\"https:\/\/www.sisinternational.com\/de\/mystery-shopping-for-beauty-products\/\" title=\"Mystery Shopping for Beauty Products\"  data-wpil-monitor-id=\"10359\">beautiful beaches and excellent shopping<\/a>. Most stores accept US dollars. The official language of the islands is Dutch, but most residents speak English. Several airlines provide nonstop flights from US, Canadian, and European cities. The Dutch Caribbean is also a cruising mecca.<\/p>\n\n\n\n<h2 class=\"wp-block-heading\">Verbraucherbasis<\/h2>\n\n\n\n<p>Die Verbraucherbasis der niederl\u00e4ndischen Karibik ist vielf\u00e4ltig, da sie sechs Inseln umfasst. Die bekannteren Inseln sind Sint Maarten, Aruba und Cura\u00e7ao. Sie haben gut entwickelte Volkswirtschaften, die auf \u00d6lraffination und Tourismus basieren. Daher haben ihre Verbraucher anspruchsvollere Geschm\u00e4cker als die der anderen Inseln. Trotz ihrer Entwicklung herrscht auf allen Inseln eine entspannte Atmosph\u00e4re. Die Menschen spiegeln diese Atmosph\u00e4re wider.<\/p>\n\n\n\n<h2 class=\"wp-block-heading\">Gr\u00fcnde, Ihr Gesch\u00e4ft in der niederl\u00e4ndischen Karibik auszubauen<\/h2>\n\n\n\n<p>The Dutch Caribbean is excellent for <a href=\"https:\/\/www.sisinternational.com\/de\/veroffentlichungen\/japans-mittelstandsexporte\/\" title=\"Ausbau Ihres Gesch\u00e4fts in Japan\"  data-wpil-monitor-id=\"10357\">growing a business<\/a>. Why? Because it gives companies direct access to <a href=\"https:\/\/www.sisinternational.com\/de\/marktforschung-in-europa-2\/\" title=\"Der europ\u00e4ische Markt\"  data-wpil-monitor-id=\"10351\">the European market<\/a>. The Netherlands is part of the European Union. Your company can derive several benefits from that. The islands also have a well-developed tourism product. That is a boon if your <a href=\"https:\/\/www.sisinternational.com\/de\/losungen\/reise-tourismus-und-gastgewerbeberatung\/hotelmanagementunternehmen-marktforschung-strategieberatung\/\" title=\"Marktforschung und Strategieberatung f\u00fcr Hotelmanagementunternehmen\"  data-wpil-monitor-id=\"10354\">company serves that market<\/a>.<\/p>\n\n\n\n<h2 class=\"wp-block-heading\">\u00dcber Marktforschung in den niederl\u00e4ndischen Karibikinseln<\/h2>\n\n\n\n<p>At SIS we are happy to partner with companies needing market research in the Dutch Caribbean. We offer Quantitative, Qualitative, UX, Strategy, and <a href=\"https:\/\/www.sisinternational.com\/de\/sachverstand\/branchen\/diesel-marktforschung\/\" title=\"Diesel-Marktforschung\"  data-wpil-monitor-id=\"3505\">Markteintrittsforschung<\/a>. Our services also include <a href=\"https:\/\/www.sisinternational.com\/de\/abdeckung\/die-amerikaner\/marktforschung-in-lateinamerika-2\/kosmetik-in-mexiko-marktforschung\/\" title=\"Kosmetik in Mexiko Marktforschung\"  data-wpil-monitor-id=\"3507\">Marktgr\u00f6\u00dfenforschung<\/a> and Go-To-Market Strategy. We can put together <a href=\"https:\/\/www.sisinternational.com\/de\/losungen\/fokusgruppen-marktforschung\/wie-man-eine-fokusgruppe-leitet\/\" title=\"So leiten Sie eine Fokusgruppe\"  data-wpil-monitor-id=\"10352\">Focus Groups and conduct<\/a> Surveys and Interviews. That way, we help you figure out if investing in the Dutch Caribbean is right for you.<\/p>\n\n\n\n<p><\/p>","protected":false},"excerpt":{"rendered":"<p>SIS bietet Unternehmen in den niederl\u00e4ndischen Karibikinseln quantitative, qualitative, UX-, Strategie- und Markteintrittsforschung an.<\/p>","protected":false},"author":1,"featured_media":66259,"parent":33287,"menu_order":14,"comment_status":"closed","ping_status":"closed","template":"","meta":{"footnotes":""},"class_list":["post-41092","page","type-page","status-publish","has-post-thumbnail"],"_links":{"self":[{"href":"https:\/\/www.sisinternational.com\/de\/wp-json\/wp\/v2\/pages\/41092","targetHints":{"allow":["GET"]}}],"collection":[{"href":"https:\/\/www.sisinternational.com\/de\/wp-json\/wp\/v2\/pages"}],"about":[{"href":"https:\/\/www.sisinternational.com\/de\/wp-json\/wp\/v2\/types\/page"}],"author":[{"embeddable":true,"href":"https:\/\/www.sisinternational.com\/de\/wp-json\/wp\/v2\/users\/1"}],"replies":[{"embeddable":true,"href":"https:\/\/www.sisinternational.com\/de\/wp-json\/wp\/v2\/comments?post=41092"}],"version-history":[{"count":6,"href":"https:\/\/www.sisinternational.com\/de\/wp-json\/wp\/v2\/pages\/41092\/revisions"}],"predecessor-version":[{"id":81708,"href":"https:\/\/www.sisinternational.com\/de\/wp-json\/wp\/v2\/pages\/41092\/revisions\/81708"}],"up":[{"embeddable":true,"href":"https:\/\/www.sisinternational.com\/de\/wp-json\/wp\/v2\/pages\/33287"}],"wp:featuredmedia":[{"embeddable":true,"href":"https:\/\/www.sisinternational.com\/de\/wp-json\/wp\/v2\/media\/66259"}],"wp:attachment":[{"href":"https:\/\/www.sisinternational.com\/de\/wp-json\/wp\/v2\/media?parent=41092"}],"curies":[{"name":"wp","href":"https:\/\/api.w.org\/{rel}","templated":true}]}}