{"id":41088,"date":"2022-12-13T05:31:50","date_gmt":"2022-12-13T05:31:50","guid":{"rendered":"https:\/\/www.sisinternational.com\/?page_id=41088"},"modified":"2026-01-24T21:30:38","modified_gmt":"2026-01-25T02:30:38","slug":"marktforschung-britische-jungferninseln","status":"publish","type":"page","link":"https:\/\/www.sisinternational.com\/de\/abdeckung\/marktforschung-in-der-karibik\/marktforschung-britische-jungferninseln\/","title":{"rendered":"Marktforschung auf den Britischen Jungferninseln"},"content":{"rendered":"<h1 class=\"wp-block-heading\">Marktforschung auf den Britischen Jungferninseln<\/h1>\n\n\n\n<p><\/p>\n\n\n\n<figure class=\"gb-block-image gb-block-image-35e0b830\"><img loading=\"lazy\" decoding=\"async\" width=\"1456\" height=\"816\" class=\"gb-image gb-image-35e0b830\" src=\"https:\/\/www.sisinternational.com\/wp-content\/uploads\/2025\/09\/Brittish-Virgin-Islands-1.jpg\" alt=\"SIS International Marktforschung &amp; Strategie\" title=\"Brittish Virgin Islands (1)\" srcset=\"https:\/\/www.sisinternational.com\/wp-content\/uploads\/2025\/09\/Brittish-Virgin-Islands-1.jpg 1456w, https:\/\/www.sisinternational.com\/wp-content\/uploads\/2025\/09\/Brittish-Virgin-Islands-1-300x168.jpg 300w, https:\/\/www.sisinternational.com\/wp-content\/uploads\/2025\/09\/Brittish-Virgin-Islands-1-1024x574.jpg 1024w, https:\/\/www.sisinternational.com\/wp-content\/uploads\/2025\/09\/Brittish-Virgin-Islands-1-768x430.jpg 768w, https:\/\/www.sisinternational.com\/wp-content\/uploads\/2025\/09\/Brittish-Virgin-Islands-1-18x10.jpg 18w\" sizes=\"auto, (max-width: 1456px) 100vw, 1456px\"><\/figure>\n\n\n\n<p><\/p>\n\n\n\n<hr class=\"wp-block-separator has-alpha-channel-opacity is-style-dots\"\/>\n\n\n\n<p>Die Britischen Jungferninseln liegen nordwestlich von Anguilla und \u00f6stlich von Puerto Rico. Die Inseln bilden ein britisches \u00dcberseegebiet. Tortola, Virgin Gorda, Anegada und Jost Van Dyke sind die Hauptinseln der BVI, es gibt aber auch 50 kleinere Inseln und Cays. Auf 16 der Inseln leben Menschen. Road Town, die Hauptstadt, liegt auf Tortola, der gr\u00f6\u00dften Insel.<\/p>\n\n\n\n<h2 class=\"wp-block-heading\">Schl\u00fcsselindustrien<\/h2>\n\n\n\n<p>Sie fragen sich vielleicht, was der wichtigste Wirtschaftszweig der Britischen Jungferninseln ist? Die BVI haben zwei gro\u00dfe Wirtschaftszweige: Tourismus und Finanzdienstleistungen. Der Tourismus besch\u00e4ftigt viele Menschen, aber die BVI sind stolz auf ihren Status als Offshore-Finanzzentrum. Die Inseln produzieren auch Gem\u00fcse, Obst, Zuckerrohr, Gefl\u00fcgel und Vieh. Der Bootsbau ist ein weiterer wichtiger Bereich, ebenso wie kommerzielle Fischerei, Bauwesen und Rumdestillation.<\/p>\n\n\n\n<h2 class=\"wp-block-heading\">Nachbarschaften<\/h2>\n\n\n\n<ul class=\"wp-block-list\">\n<li>Road Town \u2013 die Hauptstadt der BVI und der gr\u00f6\u00dfte Ort auf Tortola<\/li>\n\n\n\n<li>Spanish Town \u2013 die zweitgr\u00f6\u00dfte Stadt auf Virgin Gorda, der drittgr\u00f6\u00dften Insel<\/li>\n\n\n\n<li>Cane Garden Bay \u2013 einer der bekanntesten Strandorte auf Tortola<\/li>\n\n\n\n<li>Scrub Island \u2013 ein gehobener kleiner Zufluchtsort nord\u00f6stlich von Tortola<\/li>\n\n\n\n<li>White Bay \u2013 eines der besten Strandresorts auf Jost Van Dyke<\/li>\n\n\n\n<li>Peter Island \u2013 eine private Insel nur f\u00fcnf Meilen nordwestlich von Road Town<\/li>\n\n\n\n<li>The Settlement \u2013 auch \u201eThe Village\u201c genannt, ist die einzige Stadt auf Anegada, der zweitgr\u00f6\u00dften und abgelegensten Insel der Britischen Jungferninseln.<\/li>\n\n\n\n<li>Belmont \u2013 ein zentraler Ort am Westende von Tortola<\/li>\n<\/ul>\n\n\n\n<h2 class=\"wp-block-heading\">Trends<\/h2>\n\n\n\n<p>The British Virgin Islands is a world leader in the <a href=\"https:\/\/www.sisinternational.com\/de\/losungen\/qualitative-quantitative-forschungslosungen\/marktforschung-im-ausendienst\/\" title=\"Marktforschung im Au\u00dfendienst\"  data-wpil-monitor-id=\"9370\">field of financial services<\/a>. For over four decades, it has allowed people and businesses to invest. It also allows them to trade across global borders. The islands have also emerged as a world-leading center for cryptos and FinTech, tapping into the vast potential of these new <a href=\"https:\/\/www.sisinternational.com\/de\/veroffentlichungen\/skalierbare-geschaftsmarktforschung-7-moglichkeiten-zum-aufbau-eines-skalierbaren-geschafts\/\" title=\"Marktforschung f\u00fcr skalierbare Unternehmen: 7 M\u00f6glichkeiten zum Aufbau eines skalierbaren Unternehmens\"  data-wpil-monitor-id=\"9372\">ways of doing business<\/a>. FinTech and crypto have many strengths. The BVI brings these strengths to people and businesses around the world.<\/p>\n\n\n\n<h2 class=\"wp-block-heading\">Vorteile und St\u00e4rken im Markt<\/h2>\n\n\n\n<p>Many of the BVI\u2019s strengths are common to other countries. For example, it has no currency exchange controls, and English is the primary language. It is a stable democracy. Also, the islands subscribe to a common <a href=\"https:\/\/www.sisinternational.com\/de\/optimized-management-system-for-a-leading-us-immigration-law-firm\/\" title=\"Optimized Management System for a Leading US Immigration law firm\"  data-wpil-monitor-id=\"9374\">law legal system<\/a>. This system allows them the final appeal to the Privy Council in London. Other benefits, such as taxation, are not standard for other countries. The BVI has no income tax. Capital gains, wealth, and corporation taxes are also non-existent.<\/p>\n\n\n\n<h2 class=\"wp-block-heading\">Verbraucherbasis<\/h2>\n\n\n\n<p>The British Virgin Islands is home to a total of 30,000 people. Slightly more than half are female. Almost half of the people live in urban centers, with the rest opting for country life. The median age is 37.2, and more than three-quarters of the people in the BVI have Internet access. In this sector, there is heavy social media use. Facebook <a href=\"https:\/\/www.sisinternational.com\/de\/erweiterung-der-marktreichweite-durch-eine-vielschichtige-marketingstrategie\/\" title=\"Erweiterung der Marktreichweite durch eine vielschichtige Marketingstrategie\"  data-wpil-monitor-id=\"9371\">reaches more than three-quarters of the market<\/a>.<\/p>\n\n\n\n<h2 class=\"wp-block-heading\">Gr\u00fcnde f\u00fcr den Ausbau Ihres Gesch\u00e4fts auf dem BVI-Markt<\/h2>\n\n\n\n<p>What is unique about the British Virgin Islands? We already mentioned the tax benefits. Also, setting up shop in the BVI is a quick and easy process. It is an attractive <a href=\"https:\/\/www.sisinternational.com\/de\/losungen\/branding-und-kundenforschungslosungen\/produkttests-marktforschung\/fuhrendes-unternehmen-fur-zentrale-standorttests\/\" title=\"F\u00fchrendes Unternehmen f\u00fcr zentrale Standorttests\"  data-wpil-monitor-id=\"9373\">location for US companies<\/a> because it\u2019s close to the US Virgin Islands. It\u2019s so close, in fact, that it uses the US dollar as its formal currency. The BVI has many further benefits. For his reason, it has long attracted businesses from around the world.<\/p>\n\n\n\n<h2 class=\"wp-block-heading\">\u00dcber Marktforschung auf den BVI<\/h2>\n\n\n\n<p>SIS International provides Qualitative, Quantitative, and <a href=\"https:\/\/www.sisinternational.com\/de\/sachverstand\/branchen\/industrielle-marktforschung\/\" title=\"Industrielle Marktforschung und Strategie\"  data-wpil-monitor-id=\"9369\">Strategy Research for industry<\/a> and consumer products. SIS looks at trends and lifestyles in the BVI. We use Focus Groups, Surveys, and Interviews to conduct <a href=\"https:\/\/www.sisinternational.com\/de\/abdeckung\/die-amerikaner\/marktforschung-in-lateinamerika-2\/kosmetik-in-mexiko-marktforschung\/\" title=\"Kosmetik in Mexiko Marktforschung\"  data-wpil-monitor-id=\"3516\">Markteintrittsforschung<\/a>, UX Market Research, Competitive Analysis, Market Opportunity Research, and Market Sizing Research and to come up with Go To Market Strategy.<\/p>\n\n\n\n<p><\/p>","protected":false},"excerpt":{"rendered":"<p>SIS bietet qualitative, quantitative und strategische Forschung f\u00fcr Industrie- und Konsumg\u00fcter auf den BVI.<\/p>","protected":false},"author":1,"featured_media":66220,"parent":33287,"menu_order":12,"comment_status":"closed","ping_status":"closed","template":"","meta":{"footnotes":""},"class_list":["post-41088","page","type-page","status-publish","has-post-thumbnail"],"_links":{"self":[{"href":"https:\/\/www.sisinternational.com\/de\/wp-json\/wp\/v2\/pages\/41088","targetHints":{"allow":["GET"]}}],"collection":[{"href":"https:\/\/www.sisinternational.com\/de\/wp-json\/wp\/v2\/pages"}],"about":[{"href":"https:\/\/www.sisinternational.com\/de\/wp-json\/wp\/v2\/types\/page"}],"author":[{"embeddable":true,"href":"https:\/\/www.sisinternational.com\/de\/wp-json\/wp\/v2\/users\/1"}],"replies":[{"embeddable":true,"href":"https:\/\/www.sisinternational.com\/de\/wp-json\/wp\/v2\/comments?post=41088"}],"version-history":[{"count":4,"href":"https:\/\/www.sisinternational.com\/de\/wp-json\/wp\/v2\/pages\/41088\/revisions"}],"predecessor-version":[{"id":81565,"href":"https:\/\/www.sisinternational.com\/de\/wp-json\/wp\/v2\/pages\/41088\/revisions\/81565"}],"up":[{"embeddable":true,"href":"https:\/\/www.sisinternational.com\/de\/wp-json\/wp\/v2\/pages\/33287"}],"wp:featuredmedia":[{"embeddable":true,"href":"https:\/\/www.sisinternational.com\/de\/wp-json\/wp\/v2\/media\/66220"}],"wp:attachment":[{"href":"https:\/\/www.sisinternational.com\/de\/wp-json\/wp\/v2\/media?parent=41088"}],"curies":[{"name":"wp","href":"https:\/\/api.w.org\/{rel}","templated":true}]}}