{"id":41086,"date":"2022-12-13T05:25:10","date_gmt":"2022-12-13T05:25:10","guid":{"rendered":"https:\/\/www.sisinternational.com\/?page_id=41086"},"modified":"2025-10-01T22:10:52","modified_gmt":"2025-10-02T02:10:52","slug":"marktforschung-bahamas","status":"publish","type":"page","link":"https:\/\/www.sisinternational.com\/de\/abdeckung\/marktforschung-in-der-karibik\/marktforschung-bahamas\/","title":{"rendered":"Marktforschung auf den Bahamas"},"content":{"rendered":"<h1 class=\"wp-block-heading\">Marktforschung auf den Bahamas<\/h1>\n\n\n\n<figure class=\"gb-block-image gb-block-image-df2ae73e\"><img loading=\"lazy\" decoding=\"async\" width=\"1456\" height=\"816\" class=\"gb-image gb-image-df2ae73e\" src=\"https:\/\/www.sisinternational.com\/wp-content\/uploads\/2025\/09\/The-Bahamas-3.jpg\" alt=\"SIS International Marktforschung &amp; Strategie\" title=\"The Bahamas (3)\" srcset=\"https:\/\/www.sisinternational.com\/wp-content\/uploads\/2025\/09\/The-Bahamas-3.jpg 1456w, https:\/\/www.sisinternational.com\/wp-content\/uploads\/2025\/09\/The-Bahamas-3-300x168.jpg 300w, https:\/\/www.sisinternational.com\/wp-content\/uploads\/2025\/09\/The-Bahamas-3-1024x574.jpg 1024w, https:\/\/www.sisinternational.com\/wp-content\/uploads\/2025\/09\/The-Bahamas-3-768x430.jpg 768w, https:\/\/www.sisinternational.com\/wp-content\/uploads\/2025\/09\/The-Bahamas-3-18x10.jpg 18w\" sizes=\"auto, (max-width: 1456px) 100vw, 1456px\"><\/figure>\n\n\n\n<hr class=\"wp-block-separator has-alpha-channel-opacity is-style-dots\"\/>\n\n\n\n<p>The Bahamas is a country formed from a chain of islands in the northwest of the Caribbean. These islands are a gateway to the Caribbean Sea, the Gulf of Mexico, and the entire Central American region.<\/p>\n\n\n\n<p>Au\u00dfer sch\u00f6nen Str\u00e4nden und einem angenehmen Klima fehlen den Bahamas die nat\u00fcrlichen Ressourcen. Daher ist das Land auf die Einnahmen aus seiner gro\u00df angelegten Tourismusindustrie angewiesen. Es verf\u00fcgt auch \u00fcber einen aufstrebenden, aber florierenden Finanzsektor.<\/p>\n\n\n\n<h2 class=\"wp-block-heading\">Schl\u00fcsselindustrien<\/h2>\n\n\n\n<p>The Bahamas\u2019 primary <a href=\"https:\/\/www.sisinternational.com\/de\/losungen\/ai-marktforschung-und-strategieberatung\/ki-einfuhrung-reise-gastgewerbe-tourismusbranche-beratung\/\" title=\"Einf\u00fchrung von KI in der Reise-, Gastgewerbe- und Tourismusbranche \u2013 Beratung\"  data-wpil-monitor-id=\"8968\">industry is tourism<\/a>, which comprises around half of the total GDP. The second-largest <a href=\"https:\/\/www.sisinternational.com\/de\/losungen\/fintech-strategieberatung-forschung\/marktforschung-fur-die-finanzdienstleistungsbranche\/\" title=\"Marktforschung f\u00fcr die Finanzdienstleistungsbranche\"  data-wpil-monitor-id=\"8967\">industry is the financial services<\/a> sector, which makes up about one-fifth of the GDP. Further but smaller-scale industries include wholesale and retail trade, farming, manufacturing, and fishing.<\/p>\n\n\n\n<h2 class=\"wp-block-heading\">Nachbarschaften<\/h2>\n\n\n\n<p>Im Gegensatz zu vielen anderen L\u00e4ndern der Region sind die Bahamas ein Archipelstaat. Sie erstrecken sich \u00fcber 700 Inseln, von denen 30 bewohnt sind. Hier sind einige Orte, die Sie in Betracht ziehen sollten:<\/p>\n\n\n\n<h3 class=\"wp-block-heading\">Neue Vorsehung<\/h3>\n\n\n\n<p>About two-thirds of Bahamians live on New Providence Island. It\u2019s the <a href=\"https:\/\/www.sisinternational.com\/de\/losungen\/qualitative-quantitative-forschungslosungen\/tests-an-zentralen-standorten-in-new-york-city\/\" title=\"Zentrale Standorttests in New York City: Vorteile f\u00fcr Produkttests\"  data-wpil-monitor-id=\"8974\">location of the capital and largest city<\/a>, Nassau, which covers the entire island.<\/p>\n\n\n\n<h3 class=\"wp-block-heading\">Grand Bahama<\/h3>\n\n\n\n<p>Freeport und Lucaya sind die beiden gr\u00f6\u00dften St\u00e4dte auf Grand Bahama. Freeport ist touristisch gepr\u00e4gt und wird h\u00e4ufig von Kreuzfahrtschiffen angelaufen. Bill Gates und Oprah besitzen H\u00e4user auf dieser Insel, daher ist es keine \u00dcberraschung, dass die Immobilienpreise hoch sind.<\/p>\n\n\n\n<h3 class=\"wp-block-heading\">Eleuthera<\/h3>\n\n\n\n<p>Diese Gruppe von Au\u00dfeninseln ist bei Rentnern beliebt, die sich im G\u00e4rtnern versuchen m\u00f6chten. Auf diesen Inseln gibt es mehr Erde als irgendwo sonst im Land.<\/p>\n\n\n\n<h3 class=\"wp-block-heading\">Abacos<\/h3>\n\n\n\n<p>Diese Inselgruppe ist ein weiteres beliebtes Ziel f\u00fcr Naturliebhaber. Sie ist ein Mekka f\u00fcr Angler, Bootsfahrer und Segler.<\/p>\n\n\n\n<h3 class=\"wp-block-heading\">Exumas<\/h3>\n\n\n\n<p>Dieser Teil des Landes bietet einige der besten Tauchm\u00f6glichkeiten der Welt. Er liegt auch in der N\u00e4he von Big Major Cay, wo Sie die ber\u00fchmten schwimmenden Schweine der Bahamas finden.<\/p>\n\n\n\n<h2 class=\"wp-block-heading\">Was ist auf den Bahamas gefragt?<\/h2>\n\n\n\n<p>The islands have a booming tourism sector, so almost every related niche is in demand. Hotels, condos, transport services, hair stylists, restaurants, and other food-based services like grocery stores can all do well here. <a href=\"https:\/\/www.sisinternational.com\/de\/losungen\/reise-tourismus-und-gastgewerbeberatung\/marktforschung-fur-reiseleiterunternehmen\/\" title=\"Marktforschung f\u00fcr Reiseleiterunternehmen\"  data-wpil-monitor-id=\"8970\">Guided fishing and boating tours<\/a> and undersea adventures also see massive success.<\/p>\n\n\n\n<h2 class=\"wp-block-heading\">Verbraucherbasis<\/h2>\n\n\n\n<p>The population of these islands is young. That\u2019s a feat, given the number of US retirees who call it home.<\/p>\n\n\n\n<p>Das Land ist auf Importe aus den USA angewiesen. Tats\u00e4chlich deckt es auf diese Weise seinen Treibstoff- und Nahrungsmittelbedarf f\u00fcr Einheimische und Touristen. US-Produkte genie\u00dfen den Ruf hoher Qualit\u00e4t.<\/p>\n\n\n\n<p>Another key point is that the people living on these islands tend to be brand-conscious. They prefer the brands they see on their frequent trips to the US. American commercials and other TV shows are also factors in their buying decisions.<\/p>\n\n\n\n<h2 class=\"wp-block-heading\">Vorteile und St\u00e4rken im Markt<\/h2>\n\n\n\n<p>Die Steuerfreiheit des Landes auf Einkommen ist ein gro\u00dfer Vorteil. Unternehmensgewinne, Kapitalertr\u00e4ge, pers\u00f6nliches Einkommen, Erbschaften, Verk\u00e4ufe sowie Dividenden sind steuerfrei. Diese Freiheit gilt auch f\u00fcr alle Privatpersonen, Partnerschaften, Trusts und ans\u00e4ssigen Unternehmen.<\/p>\n\n\n\n<p>The Bahamian dollar is on par with the US dollar. It has shown steady performance and value over the years.<br>Eine weitere St\u00e4rke ist die Leichtigkeit, mit der man Gesch\u00e4fte machen kann. Die Inseln haben mehrere unternehmensfreundliche Ma\u00dfnahmen ergriffen, um Investitionen anzuziehen.<\/p>\n\n\n\n<h2 class=\"wp-block-heading\">Gr\u00fcnde, Ihr Gesch\u00e4ft in diesem Markt auszubauen<\/h2>\n\n\n\n<p>Auf den Bahamas herrscht ein investitionsfreundliches Klima. Sowohl ausl\u00e4ndische als auch lokale Investoren k\u00f6nnen hier Erfolg haben. Die Gesetze f\u00f6rdern ausl\u00e4ndische Direktinvestitionen, und qualifizierte Investoren k\u00f6nnen auch Anreize erhalten. Dazu geh\u00f6ren Steuer- und Zollbefreiungen. Investoren k\u00f6nnen Anreize erhalten f\u00fcr:<\/p>\n\n\n\n<ul class=\"wp-block-list\">\n<li>Timesharing- und Eigentumswohnungs-Entwicklungsunternehmen<\/li>\n\n\n\n<li>Ferienorte<\/li>\n\n\n\n<li>Technik, Datenverarbeitung und IT-Dienstleistungen<\/li>\n\n\n\n<li>Captive-Versicherung<\/li>\n\n\n\n<li>Schiffsreparaturdienste<\/li>\n\n\n\n<li>Montageindustrie<\/li>\n\n\n\n<li>Flugzeugservice<\/li>\n<\/ul>\n\n\n\n<h2 class=\"wp-block-heading\">\u00dcber Marktforschung auf den Bahamas<\/h2>\n\n\n\n<p>Unser <a href=\"https:\/\/www.sisinternational.com\/de\/losungen\/strategieberatung\/datenanalyse\/\" title=\"Datenanalyse-Unternehmen\"  data-wpil-monitor-id=\"8972\">company can give you the data<\/a> you need to set up shop in these islands. At least, we can tell you the time it takes to start and run a business here, the series of steps, and the cost. Our <a href=\"https:\/\/www.sisinternational.com\/de\/sampling-techniques-in-qualitative-research-the-complete-guide-to-choosing-the-right-method\/\" title=\"Sampling Techniques in Qualitative Research: The Complete Guide to Choosing the Right Method\"  data-wpil-monitor-id=\"8965\">Qualitative Research methods<\/a> include Interviews, Focus Groups, and UX Market Research. Mobile, App, and Phone Surveys are some of our <a href=\"https:\/\/www.sisinternational.com\/de\/quantitative-market-research-methods-and-techniques\/\" title=\"Quantitative Market Research Methods and Techniques\"  data-wpil-monitor-id=\"8966\">Quantitative Research methods<\/a>. We also provide Strategy Research.<\/p>\n\n\n\n<p><\/p>","protected":false},"excerpt":{"rendered":"<p>Unser Unternehmen kann Ihnen die Daten liefern, die Sie ben\u00f6tigen, um auf diesen Inseln ein Gesch\u00e4ft zu er\u00f6ffnen. Zu den qualitativen Forschungsmethoden geh\u00f6ren Interviews, Fokusgruppen und UX-Marktforschung.<\/p>","protected":false},"author":1,"featured_media":66368,"parent":33287,"menu_order":11,"comment_status":"closed","ping_status":"closed","template":"","meta":{"footnotes":""},"class_list":["post-41086","page","type-page","status-publish","has-post-thumbnail"],"_links":{"self":[{"href":"https:\/\/www.sisinternational.com\/de\/wp-json\/wp\/v2\/pages\/41086","targetHints":{"allow":["GET"]}}],"collection":[{"href":"https:\/\/www.sisinternational.com\/de\/wp-json\/wp\/v2\/pages"}],"about":[{"href":"https:\/\/www.sisinternational.com\/de\/wp-json\/wp\/v2\/types\/page"}],"author":[{"embeddable":true,"href":"https:\/\/www.sisinternational.com\/de\/wp-json\/wp\/v2\/users\/1"}],"replies":[{"embeddable":true,"href":"https:\/\/www.sisinternational.com\/de\/wp-json\/wp\/v2\/comments?post=41086"}],"version-history":[{"count":3,"href":"https:\/\/www.sisinternational.com\/de\/wp-json\/wp\/v2\/pages\/41086\/revisions"}],"predecessor-version":[{"id":81505,"href":"https:\/\/www.sisinternational.com\/de\/wp-json\/wp\/v2\/pages\/41086\/revisions\/81505"}],"up":[{"embeddable":true,"href":"https:\/\/www.sisinternational.com\/de\/wp-json\/wp\/v2\/pages\/33287"}],"wp:featuredmedia":[{"embeddable":true,"href":"https:\/\/www.sisinternational.com\/de\/wp-json\/wp\/v2\/media\/66368"}],"wp:attachment":[{"href":"https:\/\/www.sisinternational.com\/de\/wp-json\/wp\/v2\/media?parent=41086"}],"curies":[{"name":"wp","href":"https:\/\/api.w.org\/{rel}","templated":true}]}}