{"id":41084,"date":"2022-12-13T04:59:58","date_gmt":"2022-12-13T04:59:58","guid":{"rendered":"https:\/\/www.sisinternational.com\/?page_id=41084"},"modified":"2026-01-24T21:30:39","modified_gmt":"2026-01-25T02:30:39","slug":"marktforschung-st-kitts-und-nevis","status":"publish","type":"page","link":"https:\/\/www.sisinternational.com\/de\/abdeckung\/marktforschung-in-der-karibik\/marktforschung-st-kitts-und-nevis\/","title":{"rendered":"Marktforschung in St. Kitts und Nevis"},"content":{"rendered":"<h1 class=\"wp-block-heading\">Marktforschung in St. Kitts und Nevis<\/h1>\n\n\n\n<figure class=\"gb-block-image gb-block-image-3b85ade1\"><img loading=\"lazy\" decoding=\"async\" width=\"1456\" height=\"816\" class=\"gb-image gb-image-3b85ade1\" src=\"https:\/\/www.sisinternational.com\/wp-content\/uploads\/2025\/09\/St.-Kitts-Nevis-1.jpg\" alt=\"SIS International Marktforschung &amp; Strategie\" title=\"St. Kitts &amp; Nevis (1)\" srcset=\"https:\/\/www.sisinternational.com\/wp-content\/uploads\/2025\/09\/St.-Kitts-Nevis-1.jpg 1456w, https:\/\/www.sisinternational.com\/wp-content\/uploads\/2025\/09\/St.-Kitts-Nevis-1-300x168.jpg 300w, https:\/\/www.sisinternational.com\/wp-content\/uploads\/2025\/09\/St.-Kitts-Nevis-1-1024x574.jpg 1024w, https:\/\/www.sisinternational.com\/wp-content\/uploads\/2025\/09\/St.-Kitts-Nevis-1-768x430.jpg 768w, https:\/\/www.sisinternational.com\/wp-content\/uploads\/2025\/09\/St.-Kitts-Nevis-1-18x10.jpg 18w\" sizes=\"auto, (max-width: 1456px) 100vw, 1456px\"><\/figure>\n\n\n\n<hr class=\"wp-block-separator has-alpha-channel-opacity is-style-dots\"\/>\n\n\n\n<p>Saint Kitts and Nevis is a micro-state. It consists of two islands located in the Leeward Islands chain of the Lesser Antilles. St. Kitts &amp; Nevis is the smallest sovereign country in the Western Hemisphere. The capital city is Basseterre, on St. Kitts. Anguilla used to be part of this union, but that island chose to secede and is now a <a href=\"https:\/\/www.sisinternational.com\/de\/abdeckung\/die-amerikaner\/marktforschung-in-der-karibik\/marktforschung-britische-jungferninseln\/\" title=\"Marktforschung auf den Britischen Jungferninseln\"  data-wpil-monitor-id=\"9483\">British<\/a> Overseas Territory.<\/p>\n\n\n\n<h2 class=\"wp-block-heading\">Schl\u00fcsselindustrien<\/h2>\n\n\n\n<p>The primary industry in Saint Kitts and Nevis is <a href=\"https:\/\/www.sisinternational.com\/de\/losungen\/ai-marktforschung-und-strategieberatung\/ki-einfuhrung-reise-gastgewerbe-tourismusbranche-beratung\/\" title=\"Einf\u00fchrung von KI in der Reise-, Gastgewerbe- und Tourismusbranche \u2013 Beratung\"  data-wpil-monitor-id=\"9484\">Tourismus<\/a>, and the islands rely on both long-term and short-term visitors. Agriculture is another primary industry. About 39 percent of the islands are under cultivation. Sugar cane is one of the major crops. Animal husbandry is yet another, and the islanders rear sheep, goats, cattle, and pigs. The islands also export fish to the Dutch Caribbean and Puerto Rico. The people of Saint Kitts and Nevis also engage in forestry and mining.<\/p>\n\n\n\n<h2 class=\"wp-block-heading\">Nachbarschaften<\/h2>\n\n\n\n<p>Basseterre, die Hauptstadt, r\u00fchmt sich alter Geb\u00e4ude und Denkm\u00e4ler aufgrund ihrer langen Geschichte des Kolonialkampfes. Zu den Sehensw\u00fcrdigkeiten z\u00e4hlen der Independence Square und das Circus-Viertel. Sandy Point ist die zweitgr\u00f6\u00dfte Stadt von St. Kitts. Hier befindet sich ein UNESCO-Weltkulturerbe \u2013 der Brimstone Hill Fortress National Park, der einen herrlichen Blick auf die darunter liegenden Ebenen und das Meer bietet. Charlestown ist die gr\u00f6\u00dfte Stadt und der Hafen von Nevis und beherbergt auch viele Touristenattraktionen.<\/p>\n\n\n\n<h2 class=\"wp-block-heading\">Trends<\/h2>\n\n\n\n<p>St. Kitts und Nevis erholt sich nach einem starken R\u00fcckgang. Die sinkenden Weltmarktpreise haben der Zuckerrohrindustrie in den letzten Jahren geschadet. Die Auswirkungen des aktuellen Abschwungs auf den Tourismus, die wichtigste St\u00fctze des Landes, hatten Welleneffekte. St. Kitts und Nevis ist auch anf\u00e4llig f\u00fcr externe Schocks. Naturkatastrophen, Klimawandel und globale Krisen k\u00f6nnen das Land beispielsweise hart treffen. Das Land hat seine wichtigsten Investitionssektoren hervorgehoben, darunter Tourismus, Finanzdienstleistungen und Immobilien. IKT, begrenzte Leichtindustrie und erneuerbare Energien sind weitere Bereiche, die gro\u00dfe Sorgen bereiten.<\/p>\n\n\n\n<h2 class=\"wp-block-heading\">Vorteile und St\u00e4rken im Markt<\/h2>\n\n\n\n<p>St. Kitts und Nevis hat sich zu einer der am schnellsten wachsenden Volkswirtschaften der Region entwickelt. Die Insel verf\u00fcgt \u00fcber eine solide Infrastruktur und sonnige Sandstr\u00e4nde. Au\u00dferdem gibt es auf den Inseln eine bl\u00fchende einheimische und ausl\u00e4ndische Gemeinschaft. Jedes Jahr besuchen mehr als eine Million Menschen St. Kitts und Nevis. Manchen gef\u00e4llt es dort so gut, dass sie schlie\u00dflich bleiben. Ein weiterer Vorteil ist die Tatsache, dass St. Kitts und Nevis englischsprachige Inseln sind. Die weit verbreitete Verwendung der englischen Sprache bedeutet, dass es f\u00fcr die Menschen in dieser bl\u00fchenden Nation einfach ist, Gesch\u00e4fte zu machen.<\/p>\n\n\n\n<h2 class=\"wp-block-heading\">Verbraucherbasis<\/h2>\n\n\n\n<p>Saint Kitts and Nevis is home to a total of 54,000 people. Many of these people depend on foreign remittances, which comprise about 3 percent of the GDP. Almost 100 percent of households on the two islands have access to electricity. About 80 percent of people have Internet access. In 2022, the country rolled out its National Quality Policy. This policy is a <a href=\"https:\/\/www.sisinternational.com\/de\/global-beverage-market\/\" title=\"Global Beverage Market: Market Dynamics, Growth Projections &amp; Consumer Insights\"  data-wpil-monitor-id=\"9482\">project aimed at protecting consumers<\/a> from shoddy goods.<\/p>\n\n\n\n<h2 class=\"wp-block-heading\">Gr\u00fcnde f\u00fcr die Expansion Ihres Unternehmens in St. Kitts und Nevis<\/h2>\n\n\n\n<p>One of the reasons to <a href=\"https:\/\/www.sisinternational.com\/de\/veroffentlichungen\/japans-mittelstandsexporte\/\" title=\"Ausbau Ihres Gesch\u00e4fts in Japan\"  data-wpil-monitor-id=\"9481\">grow a business<\/a> in Saint Kitts and Nevis is its banking sector. The <a href=\"https:\/\/www.sisinternational.com\/de\/billigflieger-in-der-luftfahrtindustrie\/\" title=\"Marktforschung f\u00fcr Billigflieger\"  data-wpil-monitor-id=\"9480\">cost of transactions is low<\/a>, and the privacy policies are sound. Companies can also receive tax benefits. In St. Kitts and Nevis, there are no taxes on capital gains, personal income, royalties, or estate. Dividends, interest, technical services, and gifts are not taxed. Moreover, the islands have a strong economy. The central bank has pegged the East Caribbean Dollar to the US dollar at XCD$2.7 = US$1 for the past 45 years.<\/p>\n\n\n\n<h2 class=\"wp-block-heading\">\u00dcber Marktforschung in St. Kitts und Nevis<\/h2>\n\n\n\n<p>SIS International is a top market research company providing insights into the investing climate in Saint Kitts and Nevis. We offer <a href=\"https:\/\/www.sisinternational.com\/de\/how-to-design-effective-surveys-for-quantitative-research\/\" title=\"How to Design Effective Surveys for Quantitative Research\"  data-wpil-monitor-id=\"9479\">Quantitative und qualitative Forschung<\/a> services. We provide high-quality UX and Strategy Market Research to companies worldwide. If you need a market research company, SIS is your best bet. Another of our services is Focus Groups, which form part of <a href=\"https:\/\/www.sisinternational.com\/de\/sachverstand\/branchen\/schifffahrts-und-logistikmarktforschung\/\" title=\"Marktforschung f\u00fcr Schifffahrt und Logistik\"  data-wpil-monitor-id=\"3522\">Markteintrittsforschung<\/a>. We also do Surveys and Interviews to help you reach your target audience.<\/p>\n\n\n\n<p><\/p>","protected":false},"excerpt":{"rendered":"<p>SIS ist ein f\u00fchrendes Marktforschungsunternehmen, das Einblicke in das Investitionsklima in St. Kitts und Nevis bietet.<\/p>","protected":false},"author":1,"featured_media":66361,"parent":33287,"menu_order":10,"comment_status":"closed","ping_status":"closed","template":"","meta":{"footnotes":""},"class_list":["post-41084","page","type-page","status-publish","has-post-thumbnail"],"_links":{"self":[{"href":"https:\/\/www.sisinternational.com\/de\/wp-json\/wp\/v2\/pages\/41084","targetHints":{"allow":["GET"]}}],"collection":[{"href":"https:\/\/www.sisinternational.com\/de\/wp-json\/wp\/v2\/pages"}],"about":[{"href":"https:\/\/www.sisinternational.com\/de\/wp-json\/wp\/v2\/types\/page"}],"author":[{"embeddable":true,"href":"https:\/\/www.sisinternational.com\/de\/wp-json\/wp\/v2\/users\/1"}],"replies":[{"embeddable":true,"href":"https:\/\/www.sisinternational.com\/de\/wp-json\/wp\/v2\/comments?post=41084"}],"version-history":[{"count":4,"href":"https:\/\/www.sisinternational.com\/de\/wp-json\/wp\/v2\/pages\/41084\/revisions"}],"predecessor-version":[{"id":81583,"href":"https:\/\/www.sisinternational.com\/de\/wp-json\/wp\/v2\/pages\/41084\/revisions\/81583"}],"up":[{"embeddable":true,"href":"https:\/\/www.sisinternational.com\/de\/wp-json\/wp\/v2\/pages\/33287"}],"wp:featuredmedia":[{"embeddable":true,"href":"https:\/\/www.sisinternational.com\/de\/wp-json\/wp\/v2\/media\/66361"}],"wp:attachment":[{"href":"https:\/\/www.sisinternational.com\/de\/wp-json\/wp\/v2\/media?parent=41084"}],"curies":[{"name":"wp","href":"https:\/\/api.w.org\/{rel}","templated":true}]}}