{"id":41080,"date":"2022-12-13T04:48:52","date_gmt":"2022-12-13T04:48:52","guid":{"rendered":"https:\/\/www.sisinternational.com\/?page_id=41080"},"modified":"2025-10-01T22:13:09","modified_gmt":"2025-10-02T02:13:09","slug":"marktforschung-montserrat","status":"publish","type":"page","link":"https:\/\/www.sisinternational.com\/de\/abdeckung\/marktforschung-in-der-karibik\/marktforschung-montserrat\/","title":{"rendered":"Marktforschung in Montserrat"},"content":{"rendered":"<h1 class=\"wp-block-heading\">Marktforschung in Montserrat<\/h1>\n\n\n\n<figure class=\"gb-block-image gb-block-image-e92d175f\"><img loading=\"lazy\" decoding=\"async\" width=\"1456\" height=\"816\" class=\"gb-image gb-image-e92d175f\" src=\"https:\/\/www.sisinternational.com\/wp-content\/uploads\/2025\/09\/Dutch-Caribbean-4-1.jpg\" alt=\"SIS International Marktforschung &amp; Strategie\" title=\"Dutch Caribbean 4\" srcset=\"https:\/\/www.sisinternational.com\/wp-content\/uploads\/2025\/09\/Dutch-Caribbean-4-1.jpg 1456w, https:\/\/www.sisinternational.com\/wp-content\/uploads\/2025\/09\/Dutch-Caribbean-4-1-300x168.jpg 300w, https:\/\/www.sisinternational.com\/wp-content\/uploads\/2025\/09\/Dutch-Caribbean-4-1-1024x574.jpg 1024w, https:\/\/www.sisinternational.com\/wp-content\/uploads\/2025\/09\/Dutch-Caribbean-4-1-768x430.jpg 768w, https:\/\/www.sisinternational.com\/wp-content\/uploads\/2025\/09\/Dutch-Caribbean-4-1-18x10.jpg 18w\" sizes=\"auto, (max-width: 1456px) 100vw, 1456px\"><\/figure>\n\n\n\n<hr class=\"wp-block-separator has-alpha-channel-opacity is-style-dots\"\/>\n\n\n\n<p>Montserrat ist ein britisches \u00dcberseegebiet. Die Insel liegt etwa 27 Meilen s\u00fcdwestlich von Antigua und 30 Meilen nordwestlich von Guadeloupe. Die Hauptstadt Plymouth liegt im S\u00fcden und war bis 1997 der einzige Einreisehafen. In diesem Jahr zerst\u00f6rten Vulkanausbr\u00fcche gro\u00dfe Teile der Stadt. Infolgedessen verlegte die Regierung einen Gro\u00dfteil ihrer Interessen nach Brades Estate. Diese neue Stadt, die oft als \u201eBrades\u201c bezeichnet wird, liegt in der n\u00f6rdlichen H\u00e4lfte der Insel.<\/p>\n\n\n\n<h2 class=\"wp-block-heading\">Nachbarschaften<\/h2>\n\n\n\n<ul class=\"wp-block-list\">\n<li>Brades Estate ist seit 1998 die De-facto-Hauptstadt von Montserrat. Es beherbergt eine Bank, mehrere kleine Gesch\u00e4fte, ein Postamt, Regierungsb\u00fcros, eine Apotheke und eine Bibliothek.<\/li>\n\n\n\n<li>Davy Hill liegt in der N\u00e4he von Brades Estate. Die Siedlung St. John liegt etwas mehr als eine Meile s\u00fcd\u00f6stlich.<\/li>\n\n\n\n<li>Little Bay ist eine Hafenstadt, die als zuk\u00fcnftige Hauptstadt von Montserrat gebaut wird. Sie liegt neben Brades Estate.<\/li>\n<\/ul>\n\n\n\n<h2 class=\"wp-block-heading\">Schl\u00fcsselindustrien<\/h2>\n\n\n\n<p>Montserrat\u2019s primary <a href=\"https:\/\/www.sisinternational.com\/de\/losungen\/ai-marktforschung-und-strategieberatung\/ki-einfuhrung-reise-gastgewerbe-tourismusbranche-beratung\/\" title=\"Einf\u00fchrung von KI in der Reise-, Gastgewerbe- und Tourismusbranche \u2013 Beratung\"  data-wpil-monitor-id=\"8950\">industries are tourism<\/a>, textiles, and rum. Most of the exports consist of electronic parts sold to the United States. Other exports include plastic bags, limes, hot peppers, live plants, and cattle. The economy is small and open, and centered on tourism and construction. Tourism is the most important sector and accounts for about one-fifth of the GDP. Agriculture is also a key industry in Montserrat.<\/p>\n\n\n\n<h2 class=\"wp-block-heading\">Trends<\/h2>\n\n\n\n<p>Die Insel erholt sich immer noch von den Ausbr\u00fcchen des Vulkans Soufriere Hills im Jahr 1997. Die Bev\u00f6lkerung ist von 13.000 im Jahr 1994 auf heute rund 5.000 gesunken. Die britische Regierung stellt den gr\u00f6\u00dften Teil des Betriebsbudgets der Insel zur Verf\u00fcgung, das etwa <strong>25 Millionen GBP pro Jahr<\/strong>. Es sichert sich weitere Einnahmen aus Lizenzen, Geb\u00fchren und Grundsteuern. Es erzielt auch Einnahmen aus Z\u00f6llen, die auf importierte Waren erhoben werden.<\/p>\n\n\n\n<h2 class=\"wp-block-heading\">Vorteile und St\u00e4rken auf dem Montserrat-Markt<\/h2>\n\n\n\n<p>This benefit may seem like a paradox. The very volcano that destroyed two-thirds of Montserrat has become a benefit. Not only does the island have a volcano, but that volcano is alive. Many people who saw the eruptions are there to <a href=\"https:\/\/www.sisinternational.com\/de\/losungen\/branding-und-kundenforschungslosungen\/storytelling-marktforschung\/\" title=\"Storytelling Marktforschung\"  data-wpil-monitor-id=\"8943\">tell their stories<\/a>. It\u2019s great stuff for tourism. The island\u2019s strategic location is another benefit. <a href=\"https:\/\/www.sisinternational.com\/de\/erweiterung-der-marktreichweite-durch-eine-vielschichtige-marketingstrategie\/\" title=\"Erweiterung der Marktreichweite durch eine vielschichtige Marketingstrategie\"  data-wpil-monitor-id=\"8946\">Marketing efforts can reach<\/a> English-speaking visitors in Antigua. They can also get to Dutch-speaking ones in Sint Maarten and French through Guadeloupe.<\/p>\n\n\n\n<h2 class=\"wp-block-heading\">Verbraucherbasis<\/h2>\n\n\n\n<p>Die Daten zeigen, dass die H\u00e4lfte der Menschen in Montserrat weiblich und die andere H\u00e4lfte m\u00e4nnlich ist. Weniger als zehn Prozent der Inselbewohner leben in st\u00e4dtischen Zentren. Der Rest lebt in l\u00e4ndlichen Gebieten. Was Online-Daten betrifft, so hat Montserrat etwa 3000 Social-Media-Nutzer. Diese Zahl entspricht etwa 63 Prozent der Bev\u00f6lkerung. Die Reichweite von Facebook-Werbung ist also recht gut. Nur etwa ein Drittel der Menschen in Montserrat nutzt Instagram. Im Gegensatz dazu hat LinkedIn eine Nutzerbasis von zwei Dritteln der Bev\u00f6lkerung.<\/p>\n\n\n\n<h2 class=\"wp-block-heading\">Gr\u00fcnde f\u00fcr den Ausbau Ihres Gesch\u00e4fts auf dem Montserrat-Markt<\/h2>\n\n\n\n<p>The island continues to make headway since the volcanic eruptions. It has special trade agreements with Canada, the United States, and other Caribbean islands. Thus, there are potential <a href=\"https:\/\/www.sisinternational.com\/de\/veroffentlichungen\/skalierbare-geschaftsmarktforschung-7-moglichkeiten-zum-aufbau-eines-skalierbaren-geschafts\/\" title=\"Marktforschung f\u00fcr skalierbare Unternehmen: 7 M\u00f6glichkeiten zum Aufbau eines skalierbaren Unternehmens\"  data-wpil-monitor-id=\"8948\">markets for any business<\/a> willing to take a chance. Also, Montserrat is a British overseas territory, so it has open-door access to the EU. Another plus is that the government embraces ex-pat investments. It has made it easy to buy domestic and business properties.<\/p>\n\n\n\n<h2 class=\"wp-block-heading\">\u00dcber Marktforschung in Montserrat<\/h2>\n\n\n\n<p><a href=\"https:\/\/www.sisinternational.com\/de\/sis-application-of-quantitative-data-analytics-to-sensory-testing\/\" title=\"SIS Application of Quantitative Data Analytics to Sensory Testing\"  data-wpil-monitor-id=\"8941\">SIS International offers Qualitative and Quantitative data<\/a>. This data is a boon for companies wishing to invest in Montserrat. Our UX and <a href=\"https:\/\/www.sisinternational.com\/de\/losungen\/reise-tourismus-und-gastgewerbeberatung\/hotelmanagementunternehmen-marktforschung-strategieberatung\/\" title=\"Marktforschung und Strategieberatung f\u00fcr Hotelmanagementunternehmen\"  data-wpil-monitor-id=\"8938\">Strategy Market Research will give your company<\/a> insights that will help it to get, keep, and grow customer relations. Together we can develop a Go-To-Market Strategy. You can bypass the maze of marketing lingo and buzzwords and go straight to making profits. <a href=\"https:\/\/www.sisinternational.com\/de\/sachverstand\/lebenslaufe\/lebenslauf-mit-erfahrungen-in-der-automobilindustrie\/\" title=\"Marktforschungsunternehmen f\u00fcr die Automobilindustrie\"  data-wpil-monitor-id=\"8939\">Market Research helps companies<\/a> develop through proper planning and organization. It also allows them to control their <a href=\"https:\/\/www.sisinternational.com\/de\/sachverstand\/branchen\/marktforschung-zu-naturlichen-ressourcen\/\" title=\"Marktforschung f\u00fcr nat\u00fcrliche Ressourcen\"  data-wpil-monitor-id=\"8944\">resources to meet market<\/a> needs.<\/p>\n\n\n\n<p><\/p>","protected":false},"excerpt":{"rendered":"<p>SIS International bietet qualitative und quantitative Daten. Diese Daten sind ein Segen f\u00fcr Unternehmen, die in Montserrat investieren m\u00f6chten.<\/p>","protected":false},"author":1,"featured_media":66260,"parent":33287,"menu_order":8,"comment_status":"closed","ping_status":"closed","template":"","meta":{"footnotes":""},"class_list":["post-41080","page","type-page","status-publish","has-post-thumbnail"],"_links":{"self":[{"href":"https:\/\/www.sisinternational.com\/de\/wp-json\/wp\/v2\/pages\/41080","targetHints":{"allow":["GET"]}}],"collection":[{"href":"https:\/\/www.sisinternational.com\/de\/wp-json\/wp\/v2\/pages"}],"about":[{"href":"https:\/\/www.sisinternational.com\/de\/wp-json\/wp\/v2\/types\/page"}],"author":[{"embeddable":true,"href":"https:\/\/www.sisinternational.com\/de\/wp-json\/wp\/v2\/users\/1"}],"replies":[{"embeddable":true,"href":"https:\/\/www.sisinternational.com\/de\/wp-json\/wp\/v2\/comments?post=41080"}],"version-history":[{"count":4,"href":"https:\/\/www.sisinternational.com\/de\/wp-json\/wp\/v2\/pages\/41080\/revisions"}],"predecessor-version":[{"id":81499,"href":"https:\/\/www.sisinternational.com\/de\/wp-json\/wp\/v2\/pages\/41080\/revisions\/81499"}],"up":[{"embeddable":true,"href":"https:\/\/www.sisinternational.com\/de\/wp-json\/wp\/v2\/pages\/33287"}],"wp:featuredmedia":[{"embeddable":true,"href":"https:\/\/www.sisinternational.com\/de\/wp-json\/wp\/v2\/media\/66260"}],"wp:attachment":[{"href":"https:\/\/www.sisinternational.com\/de\/wp-json\/wp\/v2\/media?parent=41080"}],"curies":[{"name":"wp","href":"https:\/\/api.w.org\/{rel}","templated":true}]}}