{"id":41076,"date":"2022-12-13T04:33:21","date_gmt":"2022-12-13T04:33:21","guid":{"rendered":"https:\/\/www.sisinternational.com\/?page_id=41076"},"modified":"2026-01-24T21:30:40","modified_gmt":"2026-01-25T02:30:40","slug":"marktforschung-martinique","status":"publish","type":"page","link":"https:\/\/www.sisinternational.com\/de\/abdeckung\/marktforschung-in-der-karibik\/marktforschung-martinique\/","title":{"rendered":"Marktforschung in Martinique"},"content":{"rendered":"<h1 class=\"wp-block-heading\">Marktforschung in Martinique<\/h1>\n\n\n\n<figure class=\"gb-block-image gb-block-image-d5dd84ef\"><img loading=\"lazy\" decoding=\"async\" width=\"1456\" height=\"816\" class=\"gb-image gb-image-d5dd84ef\" src=\"https:\/\/www.sisinternational.com\/wp-content\/uploads\/2025\/09\/Martinique-1.jpg\" alt=\"SIS International Marktforschung &amp; Strategie\" title=\"Martinique (1)\" srcset=\"https:\/\/www.sisinternational.com\/wp-content\/uploads\/2025\/09\/Martinique-1.jpg 1456w, https:\/\/www.sisinternational.com\/wp-content\/uploads\/2025\/09\/Martinique-1-300x168.jpg 300w, https:\/\/www.sisinternational.com\/wp-content\/uploads\/2025\/09\/Martinique-1-1024x574.jpg 1024w, https:\/\/www.sisinternational.com\/wp-content\/uploads\/2025\/09\/Martinique-1-768x430.jpg 768w, https:\/\/www.sisinternational.com\/wp-content\/uploads\/2025\/09\/Martinique-1-18x10.jpg 18w\" sizes=\"auto, (max-width: 1456px) 100vw, 1456px\"><\/figure>\n\n\n\n<hr class=\"wp-block-separator has-alpha-channel-opacity is-style-dots\"\/>\n\n\n\n<p>Martinique liegt in der \u00f6stlichen Karibik und ist ein \u00dcberseedepartement Frankreichs. Es hat eine Fl\u00e4che von 1199 Quadratkilometern und ist die Heimat von 365.000 Menschen. Es liegt nordwestlich von Barbados, n\u00f6rdlich von St. Lucia und s\u00fcdlich von Dominica. Die Hauptsprache ist Franz\u00f6sisch, aber die meisten Menschen sprechen auch Martinique-Kreolisch. Dar\u00fcber hinaus sind die Menschen franz\u00f6sische Staatsb\u00fcrger mit vollen rechtlichen und politischen Rechten. Die verwendete W\u00e4hrung ist der Euro.<\/p>\n\n\n\n<h2 class=\"wp-block-heading\">Schl\u00fcsselindustrien<\/h2>\n\n\n\n<p>Martinique verf\u00fcgt \u00fcber mehrere Schl\u00fcsselindustrien. Die Einwohner von Martinique sind beispielsweise im Tourismus, in der Fischerei, in der Agrarindustrie und in der Erd\u00f6lraffination t\u00e4tig. Der Tourismus hat in den letzten Jahrzehnten ein sehr starkes Wachstum erlebt und die Zahl der Besucher hat sich verdoppelt.<\/p>\n\n\n\n<p>Zuckerrohr und Bananen sind die wichtigsten Exportg\u00fcter von Martinique. Etwa ein Drittel der Landesfl\u00e4che der Insel wird kultiviert, und ein Sechstel der Bev\u00f6lkerung ist in diesem Sektor besch\u00e4ftigt.<\/p>\n\n\n\n<h2 class=\"wp-block-heading\">Nachbarschaften<\/h2>\n\n\n\n<p><strong>Fort-de-France<\/strong>: Die Hauptstadt von Martinique hat viel zu bieten. Ob Sie nun Delfine beobachten, kulinarische Touren unternehmen oder lokale Kunst bewundern m\u00f6chten, hier gibt es viel zu tun.<\/p>\n\n\n\n<p><strong>Sainte Anne<\/strong>: This town has budget-friendly places to stay as well as many free activities. Sainte Anne is perfect for the low-budget traveler. In fact, it\u2019s a great place to invest. For example, one can open bistros, bed &amp; breakfasts, and similar <a href=\"https:\/\/www.sisinternational.com\/de\/veroffentlichungen\/skalierbare-geschaftsmarktforschung-7-moglichkeiten-zum-aufbau-eines-skalierbaren-geschafts\/\" title=\"Marktforschung f\u00fcr skalierbare Unternehmen: 7 M\u00f6glichkeiten zum Aufbau eines skalierbaren Unternehmens\"  data-wpil-monitor-id=\"9868\">businesses to serve this market<\/a>.<\/p>\n\n\n\n<p><strong>Sainte-Luce<\/strong>: Diese Stadt ist ein Paradies f\u00fcr Feinschmecker. An jeder Ecke gibt es hervorragende Restaurants und Bars.<\/p>\n\n\n\n<h2 class=\"wp-block-heading\">Trends<\/h2>\n\n\n\n<p>Martinique ist f\u00fcr die meisten seiner Produkte von der Au\u00dfenwelt abh\u00e4ngig. Die Importe der Insel sind mindestens achtmal so hoch wie ihre Exporte! Zumindest hat der Export vieler Produkte in den letzten Jahren zugenommen. Die wichtigsten Lieferanten der Insel sind Frankreich, die EU, Asien und Nordamerika. Die meisten Importe aus Frankreich sind Verbrauchsg\u00fcter; mehr als die H\u00e4lfte davon sind Agrar- und Lebensmittelprodukte. Fast ein Viertel sind Arzneimittel.<\/p>\n\n\n\n<h2 class=\"wp-block-heading\">Vorteile und St\u00e4rken im Markt<\/h2>\n\n\n\n<p>Die Insel verf\u00fcgt \u00fcber ein ausgedehntes und gut gepflegtes Stra\u00dfennetz sowie Autobahnen rund um Fort-de-France. Der einzige Flughafen bedient Fl\u00fcge von und in die USA, nach Kanada, Europa, Venezuela und in den Rest der Karibik. Der Haupthafen in Fort-de-France ist der siebtgr\u00f6\u00dfte franz\u00f6sische Hafen (gemessen am Containerverkehr). Die Insel bietet au\u00dferdem regelm\u00e4\u00dfige F\u00e4hrverbindungen nach St. Lucia, Dominica und Guadeloupe.<\/p>\n\n\n\n<h2 class=\"wp-block-heading\">Verbraucherbasis<\/h2>\n\n\n\n<p>Fast 90 Prozent der Martinikaner leben in st\u00e4dtischen Zentren. Der Rest der Bev\u00f6lkerung lebt auf dem Land. Es gibt ein Geschlechterungleichgewicht, es gibt mehr Frauen als M\u00e4nner. Zwei Drittel der Menschen nutzen regelm\u00e4\u00dfig das Internet, ein stetiger Anstieg in den letzten Jahren. Weniger als die H\u00e4lfte aller Martinikaner sind auf Facebook. Die Anzeigenreichweite dieser Plattform entspricht etwa 40 Prozent der Gesamtbev\u00f6lkerung.<\/p>\n\n\n\n<p>Martinique hat eine der h\u00f6chsten Bev\u00f6lkerungsdichten in der Karibik. Dennoch z\u00e4hlt die Insel zu den kleinsten franz\u00f6sischen \u00dcberseegebieten.<\/p>\n\n\n\n<h2 class=\"wp-block-heading\">Gr\u00fcnde, Ihr Gesch\u00e4ft auf Martinique auszubauen<\/h2>\n\n\n\n<p>Martinique begr\u00fc\u00dft ausl\u00e4ndische Investitionen. Es hat ein gesundes Gesch\u00e4ftsklima, das Investitionen aus der ganzen Welt anzieht. Obwohl der Prozess komplex ist, begr\u00fc\u00dft Frankreich Investitionen aus den USA. Tats\u00e4chlich sind die Vereinigten Staaten Frankreichs gr\u00f6\u00dfte Quelle ausl\u00e4ndischer Direktinvestitionen. M\u00f6glichkeiten bestehen in den Bereichen Tourismus, Finanzen, Handel und Reparaturen, IKT, Bauwesen und Immobilien.<\/p>\n\n\n\n<p>Ein weiterer Grund f\u00fcr eine Investition ist das Klima, das konstant und perfekt f\u00fcr den Tourismus ist. Die Durchschnittstemperaturen liegen bei etwa 26 \u00b0C, mit durchschnittlichen Tiefsttemperaturen von 20 \u00b0C bis 22 \u00b0C und durchschnittlichen H\u00f6chsttemperaturen von 30 \u00b0C bis 32 \u00b0C. Die Temperaturunterschiede liegen zwischen 15 \u00b0C und 34 \u00b0C. Die Regenzeit dauert von Juli bis Dezember und die Trockenzeit von Dezember bis Juni.<\/p>\n\n\n\n<h2 class=\"wp-block-heading\">\u00dcber Marktforschung in Martinique<\/h2>\n\n\n\n<p><a href=\"https:\/\/www.sisinternational.com\/de\/losungen\/branding-und-kundenforschungslosungen\/produkttests-marktforschung\/sis-internationals-geschmackstest-fur-lebensmittel\/\" title=\"Was SIS International Research zum TOP-Marktforschungsunternehmen f\u00fcr Lebensmittelgeschmackstests in New York City macht\"  data-wpil-monitor-id=\"9867\">SIS International offers research<\/a> services for the island of Martinique. These services include:<\/p>\n\n\n\n<ul class=\"wp-block-list\">\n<li>Qualitative Marktforschung<\/li>\n\n\n\n<li>Quantitative Marktforschung<\/li>\n\n\n\n<li>UX Marktforschung<\/li>\n\n\n\n<li>Strategie Marktforschung<\/li>\n\n\n\n<li>Wettbewerbsanalyse<\/li>\n\n\n\n<li><a href=\"https:\/\/www.sisinternational.com\/de\/sachverstand\/branchen\/halal-marktforschung\/\" title=\"Halal-Marktforschung\"  data-wpil-monitor-id=\"3524\">Markteintrittsforschung<\/a><\/li>\n\n\n\n<li><a href=\"https:\/\/www.sisinternational.com\/de\/abdeckung\/die-amerikaner\/marktforschung-in-der-karibik\/marktforschung-bahamas\/\" title=\"Marktforschung auf den Bahamas\"  data-wpil-monitor-id=\"3532\">Marktgr\u00f6\u00dfenforschung<\/a><\/li>\n\n\n\n<li>Go-to-Market-Strategie<\/li>\n\n\n\n<li>Schwerpunktgruppen<\/li>\n\n\n\n<li>Umfragen<\/li>\n\n\n\n<li>Interviews<\/li>\n<\/ul>\n\n\n\n<p><\/p>","protected":false},"excerpt":{"rendered":"<p>SIS International bietet Forschungsdienstleistungen f\u00fcr die Insel Martinique an. Diese Dienstleistungen umfassen: Qualitative Forschung, Quantitative Forschung<\/p>","protected":false},"author":1,"featured_media":66136,"parent":33287,"menu_order":7,"comment_status":"closed","ping_status":"closed","template":"","meta":{"footnotes":""},"class_list":["post-41076","page","type-page","status-publish","has-post-thumbnail"],"_links":{"self":[{"href":"https:\/\/www.sisinternational.com\/de\/wp-json\/wp\/v2\/pages\/41076","targetHints":{"allow":["GET"]}}],"collection":[{"href":"https:\/\/www.sisinternational.com\/de\/wp-json\/wp\/v2\/pages"}],"about":[{"href":"https:\/\/www.sisinternational.com\/de\/wp-json\/wp\/v2\/types\/page"}],"author":[{"embeddable":true,"href":"https:\/\/www.sisinternational.com\/de\/wp-json\/wp\/v2\/users\/1"}],"replies":[{"embeddable":true,"href":"https:\/\/www.sisinternational.com\/de\/wp-json\/wp\/v2\/comments?post=41076"}],"version-history":[{"count":6,"href":"https:\/\/www.sisinternational.com\/de\/wp-json\/wp\/v2\/pages\/41076\/revisions"}],"predecessor-version":[{"id":81638,"href":"https:\/\/www.sisinternational.com\/de\/wp-json\/wp\/v2\/pages\/41076\/revisions\/81638"}],"up":[{"embeddable":true,"href":"https:\/\/www.sisinternational.com\/de\/wp-json\/wp\/v2\/pages\/33287"}],"wp:featuredmedia":[{"embeddable":true,"href":"https:\/\/www.sisinternational.com\/de\/wp-json\/wp\/v2\/media\/66136"}],"wp:attachment":[{"href":"https:\/\/www.sisinternational.com\/de\/wp-json\/wp\/v2\/media?parent=41076"}],"curies":[{"name":"wp","href":"https:\/\/api.w.org\/{rel}","templated":true}]}}