{"id":41074,"date":"2022-12-13T04:20:27","date_gmt":"2022-12-13T04:20:27","guid":{"rendered":"https:\/\/www.sisinternational.com\/?page_id=41074"},"modified":"2026-01-24T21:30:41","modified_gmt":"2026-01-25T02:30:41","slug":"marktforschung-guadeloupe","status":"publish","type":"page","link":"https:\/\/www.sisinternational.com\/de\/abdeckung\/marktforschung-in-der-karibik\/marktforschung-guadeloupe\/","title":{"rendered":"Marktforschung in Guadeloupe"},"content":{"rendered":"<h1 class=\"wp-block-heading\">Marktforschung in Guadeloupe<\/h1>\n\n\n\n<figure class=\"gb-block-image gb-block-image-880192f7\"><img loading=\"lazy\" decoding=\"async\" width=\"1456\" height=\"816\" class=\"gb-image gb-image-880192f7\" src=\"https:\/\/www.sisinternational.com\/wp-content\/uploads\/2025\/09\/Guadeloupe-3.jpg\" alt=\"SIS International Marktforschung &amp; Strategie\" title=\"Guadeloupe (3)\" srcset=\"https:\/\/www.sisinternational.com\/wp-content\/uploads\/2025\/09\/Guadeloupe-3.jpg 1456w, https:\/\/www.sisinternational.com\/wp-content\/uploads\/2025\/09\/Guadeloupe-3-300x168.jpg 300w, https:\/\/www.sisinternational.com\/wp-content\/uploads\/2025\/09\/Guadeloupe-3-1024x574.jpg 1024w, https:\/\/www.sisinternational.com\/wp-content\/uploads\/2025\/09\/Guadeloupe-3-768x430.jpg 768w, https:\/\/www.sisinternational.com\/wp-content\/uploads\/2025\/09\/Guadeloupe-3-18x10.jpg 18w\" sizes=\"auto, (max-width: 1456px) 100vw, 1456px\"><\/figure>\n\n\n\n<hr class=\"wp-block-separator has-alpha-channel-opacity is-style-dots\"\/>\n\n\n\n<p>Guadeloupe ist eine Inselgruppe in den franz\u00f6sischen Westindischen Inseln. Es ist ein \u00dcberseedepartement Frankreichs. Ein weiterer wichtiger Punkt ist, dass die Hauptregion von Guadeloupe aus zwei Inseln besteht. Grand-Terre liegt im Osten und Basse-Terre weiter westlich. Ein schmaler Meereskanal, der Riviere Salee, flie\u00dft zwischen den beiden. La Desirade, eine weitere Insel der Gruppe, liegt im Osten, Marie Galante im S\u00fcdosten und die Saintes im S\u00fcden.<\/p>\n\n\n\n<h2 class=\"wp-block-heading\">Schl\u00fcsselindustrien<\/h2>\n\n\n\n<p>Tourism, agriculture, light industry, and <a href=\"https:\/\/www.sisinternational.com\/de\/losungen\/fintech-strategieberatung-forschung\/sourcing-beratung-fur-finanzdienstleistungen-2\/\" title=\"Sourcing-Beratung f\u00fcr Finanzdienstleistungen\"  data-wpil-monitor-id=\"8273\">services are the main sources<\/a> of the islands\u2019 wealth. The islands also depend on France for imports and large grants. They import fuel and most mass produced goods.<\/p>\n\n\n\n<h3 class=\"wp-block-heading\">Tourismus<\/h3>\n\n\n\n<p>Many cruise ships visit each year, and <a href=\"https:\/\/www.sisinternational.com\/de\/losungen\/ai-marktforschung-und-strategieberatung\/ki-einfuhrung-reise-gastgewerbe-tourismusbranche-beratung\/\" title=\"Einf\u00fchrung von KI in der Reise-, Gastgewerbe- und Tourismusbranche \u2013 Beratung\"  data-wpil-monitor-id=\"8271\">tourism has become the main industry<\/a>.<\/p>\n\n\n\n<h3 class=\"wp-block-heading\">Landwirtschaft<\/h3>\n\n\n\n<p>Andere Nutzpflanzen wie Auberginen, Bananen und Blumen ersetzen das herk\u00f6mmliche Zuckerrohr. Die Menschen bauen auch Wurzelgem\u00fcse und anderes Gem\u00fcse an.<\/p>\n\n\n\n<h3 class=\"wp-block-heading\">Lichtindustrie<\/h3>\n\n\n\n<p>Die Zucker- und Rumproduktion macht den Gro\u00dfteil der Leichtindustrie der Inseln aus.<\/p>\n\n\n\n<h2 class=\"wp-block-heading\">Nachbarschaften<\/h2>\n\n\n\n<p>Die besten St\u00e4dte dieser Inseln sind Baie-Mahault, Les Abymes und Petit-Bourg. Le Gosier ist die perfekte, lebhafte Stadt f\u00fcr einen Aufenthalt auf Grande-Terre. Seine zentrale Lage ist sein Hauptvorteil. Le Gosier hat auch Str\u00e4nde, Gesch\u00e4fte und Nachtleben.<\/p>\n\n\n\n<p>Bouillante ist einer der besten Orte zum \u00dcbernachten in Basseterre. Es ist perfekt, wenn Sie gerne tauchen, schnorcheln oder in den hei\u00dfen Quellen faulenzen. Saint Francois auf der Insel Grande-Terre ist eine beliebte Wahl bei Familien. Es hat mehrere historische St\u00e4tten und einen der besten Str\u00e4nde in Guadeloupe: Raisins Clairs Beach.<\/p>\n\n\n\n<h2 class=\"wp-block-heading\">Trends<\/h2>\n\n\n\n<p>Die Inseln sind modern und haben seit den 1990er Jahren ein stetiges Wachstum erlebt. Ein privater und haupts\u00e4chlich terti\u00e4rer Sektor hat einige der herk\u00f6mmlichen Sektoren ersetzt. Dieser neue Sektor macht mindestens f\u00fcnf Sechstel des Reichtums der Inseln aus. Es gibt auch viele Mikrounternehmen, die ein Drittel der Arbeitspl\u00e4tze auf den Inseln stellen. Tats\u00e4chlich zeigen Berichte, dass Guadeloupe das franz\u00f6sische Departement mit der h\u00f6chsten Unternehmensgr\u00fcndungsrate ist. Es gibt dort durchschnittlich 5.000 neue Unternehmen pro Jahr.<\/p>\n\n\n\n<h2 class=\"wp-block-heading\">Vorteile und St\u00e4rken im Markt<\/h2>\n\n\n\n<p>Die gr\u00f6\u00dfte St\u00e4rke der Inseln liegt in den aufstrebenden Sektoren. Zu diesen Sektoren geh\u00f6ren die Seniorenwirtschaft, pers\u00f6nliche Dienstleistungen sowie kreative und kulturelle Industrien. Wasserversorgung, Abwasserentsorgung und Abfallbehandlung fallen ebenfalls unter die aufstrebenden Sektoren.<br>The Jarry area is now a \u201cTerritoire d\u2019industrie.\u201d This move will strengthen the islands\u2019 appeal to investors. Other ambitious projects are underway, such as setting up a technopole. This technopole will bring together state-of-the-art <a href=\"https:\/\/www.sisinternational.com\/de\/losungen\/fintech-strategieberatung-forschung\/marktforschung-fur-die-finanzdienstleistungsbranche\/\" title=\"Marktforschung f\u00fcr die Finanzdienstleistungsbranche\"  data-wpil-monitor-id=\"8270\">industries and services<\/a>. It will also improve <a href=\"https:\/\/www.sisinternational.com\/de\/sachverstand\/branchen\/trainingsdaten-marktforschung\/\" title=\"Marktforschung zu Trainingsdaten\"  data-wpil-monitor-id=\"8274\">research capacity and make state-of-the-art training<\/a> possible.<\/p>\n\n\n\n<h2 class=\"wp-block-heading\">Verbraucherbasis<\/h2>\n\n\n\n<p>Auf den Inseln leben etwa 400.000 Menschen, wobei der Frauenanteil etwas h\u00f6her ist. Nur etwa 1,5 Prozent der Bev\u00f6lkerung leben auf dem Land, der Rest in st\u00e4dtischen Zentren.<\/p>\n\n\n\n<p>Aktuelle Daten zeigen, dass rund zwei Drittel der Bev\u00f6lkerung Internetnutzer sind, von denen die meisten in den sozialen Medien unterwegs sind. Facebook-Werbung erreicht fast die H\u00e4lfte der Menschen. Die Anzeigenreichweite von Instagram ist fast gleich der von Facebook. LinkedIn hat etwa ein Drittel der Menschen und Twitter ein Sechstel.<\/p>\n\n\n\n<h2 class=\"wp-block-heading\">Gr\u00fcnde, Ihr Gesch\u00e4ft in diesem Markt auszubauen<\/h2>\n\n\n\n<p>Das Investitionsklima in Frankreich (und damit auch in Guadeloupe) ist g\u00fcnstig. Es gibt einen soliden Rechtsrahmen zur Korruptionsbek\u00e4mpfung. Gleichzeitig ist die Gr\u00fcndung eines Unternehmens einfach und erschwinglich. Die franz\u00f6sische Regierung bietet eine Reihe von Anreizen, um ausl\u00e4ndische Unternehmen anzulocken. Wenn Sie in Guadeloupe ein Unternehmen gr\u00fcnden, k\u00f6nnen Sie Kredite zu g\u00fcnstigen Zinss\u00e4tzen erhalten. Diese liegen im Durchschnitt bei nur 2,2 Prozent pro Jahr.<\/p>\n\n\n\n<h2 class=\"wp-block-heading\">\u00dcber Marktforschung in Guadeloupe<\/h2>\n\n\n\n<p><a href=\"https:\/\/www.sisinternational.com\/de\/ostern-und-der-unvermeidliche-schokoladenhase\/\" title=\"Ostermarktforschung\"  data-wpil-monitor-id=\"8265\">Market research is easy with SIS<\/a>. Our high-quality <a href=\"https:\/\/www.sisinternational.com\/de\/losungen\/geschmackstest\/how-quantitative-sensory-testing-helps-businesses-improve-product-appeal\/\" title=\"Sensory Testing Research\"  data-wpil-monitor-id=\"8266\">research and data testing<\/a> provide insights into how you can make these islands work for you. We are here to help you make crucial decisions. SIS provides <a href=\"https:\/\/www.sisinternational.com\/de\/how-to-design-effective-surveys-for-quantitative-research\/\" title=\"How to Design Effective Surveys for Quantitative Research\"  data-wpil-monitor-id=\"8268\">Quantitative coupled with Qualitative Research<\/a> on these islands and beyond. We also offer UX, Market Entry, and <a href=\"https:\/\/www.sisinternational.com\/de\/die-rolle-der-prozess-und-systementwicklung-fur-den-unternehmenserfolg\/\" title=\"Organisationsdesign Marktforschung\"  data-wpil-monitor-id=\"8263\">Strategie Marktforschung<\/a>.<br>We do Competitive Analysis, <a href=\"https:\/\/www.sisinternational.com\/de\/sachverstand\/branchen\/halal-marktforschung\/\" title=\"Halal-Marktforschung\"  data-wpil-monitor-id=\"3526\">Marktchancenforschung<\/a>, and Market Sizing Research. You can also count on us for data to inform your Go-to-Market Strategy. We use Focus Groups, Surveys, and Interviews to gather data to help you decide to invest.<\/p>\n\n\n\n<p><\/p>","protected":false},"excerpt":{"rendered":"<p>Marktforschung ist mit SIS ganz einfach. Unsere hochwertigen Recherchen und Datentests liefern Erkenntnisse dar\u00fcber, wie Sie diese Inseln f\u00fcr sich nutzen k\u00f6nnen.<\/p>","protected":false},"author":1,"featured_media":66125,"parent":33287,"menu_order":6,"comment_status":"closed","ping_status":"closed","template":"","meta":{"footnotes":""},"class_list":["post-41074","page","type-page","status-publish","has-post-thumbnail"],"_links":{"self":[{"href":"https:\/\/www.sisinternational.com\/de\/wp-json\/wp\/v2\/pages\/41074","targetHints":{"allow":["GET"]}}],"collection":[{"href":"https:\/\/www.sisinternational.com\/de\/wp-json\/wp\/v2\/pages"}],"about":[{"href":"https:\/\/www.sisinternational.com\/de\/wp-json\/wp\/v2\/types\/page"}],"author":[{"embeddable":true,"href":"https:\/\/www.sisinternational.com\/de\/wp-json\/wp\/v2\/users\/1"}],"replies":[{"embeddable":true,"href":"https:\/\/www.sisinternational.com\/de\/wp-json\/wp\/v2\/comments?post=41074"}],"version-history":[{"count":6,"href":"https:\/\/www.sisinternational.com\/de\/wp-json\/wp\/v2\/pages\/41074\/revisions"}],"predecessor-version":[{"id":81389,"href":"https:\/\/www.sisinternational.com\/de\/wp-json\/wp\/v2\/pages\/41074\/revisions\/81389"}],"up":[{"embeddable":true,"href":"https:\/\/www.sisinternational.com\/de\/wp-json\/wp\/v2\/pages\/33287"}],"wp:featuredmedia":[{"embeddable":true,"href":"https:\/\/www.sisinternational.com\/de\/wp-json\/wp\/v2\/media\/66125"}],"wp:attachment":[{"href":"https:\/\/www.sisinternational.com\/de\/wp-json\/wp\/v2\/media?parent=41074"}],"curies":[{"name":"wp","href":"https:\/\/api.w.org\/{rel}","templated":true}]}}