{"id":41072,"date":"2022-12-13T04:15:26","date_gmt":"2022-12-13T04:15:26","guid":{"rendered":"https:\/\/www.sisinternational.com\/?page_id=41072"},"modified":"2026-01-26T16:47:54","modified_gmt":"2026-01-26T21:47:54","slug":"marktforschung-grenada","status":"publish","type":"page","link":"https:\/\/www.sisinternational.com\/de\/abdeckung\/marktforschung-in-der-karibik\/marktforschung-grenada\/","title":{"rendered":"Marktforschung in Grenada"},"content":{"rendered":"<h1 class=\"wp-block-heading\">Marktforschung in Grenada<\/h1>\n\n\n\n<figure class=\"gb-block-image gb-block-image-abccce6c\"><img loading=\"lazy\" decoding=\"async\" width=\"1456\" height=\"816\" class=\"gb-image gb-image-abccce6c\" src=\"https:\/\/www.sisinternational.com\/wp-content\/uploads\/2025\/09\/Grenada-3.jpg\" alt=\"SIS International Marktforschung &amp; Strategie\" title=\"Grenada (3)\" srcset=\"https:\/\/www.sisinternational.com\/wp-content\/uploads\/2025\/09\/Grenada-3.jpg 1456w, https:\/\/www.sisinternational.com\/wp-content\/uploads\/2025\/09\/Grenada-3-300x168.jpg 300w, https:\/\/www.sisinternational.com\/wp-content\/uploads\/2025\/09\/Grenada-3-1024x574.jpg 1024w, https:\/\/www.sisinternational.com\/wp-content\/uploads\/2025\/09\/Grenada-3-768x430.jpg 768w, https:\/\/www.sisinternational.com\/wp-content\/uploads\/2025\/09\/Grenada-3-18x10.jpg 18w\" sizes=\"auto, (max-width: 1456px) 100vw, 1456px\"><\/figure>\n\n\n\n<hr class=\"wp-block-separator has-alpha-channel-opacity is-style-dots\"\/>\n\n\n\n<p>Grenada ist ein Inselstaat am s\u00fcdlichen Ende der Karibik. Er besteht aus drei bewohnten Inseln: Grenada (Festland), Carriacou und Petit Martinique.<\/p>\n\n\n\n<p>Several islets are also part of the state of Grenada. These include Calivigny Island, White Island, and Isle de Ronde. This 133-square-mile country is home to around 115,000 people. It lies north of <a href=\"https:\/\/www.sisinternational.com\/de\/abdeckung\/die-amerikaner\/marktforschung-in-der-karibik\/marktforschung-trinidad-und-tobago\/\" title=\"Marktforschung in Trinidad und Tobago\"  data-wpil-monitor-id=\"6202\">Trinidad &amp; Tobago<\/a>.<\/p>\n\n\n\n<h2 class=\"wp-block-heading\">Schl\u00fcsselindustrien<\/h2>\n\n\n\n<p>Grenada hat eine kleine, offene, auf Tourismus basierende Wirtschaft. Die wichtigsten Exportg\u00fcter sind Muskatnuss, Muskatbl\u00fcte und Kakao. Tats\u00e4chlich ist es der zweitgr\u00f6\u00dfte Muskatnussexporteur der Welt. Es exportiert auch Nelken, Zimt, Bananen und Zitrusfr\u00fcchte.<\/p>\n\n\n\n<p>Ein weiterer wichtiger Exportartikel ist Fisch, beispielsweise Gelbflossenthunfisch. Andere Exportg\u00fcter sind von geringem Umfang. Dazu geh\u00f6ren S\u00fc\u00dfigkeiten, Nahrungsmittel und Getr\u00e4nke.<\/p>\n\n\n\n<h2 class=\"wp-block-heading\">Nachbarschaften<\/h2>\n\n\n\n<p>St. George\u2019s is the capital city of Grenada. You\u2019ll find the main seaport, several bars, restaurants, and shopping malls here. One of the leading local <a href=\"https:\/\/www.sisinternational.com\/de\/abdeckung\/die-amerikaner\/marktforschung-in-der-karibik\/marktforschung-in-st-vincent-und-den-grenadinen\/\" title=\"Marktforschung in St. Vincent und den Grenadinen\"  data-wpil-monitor-id=\"5827\">markets is also in St.<\/a> George\u2019s.<\/p>\n\n\n\n<p>Grand Anse ist ein Touristenzentrum mit Nachtleben, Strandresorts und Einkaufszentren. Hier befindet sich auch der weltber\u00fchmte Grand Anse Beach.<\/p>\n\n\n\n<p>Carriacou ist eine der Schwesterinseln Grenadas. Auf der Insel leben nur etwa 8.000 Menschen. Daher ist sie perfekt f\u00fcr alle, die einen friedlichen, ruhigen Ort suchen, um dem Alltag zu entfliehen.<\/p>\n\n\n\n<h2 class=\"wp-block-heading\">Trends<\/h2>\n\n\n\n<p>Grenadas fragile, auf Tourismus basierende Wirtschaft ist anf\u00e4llig f\u00fcr globale Krisen. Pandemien und Kriege k\u00f6nnen beispielsweise verheerende Sch\u00e4den anrichten. Dennoch ist die Haushaltslage des Landes auf einem Aufw\u00e4rtstrend. Trotz der schwierigen globalen Lage w\u00e4chst das Land weiter.<\/p>\n\n\n\n<p>Wie andere L\u00e4nder leidet Grenada unter hoher Inflation und einer Armutsquote von rund 25 Prozent. Das Land arbeitet daran, seine Einkommensquellen zu erweitern. Zu diesem Zweck wurde sogar ein Programm zur Staatsb\u00fcrgerschaft durch Investition ins Leben gerufen.<\/p>\n\n\n\n<h2 class=\"wp-block-heading\">Vorteile und St\u00e4rken im Markt<\/h2>\n\n\n\n<p>In Grenada gibt es keine Steuern auf Kapitalertr\u00e4ge, Schenkungen, Verm\u00f6gen und ausl\u00e4ndisches Einkommen. Das Land schr\u00e4nkt auch die R\u00fcckf\u00fchrung von Gewinnen und importiertem Kapital nicht ein.<\/p>\n\n\n\n<p>Eine weitere St\u00e4rke Grenadas ist sein Meeresgebiet, das 70 Mal so gro\u00df ist wie seine Landesfl\u00e4che. Dieses Gebiet bietet das Potenzial, eine florierende Fischereiindustrie zu entwickeln. Es kann auch Meerestourismus, \u00d6l- und Gasf\u00f6rderung und vieles mehr unterst\u00fctzen.<\/p>\n\n\n\n<h2 class=\"wp-block-heading\">Verbraucherbasis<\/h2>\n\n\n\n<p>Grenada ist f\u00fcr globale E-Commerce-Marken und -H\u00e4ndler kein gro\u00dfer Markt. Warum? Weil die Verbraucherbasis dort sehr klein ist. Das Land hat nur eine Internetdurchdringung von rund 63 Prozent.<\/p>\n\n\n\n<p>Es ist ein englischsprachiges Land und Teil des britischen Commonwealth. Es ist auch ein bekannter Touristenort. Daher kann es Teil der gr\u00f6\u00dferen regionalen Strategie jeder Marke sein, da der Weg zum Markteintritt einfach ist. Wie die meisten kleinen Inselstaaten in der Region bevorzugen die Verbraucher in Grenada die Zahlung mit Bargeld. Nur wenige Verbraucher verwenden Debit- und Kreditkarten sowie digitale Zahlungsm\u00f6glichkeiten.<\/p>\n\n\n\n<h2 class=\"wp-block-heading\">Gr\u00fcnde f\u00fcr den Ausbau Ihres Gesch\u00e4fts auf dem Grenada-Markt<\/h2>\n\n\n\n<p>Grenada bietet eine ausgezeichnete Lebensqualit\u00e4t. Kunden werden sich Ihre Produkte eher leisten k\u00f6nnen. Im Gegensatz zu einigen anderen M\u00e4rkten in der Region verf\u00fcgen sie \u00fcber verf\u00fcgbares Einkommen.<\/p>\n\n\n\n<p>Das Land hat au\u00dferdem Zugang zu globalen M\u00e4rkten. Zu seinen Handelspartnern z\u00e4hlen Kanada, die USA, Gro\u00dfbritannien und der Rest Europas. Es gibt auch eine gro\u00dfe Diaspora, die Produkte annimmt und Mundpropaganda betreibt.<\/p>\n\n\n\n<p>Grenada hat stark in seine Telefon- und Internetnetze investiert und sauberes und sicheres Wasser ist leicht verf\u00fcgbar.<br>Auch der Zugang zu Elektrizit\u00e4t stellt kein Problem dar. Der Warentransport ist problemlos, da Grenada \u00fcber Flugh\u00e4fen und einen Seehafen verf\u00fcgt. Auch das Binnentransportsystem ist gut ausgebaut.<\/p>\n\n\n\n<h2 class=\"wp-block-heading\">\u00dcber Marktforschung in Grenada<\/h2>\n\n\n\n<p>Unser erstklassiger Marktforschungsdienst liefert detaillierte quantitative und qualitative Daten. Wir bieten Analysen zu Investitionen in Grenada an und nutzen zu diesem Zweck Fokusgruppen, Umfragen und Interviews.<\/p>\n\n\n\n<p>SIS also offers UX and Strategy Market Research and Competitive Analysis. We do <a href=\"https:\/\/www.sisinternational.com\/de\/sachverstand\/branchen\/halal-marktforschung\/\" title=\"Halal-Marktforschung\"  data-wpil-monitor-id=\"3528\">Marktchancenforschung<\/a>. Our services also include <a href=\"https:\/\/www.sisinternational.com\/de\/abdeckung\/die-amerikaner\/marktforschung-in-der-karibik\/marktforschung-bahamas\/\" title=\"Marktforschung auf den Bahamas\"  data-wpil-monitor-id=\"3533\">Marktgr\u00f6\u00dfenforschung<\/a> and Go-to-Market Strategy.<\/p>\n\n\n\n<p><\/p>","protected":false},"excerpt":{"rendered":"<p>Grenada hat eine kleine, offene, auf Tourismus basierende Wirtschaft. Die wichtigsten Exportg\u00fcter sind Muskatnuss, Muskatbl\u00fcte und Kakao. Tats\u00e4chlich ist das Land der zweitgr\u00f6\u00dfte Muskatnussexporteur der Welt.<\/p>","protected":false},"author":1,"featured_media":66399,"parent":33287,"menu_order":5,"comment_status":"closed","ping_status":"closed","template":"","meta":{"footnotes":""},"class_list":["post-41072","page","type-page","status-publish","has-post-thumbnail"],"_links":{"self":[{"href":"https:\/\/www.sisinternational.com\/de\/wp-json\/wp\/v2\/pages\/41072","targetHints":{"allow":["GET"]}}],"collection":[{"href":"https:\/\/www.sisinternational.com\/de\/wp-json\/wp\/v2\/pages"}],"about":[{"href":"https:\/\/www.sisinternational.com\/de\/wp-json\/wp\/v2\/types\/page"}],"author":[{"embeddable":true,"href":"https:\/\/www.sisinternational.com\/de\/wp-json\/wp\/v2\/users\/1"}],"replies":[{"embeddable":true,"href":"https:\/\/www.sisinternational.com\/de\/wp-json\/wp\/v2\/comments?post=41072"}],"version-history":[{"count":7,"href":"https:\/\/www.sisinternational.com\/de\/wp-json\/wp\/v2\/pages\/41072\/revisions"}],"predecessor-version":[{"id":79789,"href":"https:\/\/www.sisinternational.com\/de\/wp-json\/wp\/v2\/pages\/41072\/revisions\/79789"}],"up":[{"embeddable":true,"href":"https:\/\/www.sisinternational.com\/de\/wp-json\/wp\/v2\/pages\/33287"}],"wp:featuredmedia":[{"embeddable":true,"href":"https:\/\/www.sisinternational.com\/de\/wp-json\/wp\/v2\/media\/66399"}],"wp:attachment":[{"href":"https:\/\/www.sisinternational.com\/de\/wp-json\/wp\/v2\/media?parent=41072"}],"curies":[{"name":"wp","href":"https:\/\/api.w.org\/{rel}","templated":true}]}}