{"id":41070,"date":"2022-12-13T04:03:31","date_gmt":"2022-12-13T04:03:31","guid":{"rendered":"https:\/\/www.sisinternational.com\/?page_id=41070"},"modified":"2026-01-24T21:16:23","modified_gmt":"2026-01-25T02:16:23","slug":"marktforschung-antigua-barbuda","status":"publish","type":"page","link":"https:\/\/www.sisinternational.com\/de\/abdeckung\/marktforschung-in-der-karibik\/marktforschung-antigua-barbuda\/","title":{"rendered":"Marktforschung in Antigua und Barbuda"},"content":{"rendered":"<h1 class=\"wp-block-heading\">Marktforschung in Antigua und Barbuda<\/h1>\n\n\n\n<figure class=\"gb-block-image gb-block-image-73bbc5a3\"><img loading=\"lazy\" decoding=\"async\" width=\"1456\" height=\"816\" class=\"gb-image gb-image-73bbc5a3\" src=\"https:\/\/www.sisinternational.com\/wp-content\/uploads\/2025\/09\/Antigua-Barbuda-2.jpg\" alt=\"SIS International Marktforschung &amp; Strategie\" title=\"Antigua &amp; Barbuda (2)\" srcset=\"https:\/\/www.sisinternational.com\/wp-content\/uploads\/2025\/09\/Antigua-Barbuda-2.jpg 1456w, https:\/\/www.sisinternational.com\/wp-content\/uploads\/2025\/09\/Antigua-Barbuda-2-300x168.jpg 300w, https:\/\/www.sisinternational.com\/wp-content\/uploads\/2025\/09\/Antigua-Barbuda-2-1024x574.jpg 1024w, https:\/\/www.sisinternational.com\/wp-content\/uploads\/2025\/09\/Antigua-Barbuda-2-768x430.jpg 768w, https:\/\/www.sisinternational.com\/wp-content\/uploads\/2025\/09\/Antigua-Barbuda-2-18x10.jpg 18w\" sizes=\"auto, (max-width: 1456px) 100vw, 1456px\"><\/figure>\n\n\n\n<hr class=\"wp-block-separator has-alpha-channel-opacity is-style-dots\"\/>\n\n\n\n<p>Antigua und Barbuda ist ein halbtrockenes Land, das aus drei Inseln in der \u00f6stlichen Karibik besteht. Der Staat ist sehr erfolgreich im Tourismus. Es ist auch ein Mekka f\u00fcr Online-Gaming. Antigua und Barbuda liegen \u00f6stlich-s\u00fcd\u00f6stlich von Puerto Rico. Die Inseln liegen auch in der N\u00e4he von Anguilla, St. Kitts &amp; Nevis und St. Barths.<\/p>\n\n\n\n<h2 class=\"wp-block-heading\">Schl\u00fcsselindustrien<\/h2>\n\n\n\n<p><a href=\"https:\/\/www.sisinternational.com\/de\/losungen\/reise-tourismus-und-gastgewerbeberatung\/\" title=\"Beratung f\u00fcr Reisen, Tourismus und Gastgewerbe\"  data-wpil-monitor-id=\"8369\">Tourism &amp; travel<\/a> is the islands\u2019 mainstay and accounts for more than half of the GDP. Antigua and Barbuda is famous for its many resorts. Rural Antiguans also do a fair amount of animal rearing, fishing, and mining. There\u2019s quite a bit of light manufacturing, and the islands produce refined oil, rum, garments, paints, and furniture.<\/p>\n\n\n\n<h2 class=\"wp-block-heading\">Nachbarschaften<\/h2>\n\n\n\n<h3 class=\"wp-block-heading\">Sankt Johannes<\/h3>\n\n\n\n<p>St. John&#039;s, die Hauptstadt und gr\u00f6\u00dfte Stadt, ist der wichtigste Hafen und das Handelszentrum des Landes. Die Stadt verf\u00fcgt \u00fcber mehrere Kulturdenkm\u00e4ler. Das ber\u00fchmteste ist das Fort James aus dem 18. Jahrhundert am Hafen von St. John&#039;s. Ruinen von Zuckerm\u00fchlen und Herrenh\u00e4usern liegen verstreut in St. John&#039;s.<\/p>\n\n\n\n<h3 class=\"wp-block-heading\">English Harbour und Falmouth Harbour<\/h3>\n\n\n\n<p>English Harbour und Falmouth Harbour liegen nebeneinander. Beide liegen am \u00e4u\u00dfersten S\u00fcdende von Antigua und sind voller Aktivit\u00e4ten mit Bars, Restaurants und Caf\u00e9s am Meer.<\/p>\n\n\n\n<h3 class=\"wp-block-heading\">Dickenson Bay<\/h3>\n\n\n\n<p>Dickenson Bay ist eine weitere gesch\u00e4ftige Stadt und das Zentrum des Wassersports und des Nachtlebens. Es ist ein unterhaltsamer Ort f\u00fcr Einheimische und Neuank\u00f6mmlinge gleicherma\u00dfen. Kleine Hotels und gro\u00dfe Resorts s\u00e4umen die Bucht. Ebenso Restaurants, Bars, Caf\u00e9s, Verkaufsst\u00e4nde und Wassersportunternehmen.<\/p>\n\n\n\n<h3 class=\"wp-block-heading\">Fr\u00f6hlicher Hafen<\/h3>\n\n\n\n<p>Jolly Harbour ist der gr\u00f6\u00dfte k\u00fcnstliche Hafen der Region. Er ist ideal f\u00fcr Yacht-, Segel- und Angelfans. In dieser Gegend gibt es Restaurants, Bars und den Jolly Harbour Golf Club.<\/p>\n\n\n\n<h2 class=\"wp-block-heading\">Trends<\/h2>\n\n\n\n<p>Antigua und Barbuda verzeichnet einen bescheidenen, aber steigenden Trend bei der Wachstumsrate des BIP. Das Land verzeichnet seit dem Abschwung Anfang der 2020er Jahre eine stetige Erholung der Besucherzahlen. Nun richtet sich das Augenmerk auf einen weiteren Sektor: die \u201eblaue Wirtschaft\u201c. Ziel ist es, dass die blaue Wirtschaft den Tourismus weiter ankurbelt.<\/p>\n\n\n\n<p>Im <a href=\"https:\/\/www.sisinternational.com\/de\/sachverstand\/branchen\/marktforschung-fur-gewerbeimmobilien\/\" title=\"Marktforschung f\u00fcr Gewerbeimmobilien\"  data-wpil-monitor-id=\"8368\">real estate market<\/a>, buyer restraint has continued. Thus, there have been fewer sales and buyers take longer to commit.<\/p>\n\n\n\n<h2 class=\"wp-block-heading\">Vorteile und St\u00e4rken im Markt<\/h2>\n\n\n\n<ul class=\"wp-block-list\">\n<li>Niedrige Steuers\u00e4tze f\u00fcr Unternehmensgr\u00fcndungen<\/li>\n\n\n\n<li>Das investorenfreundliche Gesch\u00e4ftsklima<\/li>\n\n\n\n<li>Eine stabile Stromversorgung<\/li>\n\n\n\n<li>Der Abschluss einer Versicherung ist unkompliziert<\/li>\n<\/ul>\n\n\n\n<h2 class=\"wp-block-heading\">Verbraucherbasis<\/h2>\n\n\n\n<p>Etwa drei Viertel der Bev\u00f6lkerung von Antigua und Barbuda leben in l\u00e4ndlichen Gebieten, die anderen 25 Prozent in st\u00e4dtischen Zentren des Landes. Das Durchschnittsalter betr\u00e4gt 34,5 Jahre, wobei nur zehn Prozent der Menschen \u00fcber 65 Jahre alt sind.<br>Die Internetdurchdringung von Antigua und Barbuda liegt bei etwa drei Viertel der Bev\u00f6lkerung. Die Zahl der Social-Media-Nutzer ist mit etwas mehr als zwei Dritteln etwas geringer. Das beliebteste soziale Netzwerk in Antigua und Barbuda ist Facebook.<\/p>\n\n\n\n<h2 class=\"wp-block-heading\">Gr\u00fcnde f\u00fcr die Expansion Ihres Unternehmens in Antigua und Barbuda<\/h2>\n\n\n\n<p>Antigua and Barbuda is one of the richest countries in the Eastern Caribbean. Further, it has plenty of thriving industries that are perfect for new business. The state also boasts well-educated and skilled workers. It has a 98 percent literacy rate. Another reason to do business in Antigua and Barbuda? It has the Small Business Development Act. This Act aims to aid the growth of the country\u2019s small enterprise sector. Thus, it helps small <a href=\"https:\/\/www.sisinternational.com\/de\/top-5-benefits-of-qualitative-market-research-for-businesses\/\" title=\"Top 5 Benefits of Qualitative Market Research for Businesses\"  data-wpil-monitor-id=\"8370\">business owners with various concessions and benefits<\/a>. It also ensures that they get technical help.<\/p>\n\n\n\n<h2 class=\"wp-block-heading\">\u00dcber Marktforschung in Antigua und Barbuda<\/h2>\n\n\n\n<p>SIS International is a full-service market research agency providing Quantitative and Qualitative Research services. We also do UX, Strategy <a href=\"https:\/\/www.sisinternational.com\/de\/abdeckung\/die-amerikaner\/marktforschung-in-der-karibik\/marktforschung-st-kitts-und-nevis\/\" title=\"Marktforschung in St. Kitts und Nevis\"  data-wpil-monitor-id=\"3298\">Marktforschung<\/a>, Competitive Analysis, Market Entry, Market Sizing, and Market Opportunity Research. Also, we carry out Surveys, Interviews, and Focus Groups for clients worldwide.<\/p>\n\n\n\n<p><\/p>","protected":false},"excerpt":{"rendered":"<p>Antigua und Barbuda ist eines der reichsten L\u00e4nder der \u00f6stlichen Karibik. Dar\u00fcber hinaus gibt es hier zahlreiche florierende Industrien, die sich hervorragend f\u00fcr neue Gesch\u00e4ftsfelder eignen.<\/p>","protected":false},"author":1,"featured_media":66386,"parent":33287,"menu_order":4,"comment_status":"closed","ping_status":"closed","template":"","meta":{"footnotes":""},"class_list":["post-41070","page","type-page","status-publish","has-post-thumbnail"],"_links":{"self":[{"href":"https:\/\/www.sisinternational.com\/de\/wp-json\/wp\/v2\/pages\/41070","targetHints":{"allow":["GET"]}}],"collection":[{"href":"https:\/\/www.sisinternational.com\/de\/wp-json\/wp\/v2\/pages"}],"about":[{"href":"https:\/\/www.sisinternational.com\/de\/wp-json\/wp\/v2\/types\/page"}],"author":[{"embeddable":true,"href":"https:\/\/www.sisinternational.com\/de\/wp-json\/wp\/v2\/users\/1"}],"replies":[{"embeddable":true,"href":"https:\/\/www.sisinternational.com\/de\/wp-json\/wp\/v2\/comments?post=41070"}],"version-history":[{"count":5,"href":"https:\/\/www.sisinternational.com\/de\/wp-json\/wp\/v2\/pages\/41070\/revisions"}],"predecessor-version":[{"id":81402,"href":"https:\/\/www.sisinternational.com\/de\/wp-json\/wp\/v2\/pages\/41070\/revisions\/81402"}],"up":[{"embeddable":true,"href":"https:\/\/www.sisinternational.com\/de\/wp-json\/wp\/v2\/pages\/33287"}],"wp:featuredmedia":[{"embeddable":true,"href":"https:\/\/www.sisinternational.com\/de\/wp-json\/wp\/v2\/media\/66386"}],"wp:attachment":[{"href":"https:\/\/www.sisinternational.com\/de\/wp-json\/wp\/v2\/media?parent=41070"}],"curies":[{"name":"wp","href":"https:\/\/api.w.org\/{rel}","templated":true}]}}