{"id":41060,"date":"2022-11-13T21:49:59","date_gmt":"2022-11-13T21:49:59","guid":{"rendered":"https:\/\/www.sisinternational.com\/?page_id=41060"},"modified":"2026-01-26T14:20:12","modified_gmt":"2026-01-26T19:20:12","slug":"marktforschung-zum-verkehrsmanagement","status":"publish","type":"page","link":"https:\/\/www.sisinternational.com\/de\/sachverstand\/marktforschung-zum-verkehrsmanagement\/","title":{"rendered":"Marktforschung zum Verkehrsmanagement"},"content":{"rendered":"<h1 class=\"wp-block-heading\">Marktforschung zum Verkehrsmanagement<\/h1>\n\n\n\n<figure class=\"gb-block-image gb-block-image-514d8140\"><img loading=\"lazy\" decoding=\"async\" width=\"1456\" height=\"816\" class=\"gb-image gb-image-514d8140\" src=\"https:\/\/www.sisinternational.com\/wp-content\/uploads\/2025\/08\/Smart-mobility-8.jpg\" alt=\"SIS International Marktforschung &amp; Strategie\" title=\"Smart mobility (8)\" srcset=\"https:\/\/www.sisinternational.com\/wp-content\/uploads\/2025\/08\/Smart-mobility-8.jpg 1456w, https:\/\/www.sisinternational.com\/wp-content\/uploads\/2025\/08\/Smart-mobility-8-300x168.jpg 300w, https:\/\/www.sisinternational.com\/wp-content\/uploads\/2025\/08\/Smart-mobility-8-1024x574.jpg 1024w, https:\/\/www.sisinternational.com\/wp-content\/uploads\/2025\/08\/Smart-mobility-8-768x430.jpg 768w, https:\/\/www.sisinternational.com\/wp-content\/uploads\/2025\/08\/Smart-mobility-8-18x10.jpg 18w\" sizes=\"auto, (max-width: 1456px) 100vw, 1456px\"><\/figure>\n\n\n\n<hr class=\"wp-block-separator has-alpha-channel-opacity is-style-dots\"\/>\n\n\n\n<p><\/p>\n\n\n\n<h2 class=\"wp-block-heading\">Was ist Verkehrsmanagement?<\/h2>\n\n\n\n<p>Traffic management is a process used to manage traffic flow on a roadway. It can include tasks such as changing the signal timing. It can also be adding or taking out lanes or controlling the use of ramps. Traffic <a href=\"https:\/\/www.sisinternational.com\/de\/sachverstand\/branchen\/marktforschung-zum-sicherheitsmanagement\/\" title=\"Marktforschung zum Sicherheitsmanagement\"  data-wpil-monitor-id=\"9865\">management services improve safety<\/a>, reduce congestion, and optimize traffic flow. In this article, we will talk about the current <a href=\"https:\/\/www.sisinternational.com\/de\/abdeckung\/die-amerikaner\/usa-berichterstattung\/marktforschung-im-staat-new-york\/\" title=\"Marktforschung im Staat New York\"  data-wpil-monitor-id=\"9862\">state of the traffic management market<\/a>.<\/p>\n\n\n\n<p>Now, traffic congestion is something that we may never be able to get rid of, but we can reduce it. Traffic management allows us to maintain our speed and improve travel time. Traffic control is the use of devices to maximize travel. These devices include signs, symbols, and also some forms of tech. It also preserves the <a href=\"https:\/\/www.sisinternational.com\/de\/sachverstand\/branchen\/marktforschung-zur-verkehrssicherheit\/\" title=\"Marktforschung zur Verkehrssicherheit\"  data-wpil-monitor-id=\"9866\">safety of road<\/a> transport.<\/p>\n\n\n\n<h2 class=\"wp-block-heading\">Warum ist Marktforschung zum Verkehrsmanagement wichtig?<\/h2>\n\n\n\n<p>Proper traffic management can ensure the smooth flow of traffic. It gives fair access to road use for different modes of transport. It also makes roads and streets safe for all users. With traffic management, roads full of traffic will not block movement between areas. It also reduces noise and local pollution and improves areas reserved for persons on foot. It also protects the character of a town or city. Plus, it helps to reduce greenhouse gases.Traffic <a href=\"https:\/\/www.sisinternational.com\/de\/sachverstand\/branchen\/pharmacy-benefit-manager-pbm-marktforschung\/\" title=\"Pharmacy Benefit Manager (PBM) Marktforschung\"  data-wpil-monitor-id=\"4247\">Management Market Research<\/a> is essential. It helps key players to assess the need for this service. It shows the <a href=\"https:\/\/www.sisinternational.com\/de\/losungen\/internationale-unternehmenswachstumsmarktforschung\/\" title=\"Internationale Marktforschung zum Unternehmenswachstum\"  data-wpil-monitor-id=\"9864\">growth in the market<\/a> due to the rising demand for efficient transport services. This type of research also shows the key drivers of this growth. These drivers include:<\/p>\n\n\n\n<p>1. Die steigende Zahl der Fahrzeuge auf den Stra\u00dfen.<\/p>\n\n\n\n<p>2. Die Notwendigkeit einer verbesserten Verkehrssicherheit.<\/p>\n\n\n\n<p>3. Die wachsende Nachfrage nach intelligenten Transportsystemen.<\/p>\n\n\n\n<h2 class=\"wp-block-heading\">Wichtige Berufsbezeichnungen<\/h2>\n\n\n\n<h3 class=\"wp-block-heading\">Verkehrsmanagement-Mitarbeiter<\/h3>\n\n\n\n<p>Diese Personen installieren, warten und entfernen Verkehrs- und Fu\u00dfg\u00e4ngermanagementsysteme. Sie ordnen auch Fu\u00dfg\u00e4nger ein und k\u00fcmmern sich um andere Kunden vor Ort.<\/p>\n\n\n\n<h3 class=\"wp-block-heading\">Baukoordinator<\/h3>\n\n\n\n<p>Diese Person unterst\u00fctzt den Operations Officer. Sie hilft bei der t\u00e4glichen Arbeit im Verkehrsmanagementb\u00fcro, einschlie\u00dflich der Aufrechterhaltung angemessener Personalst\u00e4rken f\u00fcr Projekte und der Kontaktaufnahme mit Kunden. Sie \u00fcberpr\u00fcft auch die Qualit\u00e4t der Verkehrsmanagementarbeiten.<\/p>\n\n\n\n<h3 class=\"wp-block-heading\">Verkehrsmanager<\/h3>\n\n\n\n<p>Ein Verkehrsmanager ist ein Vermittler. Er fungiert als Bindeglied zwischen den Beteiligten eines Projekts und dem Kreativteam eines Unternehmens. Seine Hauptaufgabe besteht darin, laufende Projekte auf Kurs zu halten. Er stellt au\u00dferdem sicher, dass die von ihm betreuten Projekte fristgerecht durchgef\u00fchrt werden.<\/p>\n\n\n\n<h2 class=\"wp-block-heading\">Schl\u00fcsselfaktoren f\u00fcr den Erfolg<\/h2>\n\n\n\n<p>Ein Ingenieur erstellt einen brauchbaren Verkehrsmanagementplan. Anschlie\u00dfend legt er ihn den f\u00fcr die jeweilige Stra\u00dfe oder Route zust\u00e4ndigen Beh\u00f6rden vor. Der Entwurf kann Dinge wie \u00c4nderungen der Geschwindigkeitsbegrenzungen oder Stra\u00dfensperrungen enthalten. Er kann auch \u00c4nderungen an Stra\u00dfen und Fu\u00dfwegen beinhalten.<\/p>\n\n\n\n<h2 class=\"wp-block-heading\">KI und intelligentes Verkehrsmanagement<\/h2>\n\n\n\n<p>Der Bau neuer Stra\u00dfen, Br\u00fccken und Tunnel schafft neue Wege f\u00fcr den Massenverkehr. Doch allein sind sie nicht effizient genug, um Verkehrsstaus zu beseitigen. Der Einsatz von KI und intelligenten Verkehrsmanagementsystemen kann dies jedoch. Er reduziert Verkehrsstaus durch die Verwendung von Symbolen und Schildern. Au\u00dferdem vermittelt er den meisten Verkehrsteilnehmern Disziplin. Ziel ist es, die Verkehrsteilnehmer aufmerksamer zu machen und sicherzustellen, dass sie die Stra\u00dfenverkehrsordnung einhalten, um Verst\u00f6\u00dfe und Strafzettel zu vermeiden. Ein solcher Ansatz kann Unf\u00e4lle reduzieren.<\/p>\n\n\n\n<h3 class=\"wp-block-heading\">Arbeitsbereiche<\/h3>\n\n\n\n<p>Einige Verkehrsleitsysteme warnen Fahrer vor Baustellen auf den Stra\u00dfen. Somit haben die Stra\u00dfenarbeiten keinen Einfluss auf die Fahrt des Fahrers.<\/p>\n\n\n\n<h3 class=\"wp-block-heading\">Verkehrszeichen und Symbole<\/h3>\n\n\n\n<p>Auch die Verwendung der richtigen Schilder und Symbole ist ein entscheidender Erfolgsfaktor. Auf manchen Autobahnen gibt es eine Funktion, bei der die Verkehrsschilder anzeigen, wenn es einen Unfall gegeben hat. Dadurch wird die Fahrbahn abgeschnitten und eine andere f\u00fcr den Verkehr freigegeben. Diese Funktion ist eine Form der Verkehrskontrolle und f\u00fchrt zu weniger Staus.<\/p>\n\n\n\n<h2 class=\"wp-block-heading\">Warum St\u00e4dte Verkehrsmanagement brauchen<\/h2>\n\n\n\n<p>Stra\u00dfen und Wege sind f\u00fcr die \u00d6ffentlichkeit zug\u00e4nglich. Wir nutzen sie, um uns fortzubewegen und unsere Aufgaben zu erledigen. Obwohl wir dies h\u00e4ufig tun, k\u00f6nnen wir dabei auch effizient sein. Das Reisemanagement sorgt f\u00fcr einen reibungslosen Verkehrsfluss mit wenigen oder keinen Behinderungen. Au\u00dferdem reduziert es die Umweltverschmutzung und Verkehrsstaus.<\/p>\n\n\n\n<h3 class=\"wp-block-heading\">Reduzierte Umweltverschmutzung<\/h3>\n\n\n\n<p>Verkehrsstaus tragen zu einem gro\u00dfen Teil zur L\u00e4rm- und Luftverschmutzung bei, die durch langsam flie\u00dfenden Verkehr entsteht. Durch geeignetes Verkehrsmanagement l\u00e4sst sich dies reduzieren. Au\u00dferdem verringert sich der Kraftstoffverbrauch, je nachdem, wie oft ein Auto anh\u00e4lt und beschleunigt. Durch geeignete Verkehrssteuerungsma\u00dfnahmen wird sichergestellt, dass die Emissionen unsere Umwelt nicht sch\u00e4digen.<\/p>\n\n\n\n<h3 class=\"wp-block-heading\">Reduziert Todesf\u00e4lle<\/h3>\n\n\n\n<p>Laut WHO sterben j\u00e4hrlich \u00fcber eine Million Menschen bei Autounf\u00e4llen. Auch bei jungen Erwachsenen ist es eine der h\u00e4ufigsten Todesursachen. Eine angemessene Verkehrskontrolle kann dazu beitragen, die Zahl der Todesf\u00e4lle durch R\u00fccksichtslosigkeit auf der Stra\u00dfe zu verringern.<\/p>\n\n\n\n<h2 class=\"wp-block-heading\">\u00dcber Traffic Management Market Research<\/h2>\n\n\n\n<p>Do you need to <a href=\"https:\/\/www.sisinternational.com\/de\/losungen\/bildungstechnologie-edtech-losungen\/lernmanagementsysteme-lms-marktforschung\/\" title=\"Marktforschung f\u00fcr Lernmanagementsysteme (LMS)\"  data-wpil-monitor-id=\"9860\">learn more about the traffic management market<\/a>? It is essential to <a href=\"https:\/\/www.sisinternational.com\/de\/top-5-benefits-of-conducting-quantitative-market-research\/\" title=\"Top 5 Benefits of Conducting Quantitative Market Research\"  data-wpil-monitor-id=\"9861\">conduct research using both Quantitative<\/a> and Qualitative methods. Quantitative analysis can help provide an overview of the market, while <a href=\"https:\/\/www.sisinternational.com\/de\/qualitative-research-to-enhance-customer-experience\/\" title=\"Qualitative Research to Enhance Customer Experience\"  data-wpil-monitor-id=\"9859\">Qualitative Forschung<\/a> can help to provide insights into customer behavior and preferences.<\/p>\n\n\n\n<p>Es gibt verschiedene Arten von Verkehrsmanagementl\u00f6sungen. Bei der Durchf\u00fchrung von Untersuchungen ist es wichtig, sie alle zu ber\u00fccksichtigen. Ihr Unternehmen kann beispielsweise Interviews, Umfragen oder Fokusgruppen verwenden. Es ist wichtig, die richtige L\u00f6sung f\u00fcr Ihre spezifischen Anforderungen auszuw\u00e4hlen.<\/p>\n\n\n\n<p>Contact us today if you want to conduct traffic <a href=\"https:\/\/www.sisinternational.com\/de\/sachverstand\/branchen\/marktforschung-zum-flottenmanagement\/\" title=\"Marktforschung zum Flottenmanagement\"  data-wpil-monitor-id=\"5905\">management market research<\/a>. We can help you to <a href=\"https:\/\/www.sisinternational.com\/de\/losungen\/qualitative-quantitative-forschungslosungen\/marktforschungsdesignunternehmen\/\" title=\"Design-Forschungsunternehmen\"  data-wpil-monitor-id=\"9863\">design and install your research<\/a> strategy. Such a strategy will provide the insights you need to make informed decisions.<\/p>\n\n\n\n<p>&nbsp;<\/p>","protected":false},"excerpt":{"rendered":"<p>Ein ordnungsgem\u00e4\u00dfes Verkehrsmanagement kann einen reibungslosen Verkehrsfluss gew\u00e4hrleisten. Es erm\u00f6glicht den verschiedenen Verkehrsmitteln einen fairen Zugang zur Stra\u00dfennutzung. Au\u00dferdem sorgt es daf\u00fcr, dass Stra\u00dfen und Wege f\u00fcr alle Benutzer sicher sind.<\/p>","protected":false},"author":1,"featured_media":64970,"parent":14514,"menu_order":153,"comment_status":"closed","ping_status":"closed","template":"","meta":{"footnotes":""},"class_list":["post-41060","page","type-page","status-publish","has-post-thumbnail"],"_links":{"self":[{"href":"https:\/\/www.sisinternational.com\/de\/wp-json\/wp\/v2\/pages\/41060","targetHints":{"allow":["GET"]}}],"collection":[{"href":"https:\/\/www.sisinternational.com\/de\/wp-json\/wp\/v2\/pages"}],"about":[{"href":"https:\/\/www.sisinternational.com\/de\/wp-json\/wp\/v2\/types\/page"}],"author":[{"embeddable":true,"href":"https:\/\/www.sisinternational.com\/de\/wp-json\/wp\/v2\/users\/1"}],"replies":[{"embeddable":true,"href":"https:\/\/www.sisinternational.com\/de\/wp-json\/wp\/v2\/comments?post=41060"}],"version-history":[{"count":7,"href":"https:\/\/www.sisinternational.com\/de\/wp-json\/wp\/v2\/pages\/41060\/revisions"}],"predecessor-version":[{"id":81637,"href":"https:\/\/www.sisinternational.com\/de\/wp-json\/wp\/v2\/pages\/41060\/revisions\/81637"}],"up":[{"embeddable":true,"href":"https:\/\/www.sisinternational.com\/de\/wp-json\/wp\/v2\/pages\/14514"}],"wp:featuredmedia":[{"embeddable":true,"href":"https:\/\/www.sisinternational.com\/de\/wp-json\/wp\/v2\/media\/64970"}],"wp:attachment":[{"href":"https:\/\/www.sisinternational.com\/de\/wp-json\/wp\/v2\/media?parent=41060"}],"curies":[{"name":"wp","href":"https:\/\/api.w.org\/{rel}","templated":true}]}}