{"id":41045,"date":"2022-11-13T03:00:18","date_gmt":"2022-11-13T03:00:18","guid":{"rendered":"https:\/\/www.sisinternational.com\/?page_id=41045"},"modified":"2026-01-27T15:19:52","modified_gmt":"2026-01-27T20:19:52","slug":"skalierbare-geschaftsmarktforschung-7-moglichkeiten-zum-aufbau-eines-skalierbaren-geschafts","status":"publish","type":"page","link":"https:\/\/www.sisinternational.com\/de\/veroffentlichungen\/skalierbare-geschaftsmarktforschung-7-moglichkeiten-zum-aufbau-eines-skalierbaren-geschafts\/","title":{"rendered":"Marktforschung f\u00fcr skalierbare Unternehmen: 7 M\u00f6glichkeiten zum Aufbau eines skalierbaren Unternehmens"},"content":{"rendered":"<h1 class=\"wp-block-heading p1\"><span class=\"s1\">Marktforschung f\u00fcr skalierbare Unternehmen: 7 M\u00f6glichkeiten zum Aufbau eines skalierbaren Unternehmens<\/span><\/h1>\n\n\n\n<figure class=\"gb-block-image gb-block-image-08e25fd2\"><img loading=\"lazy\" decoding=\"async\" width=\"1024\" height=\"574\" class=\"gb-image gb-image-08e25fd2\" src=\"https:\/\/www.sisinternational.com\/wp-content\/uploads\/2025\/08\/Business-35-1024x574.jpg\" alt=\"SIS International Marktforschung &amp; Strategie\" title=\"Business (35)\" srcset=\"https:\/\/www.sisinternational.com\/wp-content\/uploads\/2025\/08\/Business-35-1024x574.jpg 1024w, https:\/\/www.sisinternational.com\/wp-content\/uploads\/2025\/08\/Business-35-300x168.jpg 300w, https:\/\/www.sisinternational.com\/wp-content\/uploads\/2025\/08\/Business-35-768x430.jpg 768w, https:\/\/www.sisinternational.com\/wp-content\/uploads\/2025\/08\/Business-35-18x10.jpg 18w, https:\/\/www.sisinternational.com\/wp-content\/uploads\/2025\/08\/Business-35.jpg 1456w\" sizes=\"auto, (max-width: 1024px) 100vw, 1024px\"><\/figure>\n\n\n\n<p><\/p>\n\n\n\n<hr class=\"wp-block-separator has-alpha-channel-opacity is-style-dots\"\/>\n\n\n\n<p class=\"p2\">Die Gr\u00fcndung eines neuen Unternehmens ist immer spannend. Allerdings stehen Sie auch vor einigen Herausforderungen. Eines der Probleme ist, dass Sie sich zwar jetzt auf die Gr\u00fcndung eines kleinen Unternehmens konzentrieren, dieses aber wachsen wird, sobald alles gut l\u00e4uft. Ein skalierbares Unternehmen ist ein Unternehmen, das seine Rentabilit\u00e4t beibehalten oder verbessern kann, wenn das Verkaufsvolumen steigt. Wie k\u00f6nnen Sie also ein skalierbares Unternehmen aufbauen? Hier sind einige Tipps, die Ihnen dabei helfen.<\/p>\n\n\n\n<h2 class=\"wp-block-heading p3\">Die Bedeutung skalierbarer Gesch\u00e4ftsmarktforschung<\/h2>\n\n\n\n<p class=\"p2\">To scale your business, you must perform Scalable <a href=\"https:\/\/www.sisinternational.com\/de\/valentinstag-so-kann-ihr-unternehmen-die-liebe-spuren\/\" title=\"Marktforschung zum Valentinstag: So kann Ihr Unternehmen die Liebe sp\u00fcren\"  data-wpil-monitor-id=\"3554\">Business Market Research<\/a>. This type of market <a href=\"https:\/\/www.sisinternational.com\/de\/die-auswirkungen-der-nigerianischen-marktkultur-auf-das-geschaft\/\" title=\"Der nigerianische Markt: Der Einfluss der Kultur auf das Gesch\u00e4ft\"  data-wpil-monitor-id=\"4375\">research is one of the best ways<\/a> to investigate and discover how you can make your business more scalable. It will help you figure out what approach works for you. It will show you fast, easy ways to put things in place to improve your scalability.<\/p>\n\n\n\n<h2 class=\"wp-block-heading p3\">Bedeutung des exponentiellen Wachstums (im Vergleich zum linearen Wachstum)<\/h2>\n\n\n\n<p class=\"p2\">Linear growth comes with a set of pre-determined steps. Some of these steps might work for your business; others might not. Make sure that you opt for an exponential growth model. With this model, the growth rate of your business becomes more rapid as its size increases. You will need to study the market and look at trends. You can then identify any ideas that are helping your business grow at this particular time. Exponential growth requires a lot more research and work, but it can give you amazing results. Linear growth is not a function of what your business is all about, as it\u2019s only a generalized solution. Scalable <a href=\"https:\/\/www.sisinternational.com\/de\/widerstandsfahigkeit-von-unternehmen-coronavirus\/\" title=\"Business Resilience Marktforschung in Covid\"  data-wpil-monitor-id=\"3604\">Business Market Research<\/a> analyzes the industry and your company. The aim is to give you the best and fairest approach to taking your business to the next level.<\/p>\n\n\n\n<h2 class=\"wp-block-heading p3\">Wie k\u00f6nnen Sie ein skalierbares Gesch\u00e4ft aufbauen?<\/h2>\n\n\n\n<h3 class=\"wp-block-heading\">1. Erstellen Sie ein Wiki f\u00fcr Ihre Mitarbeiter<\/h3>\n\n\n\n<p class=\"p4\">Um Ihr Unternehmen zu skalieren, m\u00fcssen alle Ihre Mitarbeiter ihre Aufgaben verstehen. Sie m\u00fcssen auch die Verfahren zur Erledigung dieser Aufgaben kennen.<span class=\"Apple-converted-space\">&nbsp; <\/span>A business wiki will document all new jobs that employees need to learn. You can also have a handbook for new employees that showcase all the rules. As things evolve, you will have much better results, and your return on investment will improve. The wiki can include organizational information, structure, and internal services. It can also describe what each team needs to do, what software tools they can use and so on. Staying organized as you <a href=\"https:\/\/www.sisinternational.com\/de\/so-konnen-sie-ihr-geschaft-ausbauen\/\" title=\"So k\u00f6nnen Sie Ihr Gesch\u00e4ft ausbauen\"  data-wpil-monitor-id=\"7260\">grow your business<\/a> matters a lot and this is the best way to do it.<\/p>\n\n\n\n<h3 class=\"wp-block-heading\">2. Automatisieren Sie L\u00f6sungen<\/h3>\n\n\n\n<p class=\"p4\">Zuerst m\u00fcssen Sie jeden Gesch\u00e4ftsprozess identifizieren. Dann m\u00fcssen Sie herausfinden, was Sie automatisieren k\u00f6nnen und was nicht. Das Tolle an skalierbaren Unternehmen ist, dass die Automatisierung den Mitarbeitern Zeit spart. Da die Automatisierung softwarebasiert ist, k\u00f6nnen Sie sie au\u00dferdem jederzeit aktualisieren, wenn Ihr Unternehmen w\u00e4chst.<span class=\"Apple-converted-space\">&nbsp;<\/span><\/p>\n\n\n\n<h2 class=\"wp-block-heading\">Nutzen Sie f\u00fcr jede gr\u00f6\u00dfere Aufgabe unterschiedliche L\u00f6sungen und Systeme<\/h2>\n\n\n\n<p class=\"p4\">Durch die Verwendung verschiedener L\u00f6sungen und Systeme haben Sie die vollst\u00e4ndige Kontrolle \u00fcber eine einzelne Aufgabe. Es ist einfach, diese L\u00f6sung zu ersetzen, wenn etwas Neues oder Besseres erscheint. Sie ben\u00f6tigen eine CRM- oder ERP-L\u00f6sung als solide Basis. Sie k\u00f6nnen jedoch Aufgaben wie Auftragsverwaltung, Zeiterfassung und Finanzberichte trennen. So behalten Sie die Kontrolle leichter und k\u00f6nnen eine L\u00f6sung bei Bedarf aktualisieren. Wenn Sie diesen Schritt ignorieren, erzielen Sie Ergebnisse von geringerer Qualit\u00e4t, da die prim\u00e4re L\u00f6sung eine bestimmte Funktion m\u00f6glicherweise nicht aktualisiert.<\/p>\n\n\n\n<h3 class=\"wp-block-heading\">1. Erstellen Sie einen umfassenden Rekrutierungsprozess<\/h3>\n\n\n\n<p class=\"p4\">Bei Bedarf k\u00f6nnen Sie hierf\u00fcr Software verwenden. Die Idee besteht darin, alles festzulegen und es st\u00e4ndig an den Arbeitsmarkt anzupassen. Ein umfassender Rekrutierungsprozess verschafft Ihnen einen starken Bewerberpool. Er bietet eine proaktive strategische Ausrichtung auf die Unternehmensziele und genaue Qualifikationspr\u00fcfungen. Das Ergebnis ist eine hohe Moral in Ihrem Unternehmen und eine geringere Fluktuation.<span class=\"Apple-converted-space\">&nbsp;<\/span><\/p>\n\n\n\n<h3 class=\"wp-block-heading\">2. Dokumentieren Sie alle Prozesse<\/h3>\n\n\n\n<p class=\"p4\">Sie k\u00f6nnen als Unternehmen nicht wachsen, ohne alles zu dokumentieren. Sie ben\u00f6tigen au\u00dferdem L\u00f6sungen, die Ihnen dabei helfen, alle diese Schritte und Dokumente zu verfolgen. Auf diese Weise haben Sie sofortigen Zugriff auf alle Verfahren und k\u00f6nnen das Problem identifizieren und dann beheben. Die Dokumentation tr\u00e4gt dazu bei, Ihr Wachstum auf eine Weise zu steigern, die Sie sich nicht vorstellen k\u00f6nnen. Dar\u00fcber hinaus ist die Kapitalrendite immer au\u00dfergew\u00f6hnlich, und das ist genau das, was Sie in einer solchen Situation brauchen.<\/p>\n\n\n\n<h3 class=\"wp-block-heading\">3. Senden Sie keine E-Mails mehr an Ihr Team und nutzen Sie stattdessen Cloud-Collaboration- oder IM-Apps<\/h3>\n\n\n\n<p class=\"p4\">Der Grund f\u00fcr diesen Ansatz ist einfach zu verstehen. Wenn man st\u00e4ndig E-Mails verschickt, ist es sehr schwer, den \u00dcberblick zu behalten. Mit Cloud-Collaboration-Tools wie beispielsweise Slack ist das viel einfacher. Sie k\u00f6nnen Gruppen f\u00fcr jedes Team erstellen. Dieser Schritt macht es einfacher, den Datei- und Kommunikationsverlauf anzuzeigen. Dies ist die beste M\u00f6glichkeit f\u00fcr Arbeitsgruppen, den gleichen Speicherplatz zu teilen, Updates zu erhalten und alle Informationen anzuzeigen. Dasselbe gilt f\u00fcr IM-Apps: Sie verbessern die Kommunikation erheblich und tragen zu besseren Ergebnissen bei.<span class=\"Apple-converted-space\">&nbsp;<\/span><\/p>\n\n\n\n<h3 class=\"wp-block-heading\">4. Einfache oder sich stark wiederholende Aufgaben auslagern<\/h3>\n\n\n\n<p class=\"p4\">Wenn Sie sich auf Wachstum konzentrieren m\u00f6chten, sollten Sie unbedingt vermeiden, viel Zeit mit untergeordneten Aufgaben zu verbringen. Ein skalierbares Unternehmen sollte immer bereit sein, sich wiederholende Aufgaben bei Bedarf auszulagern. Das ist einfacher als je zuvor und wird es Ihnen erleichtern, die erwarteten Ergebnisse zu erzielen.<\/p>\n\n\n\n<p class=\"p4\">Wenn Sie ein robustes, skalierbares Unternehmen aufbauen m\u00f6chten, ist es wichtig, sich auf Marktforschung zu konzentrieren. Sie m\u00fcssen auch Strategieforschung betreiben. Marktforschung hilft Ihnen bei der Entscheidung, mit welchem Ansatz Sie die besten Ergebnisse erzielen. Es lohnt sich, Ihr Unternehmen fr\u00fchzeitig auf Wachstum und Rentabilit\u00e4t vorzubereiten.<\/p>\n\n\n<h2>Unser Standort in New York<\/h2>\n<p><!-- \/wp:post-content --> <!-- wp:html --> <iframe loading=\"lazy\" src=\"https:\/\/www.google.com\/maps\/embed?pb=!1m18!1m12!1m3!1d3022.976188376966!2d-73.99130312499956!3d40.740549471389315!2m3!1f0!2f0!3f0!3m2!1i1024!2i768!4f13.1!3m3!1m2!1s0x89c259a15798c731%3A0xd695d09bdd495f25!2s11%20E%2022nd%20St%20FL%202%2C%20New%20York%2C%20NY%2010010%2C%20USA!5e0!3m2!1sen!2spe!4v1726171763526!5m2!1sen!2spe\" width=\"600\" height=\"450\" allowfullscreen=\"allowfullscreen\" data-mce-fragment=\"1\"><\/iframe> <!-- \/wp:html --> <!-- wp:paragraph --><\/p>\n<h3 class=\"wp-block-heading\">11 E 22nd Street, Floor 2, New York, NY 10010 T: +1(212) 505-6805<\/h3>\n<hr \/>\n<h2><span style=\"font-weight: 400;\">\u00dcber SIS International<\/span><\/h2>\n<p><a href=\"https:\/\/www.sisinternational.com\/de\/\"><span style=\"font-weight: 400;\">SIS International<\/span><\/a><span style=\"font-weight: 400;\"> bietet quantitative, qualitative und strategische Forschung an. Wir liefern Daten, Tools, Strategien, Berichte und Erkenntnisse zur Entscheidungsfindung. Wir f\u00fchren auch Interviews, Umfragen, Fokusgruppen und andere Methoden und Ans\u00e4tze der Marktforschung durch.<\/span><a href=\"https:\/\/www.sisinternational.com\/de\/uber-sis-international-research\/contact-sis-international-market-research\/\"><span style=\"font-weight: 400;\"> Kontakt<\/span><\/a><span style=\"font-weight: 400;\"> f\u00fcr Ihr n\u00e4chstes Marktforschungsprojekt.<\/span><\/p>\n<p><!-- wp:heading --><\/p>\n<h2 id=\"about-sis-international\" class=\"wp-block-heading\">\u00a0<\/h2>\n<p><!-- \/wp:heading --><\/p>","protected":false},"excerpt":{"rendered":"<p>Ein skalierbares Unternehmen beh\u00e4lt und verbessert seine Rentabilit\u00e4t, wenn das Verkaufsvolumen steigt.<\/p>","protected":false},"author":1,"featured_media":62791,"parent":20148,"menu_order":15,"comment_status":"closed","ping_status":"closed","template":"","meta":{"footnotes":""},"class_list":["post-41045","page","type-page","status-publish","has-post-thumbnail"],"_links":{"self":[{"href":"https:\/\/www.sisinternational.com\/de\/wp-json\/wp\/v2\/pages\/41045","targetHints":{"allow":["GET"]}}],"collection":[{"href":"https:\/\/www.sisinternational.com\/de\/wp-json\/wp\/v2\/pages"}],"about":[{"href":"https:\/\/www.sisinternational.com\/de\/wp-json\/wp\/v2\/types\/page"}],"author":[{"embeddable":true,"href":"https:\/\/www.sisinternational.com\/de\/wp-json\/wp\/v2\/users\/1"}],"replies":[{"embeddable":true,"href":"https:\/\/www.sisinternational.com\/de\/wp-json\/wp\/v2\/comments?post=41045"}],"version-history":[{"count":7,"href":"https:\/\/www.sisinternational.com\/de\/wp-json\/wp\/v2\/pages\/41045\/revisions"}],"predecessor-version":[{"id":80908,"href":"https:\/\/www.sisinternational.com\/de\/wp-json\/wp\/v2\/pages\/41045\/revisions\/80908"}],"up":[{"embeddable":true,"href":"https:\/\/www.sisinternational.com\/de\/wp-json\/wp\/v2\/pages\/20148"}],"wp:featuredmedia":[{"embeddable":true,"href":"https:\/\/www.sisinternational.com\/de\/wp-json\/wp\/v2\/media\/62791"}],"wp:attachment":[{"href":"https:\/\/www.sisinternational.com\/de\/wp-json\/wp\/v2\/media?parent=41045"}],"curies":[{"name":"wp","href":"https:\/\/api.w.org\/{rel}","templated":true}]}}