{"id":41040,"date":"2022-11-13T02:08:35","date_gmt":"2022-11-13T02:08:35","guid":{"rendered":"https:\/\/www.sisinternational.com\/?page_id=41040"},"modified":"2026-01-25T16:41:14","modified_gmt":"2026-01-25T21:41:14","slug":"marktforschung-fur-quantencomputer","status":"publish","type":"page","link":"https:\/\/www.sisinternational.com\/de\/sachverstand\/marktforschung-fur-quantencomputer\/","title":{"rendered":"Marktforschung f\u00fcr Quantencomputer"},"content":{"rendered":"<h1 class=\"wp-block-heading p1\"><span class=\"s1\">Marktforschung f\u00fcr Quantencomputer<\/span><\/h1>\n\n\n\n<figure class=\"gb-block-image gb-block-image-aa5e929a\"><img loading=\"lazy\" decoding=\"async\" width=\"1456\" height=\"816\" class=\"gb-image gb-image-aa5e929a\" src=\"https:\/\/www.sisinternational.com\/wp-content\/uploads\/2025\/09\/FinTech-Terch-technology-AI-artificial-intelligence-14.jpg\" alt=\"SIS International Marktforschung &amp; Strategie\" title=\"FinTech Terch technology AI artificial intelligence (14)\" srcset=\"https:\/\/www.sisinternational.com\/wp-content\/uploads\/2025\/09\/FinTech-Terch-technology-AI-artificial-intelligence-14.jpg 1456w, https:\/\/www.sisinternational.com\/wp-content\/uploads\/2025\/09\/FinTech-Terch-technology-AI-artificial-intelligence-14-300x168.jpg 300w, https:\/\/www.sisinternational.com\/wp-content\/uploads\/2025\/09\/FinTech-Terch-technology-AI-artificial-intelligence-14-1024x574.jpg 1024w, https:\/\/www.sisinternational.com\/wp-content\/uploads\/2025\/09\/FinTech-Terch-technology-AI-artificial-intelligence-14-768x430.jpg 768w, https:\/\/www.sisinternational.com\/wp-content\/uploads\/2025\/09\/FinTech-Terch-technology-AI-artificial-intelligence-14-18x10.jpg 18w\" sizes=\"auto, (max-width: 1456px) 100vw, 1456px\"><\/figure>\n\n\n\n<p><\/p>\n\n\n\n<hr class=\"wp-block-separator has-alpha-channel-opacity is-style-dots\"\/>\n\n\n\n<p class=\"p2\">Quantum Computing is a type of computing. It uses concepts from Quantum Physics to solve complex problems. The concepts in this type of computing are Superposition and entanglement. Superposition is where the quantum particles exist in two possible states at the same time. Entanglements mean that the particles connect.<\/p>\n\n\n\n<h2 class=\"wp-block-heading p3\">Warum ist Quantencomputing wichtig?<\/h2>\n\n\n\n<p class=\"p2\">Quantencomputing verleiht dem Computer mehr Rechenleistung. Dadurch k\u00f6nnen diese Computer einige Aufgaben besser und schneller erledigen als ein klassischer Computer. Au\u00dferdem verbrauchen sie weniger Energie.<\/p>\n\n\n\n<p class=\"p2\">Klassische Computer kodieren Daten in Einheiten, die Bits genannt werden und die Werte 1 und 0 haben k\u00f6nnen. Diese Computer speichern die Daten nie gleichzeitig als 1 und 0. Aus diesem Grund begrenzen Bits die Art und Weise, wie Computer mit Daten arbeiten k\u00f6nnen. Quantencomputer sind anders. Sie verwenden eine Einheit namens Quantenbits oder Qubits, um Daten zu kodieren. Qubits bestehen aus Quantenteilchen. Diese Teilchen existieren in \u00dcberlagerung. Wenn die Daten also kodiert werden, k\u00f6nnen die Qubits gleichzeitig die Werte 1 und 0 haben. Sie k\u00f6nnen mehr Daten speichern und mehr Informationen verarbeiten. F\u00fcr einen Quantencomputer ist es beispielsweise ein Leichtes, ein komplexes Problem zu l\u00f6sen. Er kann viele Berechnungen gleichzeitig ausf\u00fchren, um die Antwort zu erhalten. Klassische Computer f\u00fchren immer nur eine m\u00f6gliche L\u00f6sung gleichzeitig aus.<\/p>\n\n\n\n<h2 class=\"wp-block-heading p4\">Wichtige Berufsbezeichnungen<\/h2>\n\n\n\n<h3 class=\"wp-block-heading p2\">Hier sind einige wichtige Berufsbezeichnungen in diesem Arbeitsbereich:<\/h3>\n\n\n\n<ul class=\"wp-block-list ul1\">\n<li>Quantenarchitekt<\/li>\n\n\n\n<li>Software-Ingenieur f\u00fcr Sensorger\u00e4te<\/li>\n\n\n\n<li>Quantenphysiker<\/li>\n\n\n\n<li>Wissenschaftlicher Softwareentwickler<\/li>\n\n\n\n<li>Datenwissenschaftler<\/li>\n\n\n\n<li>Forscher f\u00fcr Quanteninformatik<\/li>\n<\/ul>\n\n\n\n<h2 class=\"wp-block-heading p8\">Why Businesses Need Quantum Computing<\/h2>\n\n\n\n<h3 class=\"wp-block-heading\">Das spart Zeit und Geld.<\/h3>\n\n\n\n<p class=\"p2\">Quantum Computers can do some things much faster than classical computers. There are some problems that a Classic Computer will take years to solve. While this is happening, the company is losing time and money. They will also be putting resources into that task for years. For example, some research in medicine is slow because it is expensive. Due to the nature of qubits, Quantum <a href=\"https:\/\/www.sisinternational.com\/de\/losungen\/ai-marktforschung-und-strategieberatung\/computer-vision-ki-marktforschung\/\" title=\"Marktforschung f\u00fcr Computer Vision-KI\"  data-wpil-monitor-id=\"2760\">Computing can research<\/a> in minutes. The money and resources that the company saves can go toward other things.<\/p>\n\n\n\n<h3 class=\"wp-block-heading\">F\u00fcr reale Simulationen<\/h3>\n\n\n\n<p class=\"p2\">A company can plan to bring a new <a href=\"https:\/\/www.sisinternational.com\/de\/sachverstand\/lebenslaufe\/marktforschung-fur-korperpflegeprodukte\/\" title=\"Marktforschung f\u00fcr K\u00f6rperpflegeprodukte\"  data-wpil-monitor-id=\"10079\">product onto the market<\/a> or start a project. But, this new thing could have harmful side effects for the public. It could also be unprofitable for the company. Instead of taking the risk and causing harm, the company can run a simulation. A quantum computer will play out the possible outcomes. Neither the public nor the company will face any risk. The <a href=\"https:\/\/www.sisinternational.com\/de\/losungen\/geschmackstest\/produkttestdienste-in-new-york\/\" title=\"Produkttestdienste in New York\"  data-wpil-monitor-id=\"10082\">product or service<\/a> will also be better. This way is much better for everyone.<\/p>\n\n\n\n<h3 class=\"wp-block-heading\">Internet-Sicherheit<\/h3>\n\n\n\n<p class=\"p2\">Heutzutage werden die meisten Gesch\u00e4fte online abgewickelt. Dies gibt Unternehmen zwar mehr M\u00f6glichkeiten, ihre Kunden zu erreichen, macht sie aber auch anf\u00e4lliger f\u00fcr Online-Angriffe. Unternehmen versuchen, ihre Online-Sicherheit zu verbessern, um sich zu sch\u00fctzen. Tatsache ist jedoch, dass der klassische Computer diese Aufgabe nicht so gut erf\u00fcllen kann, wie man es sich w\u00fcnschen w\u00fcrde.<\/p>\n\n\n\n<p class=\"p2\">&nbsp;Quantencomputer sind ihren klassischen Gegenst\u00fccken weiterentwickelter. Sie werden daher den Schutz vor Cyber-Attacken verbessern. Dazu nutzen sie Methoden wie die Quantenkryptographie.<\/p>\n\n\n\n<h2 class=\"wp-block-heading\">\u00dcber Quantencomputing<\/h2>\n\n\n\n<p class=\"p2\">Derzeit ist Quantencomputing im gro\u00dfen Ma\u00dfstab noch ein Konzept. Die Herstellung dieser Computer ist schwierig und teuer. Au\u00dferdem ben\u00f6tigen sie eine bestimmte Arbeitsumgebung.<\/p>\n\n\n\n<p class=\"p2\">Thus, scientists are <a href=\"https:\/\/www.sisinternational.com\/de\/veroffentlichungen\/skalierbare-geschaftsmarktforschung-7-moglichkeiten-zum-aufbau-eines-skalierbaren-geschafts\/\" title=\"Marktforschung f\u00fcr skalierbare Unternehmen: 7 M\u00f6glichkeiten zum Aufbau eines skalierbaren Unternehmens\"  data-wpil-monitor-id=\"10081\">busy looking into how to build<\/a> more quantum computers. They are carrying out <a href=\"https:\/\/www.sisinternational.com\/de\/losungen\/qualitative-quantitative-forschungslosungen\/qualitative-forschung-rekrutierung\/\" title=\"Qualitative Forschung Rekrutierung\"  data-wpil-monitor-id=\"10080\">Qualitative und Quantitative Forschung<\/a> on how to make them. There are also surveys and focus groups for getting information. These findings often end up in academic journals. The scientists also talk about what they learned in interviews.<\/p>\n\n\n\n<p class=\"p5\">It is a fact that Quantum Computing will improve many fields. It is helpful in medicine, finance, and cyber security, to name a few. Thus, companies are also <a href=\"https:\/\/www.sisinternational.com\/de\/sachverstand\/branchen\/cloud-computing-marktforschung\/\" title=\"Cloud Computing Marktforschung\"  data-wpil-monitor-id=\"3676\">researching how to use Quantum Computing<\/a>. It\u2019s another excellent way to make their businesses better.<\/p>\n\n\n\n<p><\/p>","protected":false},"excerpt":{"rendered":"<p>Quantencomputing verleiht Computern mehr Rechenleistung. Diese Computer verbrauchen weniger Energie und k\u00f6nnen einige Aufgaben besser und schneller erledigen als ein klassischer Computer.<\/p>","protected":false},"author":1,"featured_media":69469,"parent":14514,"menu_order":151,"comment_status":"closed","ping_status":"closed","template":"","meta":{"footnotes":""},"class_list":["post-41040","page","type-page","status-publish","has-post-thumbnail"],"_links":{"self":[{"href":"https:\/\/www.sisinternational.com\/de\/wp-json\/wp\/v2\/pages\/41040","targetHints":{"allow":["GET"]}}],"collection":[{"href":"https:\/\/www.sisinternational.com\/de\/wp-json\/wp\/v2\/pages"}],"about":[{"href":"https:\/\/www.sisinternational.com\/de\/wp-json\/wp\/v2\/types\/page"}],"author":[{"embeddable":true,"href":"https:\/\/www.sisinternational.com\/de\/wp-json\/wp\/v2\/users\/1"}],"replies":[{"embeddable":true,"href":"https:\/\/www.sisinternational.com\/de\/wp-json\/wp\/v2\/comments?post=41040"}],"version-history":[{"count":7,"href":"https:\/\/www.sisinternational.com\/de\/wp-json\/wp\/v2\/pages\/41040\/revisions"}],"predecessor-version":[{"id":81667,"href":"https:\/\/www.sisinternational.com\/de\/wp-json\/wp\/v2\/pages\/41040\/revisions\/81667"}],"up":[{"embeddable":true,"href":"https:\/\/www.sisinternational.com\/de\/wp-json\/wp\/v2\/pages\/14514"}],"wp:featuredmedia":[{"embeddable":true,"href":"https:\/\/www.sisinternational.com\/de\/wp-json\/wp\/v2\/media\/69469"}],"wp:attachment":[{"href":"https:\/\/www.sisinternational.com\/de\/wp-json\/wp\/v2\/media?parent=41040"}],"curies":[{"name":"wp","href":"https:\/\/api.w.org\/{rel}","templated":true}]}}