{"id":41029,"date":"2022-11-13T00:19:14","date_gmt":"2022-11-13T00:19:14","guid":{"rendered":"https:\/\/www.sisinternational.com\/?page_id=41029"},"modified":"2026-01-25T18:27:15","modified_gmt":"2026-01-25T23:27:15","slug":"m-commerce-marktforschung","status":"publish","type":"page","link":"https:\/\/www.sisinternational.com\/de\/losungen\/fintech-strategieberatung-forschung\/m-commerce-marktforschung\/","title":{"rendered":"M-Commerce Marktforschung"},"content":{"rendered":"<h1 class=\"wp-block-heading\">M-Commerce Marktforschung<\/h1>\n\n\n\n<div class=\"wp-block-columns is-layout-flex wp-container-core-columns-is-layout-9d6595d7 wp-block-columns-is-layout-flex\">\n<div class=\"wp-block-column is-layout-flow wp-block-column-is-layout-flow\" style=\"flex-basis:100%\">\n<figure class=\"gb-block-image gb-block-image-98024238\"><img loading=\"lazy\" decoding=\"async\" width=\"1456\" height=\"816\" class=\"gb-image gb-image-98024238\" src=\"https:\/\/www.sisinternational.com\/wp-content\/uploads\/2025\/08\/Smarrtphone-5g-8.jpg\" alt=\"SIS International Marktforschung &amp; Strategie\" title=\"Smarrtphone 5g (8)\" srcset=\"https:\/\/www.sisinternational.com\/wp-content\/uploads\/2025\/08\/Smarrtphone-5g-8.jpg 1456w, https:\/\/www.sisinternational.com\/wp-content\/uploads\/2025\/08\/Smarrtphone-5g-8-300x168.jpg 300w, https:\/\/www.sisinternational.com\/wp-content\/uploads\/2025\/08\/Smarrtphone-5g-8-1024x574.jpg 1024w, https:\/\/www.sisinternational.com\/wp-content\/uploads\/2025\/08\/Smarrtphone-5g-8-768x430.jpg 768w, https:\/\/www.sisinternational.com\/wp-content\/uploads\/2025\/08\/Smarrtphone-5g-8-18x10.jpg 18w\" sizes=\"auto, (max-width: 1456px) 100vw, 1456px\"><\/figure>\n<\/div>\n<\/div>\n\n\n\n<hr class=\"wp-block-separator has-alpha-channel-opacity is-style-dots\"\/>\n\n\n\n<h2 class=\"wp-block-heading\">What is M-Commerce Market Research?<\/h2>\n\n\n\n<p>Mobile commerce, also known as m-commerce, is a modern way to buy and sell products. It is a subset of e-commerce, which uses mobile platforms. M-commerce uses handheld devices like cellphones and tablets. Devices continue to add new features that permit m-commerce. Its transactions include online banking or bill payments and everyday product purchases.<\/p>\n\n\n\n<h2 class=\"wp-block-heading\">Warum ist es wichtig?<\/h2>\n\n\n\n<p>Mobile messaging has grown rapidly and continues to evolve. M-commerce helps increase potential customers, which can aid many businesses.<\/p>\n\n\n\n<p>Dies erh\u00f6ht das Verkaufspotenzial, da die K\u00e4ufer jederzeit und \u00fcberall bequem \u00fcber ihr Mobilger\u00e4t einkaufen k\u00f6nnen.<\/p>\n\n\n\n<h2 class=\"wp-block-heading\">Wichtige Berufsbezeichnungen<\/h2>\n\n\n\n<figure class=\"gb-block-image gb-block-image-c726217a\"><img decoding=\"async\" class=\"gb-image gb-image-c726217a\" src=\"https:\/\/www.sisinternational.com\/wp-content\/uploads\/2025\/02\/Fintech-2-1.jpeg\" alt=\"SIS International Marktforschung &amp; Strategie\"><\/figure>\n\n\n\n<p><\/p>\n\n\n\n<h3 class=\"wp-block-heading\">M-commerce is like many companies in terms of jobs. It requires positions as follows:<\/h3>\n\n\n\n<p>\u2013 Software-Ingenieure<\/p>\n\n\n\n<p>\u2013 IT-Techniker<\/p>\n\n\n\n<h3 class=\"wp-block-heading\">Es gibt auch einen Marketingaspekt des Gesch\u00e4fts, der Verbraucher dazu bringt, den Service zu nutzen. Zu den Aufgaben geh\u00f6ren:<\/h3>\n\n\n\n<p>- Marketing Spezialist<\/p>\n\n\n\n<p>\u2013 Autor von SEO-Inhalten<\/p>\n\n\n\n<p>- Grafikdesigner<\/p>\n\n\n\n<h3 class=\"wp-block-heading\">Wie in anderen Unternehmen gibt es auch im Finanz- und Personalwesen Arbeitspl\u00e4tze, beispielsweise:<\/h3>\n\n\n\n<p>- Finanzdirektor<\/p>\n\n\n\n<p>\u2013 Kundendienstmitarbeiter.<\/p>\n\n\n\n<p>Technik und Kundenservice sind entscheidende Bereiche f\u00fcr M-Commerce. Daher decken viele Jobs diese Bereiche ab.<\/p>\n\n\n\n<h2 class=\"wp-block-heading\">Warum Ihr Unternehmen M-Commerce braucht<\/h2>\n\n\n\n<p>M-commerce is a crucial tool for business success in the modern world. This feature can be used on a wide range of devices.<\/p>\n\n\n\n<p>Ein Unternehmen, das M-Commerce nutzt, kann seine Kundenreichweite vergr\u00f6\u00dfern. Da Mobilger\u00e4te tragbar sind, k\u00f6nnen Verbraucher von vielen Orten aus Zahlungen t\u00e4tigen. M-Commerce ist auch praktisch. Sein GPS-Dienst hilft Kunden dabei, Artikel in Gesch\u00e4ften zu finden. Es hilft auch, Transaktionen abzusichern. Dies geschieht durch die Verwendung einer Multi-Faktor-Authentifizierung, die Fingerabdr\u00fccke und Netzhautscans umfasst.<\/p>\n\n\n\n<p>M-commerce is a quick way for consumers to engage with business products and services. Thus, it helps improve the frequency people interact with these companies.<\/p>\n\n\n\n<h2 class=\"wp-block-heading\">Schl\u00fcsselfaktoren f\u00fcr den Erfolg<\/h2>\n\n\n\n<h3 class=\"wp-block-heading\">Viele Faktoren sorgen f\u00fcr den Erfolg von M-Commerce. Diese sollte Ihr Unternehmen bei der Anmeldung ber\u00fccksichtigen.<\/h3>\n\n\n\n<p>Ein Faktor misst die Zuverl\u00e4ssigkeit des Systems. Dieser Wert umfasst, wie gut es die Privatsph\u00e4re des Kunden sch\u00fctzt. Er umfasst auch die Benutzerfreundlichkeit der Software, die den Dienst bereitstellt.<\/p>\n\n\n\n<p>Ein weiterer Faktor ist das Wachstum des M-Commerce-Gesch\u00e4fts. Wenn ein Unternehmen M-Commerce nutzt, m\u00fcssen die Leute seine Software warten. Es muss eine gute Arbeitsmoral unter den Mitarbeitern f\u00f6rdern. Eine gr\u00f6\u00dfere Marktdurchdringung kann au\u00dferdem das anhaltende Wachstum des Unternehmens sicherstellen. Die kontinuierliche Verbesserung von Prozessen und Marketingtechniken garantiert den Erfolg.<\/p>\n\n\n\n<p>Ein wesentlicher Erfolgsfaktor ist auch die Profitabilit\u00e4t des Unternehmens. Viele Kennzahlen k\u00f6nnen dabei helfen, diese zu beurteilen. Ein Beispiel ist die Zufriedenheit der Kunden mit dem Service. Auch Umsatzsteigerungen und Marktanteilszuw\u00e4chse helfen dabei, dies zu bestimmen.<\/p>\n\n\n\n<p>Rechtliche Unterst\u00fctzung ist ein weiterer Faktor, der zum Erfolg beitr\u00e4gt. Staatliche Unterst\u00fctzung von M-Commerce-Systemen kann deren Nutzung durch die Menschen beeinflussen. Ein solides System rechtlicher Unterst\u00fctzung sollte ebenfalls vorhanden sein.<\/p>\n\n\n\n<h2 class=\"wp-block-heading\">\u00dcber M-Commerce Market Research<\/h2>\n\n\n\n<figure class=\"gb-block-image gb-block-image-3aa2bd1e\"><img decoding=\"async\" class=\"gb-image gb-image-3aa2bd1e\" src=\"https:\/\/www.sisinternational.com\/wp-content\/uploads\/2025\/03\/Flux_Dev_A_young_professional_in_their_midtwenties_with_short__0.jpeg\" alt=\"SIS International Marktforschung &amp; Strategie\"><\/figure>\n\n\n\n<p><\/p>\n\n\n\n<p>Quantitative, Qualitative, and Strategy <a href=\"https:\/\/www.sisinternational.com\/de\/abdeckung\/die-amerikaner\/marktforschung-in-der-karibik\/marktforschung-bahamas\/\" title=\"Marktforschung auf den Bahamas\"  data-wpil-monitor-id=\"3538\">Research are helpful for market<\/a> research. This research may include Interviews, Surveys, or Focus Groups.<\/p>\n\n\n\n<p>M-commerce market research is vital for businesses that wish to provide this service. It provides insight into the drawbacks and benefits. This type of tech incurs high costs. Companies must consider these costs and assess the risks. Factors to <a href=\"https:\/\/www.sisinternational.com\/de\/sachverstand\/branchen\/vakuum-marktforschung\/\" title=\"Vakuum-Marktforschung\"  data-wpil-monitor-id=\"4876\">Forschung<\/a> include app speed and the best marketing strategies. These factors can help you deduce the best way to increase market share using m-commerce.<\/p>\n\n\n\n<h2 class=\"wp-block-heading\">Unser Standort in New York<\/h2>\n\n\n\n<p>  <iframe loading=\"lazy\" src=\"https:\/\/www.google.com\/maps\/embed?pb=!1m18!1m12!1m3!1d3022.976188376966!2d-73.99130312499956!3d40.740549471389315!2m3!1f0!2f0!3f0!3m2!1i1024!2i768!4f13.1!3m3!1m2!1s0x89c259a15798c731%3A0xd695d09bdd495f25!2s11%20E%2022nd%20St%20FL%202%2C%20New%20York%2C%20NY%2010010%2C%20USA!5e0!3m2!1sen!2spe!4v1726171763526!5m2!1sen!2spe\" width=\"600\" height=\"450\" allowfullscreen=\"allowfullscreen\" data-mce-fragment=\"1\"><\/iframe>  <\/p>\n\n\n\n<h3 class=\"wp-block-heading\">11 E 22nd Street, Floor 2, New York, NY 10010 T: +1(212) 505-6805<\/h3>\n\n\n\n<hr class=\"wp-block-separator has-alpha-channel-opacity\"\/>\n\n\n\n<h2 class=\"wp-block-heading\"><span style=\"font-weight: 400;\">\u00dcber SIS International<\/span><\/h2>\n\n\n\n<p><a href=\"https:\/\/www.sisinternational.com\/de\/\"><span style=\"font-weight: 400;\">SIS International<\/span><\/a><span style=\"font-weight: 400;\"> bietet quantitative, qualitative und strategische Forschung an. Wir liefern Daten, Tools, Strategien, Berichte und Erkenntnisse zur Entscheidungsfindung. Wir f\u00fchren auch Interviews, Umfragen, Fokusgruppen und andere Methoden und Ans\u00e4tze der Marktforschung durch.<\/span><a href=\"https:\/\/www.sisinternational.com\/de\/uber-sis-international-research\/contact-sis-international-market-research\/\"><span style=\"font-weight: 400;\"> Kontakt<\/span><\/a><span style=\"font-weight: 400;\"> f\u00fcr Ihr n\u00e4chstes Marktforschungsprojekt.<\/span><\/p>\n\n\n\n<p><\/p>","protected":false},"excerpt":{"rendered":"<p>Beim M-Commerce kommen Handheld-Ger\u00e4te wie Mobiltelefone und Tablets zum Einsatz. Zu den Abl\u00e4ufen geh\u00f6ren Online-Banking oder Rechnungszahlungen. Auch der Kauf allt\u00e4glicher Produkte ist damit m\u00f6glich. M-Commerce ist ein entscheidendes Instrument f\u00fcr den Erfolg eines modernen Unternehmens.<\/p>","protected":false},"author":1,"featured_media":63117,"parent":27462,"menu_order":41,"comment_status":"closed","ping_status":"closed","template":"","meta":{"footnotes":""},"class_list":["post-41029","page","type-page","status-publish","has-post-thumbnail"],"_links":{"self":[{"href":"https:\/\/www.sisinternational.com\/de\/wp-json\/wp\/v2\/pages\/41029","targetHints":{"allow":["GET"]}}],"collection":[{"href":"https:\/\/www.sisinternational.com\/de\/wp-json\/wp\/v2\/pages"}],"about":[{"href":"https:\/\/www.sisinternational.com\/de\/wp-json\/wp\/v2\/types\/page"}],"author":[{"embeddable":true,"href":"https:\/\/www.sisinternational.com\/de\/wp-json\/wp\/v2\/users\/1"}],"replies":[{"embeddable":true,"href":"https:\/\/www.sisinternational.com\/de\/wp-json\/wp\/v2\/comments?post=41029"}],"version-history":[{"count":6,"href":"https:\/\/www.sisinternational.com\/de\/wp-json\/wp\/v2\/pages\/41029\/revisions"}],"predecessor-version":[{"id":78816,"href":"https:\/\/www.sisinternational.com\/de\/wp-json\/wp\/v2\/pages\/41029\/revisions\/78816"}],"up":[{"embeddable":true,"href":"https:\/\/www.sisinternational.com\/de\/wp-json\/wp\/v2\/pages\/27462"}],"wp:featuredmedia":[{"embeddable":true,"href":"https:\/\/www.sisinternational.com\/de\/wp-json\/wp\/v2\/media\/63117"}],"wp:attachment":[{"href":"https:\/\/www.sisinternational.com\/de\/wp-json\/wp\/v2\/media?parent=41029"}],"curies":[{"name":"wp","href":"https:\/\/api.w.org\/{rel}","templated":true}]}}