{"id":41022,"date":"2022-11-12T04:24:26","date_gmt":"2022-11-12T04:24:26","guid":{"rendered":"https:\/\/www.sisinternational.com\/?page_id=41022"},"modified":"2026-01-26T17:57:50","modified_gmt":"2026-01-26T22:57:50","slug":"verpackungsdesign-marktforschung","status":"publish","type":"page","link":"https:\/\/www.sisinternational.com\/de\/sachverstand\/verpackungsdesign-marktforschung\/","title":{"rendered":"Marktforschung f\u00fcr Verpackungsdesign"},"content":{"rendered":"<h1 class=\"wp-block-heading\">Marktforschung f\u00fcr Verpackungsdesign<\/h1>\n\n\n\n<figure class=\"gb-block-image gb-block-image-ab8835fd\"><img loading=\"lazy\" decoding=\"async\" width=\"1456\" height=\"816\" class=\"gb-image gb-image-ab8835fd\" src=\"https:\/\/www.sisinternational.com\/wp-content\/uploads\/2025\/09\/Package-7.jpg\" alt=\"SIS International Marktforschung &amp; Strategie\" title=\"Package (7)\" srcset=\"https:\/\/www.sisinternational.com\/wp-content\/uploads\/2025\/09\/Package-7.jpg 1456w, https:\/\/www.sisinternational.com\/wp-content\/uploads\/2025\/09\/Package-7-300x168.jpg 300w, https:\/\/www.sisinternational.com\/wp-content\/uploads\/2025\/09\/Package-7-1024x574.jpg 1024w, https:\/\/www.sisinternational.com\/wp-content\/uploads\/2025\/09\/Package-7-768x430.jpg 768w, https:\/\/www.sisinternational.com\/wp-content\/uploads\/2025\/09\/Package-7-18x10.jpg 18w\" sizes=\"auto, (max-width: 1456px) 100vw, 1456px\"><\/figure>\n\n\n\n<p><\/p>\n\n\n\n<hr class=\"wp-block-separator has-alpha-channel-opacity is-style-dots\"\/>\n\n\n\n<h2 class=\"wp-block-heading\">Warum ist die Verpackung wichtig?<\/h2>\n\n\n\n<p>Verpackungen sind eine wichtige Marketingtaktik. Unternehmen verwenden Verpackungen, um Waren zu versch\u00f6nern und den Verbraucher anzulocken. Eine ansprechende und \u00fcberzeugende Verpackung macht Erstk\u00e4ufer neugierig. Viele Verbraucher beurteilen ein Produkt vor dem Kauf anhand seiner Verpackung. Sie ist die Identit\u00e4t eines Produkts. Sogar Einkaufst\u00fcten sprechen Ihre Kunden an und beeinflussen die Markenwahrnehmung.<\/p>\n\n\n\n<p>Many companies conduct extensive research on <a href=\"https:\/\/www.sisinternational.com\/de\/losungen\/branding-und-kundenforschungslosungen\/verpackungsmarktforschung\/\" title=\"Verpackungsmarktforschung\"  data-wpil-monitor-id=\"6544\">designs<\/a> and color schemes for product packaging. These companies need to know the types of packaging that are most attractive to the intended consumer. Why do they go to such lengths? Because product packaging is often what often entices the consumer to take a look at the product.<\/p>\n\n\n\n<p>Vermarkter sollten beim Verpacken eines Produkts jeden Zentimeter ausnutzen, der ihnen zur Verf\u00fcgung steht. Kosteneffizienz ist ebenfalls wichtig. Vermarkter m\u00fcssen auf die Qualit\u00e4t der Materialien achten. Sie m\u00fcssen auch die verwendeten Versandmethoden pr\u00fcfen, wenn sie etwas f\u00fcr ihr Geld bekommen m\u00f6chten. Eine weitere \u00dcberlegung ist die St\u00e4rkung der Marke. Die Designmerkmale der Verpackung eines Unternehmens sind ein wesentlicher Bestandteil seiner Markenidentit\u00e4t. Es verwendet Verpackungen, um diese Identit\u00e4t seiner Zielgruppe mitzuteilen. Benutzerfreundlichkeit ist ein weiterer entscheidender Faktor. Eine Verpackung, die f\u00fcr Verbraucher leicht zu tragen, zu verwenden oder aufzubewahren ist, ist leistungsf\u00e4higer als eine, die schwer zu handhaben ist.<\/p>\n\n\n\n<h2 class=\"wp-block-heading\">Der Aufstieg der Verpackungstrends<\/h2>\n\n\n\n<p>Unternehmen k\u00f6nnen Trends wie den 3D-Druck nutzen, um Verpackungen auf Abruf zu erstellen. Dieser Trend erm\u00f6glicht es Marken, ihren Kunden personalisierte Verpackungen anzubieten. Au\u00dferdem k\u00f6nnen Unternehmen so als Reaktion auf besondere Ereignisse neue Verpackungen auf den Markt bringen.<\/p>\n\n\n\n<p>Der Druck von Lobbygruppen und Medien zwingt viele Marken au\u00dferdem dazu, auf Plastik zu verzichten. Auch die Verbraucher dr\u00e4ngen die Marken dazu, 100 Prozent nachhaltige Verpackungen zu verwenden. Die Herausforderung f\u00fcr die Vermarkter beginnt damit, zu bestimmen, welches neue Material am besten geeignet ist. Angesichts der sich h\u00e4ufig \u00e4ndernden \u00f6ffentlichen Meinung kann diese Bestimmung schwierig sein. Auch die Umstellung der Verpackung von beispielsweise einer Dose auf einen Beutel braucht Zeit. Ein solcher \u00dcbergang erfordert eine brandneue Produktionslinie.<\/p>\n\n\n\n<p>Der Plastikbeutel ist nach wie vor eine der kosteng\u00fcnstigsten Verpackungsoptionen. Eine weitere beliebte und kosteng\u00fcnstige Alternative sind Kartons, die sich leicht individuell gestalten lassen. Viele Unternehmen entscheiden sich auch f\u00fcr Papiert\u00fcten. Auf diese Weise k\u00f6nnen sie sich als umweltfreundliche Unternehmen pr\u00e4sentieren.<\/p>\n\n\n\n<h2 class=\"wp-block-heading\">Wie hilft qualitative Forschung beim Verpackungsdesign?<\/h2>\n\n\n\n<p>New product concept testing is a qualitative research method. It helps marketers by determining the reactions of individuals to alternative <a href=\"https:\/\/www.sisinternational.com\/de\/losungen\/innovation\/designdenken\/\" title=\"Design Thinking Marktforschung\"  data-wpil-monitor-id=\"6682\">packaging<\/a> designs. Usability testing is another method that helps. This method compiles user observations on design features. It assists marketers by outlining the features that are easy or difficult to use. Qualitative <a href=\"https:\/\/www.sisinternational.com\/de\/die-rolle-der-prozess-und-systementwicklung-fur-den-unternehmenserfolg\/\" title=\"Organisationsdesign Marktforschung\"  data-wpil-monitor-id=\"2936\">research can also help marketers<\/a> to use packaging to improve brand perception.<\/p>\n\n\n\n<h2 class=\"wp-block-heading\">Wie hilft quantitative Forschung?<\/h2>\n\n\n\n<p>Die gesprochene Antwort auf die Frage \u201eGef\u00e4llt Ihnen dieses Produkt?\u201c muss nicht immer die richtige Antwort sein. Die Befragten k\u00f6nnen aufgrund kognitiver Verzerrungen verzerrte Antworten geben. Die L\u00f6sung ist Eye Tracking. Diese Kennzahl hilft Marketingfachleuten, die Erfahrung eines Verbrauchers besser zu verstehen. Umfragen sind eine weitere quantitative Methode. Diese Umfragen sind wertvoll, um zu messen, wie das vorgeschlagene Verpackungsdesign funktioniert. Sie helfen Marketingfachleuten auch dabei, festzustellen, ob das neue Modell f\u00fcr die Markteinf\u00fchrung bereit ist.<\/p>\n\n\n\n<h2 class=\"wp-block-heading\">Wie hilft Strategieforschung?<\/h2>\n\n\n\n<p>Eine gr\u00fcndliche Wettbewerbsanalyse ist f\u00fcr jedes Unternehmen unverzichtbar. Ein weiteres wertvolles Instrument ist die Bewertung der Marktchancen. Diese Kennzahl identifiziert Anforderungen und Markteintrittsbarrieren. Unternehmen m\u00fcssen auch die Marktgr\u00f6\u00dfe untersuchen. Dieses Tool hilft Unternehmen, zwischen dem adressierbaren und dem verf\u00fcgbaren Markt zu unterscheiden. Der adressierbare Markt ist die gesamte Umsatzchance f\u00fcr ein Produkt oder eine Dienstleistung. Der verf\u00fcgbare Markt ist ein Teil des adressierbaren Marktes, um den ein Unternehmen konkurrieren kann.<\/p>\n\n\n\n<p>Ein weiteres wichtiges Element der Strategieforschung ist die Branchenbeobachtung. Die strategische \u00dcberwachung von Verbraucherbeobachtungen, Reaktionen und Verhalten liefert wichtige Marketinginformationen. Diese Informationen helfen Unternehmen, sich durch die chaotischen, schnellen Ver\u00e4nderungen in den Medien zu navigieren. Sie f\u00fchren sie auch durch die Umbr\u00fcche in Technologie und Vertriebskan\u00e4len. Die strategische Beobachtung beantwortet wichtige Fragen, beispielsweise wie sich die Markenbekanntheit entwickelt. Diese Methode erm\u00f6glicht es Unternehmen, auf dem Markt wettbewerbsf\u00e4higer zu sein.<\/p>\n\n\n\n<p><\/p>","protected":false},"excerpt":{"rendered":"<p>Verpackungen sind eine wichtige Marketingtaktik. Unternehmen nutzen Verpackungen, um Waren zu versch\u00f6nern und den Verbraucher anzulocken. Die Gestaltung ansprechender und \u00fcberzeugender Verpackungen macht Erstk\u00e4ufer neugierig.<\/p>","protected":false},"author":1,"featured_media":69143,"parent":14514,"menu_order":150,"comment_status":"closed","ping_status":"closed","template":"","meta":{"footnotes":""},"class_list":["post-41022","page","type-page","status-publish","has-post-thumbnail"],"_links":{"self":[{"href":"https:\/\/www.sisinternational.com\/de\/wp-json\/wp\/v2\/pages\/41022","targetHints":{"allow":["GET"]}}],"collection":[{"href":"https:\/\/www.sisinternational.com\/de\/wp-json\/wp\/v2\/pages"}],"about":[{"href":"https:\/\/www.sisinternational.com\/de\/wp-json\/wp\/v2\/types\/page"}],"author":[{"embeddable":true,"href":"https:\/\/www.sisinternational.com\/de\/wp-json\/wp\/v2\/users\/1"}],"replies":[{"embeddable":true,"href":"https:\/\/www.sisinternational.com\/de\/wp-json\/wp\/v2\/comments?post=41022"}],"version-history":[{"count":6,"href":"https:\/\/www.sisinternational.com\/de\/wp-json\/wp\/v2\/pages\/41022\/revisions"}],"predecessor-version":[{"id":80262,"href":"https:\/\/www.sisinternational.com\/de\/wp-json\/wp\/v2\/pages\/41022\/revisions\/80262"}],"up":[{"embeddable":true,"href":"https:\/\/www.sisinternational.com\/de\/wp-json\/wp\/v2\/pages\/14514"}],"wp:featuredmedia":[{"embeddable":true,"href":"https:\/\/www.sisinternational.com\/de\/wp-json\/wp\/v2\/media\/69143"}],"wp:attachment":[{"href":"https:\/\/www.sisinternational.com\/de\/wp-json\/wp\/v2\/media?parent=41022"}],"curies":[{"name":"wp","href":"https:\/\/api.w.org\/{rel}","templated":true}]}}