{"id":41014,"date":"2022-11-11T23:53:09","date_gmt":"2022-11-11T23:53:09","guid":{"rendered":"https:\/\/www.sisinternational.com\/?page_id=41014"},"modified":"2025-10-01T22:38:13","modified_gmt":"2025-10-02T02:38:13","slug":"marktforschung-in-mosambik","status":"publish","type":"page","link":"https:\/\/www.sisinternational.com\/de\/abdeckung\/marktforschung-afrika\/marktforschung-in-mosambik\/","title":{"rendered":"Marktforschung in Mosambik"},"content":{"rendered":"<h1 class=\"wp-block-heading\">Marktforschung in Mosambik<\/h1>\n\n\n\n<figure class=\"gb-block-image gb-block-image-07c74ce7\"><img loading=\"lazy\" decoding=\"async\" width=\"1456\" height=\"816\" class=\"gb-image gb-image-07c74ce7\" src=\"https:\/\/www.sisinternational.com\/wp-content\/uploads\/2025\/08\/Mozambique-4.jpg\" alt=\"SIS International Marktforschung &amp; Strategie\" title=\"Mozambique (4)\" srcset=\"https:\/\/www.sisinternational.com\/wp-content\/uploads\/2025\/08\/Mozambique-4.jpg 1456w, https:\/\/www.sisinternational.com\/wp-content\/uploads\/2025\/08\/Mozambique-4-300x168.jpg 300w, https:\/\/www.sisinternational.com\/wp-content\/uploads\/2025\/08\/Mozambique-4-1024x574.jpg 1024w, https:\/\/www.sisinternational.com\/wp-content\/uploads\/2025\/08\/Mozambique-4-768x430.jpg 768w, https:\/\/www.sisinternational.com\/wp-content\/uploads\/2025\/08\/Mozambique-4-18x10.jpg 18w\" sizes=\"auto, (max-width: 1456px) 100vw, 1456px\"><\/figure>\n\n\n\n<hr class=\"wp-block-separator has-alpha-channel-opacity is-style-dots\"\/>\n\n\n\n<p><\/p>\n\n\n\n<p>Mosambik liegt am s\u00fcd\u00f6stlichen Ende Afrikas an der K\u00fcste des Indischen Ozeans. Tansania liegt im Norden, Malawi im S\u00fcden und Simbabwe im Westen.<\/p>\n\n\n\n<h2 class=\"wp-block-heading\">Schl\u00fcsselindustrien<\/h2>\n\n\n\n<p>Die mosambikanische Wirtschaft basiert auf der Landwirtschaft. Die Landwirtschaft erwirtschaftet rund ein Drittel des BIP, Handel und Dienstleistungen tragen ein weiteres Drittel bei. Das Land ist stark vom Agrarsektor abh\u00e4ngig, was sein Wachstumspotenzial in der Zukunft weiter festigt. Dar\u00fcber hinaus ist die Mehrheit der Bev\u00f6lkerung in der Landwirtschaft t\u00e4tig, um ihren Lebensunterhalt zu sichern. Das tropische Klima und die fruchtbaren B\u00f6den des Landes verhelfen diesem Sektor zu enormem Wachstum und tragen erheblich zum BIP und den Gesamtexporten des Landes bei. Zu den Hauptprodukten z\u00e4hlen Baumwolle, Cashewn\u00fcsse, Kokosn\u00fcsse, Zitrusfr\u00fcchte, Zucker, Tabak und Tee.<\/p>\n\n\n\n<p>Mosambik verf\u00fcgt \u00fcber zahlreiche nat\u00fcrliche Ressourcen, doch der B\u00fcrgerkrieg hat sein Entwicklungswachstum gebremst. Er hat auch die Infrastruktur des Landes zerst\u00f6rt. Dennoch haben die Mosambikaner viele dieser Ressourcen noch nicht ausgebeutet. Dazu geh\u00f6ren Bauxit, Gold, Marmor, Granit, Kohle und Edelsteine. Mosambik produziert auch Titan und Bentonit.<\/p>\n\n\n\n<p>Der Tourismussektor ist zwar vorhanden, aber nicht so entwickelt, wie er sein sollte. Vor dem B\u00fcrgerkrieg herrschte im Tourismussektor reges Treiben. Nach dem Krieg erlebte das Land einen massiven Einbruch, auch in der Tourismusbranche.<\/p>\n\n\n\n<h2 class=\"wp-block-heading\">Nachbarschaften<\/h2>\n\n\n\n<h3 class=\"wp-block-heading\">Maputo<\/h3>\n\n\n\n<p>Maputo ist die Hauptstadt Mosambiks und die bev\u00f6lkerungsreichste Stadt. Mit ihren kommerziellen und kulturellen Errungenschaften leistet sie einen bedeutenden Beitrag zur Wirtschaft des Landes. Mit Stra\u00dfencaf\u00e9s, Bars und Clubs an fast jeder Ecke pulsiert die Stadt vor Energie. Sie bietet eines der besten Nachtleben im s\u00fcdlichen Afrika.<\/p>\n\n\n\n<h3 class=\"wp-block-heading\">Matola<\/h3>\n\n\n\n<p>Matola, die zweitgr\u00f6\u00dfte Stadt Mosambiks nach Einwohnerzahl, ist eine Sch\u00f6nheit. Diese Stadt hat einen Hafen und das bedeutendste Industriegebiet Mosambiks.<\/p>\n\n\n\n<h3 class=\"wp-block-heading\">Nampula<\/h3>\n\n\n\n<p>Diese Stadt in der Provinz Nampula ist die drittgr\u00f6\u00dfte in Mosambik. Nampula ist ein friedlicher Ort mit ein paar Str\u00e4nden und D\u00f6rfern entlang der K\u00fcste. Sie ist nicht so industrialisiert wie Maputo oder Matola.<\/p>\n\n\n\n<h3 class=\"wp-block-heading\">Trends<\/h3>\n\n\n\n<p>The government is pushing the agricultural, mining, and services sectors. Mozambicans are harvesting more produce to gain foreign capital. Also, amidst the COVID-19 pandemic, tourism has seen an increase, bringing visitors from all walks and <a href=\"https:\/\/www.sisinternational.com\/de\/unterschiede-meistern-globale-marktforschungsprojekte\/\" title=\"Kulturelle Unterschiede in der globalen Marktforschung\"  data-wpil-monitor-id=\"8907\">cultures<\/a> and allowing investors to gain a sense of the market value in Mozambique. It is also <a href=\"https:\/\/www.sisinternational.com\/de\/sachverstand\/branchen\/marktforschung-zur-stromerzeugung\/\" title=\"Marktforschung zur Stromerzeugung\"  data-wpil-monitor-id=\"8905\">generating industrial power<\/a> to create a thriving economy. These new investments make it possible for Mozambique to revolutionize its economy.<\/p>\n\n\n\n<h2 class=\"wp-block-heading\">Vorteile und St\u00e4rken im Markt<\/h2>\n\n\n\n<p>Mosambik verf\u00fcgt \u00fcber zahlreiche ungenutzte Ressourcen, die die Wirtschaft des Landes ankurbeln k\u00f6nnten. So k\u00f6nnte das Land beispielsweise schnell zu einem der f\u00fchrenden Gasexporteure werden. Aufgrund j\u00fcngster Entdeckungen k\u00f6nnte es auch den Kohlemarkt dominieren.<\/p>\n\n\n\n<h3 class=\"wp-block-heading\">Verbraucherbasis<\/h3>\n\n\n\n<p>Mosambik hat eine sehr niedrige Kaufkraftparit\u00e4t und ist eines der \u00e4rmsten L\u00e4nder der Welt. Dies ist auf den 15 Jahre andauernden B\u00fcrgerkrieg zur\u00fcckzuf\u00fchren, der 1992 endete. Das Land hat eine niedrige Alphabetisierungsrate und die Menschen verdienen wenig. Aufgrund der anhaltenden Pandemie sind die Einzelhandelsums\u00e4tze schwer vorherzusagen und zu erfassen. Die Verbraucherausgaben sind aufgrund der niedrigen L\u00f6hne der Menschen schwer zu verfolgen.<\/p>\n\n\n\n<h3 class=\"wp-block-heading\">Gr\u00fcnde, Ihr Gesch\u00e4ft auf dem Markt auszubauen<\/h3>\n\n\n\n<p>Mosambik ist einer der f\u00fcnf wichtigsten Handelspartner S\u00fcdafrikas. Seine Wirtschaft w\u00e4chst schnell. Au\u00dferdem bietet es ideale Geografie und Klimabedingungen f\u00fcr Investoren. Mosambik erwartet ein signifikantes Wachstum in den Bereichen Landwirtschaft, Tourismus und Bergbau. Die Entwicklung im Tourismus bedeutet auch, dass die Bev\u00f6lkerung des Landes durch den Verkauf von Kunsthandwerk und den Kontakt mit Besuchern eine neue Einnahmequelle hat.<\/p>\n\n\n\n<h2 class=\"wp-block-heading\">\u00dcber Marktforschung in Mosambik<\/h2>\n\n\n\n<p>Mozambique is a unique country that has much investment potential. Before <a href=\"https:\/\/www.sisinternational.com\/de\/losungen\/strategieberatung\/markteintrittschancenforschung\/die-wirksamkeit-von-produkttests-in-nyc-fur-den-eintritt-in-den-amerikanischen-markt\/\" title=\"Die Wirksamkeit von Produkttests in NYC f\u00fcr den Eintritt in den amerikanischen Markt\"  data-wpil-monitor-id=\"8906\">entering the market<\/a>, it is imperative to carry out Qualitative, Quantitative, and Strategy research. Market Research can also involve Focus Groups, Interviews, and Surveys, all of which are offered by <a href=\"https:\/\/www.sisinternational.com\/de\/kontaktieren-sie-sis-international-market-research\/\" title=\"Kontaktiere uns\"  data-wpil-monitor-id=\"8904\">SIS International Forschung<\/a>.<\/p>\n\n\n\n<p><\/p>","protected":false},"excerpt":{"rendered":"<p>Mosambik verf\u00fcgt \u00fcber viele ungenutzte Ressourcen, die die Wirtschaft des Landes ankurbeln k\u00f6nnen. Die Regierung f\u00f6rdert den Agrar-, Bergbau- und Dienstleistungssektor. Die Mosambikaner ernten mehr Produkte, um ausl\u00e4ndisches Kapital anzulocken.<\/p>","protected":false},"author":1,"featured_media":65309,"parent":14281,"menu_order":46,"comment_status":"closed","ping_status":"closed","template":"","meta":{"footnotes":""},"class_list":["post-41014","page","type-page","status-publish","has-post-thumbnail"],"_links":{"self":[{"href":"https:\/\/www.sisinternational.com\/de\/wp-json\/wp\/v2\/pages\/41014","targetHints":{"allow":["GET"]}}],"collection":[{"href":"https:\/\/www.sisinternational.com\/de\/wp-json\/wp\/v2\/pages"}],"about":[{"href":"https:\/\/www.sisinternational.com\/de\/wp-json\/wp\/v2\/types\/page"}],"author":[{"embeddable":true,"href":"https:\/\/www.sisinternational.com\/de\/wp-json\/wp\/v2\/users\/1"}],"replies":[{"embeddable":true,"href":"https:\/\/www.sisinternational.com\/de\/wp-json\/wp\/v2\/comments?post=41014"}],"version-history":[{"count":4,"href":"https:\/\/www.sisinternational.com\/de\/wp-json\/wp\/v2\/pages\/41014\/revisions"}],"predecessor-version":[{"id":81496,"href":"https:\/\/www.sisinternational.com\/de\/wp-json\/wp\/v2\/pages\/41014\/revisions\/81496"}],"up":[{"embeddable":true,"href":"https:\/\/www.sisinternational.com\/de\/wp-json\/wp\/v2\/pages\/14281"}],"wp:featuredmedia":[{"embeddable":true,"href":"https:\/\/www.sisinternational.com\/de\/wp-json\/wp\/v2\/media\/65309"}],"wp:attachment":[{"href":"https:\/\/www.sisinternational.com\/de\/wp-json\/wp\/v2\/media?parent=41014"}],"curies":[{"name":"wp","href":"https:\/\/api.w.org\/{rel}","templated":true}]}}