{"id":41008,"date":"2022-11-11T23:19:50","date_gmt":"2022-11-11T23:19:50","guid":{"rendered":"https:\/\/www.sisinternational.com\/?page_id=41008"},"modified":"2026-01-24T21:32:08","modified_gmt":"2026-01-25T02:32:08","slug":"marktforschung-in-mali","status":"publish","type":"page","link":"https:\/\/www.sisinternational.com\/de\/abdeckung\/marktforschung-afrika\/marktforschung-in-mali\/","title":{"rendered":"Marktforschung in Mali"},"content":{"rendered":"<h1 class=\"wp-block-heading\">Marktforschung in Mali<\/h1>\n\n\n\n<figure class=\"gb-block-image gb-block-image-1f31f65c\"><img loading=\"lazy\" decoding=\"async\" width=\"1456\" height=\"816\" class=\"gb-image gb-image-1f31f65c\" src=\"https:\/\/www.sisinternational.com\/wp-content\/uploads\/2025\/08\/Mali-2.jpg\" alt=\"SIS International Marktforschung &amp; Strategie\" title=\"Mali (2)\" srcset=\"https:\/\/www.sisinternational.com\/wp-content\/uploads\/2025\/08\/Mali-2.jpg 1456w, https:\/\/www.sisinternational.com\/wp-content\/uploads\/2025\/08\/Mali-2-300x168.jpg 300w, https:\/\/www.sisinternational.com\/wp-content\/uploads\/2025\/08\/Mali-2-1024x574.jpg 1024w, https:\/\/www.sisinternational.com\/wp-content\/uploads\/2025\/08\/Mali-2-768x430.jpg 768w, https:\/\/www.sisinternational.com\/wp-content\/uploads\/2025\/08\/Mali-2-18x10.jpg 18w\" sizes=\"auto, (max-width: 1456px) 100vw, 1456px\"><\/figure>\n\n\n\n<hr class=\"wp-block-separator has-alpha-channel-opacity is-style-dots\"\/>\n\n\n\n<p><\/p>\n\n\n\n<p>Die Westafrikanische Republik Mali ist das achtgr\u00f6\u00dfte Land Afrikas. Die Amtssprache Malis ist Franz\u00f6sisch. Neben Franz\u00f6sisch sind weitere Landessprachen Arabisch, Englisch, Fulani und Mandinka.<\/p>\n\n\n\n<p>To the north of Mali is Algeria, and to the east is&nbsp;Niger&nbsp;and Burkina Faso. C\u00f4te d\u2019Ivoire and Guinea are to the south, and west is Senegal and Mauritania. The official currency is the West African CFA franc.<\/p>\n\n\n\n<h2 class=\"wp-block-heading\">Schl\u00fcsselindustrien<\/h2>\n\n\n\n<p>Mali produziert eine Vielzahl von Nutzpflanzen f\u00fcr den Eigenbedarf und den kommerziellen Gebrauch. Die Landwirte betreiben auch Viehzucht von Rindern, Schafen und Ziegen. Die Fischerei ist ein weiterer Beitrag zur Landwirtschaft und Wirtschaft. Mali ist anf\u00e4llig f\u00fcr D\u00fcrreperioden, so dass der Fischereisektor manchmal betroffen ist. Aber Mali ist immer noch einer der gr\u00f6\u00dften Fischproduzenten in Westafrika.<\/p>\n\n\n\n<p>Die Bergbauindustrie sucht nach Mineralien. Sie produziert auch nat\u00fcrliche Ressourcen wie Gold, Salz, Kaolin, Phosphat und Kalkstein. Dar\u00fcber hinaus sind Gold und Baumwolle die wichtigsten Exportg\u00fcter Malis. Sie machen \u00fcber achtzig Prozent der Exporte des Landes aus.<\/p>\n\n\n\n<h2 class=\"wp-block-heading\">Nachbarschaften<\/h2>\n\n\n\n<p>Mali hat mehrere Regionen, jede mit ihrer Hauptstadt. Bamako beispielsweise ist die gr\u00f6\u00dfte Stadt und zugleich Hauptstadt und Verwaltungszentrum Malis mit Regierungsinstitutionen, Dienstleistungen und Geb\u00e4uden.<\/p>\n\n\n\n<p>Sikasso ist die zweitgr\u00f6\u00dfte Stadt und die Hauptstadt der Region Sikasso. Das Klima in Sikasso ist feuchter als in jedem anderen Teil Malis, daher floriert dort die Landwirtschaft.<\/p>\n\n\n\n<p>Segou, bekannt f\u00fcr seine T\u00f6pferei, M\u00e4rkte und Fischereiindustrie, ist die Hauptstadt der Region Segou.<\/p>\n\n\n\n<p>Kayes ist die Hauptstadt der Region Kayes und verf\u00fcgt \u00fcber einen internationalen Flughafen und einen regionalen Bahnhof. Dar\u00fcber hinaus ist Kayes reich an Gold und Eisen.<\/p>\n\n\n\n<p>Mopti ist die Hauptstadt und das Handelszentrum der Region Mopti. Mopti ist auch der wichtigste Hafen Malis.<\/p>\n\n\n\n<p>Kalabancoro, Gao, Kati und San sind weitere bedeutende St\u00e4dte in Mali. Sie bilden die st\u00e4dtischen und vorst\u00e4dtischen Gemeinden.<\/p>\n\n\n\n<h2 class=\"wp-block-heading\">Trends<\/h2>\n\n\n\n<p>Mali steht inmitten einer Pandemie vor politischen Turbulenzen. Schon zuvor erlebten die Malier 2012 einen Staatsstreich, der die Wirtschaft etwas destabilisierte. Dann kam es 2020 zum j\u00fcngsten Sturz der Regierung.<\/p>\n\n\n\n<p>Dennoch floriert die Wirtschaft, was vor allem an den nat\u00fcrlichen Ressourcen des Landes liegt. Ebenso wichtig ist, dass das Land einen robusten Agrarsektor hat. Auch im Bereich der erneuerbaren Energien besteht gro\u00dfes Potenzial.<\/p>\n\n\n\n<p>Trotz anhaltender terroristischer Bedrohungen expandiert das Land. Es ist sogar Gesch\u00e4ftsbeziehungen und Partnerschaften mit den USA eingegangen.<\/p>\n\n\n\n<h2 class=\"wp-block-heading\">Vorteile und St\u00e4rken des Marktes<\/h2>\n\n\n\n<p>Mali is eligible for financial grants from the United States for the development of business in African countries. The country also welcomes foreign investment. It has initiatives such as the promotion of privatization of public enterprise. Mali also offers duty-free importation of <a href=\"https:\/\/www.sisinternational.com\/de\/losungen\/fintech-strategieberatung-forschung\/venture-capital-marktforschung\/\" title=\"Venture Capital-Marktforschung\"  data-wpil-monitor-id=\"8346\">capital equipment for priority industrial ventures<\/a>.<\/p>\n\n\n\n<h2 class=\"wp-block-heading\">Warum Sie Ihr Gesch\u00e4ft in Mali ausbauen sollten<\/h2>\n\n\n\n<p>Mali has had years of political and economic unrest. In spite of that, the Government of Mali is doing its best to encourage foreign investment. Why? Because foreign investment is a means to achieve stability. So, it is <a href=\"https:\/\/www.sisinternational.com\/de\/einfuhrung-von-kunstlicher-intelligenz-in-kleinen-unternehmen\/\" title=\"Einf\u00fchrung von K\u00fcnstlicher Intelligenz (KI) in kleinen Unternehmen\"  data-wpil-monitor-id=\"8348\">adopting measures to simplify business<\/a> creation and operating procedures. Mali has a wealth of untapped resources that the country is unable to exploit or develop at present. Foreign investment will enable it to unlock these resources. It will earn profits for the investor as well.<\/p>\n\n\n\n<h2 class=\"wp-block-heading\">\u00dcber Marktforschung in Mali<\/h2>\n\n\n\n<p>Doing business in Mali can be much easier with <a href=\"https:\/\/www.sisinternational.com\/de\/veroffentlichungen\/skalierbare-geschaftsmarktforschung-7-moglichkeiten-zum-aufbau-eines-skalierbaren-geschafts\/\" title=\"Marktforschung f\u00fcr skalierbare Unternehmen: 7 M\u00f6glichkeiten zum Aufbau eines skalierbaren Unternehmens\"  data-wpil-monitor-id=\"8347\">market<\/a> research. Hence, we offer Focus Groups, Interviews, and Surveys. We also undertake Quantitative, Qualitative, and Strategy <a href=\"https:\/\/www.sisinternational.com\/de\/abdeckung\/die-amerikaner\/marktforschung-in-der-karibik\/marktforschung-bahamas\/\" title=\"Marktforschung auf den Bahamas\"  data-wpil-monitor-id=\"3540\">Research for the various African markets<\/a>. Then we compile the findings to help you and your business to take off.<\/p>","protected":false},"excerpt":{"rendered":"<p>Malis Wirtschaft floriert, was vor allem an den nat\u00fcrlichen Ressourcen des Landes liegt. Ebenso wichtig ist, dass das Land einen robusten Agrarsektor hat. Auch im Bereich der erneuerbaren Energien besteht gro\u00dfes Potenzial.\u00a0<\/p>","protected":false},"author":1,"featured_media":65289,"parent":14281,"menu_order":45,"comment_status":"closed","ping_status":"closed","template":"","meta":{"footnotes":""},"class_list":["post-41008","page","type-page","status-publish","has-post-thumbnail"],"_links":{"self":[{"href":"https:\/\/www.sisinternational.com\/de\/wp-json\/wp\/v2\/pages\/41008","targetHints":{"allow":["GET"]}}],"collection":[{"href":"https:\/\/www.sisinternational.com\/de\/wp-json\/wp\/v2\/pages"}],"about":[{"href":"https:\/\/www.sisinternational.com\/de\/wp-json\/wp\/v2\/types\/page"}],"author":[{"embeddable":true,"href":"https:\/\/www.sisinternational.com\/de\/wp-json\/wp\/v2\/users\/1"}],"replies":[{"embeddable":true,"href":"https:\/\/www.sisinternational.com\/de\/wp-json\/wp\/v2\/comments?post=41008"}],"version-history":[{"count":4,"href":"https:\/\/www.sisinternational.com\/de\/wp-json\/wp\/v2\/pages\/41008\/revisions"}],"predecessor-version":[{"id":81399,"href":"https:\/\/www.sisinternational.com\/de\/wp-json\/wp\/v2\/pages\/41008\/revisions\/81399"}],"up":[{"embeddable":true,"href":"https:\/\/www.sisinternational.com\/de\/wp-json\/wp\/v2\/pages\/14281"}],"wp:featuredmedia":[{"embeddable":true,"href":"https:\/\/www.sisinternational.com\/de\/wp-json\/wp\/v2\/media\/65289"}],"wp:attachment":[{"href":"https:\/\/www.sisinternational.com\/de\/wp-json\/wp\/v2\/media?parent=41008"}],"curies":[{"name":"wp","href":"https:\/\/api.w.org\/{rel}","templated":true}]}}