{"id":40971,"date":"2022-11-04T21:07:49","date_gmt":"2022-11-04T21:07:49","guid":{"rendered":"https:\/\/www.sisinternational.com\/?page_id=40971"},"modified":"2026-01-25T18:49:02","modified_gmt":"2026-01-25T23:49:02","slug":"marktforschung-zum-weltraumbergbau","status":"publish","type":"page","link":"https:\/\/www.sisinternational.com\/de\/sachverstand\/marktforschung-zum-weltraumbergbau\/","title":{"rendered":"Marktforschung zum Weltraumbergbau"},"content":{"rendered":"<h1 class=\"wp-block-heading\">Marktforschung zum Weltraumbergbau<\/h1>\n\n\n\n<figure class=\"gb-block-image gb-block-image-e62da2cf\"><img loading=\"lazy\" decoding=\"async\" width=\"1024\" height=\"574\" class=\"gb-image gb-image-e62da2cf\" src=\"https:\/\/www.sisinternational.com\/wp-content\/uploads\/2025\/08\/Space-mining-astronaut-NASA-4-1024x574.jpg\" srcset=\"https:\/\/www.sisinternational.com\/wp-content\/uploads\/2025\/08\/Space-mining-astronaut-NASA-4-1024x574.jpg 1024w, https:\/\/www.sisinternational.com\/wp-content\/uploads\/2025\/08\/Space-mining-astronaut-NASA-4-300x168.jpg 300w, https:\/\/www.sisinternational.com\/wp-content\/uploads\/2025\/08\/Space-mining-astronaut-NASA-4-768x430.jpg 768w, https:\/\/www.sisinternational.com\/wp-content\/uploads\/2025\/08\/Space-mining-astronaut-NASA-4-18x10.jpg 18w, https:\/\/www.sisinternational.com\/wp-content\/uploads\/2025\/08\/Space-mining-astronaut-NASA-4.jpg 1456w\" sizes=\"auto, (max-width: 1024px) 100vw, 1024px\" alt=\"SIS International Marktforschung &amp; Strategie\"><\/figure>\n\n\n\n<hr class=\"wp-block-separator has-alpha-channel-opacity is-style-dots\"\/>\n\n\n\n<p>Weltraumbergbau ist ein neues Feld. Es bezieht sich auf die hypothetische Sammlung von Rohmaterial von Asteroiden und anderen Kleinplaneten. Wir k\u00f6nnen das abgebaute Material f\u00fcr Bauzwecke und andere Zwecke verwenden.<\/p>\n\n\n\n<p>Der Bergbau im Weltraum wird sich nicht sehr vom Bergbau auf der Erde unterscheiden. Warum? Weil die Bergleute im Weltraum \u00e4hnliche Methoden anwenden werden wie auf der Erde. Die g\u00e4ngigste Methode wird wahrscheinlich darin bestehen, die gew\u00fcnschten Materialien von den Asteroiden abzukratzen. Ein anderer Name f\u00fcr diese Methode ist Tagebau. Bergleute werden auch Tunnel in Adern mit bestimmten Substanzen graben. Techniker werden sie dann durch spezielle R\u00f6hren bef\u00f6rdern.<\/p>\n\n\n\n<h2 class=\"wp-block-heading\">Warum ist der Weltraumbergbau wichtig?<\/h2>\n\n\n\n<p>Using minerals from these sources will ease the pressure caused by producing them on Earth. These space rocks contain many minerals, like iron and platinum. Furthermore, the minerals of these rocks are infinite, and the resources on Earth are finite. Space ore is never-ending. Thus, asteroid <a href=\"https:\/\/www.sisinternational.com\/de\/losungen\/ai-marktforschung-und-strategieberatung\/bergbau-naturliche-ressourcen-automatisierung-kunstliche-intelligenz-beratung\/\" title=\"Automatisierung und KI-Beratung im Bergbau und in der nat\u00fcrlichen Ressourcen\"  data-wpil-monitor-id=\"10042\">mining provides us with almost unlimited resources<\/a>, which will soon also cause those materials to become less scarce. The idea of running out of space ore is unlikely. Another use of space mining is to maintain human presence in, you guessed it, space. It can supply enough resources to Earth to maintain that presence.<\/p>\n\n\n\n<h3 class=\"wp-block-heading\">Weitere Vorteile des Space Mining:<\/h3>\n\n\n\n<ul class=\"wp-block-list\">\n<li>New ideas <a href=\"https:\/\/www.sisinternational.com\/de\/losungen\/strategieberatung\/ziele-und-schlusselergebnisse-rahmen-marktforschung\/\" title=\"Ziele und Schl\u00fcsselergebnisse Frameworks Marktforschung\"  data-wpil-monitor-id=\"10043\">resulting from space research<\/a><\/li>\n\n\n\n<li>Durch Raumfahrtprogramme geschaffene Arbeitspl\u00e4tze<\/li>\n\n\n\n<li>Erweitertes Wissen \u00fcber die nat\u00fcrliche Welt<\/li>\n\n\n\n<li>Bessere Gesundheitsversorgung<\/li>\n\n\n\n<li>F\u00f6rderung der Wissenschaft<\/li>\n\n\n\n<li>Mehr Sicherheit auf der Erde<\/li>\n<\/ul>\n\n\n\n<h2 class=\"wp-block-heading\">Wichtige Berufsbezeichnungen<\/h2>\n\n\n\n<p>These jobs are some of the primary ones offered in the space field. There are astronauts, who go to outer space and explore it. There are also <a class=\"wpil_keyword_link\" href=\"https:\/\/www.sisinternational.com\/de\/uber-sis-international-research\/karriere-bei-sis-international\/\"   title=\"Karriere bei SIS International\" data-wpil-keyword-link=\"linked\"  data-wpil-monitor-id=\"730\">careers<\/a> under Space Tech. This field deals with spacecraft, satellites, and space stations. It also handles hypothetical areas such as space warfare.<\/p>\n\n\n\n<h3 class=\"wp-block-heading\">Einige T\u00e4tigkeitsbereiche im Weltraumbergbau sind:<\/h3>\n\n\n\n<ul class=\"wp-block-list\">\n<li>Ingenieur f\u00fcr Luft-und Raumfahrt<\/li>\n\n\n\n<li>Luftfahrtingenieur<\/li>\n\n\n\n<li>Astronom<\/li>\n\n\n\n<li>Luft- und Raumfahrttechniker<\/li>\n\n\n\n<li>Atmosph\u00e4renwissenschaftler<\/li>\n<\/ul>\n\n\n\n<p>Diese Wissenschaftler erforschen st\u00e4ndig mehr \u00fcber den Weltraum und was er birgt. Jeden Tag wird die Forschung weiter vorangetrieben und der Weltraumbergbau macht Fortschritte. Er schafft neue Arbeitspl\u00e4tze und schafft Unternehmen.<\/p>\n\n\n\n<h2 class=\"wp-block-heading\">Warum brauchen Unternehmen Space Mining?<\/h2>\n\n\n\n<figure class=\"gb-block-image gb-block-image-152a0cd2\"><img loading=\"lazy\" decoding=\"async\" width=\"1456\" height=\"816\" class=\"gb-image gb-image-152a0cd2\" src=\"https:\/\/www.sisinternational.com\/wp-content\/uploads\/2025\/08\/Space-mining-astronaut-NASA-3.jpg\" alt=\"SIS International Marktforschung &amp; Strategie\" title=\"Space mining astronaut NASA (3)\" srcset=\"https:\/\/www.sisinternational.com\/wp-content\/uploads\/2025\/08\/Space-mining-astronaut-NASA-3.jpg 1456w, https:\/\/www.sisinternational.com\/wp-content\/uploads\/2025\/08\/Space-mining-astronaut-NASA-3-300x168.jpg 300w, https:\/\/www.sisinternational.com\/wp-content\/uploads\/2025\/08\/Space-mining-astronaut-NASA-3-1024x574.jpg 1024w, https:\/\/www.sisinternational.com\/wp-content\/uploads\/2025\/08\/Space-mining-astronaut-NASA-3-768x430.jpg 768w, https:\/\/www.sisinternational.com\/wp-content\/uploads\/2025\/08\/Space-mining-astronaut-NASA-3-18x10.jpg 18w\" sizes=\"auto, (max-width: 1456px) 100vw, 1456px\"><\/figure>\n\n\n\n<p><\/p>\n\n\n\n<p>Unternehmen bereiten den Einstieg in den Weltraumbergbau zur Gewinnung von Mineralien vor. Die Ressourcen auf der Erde sind endlich und die abgebauten Mineralien k\u00f6nnen die L\u00fccken bei den nicht erneuerbaren Metallressourcen f\u00fcllen, wenn diese ersch\u00f6pft sind.<\/p>\n\n\n\n<h2 class=\"wp-block-heading\">Schl\u00fcsselfaktoren f\u00fcr den Erfolg<\/h2>\n\n\n\n<p>Der Weltraumbergbau erfreut sich unter Wissenschaftlern gro\u00dfer Beliebtheit. Sie glauben, dass er kosteng\u00fcnstige Metalle f\u00fcr eine Mond- und Marskolonie liefern kann. Auf diese Weise kann er die Menschheit vergr\u00f6\u00dfern, da wir mehr Land f\u00fcr unsere wachsende Bev\u00f6lkerung ben\u00f6tigen. Der Weltraumbergbau gibt den Menschen auch einen weiteren Schub bei ihrem Bestreben, den Weltraum zu erforschen.<\/p>\n\n\n\n<p>Der <a href=\"https:\/\/www.sisinternational.com\/de\/sachverstand\/branchen\/marktforschung-fur-seltenerdmetalle\/\" title=\"Marktforschung f\u00fcr Seltene Erden\"  data-wpil-monitor-id=\"5186\">metal resources obtained will grow the Earth\u2019s<\/a> economy. We will <a href=\"https:\/\/www.sisinternational.com\/de\/losungen\/innovation\/wie-man-ein-unternehmen-skaliert\/\" title=\"So skalieren Sie ein Unternehmen | Exponentielles Wachstum erreichen\"  data-wpil-monitor-id=\"10040\">achieve this growth<\/a> by using spacecraft that are cost-effective. Off-planet resources will also improve sustainability on Earth. Hence, people are planning to explore space on a larger scale in the future, which will create new jobs and businesses.<\/p>\n\n\n\n<p>Asteroid <a href=\"https:\/\/www.sisinternational.com\/de\/venezuela-oil-mining-industry-potential-strategic-forecast-2026-2036\/\" title=\"Venezuela Oil &amp; Mining Industry Potential: Strategic Forecast 2026-2036\"  data-wpil-monitor-id=\"10045\">mining<\/a> will be a costly and exciting industry. It continues to get the attention of new investors. The mining of off-planet resources is risky, but the rewards can be significant.<\/p>\n\n\n\n<h2 class=\"wp-block-heading\">\u00dcber Space Mining Market Research<\/h2>\n\n\n\n<p>Investments in space mining are becoming common with companies as it is very profitable. Although it is pricey, the results are likely to be consistent. Thus, it is an exciting new field. This field is also constantly expanding. If you want to join the space mining field, our company will help you start. We arrange focus groups that do strategic, qualitative, and quantitative research. Surveys are also not a problem. Moreover, we ensure that you get the results you want and that your business grows. Contact us now to start <a href=\"https:\/\/www.sisinternational.com\/de\/veroffentlichungen\/skalierbare-geschaftsmarktforschung-7-moglichkeiten-zum-aufbau-eines-skalierbaren-geschafts\/\" title=\"Marktforschung f\u00fcr skalierbare Unternehmen: 7 M\u00f6glichkeiten zum Aufbau eines skalierbaren Unternehmens\"  data-wpil-monitor-id=\"10041\">building your business<\/a> in the area you want. We are always ready to help.<\/p>\n\n\n\n<p><\/p>","protected":false},"excerpt":{"rendered":"<p>Weltraumbergbau ist ein neues Feld. Es bezieht sich auf die hypothetische Sammlung von Rohmaterial von Asteroiden und anderen Kleinplaneten. Wir k\u00f6nnen das abgebaute Material f\u00fcr Bauzwecke und andere Zwecke verwenden.<\/p>","protected":false},"author":1,"featured_media":63877,"parent":14514,"menu_order":147,"comment_status":"closed","ping_status":"closed","template":"","meta":{"footnotes":""},"class_list":["post-40971","page","type-page","status-publish","has-post-thumbnail"],"_links":{"self":[{"href":"https:\/\/www.sisinternational.com\/de\/wp-json\/wp\/v2\/pages\/40971","targetHints":{"allow":["GET"]}}],"collection":[{"href":"https:\/\/www.sisinternational.com\/de\/wp-json\/wp\/v2\/pages"}],"about":[{"href":"https:\/\/www.sisinternational.com\/de\/wp-json\/wp\/v2\/types\/page"}],"author":[{"embeddable":true,"href":"https:\/\/www.sisinternational.com\/de\/wp-json\/wp\/v2\/users\/1"}],"replies":[{"embeddable":true,"href":"https:\/\/www.sisinternational.com\/de\/wp-json\/wp\/v2\/comments?post=40971"}],"version-history":[{"count":6,"href":"https:\/\/www.sisinternational.com\/de\/wp-json\/wp\/v2\/pages\/40971\/revisions"}],"predecessor-version":[{"id":81662,"href":"https:\/\/www.sisinternational.com\/de\/wp-json\/wp\/v2\/pages\/40971\/revisions\/81662"}],"up":[{"embeddable":true,"href":"https:\/\/www.sisinternational.com\/de\/wp-json\/wp\/v2\/pages\/14514"}],"wp:featuredmedia":[{"embeddable":true,"href":"https:\/\/www.sisinternational.com\/de\/wp-json\/wp\/v2\/media\/63877"}],"wp:attachment":[{"href":"https:\/\/www.sisinternational.com\/de\/wp-json\/wp\/v2\/media?parent=40971"}],"curies":[{"name":"wp","href":"https:\/\/api.w.org\/{rel}","templated":true}]}}