{"id":40968,"date":"2022-11-05T00:24:56","date_gmt":"2022-11-05T00:24:56","guid":{"rendered":"https:\/\/www.sisinternational.com\/?page_id=40968"},"modified":"2025-10-01T22:48:32","modified_gmt":"2025-10-02T02:48:32","slug":"smart-city-marktforschung","status":"publish","type":"page","link":"https:\/\/www.sisinternational.com\/de\/sachverstand\/smart-city-marktforschung\/","title":{"rendered":"Smart City Marktforschung"},"content":{"rendered":"<h1 class=\"wp-block-heading\">Smart City Marktforschung<\/h1>\n\n\n\n<figure class=\"gb-block-image gb-block-image-2781726f\"><img loading=\"lazy\" decoding=\"async\" width=\"1456\" height=\"816\" class=\"gb-image gb-image-2781726f\" src=\"https:\/\/www.sisinternational.com\/wp-content\/uploads\/2025\/08\/Smart-mobility-5.jpg\" alt=\"SIS International Marktforschung &amp; Strategie\" title=\"Smart mobility (5)\" srcset=\"https:\/\/www.sisinternational.com\/wp-content\/uploads\/2025\/08\/Smart-mobility-5.jpg 1456w, https:\/\/www.sisinternational.com\/wp-content\/uploads\/2025\/08\/Smart-mobility-5-300x168.jpg 300w, https:\/\/www.sisinternational.com\/wp-content\/uploads\/2025\/08\/Smart-mobility-5-1024x574.jpg 1024w, https:\/\/www.sisinternational.com\/wp-content\/uploads\/2025\/08\/Smart-mobility-5-768x430.jpg 768w, https:\/\/www.sisinternational.com\/wp-content\/uploads\/2025\/08\/Smart-mobility-5-18x10.jpg 18w\" sizes=\"auto, (max-width: 1456px) 100vw, 1456px\"><\/figure>\n\n\n\n<p><\/p>\n\n\n\n<h2 class=\"wp-block-heading\">Was ist eine Smart City<\/h2>\n\n\n\n<p>Eine Smart City nutzt Technologie, um das Leben ihrer B\u00fcrger zu verbessern. Zwei Haupttechnologien erm\u00f6glichen dies.<\/p>\n\n\n\n<h3 class=\"wp-block-heading\">Internet der Dinge (IoT)<\/h3>\n\n\n\n<p>Das IoT ist ein Computerkonzept, bei dem physische Objekte mit dem Internet verbunden werden. Diese Objekte k\u00f6nnen sich dann gegen\u00fcber anderen identifizieren.<\/p>\n\n\n\n<h3 class=\"wp-block-heading\">Gro\u00dfe Daten<\/h3>\n\n\n\n<p>Smart Cities produzieren und analysieren gro\u00dfe Datenmengen, um Muster und Trends zu erkennen. Diese Muster helfen, Ursachen f\u00fcr menschliches Verhalten zu finden.<\/p>\n\n\n\n<h2 class=\"wp-block-heading\">Warum ist es wichtig<\/h2>\n\n\n\n<p>Technologie ist da und w\u00e4chst. Der Begriff \u201eSmart City\u201c ist neu, aber die Idee gibt es schon seit Jahren. Sie ist eine weitere M\u00f6glichkeit f\u00fcr St\u00e4dte und Regierungen, jede Menge Geld zu sparen.<\/p>\n\n\n\n<p>For example, one of the biggest problems affecting urban cities is wastage. Pollution is another. These problems can cost a pretty penny to fix. A <a href=\"https:\/\/www.sisinternational.com\/de\/sachverstand\/branchen\/marktforschung-fur-intelligente-sensoren\/\" title=\"Marktforschung f\u00fcr intelligente Sensoren\"  data-wpil-monitor-id=\"8867\">Smart City will place sensors<\/a> along pipes and meters to detect leaks, alerting plumbers as fast as possible.<\/p>\n\n\n\n<h3 class=\"wp-block-heading\">Gesundheitswesen<\/h3>\n\n\n\n<p>Air Quality sensors help reduce emissions. For instance, the sensor could detect the exact source if a toxin fume made its way through the city. Authorities can then work to cut the emissions. This <a href=\"https:\/\/www.sisinternational.com\/de\/smart-home-marktforschung\/\" title=\"Smart Home Marktforschung\"  data-wpil-monitor-id=\"8872\">smart tech is also helpful in homes<\/a>. Patients can <a href=\"https:\/\/www.sisinternational.com\/de\/losungen\/ai-marktforschung-und-strategieberatung\/automatisierung-von-korperpflegeprodukten-ki-beratung\/\" title=\"Automatisierung von K\u00f6rperpflegeprodukten und KI-Beratung\"  data-wpil-monitor-id=\"8877\">consult<\/a> with doctors via video calls and personal messaging. They can then receive life-saving health alerts.<\/p>\n\n\n\n<h3 class=\"wp-block-heading\">Verbesserte Infrastruktur<\/h3>\n\n\n\n<p>Stra\u00dfen, Br\u00fccken, Geb\u00e4ude und andere Bauwerke erfordern enorme Investitionen, wenn Sch\u00e4den auftreten. Smart Cities nutzen pr\u00e4diktive Analysen, um diese Probleme schnell zu beheben. Intelligente Sensoren erkennen Baufehler, bevor sie Schaden anrichten. So werden das Geb\u00e4ude und die Menschen darin gerettet. Pr\u00e4diktive Analysen sparen Millionen von Steuergeldern und Zeit. Diese Sensoren erkennen Risse und andere Probleme. Smart Cities verf\u00fcgen daher tendenziell \u00fcber sichere Stra\u00dfen, Br\u00fccken und Geb\u00e4ude.<\/p>\n\n\n\n<h2 class=\"wp-block-heading\">Wichtige Berufsbezeichnungen<\/h2>\n\n\n\n<h2 class=\"wp-block-heading\">Entwickler<\/h2>\n\n\n\n<p>Smart Cities ben\u00f6tigen Software-, Datenbank- und Plattformentwickler. Sie erstellen Apps, die Aufgaben erf\u00fcllen k\u00f6nnen, die St\u00e4dte sicherer machen.<\/p>\n\n\n\n<h3 class=\"wp-block-heading\">Datenwissenschaftler<\/h3>\n\n\n\n<p>Datenwissenschaftler interpretieren riesige Datenmengen in wichtige Informationen. Diese Daten tragen dazu bei, die Lebensqualit\u00e4t der B\u00fcrger zu verbessern.<\/p>\n\n\n\n<h3 class=\"wp-block-heading\">Schl\u00fcsselfaktoren f\u00fcr den Erfolg<\/h3>\n\n\n\n<p>Although the focus is technology, this is not the only feature of Smart Cities. Citizens must buy-in and use the tech for it to succeed. Without public input, it becomes just another city with tech advances. <a href=\"https:\/\/www.sisinternational.com\/de\/losungen\/reise-tourismus-und-gastgewerbeberatung\/beratung-zu-intelligenter-hoteltechnologie\/\" title=\"Beratung zu intelligenter Hoteltechnologie\"  data-wpil-monitor-id=\"8875\">Smart City technology<\/a> helps citizens have a say in the running of their city. They can use apps to talk to government officials about local issues. These apps also enable easier sharing of information within the community.<\/p>\n\n\n\n<h2 class=\"wp-block-heading\">Warum L\u00e4nder es brauchen<\/h2>\n\n\n\n<h3 class=\"wp-block-heading\">Verbesserte Energieeffizienz<\/h3>\n\n\n\n<p>Der Stromverbrauch in St\u00e4dten ist sehr hoch. St\u00e4dte k\u00f6nnen Sensoren in den Stra\u00dfen anbringen, um Fu\u00dfg\u00e4nger zu erkennen. Wenn keine Menschen in der N\u00e4he sind, k\u00f6nnen die Sensoren die Stra\u00dfenbeleuchtung reduzieren. Diese Ma\u00dfnahme kann der Stadt Geld sparen.<\/p>\n\n\n\n<h3 class=\"wp-block-heading\">Weniger Verkehrsstaus<\/h3>\n\n\n\n<p>Mithilfe der Smart City-Technologie tragen intelligente Signale zur Reduzierung des Verkehrsaufkommens bei. Diese innovative Technologie empfiehlt auch alternative Routen. Sie zeigt den Fahrern die Zeiten an, zu denen die Stra\u00dfen weniger befahren sind, um mit dem Pendeln zu beginnen. Benutzer \u00f6ffentlicher Verkehrsmittel k\u00f6nnen damit die Standorte ihrer Z\u00fcge und Busse verfolgen.<\/p>\n\n\n\n<h2 class=\"wp-block-heading\">Intelligentes Parkraummanagement<\/h2>\n\n\n\n<p>Smart Parking kann der Stadt auch dabei helfen, Einnahmen zu generieren. Niemand m\u00f6chte lange im Kreis fahren, um einen Parkplatz zu finden. In einer Smart City k\u00f6nnen Autofahrer auf ihren Ger\u00e4ten Benachrichtigungen erhalten, die sie dar\u00fcber informieren, wenn ein Parkplatz frei wird.<\/p>\n\n\n\n<h3 class=\"wp-block-heading\">Sicherere St\u00e4dte<\/h3>\n\n\n\n<p>Eine Smart City ist normalerweise sicher. Eine hohe Kriminalit\u00e4tsrate ist f\u00fcr keine Stadt gut. Bodycams, Schussmelder, Kennzeichenerkennung und Stimmerkennung sind hilfreich. Kameras, die unverschlossene T\u00fcren erkennen und Alarme an Hausbesitzer senden, sind ebenfalls wertvoll. Diese Art von Technologie wird Kriminalit\u00e4t verhindern. Die Strafverfolgungsbeh\u00f6rden nutzen diese, um ihre Arbeit weniger anstrengend zu machen.<\/p>\n\n\n\n<h2 class=\"wp-block-heading\">\u00dcber Smart City Market Research<\/h2>\n\n\n\n<p>The Smart <a href=\"https:\/\/www.sisinternational.com\/de\/losungen\/schwerpunktgruppen\/einrichtungen-fur-fokusgruppen-in-nyc\/\" title=\"Einrichtungen f\u00fcr Fokusgruppen in New York City\"  data-wpil-monitor-id=\"8865\">City would have to involve Focus Groups<\/a>, Interviews, and Surveys. Cites must know how to increase the ease of living for their citizens. The <a href=\"https:\/\/www.sisinternational.com\/de\/sis-application-of-quantitative-data-analytics-to-sensory-testing\/\" title=\"SIS Application of Quantitative Data Analytics to Sensory Testing\"  data-wpil-monitor-id=\"8870\">data gathered is both Qualitative and Quantitative<\/a>. Strategy Research is also important.<\/p>\n\n\n\n<p><\/p>","protected":false},"excerpt":{"rendered":"<p>Smart Cities ben\u00f6tigen Software-, Datenbank- und Plattformentwickler. Sie erstellen Apps, die Aufgaben erf\u00fcllen k\u00f6nnen, die St\u00e4dte sicherer machen.<\/p>","protected":false},"author":1,"featured_media":64967,"parent":14514,"menu_order":148,"comment_status":"closed","ping_status":"closed","template":"","meta":{"footnotes":""},"class_list":["post-40968","page","type-page","status-publish","has-post-thumbnail"],"_links":{"self":[{"href":"https:\/\/www.sisinternational.com\/de\/wp-json\/wp\/v2\/pages\/40968","targetHints":{"allow":["GET"]}}],"collection":[{"href":"https:\/\/www.sisinternational.com\/de\/wp-json\/wp\/v2\/pages"}],"about":[{"href":"https:\/\/www.sisinternational.com\/de\/wp-json\/wp\/v2\/types\/page"}],"author":[{"embeddable":true,"href":"https:\/\/www.sisinternational.com\/de\/wp-json\/wp\/v2\/users\/1"}],"replies":[{"embeddable":true,"href":"https:\/\/www.sisinternational.com\/de\/wp-json\/wp\/v2\/comments?post=40968"}],"version-history":[{"count":4,"href":"https:\/\/www.sisinternational.com\/de\/wp-json\/wp\/v2\/pages\/40968\/revisions"}],"predecessor-version":[{"id":81490,"href":"https:\/\/www.sisinternational.com\/de\/wp-json\/wp\/v2\/pages\/40968\/revisions\/81490"}],"up":[{"embeddable":true,"href":"https:\/\/www.sisinternational.com\/de\/wp-json\/wp\/v2\/pages\/14514"}],"wp:featuredmedia":[{"embeddable":true,"href":"https:\/\/www.sisinternational.com\/de\/wp-json\/wp\/v2\/media\/64967"}],"wp:attachment":[{"href":"https:\/\/www.sisinternational.com\/de\/wp-json\/wp\/v2\/media?parent=40968"}],"curies":[{"name":"wp","href":"https:\/\/api.w.org\/{rel}","templated":true}]}}