{"id":40946,"date":"2022-10-28T01:26:25","date_gmt":"2022-10-28T01:26:25","guid":{"rendered":"https:\/\/www.sisinternational.com\/?page_id=40946"},"modified":"2025-10-01T22:35:17","modified_gmt":"2025-10-02T02:35:17","slug":"marktforschung-in-guyana","status":"publish","type":"page","link":"https:\/\/www.sisinternational.com\/de\/abdeckung\/latin-america\/marktforschung-in-lateinamerika-2\/marktforschung-in-guyana\/","title":{"rendered":"Marktforschung in Guyana"},"content":{"rendered":"<h1 class=\"wp-block-heading\">Marktforschung in Guyana<\/h1>\n\n\n\n<figure class=\"gb-block-image gb-block-image-c096b9c7\"><img loading=\"lazy\" decoding=\"async\" width=\"1456\" height=\"816\" class=\"gb-image gb-image-c096b9c7\" src=\"https:\/\/www.sisinternational.com\/wp-content\/uploads\/2025\/09\/Guyana-5.jpg\" alt=\"SIS International Marktforschung &amp; Strategie\" title=\"Guyana (5)\" srcset=\"https:\/\/www.sisinternational.com\/wp-content\/uploads\/2025\/09\/Guyana-5.jpg 1456w, https:\/\/www.sisinternational.com\/wp-content\/uploads\/2025\/09\/Guyana-5-300x168.jpg 300w, https:\/\/www.sisinternational.com\/wp-content\/uploads\/2025\/09\/Guyana-5-1024x574.jpg 1024w, https:\/\/www.sisinternational.com\/wp-content\/uploads\/2025\/09\/Guyana-5-768x430.jpg 768w, https:\/\/www.sisinternational.com\/wp-content\/uploads\/2025\/09\/Guyana-5-18x10.jpg 18w\" sizes=\"auto, (max-width: 1456px) 100vw, 1456px\"><\/figure>\n\n\n\n<p><\/p>\n\n\n\n<hr class=\"wp-block-separator has-alpha-channel-opacity is-style-dots\"\/>\n\n\n\n<p>Das wundersch\u00f6ne Land Guyana ist weltweit f\u00fcr seine Kultur bekannt. Auch der Regenwald, die englischsprachige Bev\u00f6lkerung, Cricket und Calypso-Musik ziehen Menschen an. Guyana liegt an der K\u00fcste im Norden S\u00fcdamerikas. Das Land l\u00f6ste sich am 26. Mai 1966 vom Vereinigten K\u00f6nigreich und wurde am 23. Februar 1970 eine Republik. Nachdem es viele Jahre unter niederl\u00e4ndischer Kontrolle gelebt hatte, trat es der Union S\u00fcdamerikanischer Nationen als Gr\u00fcndungsmitglied bei.<\/p>\n\n\n\n<p>Heute kann sich das Land unter den vielen Nationen des Kontinents behaupten. Au\u00dferdem ist es das einzige Land in dieser Region, in dem Englisch die Amtssprache ist. Guyana ist stolzes Mitglied der Karibischen Gemeinschaft (CARICOM). Dar\u00fcber hinaus befindet sich der Hauptsitz der CARICOM in der Hauptstadt Georgetown. Dar\u00fcber hinaus pflegt Guyana seit den 1970er Jahren ausgezeichnete Beziehungen zu China. Tats\u00e4chlich war es das erste Land in der englischsprachigen Karibik, das derartige Beziehungen unterhielt.<\/p>\n\n\n\n<p>Das Land hat als britische Kolonie eine reiche und gemischte Geschichte. In der Region leben Menschen aus Afrika, Indien, Frankreich, den Niederlanden und Portugal. Nat\u00fcrlich gibt es auch Menschen mit indianischer Abstammung.<\/p>\n\n\n\n<h2 class=\"wp-block-heading\">Nachbarschaften<\/h2>\n\n\n\n<p>Georgetown ist die Hauptstadt und das wichtigste Produktions- und Handelszentrum des Landes. Die Stadt hat viele alte Geb\u00e4ude im britischen und niederl\u00e4ndischen Stil. Als zentrale Stadt gibt es in Georgetown viel zu tun. Es gibt immer neue Dinge auszuprobieren und noch mehr Orte zu entdecken.<\/p>\n\n\n\n<p>Au\u00dfer der Hauptstadt gibt es noch viele weitere bekannte Gebiete. Dazu geh\u00f6ren Demerara, Bush Lot und das ber\u00fcchtigte Jonestown (das in den 1970er Jahren durch Jim Jones ber\u00fchmt wurde).<\/p>\n\n\n\n<h2 class=\"wp-block-heading\">Schl\u00fcsselindustrien<\/h2>\n\n\n\n<p>Guyanas wichtigste Industriezweige sind die Agrarverarbeitung sowie der Abbau von Gold und Diamanten. Die aus der Agrarverarbeitung gewonnenen Produkte sind Reis, Holz und Kokosn\u00fcsse. Es gibt auch hier und da Leichtindustrie, Textilien und Pharmazeutika. Diese Betriebe sind sowohl in staatlicher als auch in privater Hand.<\/p>\n\n\n\n<p>Doch sein gr\u00f6\u00dftes Kapital sind seine nat\u00fcrlichen Ressourcen. Dazu z\u00e4hlen Regenw\u00e4lder, Zuckerrohrplantagen und Reisfelder. Das Land verf\u00fcgt au\u00dferdem \u00fcber Bauxit-, \u00d6l- und Goldreserven.<\/p>\n\n\n\n<h2 class=\"wp-block-heading\">Trends<\/h2>\n\n\n\n<p>Das Land geh\u00f6rt derzeit zu den am schnellsten wachsenden L\u00e4ndern der Welt. Sein BIP steigt aufgrund der rasanten Entwicklung seines Offshore-\u00d6l- und Gassektors rasant an.<\/p>\n\n\n\n<p>Das Wachstum h\u00e4ngt von den nat\u00fcrlichen Ressourcen eines Landes ab. Landwirtschaft und Bergbau sind die wichtigsten Aktivit\u00e4ten in Guyana, aber Zucker, Bauxit, Reis und Gold machen mehr als die H\u00e4lfte der Exporterl\u00f6se aus.<\/p>\n\n\n\n<h2 class=\"wp-block-heading\">Verbraucherbasis<\/h2>\n\n\n\n<p>Das Land ist voller eifriger Arbeiter, und sie lieben es, bei einer guten Party mit Essen den Abend ausklingen zu lassen. Sie genie\u00dfen auch Aktivit\u00e4ten wie Cricket und Stra\u00dfenparaden. Die Menschen arbeiten hart auf dem Land und anderswo, um Geld zu verdienen, damit sie ihre Hobbys und ihr Leben au\u00dferhalb der Arbeit genie\u00dfen k\u00f6nnen.<\/p>\n\n\n\n<h2 class=\"wp-block-heading\">Gr\u00fcnde f\u00fcr eine Unternehmensgr\u00fcndung in Guyana<\/h2>\n\n\n\n<p>W\u00e4hrend Guyana weiter w\u00e4chst, er\u00f6ffnen sich neue M\u00f6glichkeiten. Au\u00dferdem hat das Land aufgrund seiner Lage in S\u00fcdamerika ausgezeichnete Beziehungen zu den USA. Die Qualit\u00e4t der Waren und Dienstleistungen ist hoch. Das motiviert Unternehmen und Verbraucher, weiterhin einzukaufen.<\/p>\n\n\n\n<h3 class=\"wp-block-heading\">Weitere Gr\u00fcnde f\u00fcr die Gr\u00fcndung eines Unternehmens in Guyana sind:<\/h3>\n\n\n\n<ul class=\"wp-block-list\">\n<li>Offene Anlagem\u00e4rkte<\/li>\n\n\n\n<li>Viele nat\u00fcrliche Ressourcen<\/li>\n\n\n\n<li>Die Amtssprache ist Englisch.<\/li>\n\n\n\n<li><a href=\"https:\/\/www.sisinternational.com\/de\/billigflieger-in-der-luftfahrtindustrie\/\" title=\"Marktforschung f\u00fcr Billigflieger\"  data-wpil-monitor-id=\"7692\">Geringe Betriebskosten<\/a><\/li>\n<\/ul>\n\n\n\n<h2 class=\"wp-block-heading\">\u00dcber Marktforschung in Guyana<\/h2>\n\n\n\n<p>Launching your new business is one of the best decisions you will make for yourself. Hence the reason our company is always here and always ready to offer help. Our <a href=\"https:\/\/www.sisinternational.com\/de\/sachverstand\/branchen\/geschaftsentscheider-marktforschung\/\" title=\"Marktforschung f\u00fcr Entscheidungstr\u00e4ger in Unternehmen\"  data-wpil-monitor-id=\"7698\">business<\/a> goes the extra mile to do the best research for you. We have focus groups that do qualitative, quantitative, and strategic research. We are keen to help the status of any business that seeks our help. Also, we <a href=\"https:\/\/www.sisinternational.com\/de\/sachverstand\/branchen\/computergestutzte-telefoninterviews-zur-marktforschung\/\" title=\"Computergest\u00fctzte telefonische Befragung Marktforschung\"  data-wpil-monitor-id=\"7695\">assist in survey making and interviews<\/a>. We\u2019d love to help you in whatever area you\u2019d like. Your company will leave with nothing but the best. Call us today!<\/p>\n\n\n\n<p><\/p>","protected":false},"excerpt":{"rendered":"<p>Das wundersch\u00f6ne Land Guyana ist weltweit f\u00fcr seine Kultur bekannt. Auch der Regenwald, die englischsprachige Bev\u00f6lkerung, Cricket und Calypso-Musik ziehen Menschen an.<\/p>","protected":false},"author":1,"featured_media":66281,"parent":14351,"menu_order":23,"comment_status":"closed","ping_status":"closed","template":"","meta":{"footnotes":""},"class_list":["post-40946","page","type-page","status-publish","has-post-thumbnail"],"_links":{"self":[{"href":"https:\/\/www.sisinternational.com\/de\/wp-json\/wp\/v2\/pages\/40946","targetHints":{"allow":["GET"]}}],"collection":[{"href":"https:\/\/www.sisinternational.com\/de\/wp-json\/wp\/v2\/pages"}],"about":[{"href":"https:\/\/www.sisinternational.com\/de\/wp-json\/wp\/v2\/types\/page"}],"author":[{"embeddable":true,"href":"https:\/\/www.sisinternational.com\/de\/wp-json\/wp\/v2\/users\/1"}],"replies":[{"embeddable":true,"href":"https:\/\/www.sisinternational.com\/de\/wp-json\/wp\/v2\/comments?post=40946"}],"version-history":[{"count":4,"href":"https:\/\/www.sisinternational.com\/de\/wp-json\/wp\/v2\/pages\/40946\/revisions"}],"predecessor-version":[{"id":81298,"href":"https:\/\/www.sisinternational.com\/de\/wp-json\/wp\/v2\/pages\/40946\/revisions\/81298"}],"up":[{"embeddable":true,"href":"https:\/\/www.sisinternational.com\/de\/wp-json\/wp\/v2\/pages\/14351"}],"wp:featuredmedia":[{"embeddable":true,"href":"https:\/\/www.sisinternational.com\/de\/wp-json\/wp\/v2\/media\/66281"}],"wp:attachment":[{"href":"https:\/\/www.sisinternational.com\/de\/wp-json\/wp\/v2\/media?parent=40946"}],"curies":[{"name":"wp","href":"https:\/\/api.w.org\/{rel}","templated":true}]}}