{"id":40944,"date":"2022-10-28T00:36:41","date_gmt":"2022-10-28T00:36:41","guid":{"rendered":"https:\/\/www.sisinternational.com\/?page_id=40944"},"modified":"2025-10-01T22:32:59","modified_gmt":"2025-10-02T02:32:59","slug":"marktforschung-in-franzosisch-guayana","status":"publish","type":"page","link":"https:\/\/www.sisinternational.com\/de\/abdeckung\/latin-america\/marktforschung-in-lateinamerika-2\/marktforschung-in-franzosisch-guayana\/","title":{"rendered":"Marktforschung in Franz\u00f6sisch-Guayana"},"content":{"rendered":"<h1 class=\"wp-block-heading\">Marktforschung in Franz\u00f6sisch-Guayana<\/h1>\n\n\n\n<figure class=\"gb-block-image gb-block-image-9f8994b5\"><img loading=\"lazy\" decoding=\"async\" width=\"1456\" height=\"816\" class=\"gb-image gb-image-9f8994b5\" src=\"https:\/\/www.sisinternational.com\/wp-content\/uploads\/2025\/09\/French-Guiana-3.jpg\" alt=\"SIS International Marktforschung &amp; Strategie\" title=\"French Guiana (3)\" srcset=\"https:\/\/www.sisinternational.com\/wp-content\/uploads\/2025\/09\/French-Guiana-3.jpg 1456w, https:\/\/www.sisinternational.com\/wp-content\/uploads\/2025\/09\/French-Guiana-3-300x168.jpg 300w, https:\/\/www.sisinternational.com\/wp-content\/uploads\/2025\/09\/French-Guiana-3-1024x574.jpg 1024w, https:\/\/www.sisinternational.com\/wp-content\/uploads\/2025\/09\/French-Guiana-3-768x430.jpg 768w, https:\/\/www.sisinternational.com\/wp-content\/uploads\/2025\/09\/French-Guiana-3-18x10.jpg 18w\" sizes=\"auto, (max-width: 1456px) 100vw, 1456px\"><\/figure>\n\n\n\n<p><\/p>\n\n\n\n<hr class=\"wp-block-separator has-alpha-channel-opacity is-style-dots\"\/>\n\n\n\n<p>French Guiana is a territory governed by France, located on the North Atlantic coast of the South American continent. Brazil borders it to the East and Suriname to the West. It is the second-largest land mass under French rule (after mainland France). Despite its deep connection to France, French Guiana\u2019s dependence on that country is starting to wane. One part of that process is growing its economy. The French Guianese are engaging in more and more trade, and any <a href=\"https:\/\/www.sisinternational.com\/de\/veroffentlichungen\/skalierbare-geschaftsmarktforschung-7-moglichkeiten-zum-aufbau-eines-skalierbaren-geschafts\/\" title=\"Marktforschung f\u00fcr skalierbare Unternehmen: 7 M\u00f6glichkeiten zum Aufbau eines skalierbaren Unternehmens\"  data-wpil-monitor-id=\"7706\">business<\/a> that wants to move into that market needs good info. And thus, it needs some good market research.<\/p>\n\n\n\n<h2 class=\"wp-block-heading\">Schl\u00fcsselindustrien<\/h2>\n\n\n\n<p>Aufgrund der riesigen W\u00e4lder in Franz\u00f6sisch-Guayana gibt es viele S\u00e4gewerke. Es gibt auch viele Holzverarbeitungsbetriebe. Das Hauptexportgut der Region sind jedoch Gold und einige andere Edelmetalle. Franz\u00f6sisch-Guayana hat eine Raumfahrtindustrie, die seit den 1960er Jahren zum BIP des Landes beitr\u00e4gt. Es gibt auch eine gro\u00dfe Fischereiindustrie. Das ist keine \u00dcberraschung, da das Land eine lange K\u00fcstenlinie hat. Die meisten Franz\u00f6sisch-Guayanaer leben in K\u00fcstenn\u00e4he, da das Leben in der N\u00e4he des Wassers viele Vorteile bietet. So haben sie beispielsweise Zugang zu frischen Meeresfr\u00fcchten, milderem Wetter und einer wundersch\u00f6nen Landschaft. Die Menschen leben auch nicht gerne in der N\u00e4he des dichten Waldes mit seinen unz\u00e4hligen Wildtieren. Daher befinden sich die wichtigsten Industrien des Landes alle in der N\u00e4he der H\u00e4fen.<\/p>\n\n\n\n<h2 class=\"wp-block-heading\">Nachbarschaften<\/h2>\n\n\n\n<p>Rainforests cover most of the land in French Guiana because of its position near the equator and humid climate. The country is also the host to an array of flora and fauna, with over 5000 plant species native to French Guiana. It also boasts hundreds of different species of fish, mammals, birds, and amphibians. Despite the abundance of trees, the soil is poor for growing most crops. Most of the farming is around the Maroni river near the coast. So it\u2019s best for <a href=\"https:\/\/www.sisinternational.com\/de\/sachverstand\/branchen\/marktforschung-zu-naturlichen-ressourcen\/\" title=\"Marktforschung f\u00fcr nat\u00fcrliche Ressourcen\"  data-wpil-monitor-id=\"7693\">market entrants to focus their resources<\/a> where it\u2019s best to use them.<\/p>\n\n\n\n<h2 class=\"wp-block-heading\">Trends<\/h2>\n\n\n\n<p>Wie in vielen s\u00fcdamerikanischen L\u00e4ndern leben auch in Franz\u00f6sisch-Guayana Menschen mit vielen unterschiedlichen Hintergr\u00fcnden. Die meisten Einwohner in Franz\u00f6sisch-Guayana sind Einheimische, der Rest der Bev\u00f6lkerung besteht aus Einwanderern aus den Nachbarl\u00e4ndern und dem franz\u00f6sischen Festland. Diese Vielfalt f\u00fchrt zu vielen einzigartigen kulturellen Elementen in Franz\u00f6sisch-Guayana.<\/p>\n\n\n\n<p>Zun\u00e4chst einmal ist die Kultur in Franz\u00f6sisch-Guayana stark von kreolischen und indianischen Einfl\u00fcssen gepr\u00e4gt, und viele Geb\u00e4ude weisen die Merkmale dieser Architektur auf, vermischt mit einigen westlichen Elementen. Ein weiterer H\u00f6hepunkt der Kultur in Franz\u00f6sisch-Guayana ist der Karneval. Wie in vielen s\u00fcdamerikanischen und karibischen L\u00e4ndern ist der Karneval ein gro\u00dfes Ereignis. Die Leidenschaft und Kunstfertigkeit der Menschen wird zur Schau gestellt. Die auff\u00e4lligen Kost\u00fcme sind der H\u00f6hepunkt des Jahres. Ebenso wie intensive T\u00e4nze und fr\u00f6hliche Musik.<\/p>\n\n\n\n<h2 class=\"wp-block-heading\">Vorteile und St\u00e4rken auf dem Markt in Franz\u00f6sisch-Guayana<\/h2>\n\n\n\n<p>From the 20th century onwards, there has been considerable growth in the economy of French Guiana. They have made strides to open themselves up to foreign businesses. Since most people live near the coast, most companies are there. Thus, a <a href=\"https:\/\/www.sisinternational.com\/de\/unternehmensgrundung-in-der-turkei\/\" title=\"Unternehmensgr\u00fcndung in der T\u00fcrkei\"  data-wpil-monitor-id=\"7702\">business looking to set<\/a> up in the area has easy access to the ports. It also has access to the consumers in the area. This location leads to quicker business growth. Why? Because it <a href=\"https:\/\/www.sisinternational.com\/de\/umweltfreundlich-zu-sein-verbessert-die-rezessionsleistung\/\" title=\"So senken Sie die Kosten in Ihrem Unternehmen\"  data-wpil-monitor-id=\"7696\">cuts the cost<\/a> of transport and communication.<\/p>\n\n\n\n<h3 class=\"wp-block-heading\">Verbraucherbasis<\/h3>\n\n\n\n<p>Wie der Name schon sagt, spricht der Gro\u00dfteil der Bev\u00f6lkerung entweder Franz\u00f6sisch oder franz\u00f6sisches Kreolisch. Das ist f\u00fcr jede Marketingkampagne wichtig. Die Menschen dort m\u00fcssen die Marke verstehen und sie muss auf sie Eindruck machen. Daher w\u00e4re es f\u00fcr ein neues Unternehmen am besten, seine Gesch\u00e4ftst\u00e4tigkeit in dichter besiedelten und st\u00e4dtischen Gebieten aufzubauen.<\/p>\n\n\n\n<h3 class=\"wp-block-heading\">Reasons to Grow Your Business in the French Guianese Market<\/h3>\n\n\n\n<p>For one, there are many young, ambitious people looking for jobs in the region. As a new business in the area, it\u2019s essential to have access to labor. Also, the territory is experiencing steady economic growth. Such growth means that many new industries are popping up. There are different spots in the market to fill. <a href=\"https:\/\/www.sisinternational.com\/de\/sachverstand\/lebenslaufe\/lebenslauf-mit-erfahrungen-in-der-fast-food-getrankeindustrie\/\" title=\"Erfahrung in der Marktforschung f\u00fcr Fast Food und Getr\u00e4nke\"  data-wpil-monitor-id=\"7700\">Market entrants need to move in fast<\/a> to ensure that their competitors don\u2019t push them out.<\/p>\n\n\n\n<h2 class=\"wp-block-heading\">\u00dcber Marktforschung in Franz\u00f6sisch-Guayana<\/h2>\n\n\n\n<p>Neue Unternehmen m\u00fcssen bei jeder Marktforschung gr\u00fcndlich vorgehen. Au\u00dferdem ist es notwendig, die Kunden gut zu kennen. Trotz einiger \u00c4hnlichkeiten kann die Art und Weise, wie Menschen kommunizieren, ganz unterschiedlich sein. Es ist wichtig, die Nuancen zu verstehen.<\/p>\n\n\n\n<p>French Guiana is under the direct jurisdiction of France, and the influence of that European country is very evident. Market entrants need to have locals that help them bridge the gap. They also need to use many data analysis <a href=\"https:\/\/www.sisinternational.com\/de\/sampling-techniques-in-qualitative-research-the-complete-guide-to-choosing-the-right-method\/\" title=\"Sampling Techniques in Qualitative Research: The Complete Guide to Choosing the Right Method\"  data-wpil-monitor-id=\"7704\">methods to ensure that they get complete<\/a> data. That means using both Qualitative and Quantitative methods. Those methods will be helpful whenever they do Surveys, Focus Groups, and Interviews.<\/p>\n\n\n\n<p><\/p>","protected":false},"excerpt":{"rendered":"<p>Seit dem 20. Jahrhundert hat die Wirtschaft Franz\u00f6sisch-Guayanas betr\u00e4chtlich zugenommen. Das Land hat gro\u00dfe Anstrengungen unternommen, sich f\u00fcr ausl\u00e4ndische Unternehmen zu \u00f6ffnen.<\/p>","protected":false},"author":1,"featured_media":66270,"parent":14351,"menu_order":22,"comment_status":"closed","ping_status":"closed","template":"","meta":{"footnotes":""},"class_list":["post-40944","page","type-page","status-publish","has-post-thumbnail"],"_links":{"self":[{"href":"https:\/\/www.sisinternational.com\/de\/wp-json\/wp\/v2\/pages\/40944","targetHints":{"allow":["GET"]}}],"collection":[{"href":"https:\/\/www.sisinternational.com\/de\/wp-json\/wp\/v2\/pages"}],"about":[{"href":"https:\/\/www.sisinternational.com\/de\/wp-json\/wp\/v2\/types\/page"}],"author":[{"embeddable":true,"href":"https:\/\/www.sisinternational.com\/de\/wp-json\/wp\/v2\/users\/1"}],"replies":[{"embeddable":true,"href":"https:\/\/www.sisinternational.com\/de\/wp-json\/wp\/v2\/comments?post=40944"}],"version-history":[{"count":4,"href":"https:\/\/www.sisinternational.com\/de\/wp-json\/wp\/v2\/pages\/40944\/revisions"}],"predecessor-version":[{"id":81299,"href":"https:\/\/www.sisinternational.com\/de\/wp-json\/wp\/v2\/pages\/40944\/revisions\/81299"}],"up":[{"embeddable":true,"href":"https:\/\/www.sisinternational.com\/de\/wp-json\/wp\/v2\/pages\/14351"}],"wp:featuredmedia":[{"embeddable":true,"href":"https:\/\/www.sisinternational.com\/de\/wp-json\/wp\/v2\/media\/66270"}],"wp:attachment":[{"href":"https:\/\/www.sisinternational.com\/de\/wp-json\/wp\/v2\/media?parent=40944"}],"curies":[{"name":"wp","href":"https:\/\/api.w.org\/{rel}","templated":true}]}}