{"id":40923,"date":"2022-09-20T20:26:22","date_gmt":"2022-09-20T20:26:22","guid":{"rendered":"https:\/\/www.sisinternational.com\/?page_id=40923"},"modified":"2026-01-25T18:27:17","modified_gmt":"2026-01-25T23:27:17","slug":"judische-marktforschung","status":"publish","type":"page","link":"https:\/\/www.sisinternational.com\/de\/sachverstand\/judische-marktforschung\/","title":{"rendered":"J\u00fcdische Marktforschung"},"content":{"rendered":"<h1 class=\"wp-block-heading\">J\u00fcdische Marktforschung<\/h1>\n\n\n\n<figure class=\"gb-block-image gb-block-image-222a31c5\"><img loading=\"lazy\" decoding=\"async\" width=\"1456\" height=\"816\" class=\"gb-image gb-image-222a31c5\" src=\"https:\/\/www.sisinternational.com\/wp-content\/uploads\/2025\/08\/jewish-2.jpg\" alt=\"SIS International Marktforschung &amp; Strategie\" title=\"jewish (2)\" srcset=\"https:\/\/www.sisinternational.com\/wp-content\/uploads\/2025\/08\/jewish-2.jpg 1456w, https:\/\/www.sisinternational.com\/wp-content\/uploads\/2025\/08\/jewish-2-300x168.jpg 300w, https:\/\/www.sisinternational.com\/wp-content\/uploads\/2025\/08\/jewish-2-1024x574.jpg 1024w, https:\/\/www.sisinternational.com\/wp-content\/uploads\/2025\/08\/jewish-2-768x430.jpg 768w, https:\/\/www.sisinternational.com\/wp-content\/uploads\/2025\/08\/jewish-2-18x10.jpg 18w\" sizes=\"auto, (max-width: 1456px) 100vw, 1456px\"><\/figure>\n\n\n\n<p><\/p>\n\n\n\n<hr class=\"wp-block-separator has-alpha-channel-opacity is-style-dots\"\/>\n\n\n\n<div class=\"wp-block-columns has-global-color-9-color has-text-color has-background has-link-color wp-elements-19bd3eb280d23ab045a99d0ba0076b81 is-layout-flex wp-container-core-columns-is-layout-9d6595d7 wp-block-columns-is-layout-flex\" style=\"background-color:#f7f9fa6e\">\n<div class=\"wp-block-column is-layout-flow wp-block-column-is-layout-flow\" style=\"flex-basis:18%\"><\/div>\n\n\n\n<div class=\"wp-block-column is-vertically-aligned-center is-layout-flow wp-block-column-is-layout-flow\" style=\"flex-basis:71.28%\">\n<div class=\"wp-block-rank-math-toc-block aligncenter has-global-color-9-color has-text-color has-link-color wp-elements-c23447f18bb99ce33478826f14dabac9\" style=\"font-size:16px\" id=\"rank-math-toc\"><h2><br><strong>T<\/strong>able of Contents<\/h2><nav><ul><li class=\"\"><a href=\"#who-are-the-jewish\">Wer sind die Juden?<\/a><\/li><li class=\"\"><a href=\"#why-are-the-jewish-important\">Warum sind die Juden wichtig?<\/a><\/li><li class=\"\"><a href=\"#key-job-titles\">Wichtige Berufsbezeichnungen<\/a><\/li><li class=\"\"><a href=\"#key-success-factors-of-the-jewish\">Schl\u00fcsselfaktoren f\u00fcr den Erfolg des j\u00fcdischen<\/a><\/li><li class=\"\"><a href=\"#why-is-jewish-market-research-important\">Warum ist j\u00fcdische Marktforschung wichtig<\/a><\/li><li class=\"\"><a href=\"#about-jewish-market-research\">\u00dcber Jewish Market Research<\/a><\/li><\/ul><\/nav><\/div>\n<\/div>\n<\/div>\n\n\n\n<p><\/p>\n\n\n\n<h2 class=\"wp-block-heading\" id=\"who-are-the-jewish\">Wer sind die Juden?<\/h2>\n\n\n\n<p>Nach \u201ej\u00fcdischem Recht\u201c ist ein Jude jemand, der als Kind j\u00fcdischer Eltern geboren wurde oder zum Judentum konvertiert ist. Nicht jeder, der als Kind j\u00fcdischer Eltern geboren wurde, ist ein Jude. Das Kind m\u00fcsste mit j\u00fcdischen Br\u00e4uchen aufgewachsen sein, um ein vollwertiges Mitglied zu sein.<\/p>\n\n\n\n<h2 class=\"wp-block-heading\" id=\"why-are-the-jewish-important\">Warum sind die Juden wichtig?<\/h2>\n\n\n\n<p>J\u00fcdische M\u00e4nner und Frauen haben einige der bedeutendsten Beitr\u00e4ge zu unserer Gesellschaft geleistet. Sie haben dazu beigetragen, das Leben vieler Menschen in den Bereichen Wissenschaft, Handwerk, Ern\u00e4hrung, Tanz und Unternehmensfinanzierung zu ver\u00e4ndern. Sie haben auch vor Tausenden von Jahren in Jericho den Zement erfunden. Im Mittelalter halfen sie den Chinesen bei der Schaffung von Papiergeld.<\/p>\n\n\n\n<p>Juden sind die Drahtzieher vieler medizinischer Fortschritte. Sie entwickelten Impfstoffe gegen Cholera, Beulenpest und Kinderl\u00e4hmung und sind auch Pioniere der Gentechnik.<\/p>\n\n\n\n<h3 class=\"wp-block-heading\">Einige Erfindungen, hinter denen j\u00fcdische K\u00f6pfe stecken, sind:<\/h3>\n\n\n\n<ul class=\"wp-block-list\">\n<li>Die Entwicklung der ersten Reaktoren f\u00fcr NASA-Raketen (Theodore von K\u00e1rm\u00e1n).<\/li>\n\n\n\n<li>Internetprotokolle und das World Wide Web (Bob Kahn).<\/li>\n\n\n\n<li>Facebook (Mark Zuckerberg).<\/li>\n\n\n\n<li>Comic-Legende Stan Lee wuchs in einem j\u00fcdischen Haushalt auf.<\/li>\n<\/ul>\n\n\n\n<h3 class=\"wp-block-heading\">Juden stellen in den Vereinigten Staaten einen bedeutenden Bev\u00f6lkerungsanteil dar. Sie machen 2,21\u00a0Tonnen der Gesamtbev\u00f6lkerung aus.<\/h3>\n\n\n\n<p>Juden sind f\u00fcr Vermarkter eine wichtige demografische Gruppe. Sie sind in der Regel gebildeter und wohlhabender als andere Gruppen. Sie neigen auch dazu, viel Geld f\u00fcr Luxusg\u00fcter auszugeben. Eine weitere ihrer starken Traditionen ist die Philanthropie. Diese Tradition kann auch zu weiteren Spenden von ihnen f\u00fchren.<\/p>\n\n\n\n<p>Der j\u00fcdische Markt ist von gro\u00dfer Bedeutung, da es sich hier um eine einflussreiche Minderheit mit viel Geld handelt. Dar\u00fcber hinaus ist die Tatsache, dass diese Menschen bereit sind, Geld zu spenden, ein Segen.<\/p>\n\n\n\n<h2 class=\"wp-block-heading\" id=\"key-job-titles\">Wichtige Berufsbezeichnungen<\/h2>\n\n\n\n<figure class=\"gb-block-image gb-block-image-835d0060\"><img loading=\"lazy\" decoding=\"async\" width=\"1456\" height=\"816\" class=\"gb-image gb-image-835d0060\" src=\"https:\/\/www.sisinternational.com\/wp-content\/uploads\/2025\/08\/jewish-1.jpg\" alt=\"SIS International Marktforschung &amp; Strategie\" title=\"jewish (1)\" srcset=\"https:\/\/www.sisinternational.com\/wp-content\/uploads\/2025\/08\/jewish-1.jpg 1456w, https:\/\/www.sisinternational.com\/wp-content\/uploads\/2025\/08\/jewish-1-300x168.jpg 300w, https:\/\/www.sisinternational.com\/wp-content\/uploads\/2025\/08\/jewish-1-1024x574.jpg 1024w, https:\/\/www.sisinternational.com\/wp-content\/uploads\/2025\/08\/jewish-1-768x430.jpg 768w, https:\/\/www.sisinternational.com\/wp-content\/uploads\/2025\/08\/jewish-1-18x10.jpg 18w\" sizes=\"auto, (max-width: 1456px) 100vw, 1456px\"><\/figure>\n\n\n\n<p><\/p>\n\n\n\n<p>Die j\u00fcdische Bibel erlaubt es den Menschen, Geld gegen Zinsen an einen \u201eFremden\u201c zu verleihen. Aber sie verbietet es einem \u201eBruder\u201c (Mitjuden). Daher betrachteten die Juden das Geldverleihen als ein Unterfangen mit hohen Gewinnen und geringem Risiko. Dar\u00fcber hinaus stehen j\u00fcdische Familien hinter einigen der bekanntesten Namen im Bank- und Finanzwesen. Dazu geh\u00f6ren Goldman Sachs, die Rothschilds und die inzwischen nicht mehr existierende Lehman Brothers.<\/p>\n\n\n\n<p>Im Jahr 1290 vertrieb Edward I. die gesamte j\u00fcdische Bev\u00f6lkerung Englands. Aufgrund dieser Verbannung konnten sie kein Land kaufen und hatten keine andere Lebensgrundlage als den Handel. Der Handel ist heute einer der wichtigsten Faktoren f\u00fcr den j\u00fcdischen Reichtum. Viele werden Verk\u00e4ufer, um die Tradition fortzuf\u00fchren.<\/p>\n\n\n\n<p>Da nur 2,21 % der US-Bev\u00f6lkerung j\u00fcdisch sind, ist es unglaublich, dass koschere Lebensmittel so stark vertreten sind. Ein Grund daf\u00fcr k\u00f6nnten die gesundheitlichen Vorteile koscherer Lebensmittel sein.<\/p>\n\n\n\n<h2 class=\"wp-block-heading\" id=\"key-success-factors-of-the-jewish\">Schl\u00fcsselfaktoren f\u00fcr den Erfolg des j\u00fcdischen<\/h2>\n\n\n\n<p>Juden geh\u00f6ren zu den reichsten Volksgruppen der Welt. Dieser Reichtum ist teilweise auf ihren kulturellen Hintergrund zur\u00fcckzuf\u00fchren. Einige entscheidende Faktoren f\u00fcr diesen Erfolg sind ihre Religion und gute Gesch\u00e4ftspraktiken. In der Thora legen j\u00fcdische Philosophen und F\u00fchrer fest, wie ein Jude sein Gesch\u00e4ft und seinen Haushalt f\u00fchren soll.<\/p>\n\n\n\n<p>Juden sind widerstandsf\u00e4hig und k\u00f6nnen in schwierigen Situationen durchhalten. Diese Widerstandsf\u00e4higkeit kann auf ihre spirituellen Lehren zur\u00fcckzuf\u00fchren sein. Misserfolge entmutigen sie nicht. Ihre N\u00f6te, wie sie in der Geschichte zu sehen sind, sind Beispiele daf\u00fcr. Wenn im Gesch\u00e4ft etwas schief geht, was fast immer vorkommt, konzentrieren sie sich nicht auf das Scheitern. Stattdessen suchen sie nach M\u00f6glichkeiten, sich zu verbessern, um die Wahrscheinlichkeit zu verringern, dass dies erneut passiert.<\/p>\n\n\n\n<p>Juden gelten als die am besten ausgebildete religi\u00f6se Gruppe der Welt. Juden erhalten nach der Sekundarstufe durchschnittlich 13,4 Jahre Schulbildung. Sie bilden heute auch die am besten qualifizierte Gruppe der Welt.<\/p>\n\n\n\n<p>Sie haben eine besondere Verbindung zueinander. Im Judentum dient Reichtum nicht nur der Anh\u00e4ufung. Die Menschen m\u00fcssen ihn auch in der Gemeinschaft verteilen, um allen zu helfen. Juden waren eines der ersten V\u00f6lker, das Globalisierung und Vernetzung nutzte, um Reichtum zu mehren.<\/p>\n\n\n\n<h2 class=\"wp-block-heading\" id=\"why-is-jewish-market-research-important\">Warum ist j\u00fcdische Marktforschung wichtig<\/h2>\n\n\n\n<p>Juden geh\u00f6ren zu den gebildetsten Religionsgruppen. Sie sind flei\u00dfig, widerstandsf\u00e4hig und glaubensbetont. Sie sind auch tief in ihrer Gemeinde verwurzelt. Die Grundwerte des j\u00fcdischen Glaubens sind Gerechtigkeit, G\u00fcte, N\u00e4chstenliebe und Heilung. Das Judentum lehrt, dass jeder eine Rolle dabei spielt, den Armen zu helfen.<\/p>\n\n\n\n<p>Juden und Judentum spielen auch eine bedeutende Rolle bei der Entwicklung des heutigen Christentums, und das Judentum hat einige der zentralen Lehren und Ideen beeinflusst. Juden geh\u00f6rten auch zu den ersten, die gegen Ungleichheit k\u00e4mpften. Der j\u00fcdische Kampf schuf einen revolution\u00e4ren Rahmen. Dieser Rahmen hat sich auf die heutige moderne Gesellschaft \u00fcbertragen. Die Beharrlichkeit der Juden in der Vergangenheit, die gegen Ungleichheit k\u00e4mpften, ist inspirierend. Sie hat die heutige Welt inspiriert.<\/p>\n\n\n\n<p>Juden waren einst eine der am meisten unterdr\u00fcckten Gruppen. Mit Widerstandskraft k\u00e4mpften sie f\u00fcr ihre Freiheit. Sie sind auch ein Beispiel f\u00fcr jede Gruppe oder jedes Land, dass menschliche Freiheit ein Recht ist. Ihre Geschichte ermutigt die Menschen, gegen Ungleichheit in der Welt zu k\u00e4mpfen.<\/p>\n\n\n\n<p><\/p>\n\n\n\n<!DOCTYPE html>\n<html lang=\"en\">\n<head>\n    <meta charset=\"UTF-8\">\n    <meta name=\"viewport\" content=\"width=device-width, initial-scale=1.0\">\n    <title>AI Blog Banner<\/title>\n    <style>\n        * {\n            margin: 0;\n            padding: 0;\n            box-sizing: border-box;\n        }\n\n        .banner {\n            position: relative;\n            width: 100%;\n            height: 350px;\n            overflow: hidden;\n            display: flex;\n            align-items: center;\n            justify-content: center;\n            font-family: 'Arial', sans-serif;\n            border-radius: 25px;\n        }\n\n        .animated-background {\n            position: absolute;\n            top: 0;\n            left: 0;\n            width: 100%;\n            height: 100%;\n            background: linear-gradient(45deg, #003f6b, #2d5a7b, #003f6b, #2d5a7b);\n            background-size: 400% 400%;\n            animation: gradientMove 8s ease-in-out infinite;\n        }\n\n        .ai-pattern {\n            position: absolute;\n            top: 0;\n            left: 0;\n            width: 100%;\n            height: 100%;\n            opacity: 0.1;\n            background-image: \n                radial-gradient(circle at 20% 20%, rgba(255,255,255,0.3) 2px, transparent 2px),\n                radial-gradient(circle at 80% 80%, rgba(255,255,255,0.2) 1px, transparent 1px),\n                radial-gradient(circle at 40% 60%, rgba(255,255,255,0.15) 1.5px, transparent 1.5px),\n                radial-gradient(circle at 60% 20%, rgba(255,255,255,0.25) 1px, transparent 1px),\n                radial-gradient(circle at 80% 40%, rgba(255,255,255,0.2) 2px, transparent 2px);\n            background-size: 100px 100px, 150px 150px, 80px 80px, 120px 120px, 90px 90px;\n            animation: patternFloat 12s linear infinite;\n        }\n\n        .neural-network {\n            position: absolute;\n            top: 0;\n            left: 0;\n            width: 100%;\n            height: 100%;\n            opacity: 0.08;\n        }\n\n        .neural-line {\n            position: absolute;\n            height: 1px;\n            background: linear-gradient(90deg, transparent, rgba(255,255,255,0.5), transparent);\n            animation: neuralPulse 6s ease-in-out infinite;\n        }\n\n        .neural-line:nth-child(1) {\n            top: 30%;\n            left: 0;\n            width: 60%;\n            animation-delay: 0s;\n        }\n\n        .neural-line:nth-child(2) {\n            top: 50%;\n            right: 0;\n            width: 70%;\n            animation-delay: 2s;\n        }\n\n        .neural-line:nth-child(3) {\n            top: 70%;\n            left: 20%;\n            width: 50%;\n            animation-delay: 4s;\n        }\n\n        .content {\n            position: relative;\n            z-index: 10;\n            text-align: center;\n            color: white !important;\n            max-width: 800px;\n            padding: 30px;\n        }\n\n        .content * {\n            color: white !important;\n        }\n\n        .cta-text {\n            font-size: 1.9rem;\n            font-weight: 700;\n            margin-bottom: 15px;\n            color: white !important;\n            background: linear-gradient(90deg, rgba(255,255,255,0.6), rgba(255,255,255,1), rgba(230,230,230,1), rgba(255,255,255,1), rgba(240,240,240,0.8), rgba(255,255,255,0.6));\n            background-size: 200% 100%;\n            -webkit-background-clip: text;\n            -webkit-text-fill-color: transparent;\n            background-clip: text;\n            animation: shineEffect 10s ease-in-out infinite;\n            line-height: 1.3;\n        }\n\n        .cta-subheading {\n            font-size: 1rem;\n            font-weight: 400;\n            margin-bottom: 25px;\n            color: white !important;\n            line-height: 1.6;\n            opacity: 0.95;\n        }\n\n        .cta-button {\n            background: linear-gradient(135deg, #8a6b0f, #bd9013, #d4a519);\n            border: 2px solid #8a6b0f;\n            color: white !important;\n            padding: 18px 40px;\n            font-size: 1.2rem;\n            font-weight: 600;\n            border-radius: 50px;\n            cursor: pointer;\n            transition: all 0.3s ease;\n            text-decoration: none;\n            display: inline-block;\n            position: relative;\n            overflow: hidden;\n        }\n\n        .cta-button::before {\n            content: '';\n            position: absolute;\n            top: 0;\n            left: -100%;\n            width: 100%;\n            height: 100%;\n            background: linear-gradient(90deg, \n                transparent 0%, \n                rgba(255, 255, 255, 0.3) 25%,\n                rgba(255, 255, 255, 0.6) 50%,\n                rgba(255, 255, 255, 0.3) 75%,\n                transparent 100%);\n            animation: shine 3s ease-in-out infinite;\n        }\n\n        .cta-button:hover {\n            transform: translateY(-3px);\n            box-shadow: 0 10px 25px rgba(0,0,0,0.2);\n            border-color: #bd9013;\n            background: linear-gradient(135deg, #bd9013, #d4a519, #e6b61f);\n        }\n\n        .floating-elements {\n            position: absolute;\n            top: 0;\n            left: 0;\n            width: 100%;\n            height: 100%;\n            pointer-events: none;\n        }\n\n        .floating-circle {\n            position: absolute;\n            border-radius: 50%;\n            background: rgba(255,255,255,0.1);\n            animation: float 8s ease-in-out infinite;\n        }\n\n        .floating-circle:nth-child(1) {\n            width: 80px;\n            height: 80px;\n            top: 20%;\n            left: 10%;\n            animation-delay: 0s;\n        }\n\n        .floating-circle:nth-child(2) {\n            width: 60px;\n            height: 60px;\n            top: 60%;\n            right: 15%;\n            animation-delay: 3s;\n        }\n\n        .floating-circle:nth-child(3) {\n            width: 40px;\n            height: 40px;\n            top: 80%;\n            left: 80%;\n            animation-delay: 6s;\n        }\n\n        .floating-circle:nth-child(4) {\n            width: 70px;\n            height: 70px;\n            top: 10%;\n            right: 20%;\n            animation-delay: 1.5s;\n        }\n\n        .floating-circle:nth-child(5) {\n            width: 50px;\n            height: 50px;\n            top: 75%;\n            left: 30%;\n            animation-delay: 4.5s;\n        }\n\n        @keyframes gradientMove {\n            0% { background-position: 0% 50%; }\n            25% { background-position: 100% 50%; }\n            50% { background-position: 100% 100%; }\n            75% { background-position: 0% 100%; }\n            100% { background-position: 0% 50%; }\n        }\n\n        @keyframes patternFloat {\n            0% { transform: translateX(0) translateY(0); }\n            33% { transform: translateX(30px) translateY(-20px); }\n            66% { transform: translateX(-20px) translateY(10px); }\n            100% { transform: translateX(0) translateY(0); }\n        }\n\n        @keyframes neuralPulse {\n            0%, 100% { opacity: 0.08; }\n            50% { opacity: 0.2; }\n        }\n\n        @keyframes shineEffect {\n            0% { background-position: 200% 0; }\n            100% { background-position: -200% 0; }\n        }\n\n        @keyframes shine {\n            0% {\n                left: -100%;\n            }\n            20%, 100% {\n                left: 100%;\n            }\n        }\n\n        @keyframes float {\n            0%, 100% { transform: translateY(0px) rotate(0deg); }\n            33% { transform: translateY(-30px) rotate(120deg); }\n            66% { transform: translateY(15px) rotate(240deg); }\n        }\n\n        @media (max-width: 768px) {\n            .banner {\n                height: 320px;\n                padding: 30px 0;\n            }\n            \n            .content {\n                padding: 40px 20px;\n            }\n            \n            .cta-text {\n                font-size: 1.3rem;\n                margin-bottom: 12px;\n            }\n            \n            .cta-subheading {\n                font-size: 0.85rem;\n                margin-bottom: 20px;\n            }\n            \n            .cta-button {\n                padding: 14px 28px;\n                font-size: 0.95rem;\n            }\n        }\n    <\/style>\n<\/head>\n<body>\n    <div class=\"banner\">\n        <div class=\"animated-background\"><\/div>\n        \n        <div class=\"ai-pattern\"><\/div>\n        \n        <div class=\"neural-network\">\n            <div class=\"neural-line\"><\/div>\n            <div class=\"neural-line\"><\/div>\n            <div class=\"neural-line\"><\/div>\n        <\/div>\n        \n        <div class=\"floating-elements\">\n            <div class=\"floating-circle\"><\/div>\n            <div class=\"floating-circle\"><\/div>\n            <div class=\"floating-circle\"><\/div>\n            <div class=\"floating-circle\"><\/div>\n            <div class=\"floating-circle\"><\/div>\n        <\/div>\n        \n        <div class=\"content\">\n            <div class=\"cta-text\">Ready to explore the insights that drive smarter decisions?<\/div>\n            <div class=\"cta-subheading\">Contact our Research experts today.<\/div>\n            <a href=\"mailto:Research@sisinternational.com\" class=\"cta-button\">Contact us now!<\/a>\n        <\/div>\n    <\/div>\n<\/body>\n<\/html>\n\n\n\n<p><\/p>\n\n\n\n<h2 class=\"wp-block-heading\" id=\"about-jewish-market-research\">\u00dcber Jewish Market Research<\/h2>\n\n\n\n<p>The Jewish market is an important and fast-growing demographic to <a href=\"https:\/\/www.sisinternational.com\/de\/sachverstand\/branchen\/vakuum-marktforschung\/\" title=\"Vakuum-Marktforschung\"  data-wpil-monitor-id=\"4883\">Forschung<\/a>. For years, they have been an underserved group. With the growth of social media and online retail, there is more opportunity. Brands can now reach this demographic.<\/p>\n\n\n\n<p>Um diesen Prozess zu starten, ist es wichtig, quantitative und qualitative Forschung zu nutzen. Strategieforschung ist ebenfalls von entscheidender Bedeutung. Unternehmen haben auch mit Interviews, Umfragen und Fokusgruppen Erfolg gehabt.<\/p>\n\n\n<h2>Unser Standort in New York<\/h2>\n<p><!-- \/wp:post-content --> <!-- wp:html --> <iframe loading=\"lazy\" src=\"https:\/\/www.google.com\/maps\/embed?pb=!1m18!1m12!1m3!1d3022.976188376966!2d-73.99130312499956!3d40.740549471389315!2m3!1f0!2f0!3f0!3m2!1i1024!2i768!4f13.1!3m3!1m2!1s0x89c259a15798c731%3A0xd695d09bdd495f25!2s11%20E%2022nd%20St%20FL%202%2C%20New%20York%2C%20NY%2010010%2C%20USA!5e0!3m2!1sen!2spe!4v1726171763526!5m2!1sen!2spe\" width=\"600\" height=\"450\" allowfullscreen=\"allowfullscreen\" data-mce-fragment=\"1\"><\/iframe> <!-- \/wp:html --> <!-- wp:paragraph --><\/p>\n<h3 class=\"wp-block-heading\">11 E 22nd Street, Floor 2, New York, NY 10010 T: +1(212) 505-6805<\/h3>\n<hr \/>\n<h2><span style=\"font-weight: 400;\">\u00dcber SIS International<\/span><\/h2>\n<p><a href=\"https:\/\/www.sisinternational.com\/de\/\"><span style=\"font-weight: 400;\">SIS International<\/span><\/a><span style=\"font-weight: 400;\"> bietet quantitative, qualitative und strategische Forschung an. Wir liefern Daten, Tools, Strategien, Berichte und Erkenntnisse zur Entscheidungsfindung. Wir f\u00fchren auch Interviews, Umfragen, Fokusgruppen und andere Methoden und Ans\u00e4tze der Marktforschung durch.<\/span><a href=\"https:\/\/www.sisinternational.com\/de\/uber-sis-international-research\/contact-sis-international-market-research\/\"><span style=\"font-weight: 400;\"> Kontakt<\/span><\/a><span style=\"font-weight: 400;\"> f\u00fcr Ihr n\u00e4chstes Marktforschungsprojekt.<\/span><\/p>\n\n<!-- wp:paragraph -->\n<p><\/p>\n<!-- \/wp:paragraph -->","protected":false},"excerpt":{"rendered":"<p>J\u00fcdische M\u00e4nner und Frauen haben einige der bedeutendsten Beitr\u00e4ge zu unserer Gesellschaft geleistet. Diese haben dazu beigetragen, das Leben vieler Menschen heute zu ver\u00e4ndern.<\/p>","protected":false},"author":1,"featured_media":63222,"parent":14514,"menu_order":144,"comment_status":"closed","ping_status":"closed","template":"","meta":{"footnotes":""},"class_list":["post-40923","page","type-page","status-publish","has-post-thumbnail"],"_links":{"self":[{"href":"https:\/\/www.sisinternational.com\/de\/wp-json\/wp\/v2\/pages\/40923","targetHints":{"allow":["GET"]}}],"collection":[{"href":"https:\/\/www.sisinternational.com\/de\/wp-json\/wp\/v2\/pages"}],"about":[{"href":"https:\/\/www.sisinternational.com\/de\/wp-json\/wp\/v2\/types\/page"}],"author":[{"embeddable":true,"href":"https:\/\/www.sisinternational.com\/de\/wp-json\/wp\/v2\/users\/1"}],"replies":[{"embeddable":true,"href":"https:\/\/www.sisinternational.com\/de\/wp-json\/wp\/v2\/comments?post=40923"}],"version-history":[{"count":8,"href":"https:\/\/www.sisinternational.com\/de\/wp-json\/wp\/v2\/pages\/40923\/revisions"}],"predecessor-version":[{"id":78820,"href":"https:\/\/www.sisinternational.com\/de\/wp-json\/wp\/v2\/pages\/40923\/revisions\/78820"}],"up":[{"embeddable":true,"href":"https:\/\/www.sisinternational.com\/de\/wp-json\/wp\/v2\/pages\/14514"}],"wp:featuredmedia":[{"embeddable":true,"href":"https:\/\/www.sisinternational.com\/de\/wp-json\/wp\/v2\/media\/63222"}],"wp:attachment":[{"href":"https:\/\/www.sisinternational.com\/de\/wp-json\/wp\/v2\/media?parent=40923"}],"curies":[{"name":"wp","href":"https:\/\/api.w.org\/{rel}","templated":true}]}}