{"id":40761,"date":"2022-06-27T08:20:54","date_gmt":"2022-06-27T08:20:54","guid":{"rendered":"https:\/\/www.sisinternational.com\/?page_id=40761"},"modified":"2025-10-01T20:46:57","modified_gmt":"2025-10-02T00:46:57","slug":"marktforschung-smartphones-neue-mobile-gerate","status":"publish","type":"page","link":"https:\/\/www.sisinternational.com\/de\/sachverstand\/marktforschung-smartphones-neue-mobile-gerate\/","title":{"rendered":"Smartphone-Marktforschung"},"content":{"rendered":"<h1 class=\"wp-block-heading\">Smartphone&nbsp;Market Research<\/h1>\n\n\n\n<p><\/p>\n\n\n\n<figure class=\"gb-block-image gb-block-image-fd551c05\"><img loading=\"lazy\" decoding=\"async\" width=\"1456\" height=\"816\" class=\"gb-image gb-image-fd551c05\" src=\"https:\/\/www.sisinternational.com\/wp-content\/uploads\/2025\/08\/Smarrtphone-5g-7.jpg\" alt=\"SIS International Marktforschung &amp; Strategie\" title=\"Smarrtphone 5g (7)\" srcset=\"https:\/\/www.sisinternational.com\/wp-content\/uploads\/2025\/08\/Smarrtphone-5g-7.jpg 1456w, https:\/\/www.sisinternational.com\/wp-content\/uploads\/2025\/08\/Smarrtphone-5g-7-300x168.jpg 300w, https:\/\/www.sisinternational.com\/wp-content\/uploads\/2025\/08\/Smarrtphone-5g-7-1024x574.jpg 1024w, https:\/\/www.sisinternational.com\/wp-content\/uploads\/2025\/08\/Smarrtphone-5g-7-768x430.jpg 768w, https:\/\/www.sisinternational.com\/wp-content\/uploads\/2025\/08\/Smarrtphone-5g-7-18x10.jpg 18w\" sizes=\"auto, (max-width: 1456px) 100vw, 1456px\"><\/figure>\n\n\n\n<hr class=\"wp-block-separator has-alpha-channel-opacity is-style-dots\"\/>\n\n\n\n<p>Das Smartphone, ein Mobiltelefon mit besserer Konnektivit\u00e4t und ausgefeilterer Rechenleistung als gew\u00f6hnliche Mobiltelefone, kam Ende der 1990er Jahre auf den Verbrauchermarkt, wurde aber erst mit der Einf\u00fchrung des Blackberry durch RIM im Jahr 2006 in der breiten \u00d6ffentlichkeit akzeptiert. Apple Inc. betrat den Smartphone-Markt im Jahr 2007 mit dem ersten iPhone-Modell und Samsung folgte im Juni 2008 mit dem Instinct.<\/p>\n\n\n\n<p>In addition to the smartphone, the modern consumer has access to other devices, the most popular of which is the tablet computer, introduced in 2010. <a href=\"https:\/\/www.sisinternational.com\/de\/losungen\/verbrauchermarktforschung\/\" title=\"Consumer Market Research Services for Smarter Business Decisions\"  data-wpil-monitor-id=\"8326\">Consumers and business<\/a> owners are using mobile devices in new ways every day around the world. This new technology has made it possible for everybody to connect and relate to what is happening at any given moment.<\/p>\n\n\n\n<h2 class=\"wp-block-heading\">Der Aufstieg von Smartphones und Mobilger\u00e4ten<\/h2>\n\n\n\n<p>In den USA verbringen die Menschen deutlich mehr Zeit auf mobilen Ger\u00e4ten als auf Desktop-Computern. Einer der Gr\u00fcnde f\u00fcr die zunehmende Zeit, die sie auf mobilen Ger\u00e4ten verbringen, sind ausschlie\u00dflich auf Mobilger\u00e4ten verf\u00fcgbare soziale Netzwerke wie beispielsweise Snapchat, das immer beliebter wird. Die Schlussfolgerungen sind eindeutig: Wenn Unternehmen kein angemessenes mobiles Erlebnis bieten oder wenn sie ihre Zielgruppen nicht \u00fcber die mobile Anzeige oder Suche erreichen k\u00f6nnen, werden sie im Vergleich zu Unternehmen, die dies tun, den K\u00fcrzeren ziehen.<\/p>\n\n\n\n<p>Smartphones continue to increase, and their evolving use, along with that of other mobile devices, is resulting in new <a href=\"https:\/\/www.sisinternational.com\/de\/veroffentlichungen\/kauferverhalten-nach-corona-neue-verbraucher\/\" title=\"K\u00e4uferverhalten nach Corona \u2013 Verbrauchermarktforschung\"  data-wpil-monitor-id=\"8327\">consumer expectations and behavior<\/a> when it comes to the purchase of goods and services and the consumption of information. Retailers are adjusting to shopping <a href=\"https:\/\/www.sisinternational.com\/de\/smartphone\/\" title=\"Smartphone-Marktforschung\"  data-wpil-monitor-id=\"2877\">research on tablets and smartphones<\/a> and in-store mobile usage while organizing their websites to make the most of the mobile consumer and commerce experience.<\/p>\n\n\n\n<h2 class=\"wp-block-heading\">Praktische Anwendungen von Smartphones und Mobilger\u00e4ten in der Produkt- und Dienstleistungsbranche<\/h2>\n\n\n\n<p>Nutzer von Smartphones und anderen Ger\u00e4ten k\u00f6nnen im Internet surfen und auch dann verbunden bleiben, wenn sie keinen WLAN-Zugang haben. Sie k\u00f6nnen die Nutzer auch mit sozialen Medien verbinden und so zu jeder Tages- und Nachtzeit und unabh\u00e4ngig von ihrem Standort Kommentare und Bilder posten. Au\u00dferdem k\u00f6nnen Nutzer damit Musik h\u00f6ren. Sie k\u00f6nnen MP3-Dateien lesen, was sie zu erfolgreichen tragbaren Musikplayern macht.<\/p>\n\n\n\n<p>Die Leute greifen auch zu ihren Smartphones und Tablets, wenn sie Reisen buchen, Videos ansehen und auf lokale Informationen zugreifen m\u00f6chten (wie etwa die Bewertung des neuen Restaurants und seinen genauen Standort). Sie verwenden ihre Ger\u00e4te auch, um Google-Suchen durchzuf\u00fchren und Nachrichten und Klatsch aus der Unterhaltungsbranche zu lesen. Sie bevorzugen das Smartphone f\u00fcr einige Aktivit\u00e4ten, wie etwa lokale Suchen, und das Tablet f\u00fcr andere, wie etwa zum Ansehen von Filmen.<\/p>\n\n\n\n<h2 class=\"wp-block-heading\">Bedeutung des Designs<\/h2>\n\n\n\n<p>The mobile web has grown astronomically with the increase in mobile devices. The number of people using their tablets and smartphones to search the web has long exceeded the number using their desktops for that same purpose. Businesses should, therefore, optimize their websites for all devices: tablet and smartphones users in search of a <a href=\"https:\/\/www.sisinternational.com\/de\/losungen\/geschmackstest\/produkttestdienste-in-new-york\/\" title=\"Produkttestdienste in New York\"  data-wpil-monitor-id=\"8328\">product or service<\/a> (as in our earlier restaurant example) choose in only a few seconds whether or not to patronize an organization based on if their mobile website is easy to use \u2013 or not.<\/p>\n\n\n\n<p>The swift growth in usage and importance of mobile devices is not just an American phenomenon. Mobile device usage has grown drastically worldwide. People spend most of their time using different apps on their mobile devices. Increased app use has led to some concerns, for example, entry barriers for new, regional products, as well as less need for text messaging, dulling the <a href=\"https:\/\/www.sisinternational.com\/de\/how-to-conduct-effective-quantitative-market-research\/\" title=\"How to Conduct Effective Quantitative Market Research\"  data-wpil-monitor-id=\"8329\">effect of SMS marketing<\/a>.<\/p>\n\n\n\n<h2 class=\"wp-block-heading\">How Market Research Can Be Useful<\/h2>\n\n\n\n<p>Mobile Ger\u00e4te geben den Menschen die Freiheit, \u00fcberall hin zu gehen, was neue und spannende Gesch\u00e4ftsm\u00f6glichkeiten er\u00f6ffnet. Mobile Marktforschung ist noch immer ein aufkommender Trend und ein Trend, den Unternehmen aus mehreren Gr\u00fcnden nutzen sollten, unter anderem weil er bequem und unkompliziert ist und den Mittelsmann \u00fcberfl\u00fcssig macht. Au\u00dferdem ist es der beste (und manchmal der einzige) Weg, Teilnehmer zu erreichen.<\/p>\n\n\n\n<p><\/p>","protected":false},"excerpt":{"rendered":"<p>Die Smartphone-Marktforschung bietet Daten, Tools, Strategien, Berichte und Erkenntnisse f\u00fcr strategische Entscheidungen.<\/p>","protected":false},"author":1,"featured_media":63115,"parent":14514,"menu_order":142,"comment_status":"closed","ping_status":"closed","template":"","meta":{"footnotes":""},"class_list":["post-40761","page","type-page","status-publish","has-post-thumbnail"],"_links":{"self":[{"href":"https:\/\/www.sisinternational.com\/de\/wp-json\/wp\/v2\/pages\/40761","targetHints":{"allow":["GET"]}}],"collection":[{"href":"https:\/\/www.sisinternational.com\/de\/wp-json\/wp\/v2\/pages"}],"about":[{"href":"https:\/\/www.sisinternational.com\/de\/wp-json\/wp\/v2\/types\/page"}],"author":[{"embeddable":true,"href":"https:\/\/www.sisinternational.com\/de\/wp-json\/wp\/v2\/users\/1"}],"replies":[{"embeddable":true,"href":"https:\/\/www.sisinternational.com\/de\/wp-json\/wp\/v2\/comments?post=40761"}],"version-history":[{"count":6,"href":"https:\/\/www.sisinternational.com\/de\/wp-json\/wp\/v2\/pages\/40761\/revisions"}],"predecessor-version":[{"id":81396,"href":"https:\/\/www.sisinternational.com\/de\/wp-json\/wp\/v2\/pages\/40761\/revisions\/81396"}],"up":[{"embeddable":true,"href":"https:\/\/www.sisinternational.com\/de\/wp-json\/wp\/v2\/pages\/14514"}],"wp:featuredmedia":[{"embeddable":true,"href":"https:\/\/www.sisinternational.com\/de\/wp-json\/wp\/v2\/media\/63115"}],"wp:attachment":[{"href":"https:\/\/www.sisinternational.com\/de\/wp-json\/wp\/v2\/media?parent=40761"}],"curies":[{"name":"wp","href":"https:\/\/api.w.org\/{rel}","templated":true}]}}