{"id":40729,"date":"2022-06-27T03:51:19","date_gmt":"2022-06-27T03:51:19","guid":{"rendered":"https:\/\/www.sisinternational.com\/?page_id=40729"},"modified":"2026-03-12T11:37:12","modified_gmt":"2026-03-12T15:37:12","slug":"industrielle-fokusgruppen","status":"publish","type":"page","link":"https:\/\/www.sisinternational.com\/de\/sachverstand\/industrielle-marktforschung\/industrielle-fokusgruppen\/","title":{"rendered":"Industrielle Fokusgruppen"},"content":{"rendered":"<h1 class=\"wp-block-heading\">Industrielle Fokusgruppen<\/h1>\n\n\n\n<figure class=\"gb-block-image gb-block-image-f1283845\"><img loading=\"lazy\" decoding=\"async\" width=\"1456\" height=\"816\" class=\"gb-image gb-image-f1283845\" src=\"https:\/\/www.sisinternational.com\/wp-content\/uploads\/2025\/08\/Industrial-3.jpg\" alt=\"SIS International Marktforschung &amp; Strategie\" title=\"Industrial (3)\" srcset=\"https:\/\/www.sisinternational.com\/wp-content\/uploads\/2025\/08\/Industrial-3.jpg 1456w, https:\/\/www.sisinternational.com\/wp-content\/uploads\/2025\/08\/Industrial-3-300x168.jpg 300w, https:\/\/www.sisinternational.com\/wp-content\/uploads\/2025\/08\/Industrial-3-1024x574.jpg 1024w, https:\/\/www.sisinternational.com\/wp-content\/uploads\/2025\/08\/Industrial-3-768x430.jpg 768w, https:\/\/www.sisinternational.com\/wp-content\/uploads\/2025\/08\/Industrial-3-18x10.jpg 18w\" sizes=\"auto, (max-width: 1456px) 100vw, 1456px\"><\/figure>\n\n\n\n<hr class=\"wp-block-separator has-alpha-channel-opacity is-style-dots\"\/>\n\n\n\n<h2 class=\"wp-block-heading\">Was sind industrielle Fokusgruppen?<\/h2>\n\n\n\n<p>An industrial focus group is a marketing research device. It uses a small gathering of people to discuss relevant designated topics in a casual setting. The typical focus group consists of eight to ten individuals. The manufacturers of consumer products are the main users of <a href=\"https:\/\/www.sisinternational.com\/de\/losungen\/geschmackstest\/new-product-focus-group-in-new-york\/\" title=\"Neue Produkt-Fokusgruppe in New York\"  data-wpil-monitor-id=\"8323\">Schwerpunktgruppen<\/a>. They use this method to collect qualitative data from target groups of customers.<\/p>\n\n\n\n<h2 class=\"wp-block-heading\">Warum ist der Industriesektor wichtig?<\/h2>\n\n\n\n<p>\u201eIndustrie\u201c bezieht sich auf die Herstellung von Waren. Der Industriesektor ist f\u00fcr die wirtschaftliche Entwicklung eines Landes von entscheidender Bedeutung. Die industrielle Entwicklung spielt eine entscheidende Rolle beim wirtschaftlichen Aufschwung. Sie verringert die Abh\u00e4ngigkeit von Agrarexporten zur Beschaffung dringend ben\u00f6tigter Devisen. Der Industriesektor besch\u00e4ftigt einen gro\u00dfen Teil der Bev\u00f6lkerung.<\/p>\n\n\n\n<h2 class=\"wp-block-heading\">Wachsende Industriezweige<\/h2>\n\n\n\n<h3 class=\"wp-block-heading\">Die am schnellsten wachsenden Branchen sind:<\/h3>\n\n\n\n<ul class=\"wp-block-list\">\n<li><strong>Erneuerbare Energie.<\/strong> People are using green <a href=\"https:\/\/www.sisinternational.com\/de\/vom-winde-verweht-die-finanzkrise-und-die-windenergie\/\" title=\"Vom Winde verweht? Die Finanzkrise und die Windenergie\"  data-wpil-monitor-id=\"7499\">energy options such as wind<\/a> and solar power. These have proven to be practical options for many businesses and countries. The price of these <a href=\"https:\/\/www.sisinternational.com\/de\/sachverstand\/branchen\/marktforschung-fur-erneuerbare-energien\/\" title=\"Marktforschung f\u00fcr erneuerbare Energien\"  data-wpil-monitor-id=\"8324\">renewable forms of energy<\/a> has fallen in recent years. Households are taking advantage of their affordability.<\/li>\n\n\n\n<li><strong>Internet-Sicherheit.<\/strong> Diese Branche ist wichtiger denn je. Sie sch\u00fctzt die finanziellen und sonstigen Daten der Menschen vor Cyberdieben.<\/li>\n\n\n\n<li><strong>Biotechnologie.<\/strong> Angesichts der wachsenden Weltbev\u00f6lkerung ist Biotechnologie unverzichtbar. Agrartechniker k\u00f6nnen damit h\u00f6here Ernteertr\u00e4ge erzielen. Mediziner nutzen Biotechnologie auch zur Genmanipulation. Biotechnologie kann Krankheiten heilen und so die Lebensqualit\u00e4t vieler Menschen verbessern.<\/li>\n<\/ul>\n\n\n\n<h2 class=\"wp-block-heading\">Fokusgruppen als qualitative Forschungsmethode<\/h2>\n\n\n\n<p>The main benefit of <a href=\"https:\/\/www.sisinternational.com\/de\/losungen\/schwerpunktgruppen\/focus-group-on-personal-care-products\/\" title=\"Focus Group on Personal Care Products\"  data-wpil-monitor-id=\"8322\">Schwerpunktgruppen<\/a> is the opportunity to witness a lot of interaction and discussion about a company\u2019s product. This interaction takes place in a limited period, and it helps the manufacturer to understand consumers and their needs. <a href=\"https:\/\/www.sisinternational.com\/de\/losungen\/fokusgruppen-marktforschung\/\" title=\"Fokusgruppe Marktforschung\"  data-wpil-monitor-id=\"8320\">Focus groups rely on the researcher\u2019s<\/a> ability to assemble and direct the sessions. This control is also a drawback. It means that focus groups are in some sense unnatural social settings.<\/p>\n\n\n\n<p>Focus groups are also limited to self-reported data and verbal behavior. <a href=\"https:\/\/www.sisinternational.com\/de\/sachverstand\/branchen\/automobilmarktforschung\/statische-vs-dynamische-autokliniken\/\" title=\"Market Research Methods for Automotive Research &#8211; Static vs Dynamic Car Clinics\"  data-wpil-monitor-id=\"8325\">Researchers using this method<\/a> need to improve the naturalism of participant observation. Naturalism is especially pertinent if the goal is to gather data on other social actions.<\/p>\n\n\n\n<h2 class=\"wp-block-heading\">Chancen, Trends und neue Technologien in industriellen Fokusgruppen<\/h2>\n\n\n\n<p>Industrial focus groups allow companies to conduct market research. This research helps in the creation of a marketing plan. The company can assign an employee to manage and administer the focus group, or it can hire a firm to direct the process. It is suitable for businesses developing new products and services. It enables them to get feedback from potential consumers.<\/p>\n\n\n\n<p><a href=\"https:\/\/www.sisinternational.com\/de\/focus-group-solutions-the-modern-approach\/\" title=\"Focus Group Solutions: The Modern Approach\"  data-wpil-monitor-id=\"8318\">Modern focus groups<\/a> are trending toward digital. This type of focus group can be asynchronous, meaning members of the group don\u2019t have to participate at the same time. Companies can send questions to each member. The member then records the answers at his or her convenience. Alternatively, companies can arrange a Google Hangout for members. This setting enables them to interact with each other and with the moderator. Companies can also use tools like Survey Monkey. Such devices allow open-ended qualitative data collection and even quantitative questionnaires. Digital focus groups can also be in the forms of online forums and social media groups.<\/p>\n\n\n\n<p>Newer strategies tend to rely on technology. Smartphones can track shoppers as they make their way across a mall or store. This <a href=\"https:\/\/www.sisinternational.com\/de\/quantitative-market-research-methods-and-techniques\/\" title=\"Quantitative Market Research Methods and Techniques\"  data-wpil-monitor-id=\"8319\">method gives instant feedback to market researchers<\/a>. One of the newest methods is scanning technology. Shoppers carry a scanner with them throughout the store. These scanners collect tremendous amounts of data. It tracks spending levels, consumer behavior, customer loyalty, and other types of reactions.<\/p>\n\n\n\n<h2 class=\"wp-block-heading\">Vorteile der Verwendung von Fokusgruppen in der industriellen Marktforschung<\/h2>\n\n\n\n<p><a href=\"https:\/\/www.sisinternational.com\/de\/abdeckung\/europa\/marktforschung-liverpool-grosbritannien\/\" title=\"Marktforschung in Liverpool | Fokusgruppen und Datenerfassung in Gro\u00dfbritannien\"  data-wpil-monitor-id=\"8321\">Focus groups can provide rich data<\/a>. They give companies a broader perspective on how people think. They show how they perceive products and brands. It also helps manufacturers understand what people expect and want from a depression. The online format has advantages, such as the ability to draw participants from a nationwide sample. The traditional method counters this by giving participants the ability to brainstorm. Participants can also hold meaningful discussions.<\/p>\n\n\n\n<p><\/p>","protected":false},"excerpt":{"rendered":"<p>Eine industrielle Fokusgruppe ist ein Instrument der Marktforschung. Dabei werden in einer kleinen Gruppe von Menschen relevante, bestimmte Themen in zwangloser Atmosph\u00e4re diskutiert. <\/p>","protected":false},"author":1,"featured_media":62834,"parent":14181,"menu_order":138,"comment_status":"closed","ping_status":"closed","template":"","meta":{"footnotes":""},"class_list":["post-40729","page","type-page","status-publish","has-post-thumbnail"],"_links":{"self":[{"href":"https:\/\/www.sisinternational.com\/de\/wp-json\/wp\/v2\/pages\/40729","targetHints":{"allow":["GET"]}}],"collection":[{"href":"https:\/\/www.sisinternational.com\/de\/wp-json\/wp\/v2\/pages"}],"about":[{"href":"https:\/\/www.sisinternational.com\/de\/wp-json\/wp\/v2\/types\/page"}],"author":[{"embeddable":true,"href":"https:\/\/www.sisinternational.com\/de\/wp-json\/wp\/v2\/users\/1"}],"replies":[{"embeddable":true,"href":"https:\/\/www.sisinternational.com\/de\/wp-json\/wp\/v2\/comments?post=40729"}],"version-history":[{"count":5,"href":"https:\/\/www.sisinternational.com\/de\/wp-json\/wp\/v2\/pages\/40729\/revisions"}],"predecessor-version":[{"id":81395,"href":"https:\/\/www.sisinternational.com\/de\/wp-json\/wp\/v2\/pages\/40729\/revisions\/81395"}],"up":[{"embeddable":true,"href":"https:\/\/www.sisinternational.com\/de\/wp-json\/wp\/v2\/pages\/14181"}],"wp:featuredmedia":[{"embeddable":true,"href":"https:\/\/www.sisinternational.com\/de\/wp-json\/wp\/v2\/media\/62834"}],"wp:attachment":[{"href":"https:\/\/www.sisinternational.com\/de\/wp-json\/wp\/v2\/media?parent=40729"}],"curies":[{"name":"wp","href":"https:\/\/api.w.org\/{rel}","templated":true}]}}