{"id":40725,"date":"2022-06-27T03:41:22","date_gmt":"2022-06-27T03:41:22","guid":{"rendered":"https:\/\/www.sisinternational.com\/?page_id=40725"},"modified":"2025-10-01T21:32:23","modified_gmt":"2025-10-02T01:32:23","slug":"frauen-der-70er-und-80er-jahre-stiegen-in-die-fuhrungsebene-auf","status":"publish","type":"page","link":"https:\/\/www.sisinternational.com\/de\/veroffentlichungen\/frauen-der-70er-und-80er-jahre-stiegen-in-die-fuhrungsebene-auf\/","title":{"rendered":"Wie Frauen in den 70er und 80er Jahren in die oberen F\u00fchrungsetagen aufstiegen"},"content":{"rendered":"<h1 class=\"wp-block-heading\"><span lang=\"en-US\">Wie Frauen in den 70er und 80er Jahren in die oberen F\u00fchrungsetagen aufstiegen<\/span><\/h1>\n\n\n\n<figure class=\"gb-block-image gb-block-image-0edef3af\"><img loading=\"lazy\" decoding=\"async\" width=\"1024\" height=\"574\" class=\"gb-image gb-image-0edef3af\" src=\"https:\/\/www.sisinternational.com\/wp-content\/uploads\/2025\/08\/CEO-woman-business-woman-5-1024x574.jpg\" alt=\"SIS International Marktforschung &amp; Strategie\" title=\"CEO woman business woman (5)\" srcset=\"https:\/\/www.sisinternational.com\/wp-content\/uploads\/2025\/08\/CEO-woman-business-woman-5-1024x574.jpg 1024w, https:\/\/www.sisinternational.com\/wp-content\/uploads\/2025\/08\/CEO-woman-business-woman-5-300x168.jpg 300w, https:\/\/www.sisinternational.com\/wp-content\/uploads\/2025\/08\/CEO-woman-business-woman-5-768x430.jpg 768w, https:\/\/www.sisinternational.com\/wp-content\/uploads\/2025\/08\/CEO-woman-business-woman-5-18x10.jpg 18w, https:\/\/www.sisinternational.com\/wp-content\/uploads\/2025\/08\/CEO-woman-business-woman-5.jpg 1456w\" sizes=\"auto, (max-width: 1024px) 100vw, 1024px\"><\/figure>\n\n\n\n<p><\/p>\n\n\n\n<hr class=\"wp-block-separator has-alpha-channel-opacity is-style-dots\"\/>\n\n\n\n<p><span lang=\"en-US\">Von den sp\u00e4ten 1970er Jahren bis zum Beginn des 21. Jahrhunderts begann die Beteiligung der Frauen an der Erwerbsbev\u00f6lkerung stetig zu steigen. Was war an dieser Zeit bemerkenswert? Die Zahl der berufst\u00e4tigen Frauen mit einem Kind unter einem Jahr stieg von 20 auf 62 Prozent.<\/span><\/p>\n\n\n\n<p><span lang=\"en-US\">Gleichzeitig begannen junge Frauen in ihren sp\u00e4ten Teenagerjahren, ihre Karriereerwartungen zu \u00e4ndern. Die Denkweisen \u00e4nderten sich und Frauen erwarteten eine lange, ununterbrochene Karriere. Heirat und Kinder w\u00fcrden ihre Berufslaufbahn nicht mehr unterbrechen. Diese Entwicklung wiederum motivierte sie, mehr in ihre Ausbildung zu investieren. Immer mehr von ihnen gingen aufs College und gingen weiter. Es bereitete sie auf Karrieren vor, die ihnen ein Prestige verlieh, das dem der M\u00e4nner am Arbeitsplatz n\u00e4her kam.<\/span><\/p>\n\n\n\n<p><span lang=\"en-US\">Dann begannen Frauen, Heirat und Kinderkriegen aufzuschieben. Ein Grund daf\u00fcr war die wachsende Popularit\u00e4t der Antibabypille. Dieses zuverl\u00e4ssige Verh\u00fctungsmittel gab Frauen die Kontrolle \u00fcber den Zeitpunkt der Geburt. Frauen begannen, ihre Identit\u00e4t und ihr Leben anders zu sehen. Ihr Berufsleben wurde genauso wichtig wie ihre Familie.<\/span><\/p>\n\n\n\n<p><span lang=\"en-US\">Experten haben einen interessanten Trend bei der Beteiligung von Frauen am Arbeitsmarkt festgestellt. In den 1970er Jahren reichte ein einziges Einkommen nicht mehr aus, um einen komfortablen Lebensstil zu finanzieren. Es war eine wirtschaftliche Notwendigkeit und nicht die M\u00f6glichkeit, die Frauen dazu trieb, zu arbeiten. Der Anstieg der Affirmative Action zwang Unternehmen dazu, Frauen in nicht-traditionelle Positionen zu bringen. Diese erzwungene Erfahrung trug auch dazu bei, die kulturelle Denkweise zu \u00e4ndern.<\/span><\/p>\n\n\n\n<h2 class=\"wp-block-heading\"><span lang=\"en-US\">Frauen in F\u00fchrungspositionen<\/span><\/h2>\n\n\n\n<figure class=\"gb-block-image gb-block-image-7bb9fe7b\"><img loading=\"lazy\" decoding=\"async\" width=\"1456\" height=\"816\" class=\"gb-image gb-image-7bb9fe7b\" src=\"https:\/\/www.sisinternational.com\/wp-content\/uploads\/2025\/08\/CEO-woman-business-woman-7.jpg\" alt=\"SIS International Marktforschung &amp; Strategie\" title=\"CEO woman business woman (7)\" srcset=\"https:\/\/www.sisinternational.com\/wp-content\/uploads\/2025\/08\/CEO-woman-business-woman-7.jpg 1456w, https:\/\/www.sisinternational.com\/wp-content\/uploads\/2025\/08\/CEO-woman-business-woman-7-300x168.jpg 300w, https:\/\/www.sisinternational.com\/wp-content\/uploads\/2025\/08\/CEO-woman-business-woman-7-1024x574.jpg 1024w, https:\/\/www.sisinternational.com\/wp-content\/uploads\/2025\/08\/CEO-woman-business-woman-7-768x430.jpg 768w, https:\/\/www.sisinternational.com\/wp-content\/uploads\/2025\/08\/CEO-woman-business-woman-7-18x10.jpg 18w\" sizes=\"auto, (max-width: 1456px) 100vw, 1456px\"><\/figure>\n\n\n\n<p><\/p>\n\n\n\n<p><span lang=\"en-US\">Die erste weibliche CEO eines Fortune 500-Unternehmens war Katharine Graham. Sie wurde 1972 CEO der Muttergesellschaft der Washington Post, durchbrach damit eine neue Barriere und war oft die einzige Frau in der Redaktion. In den 70er und 80er Jahren erlangten auch andere Frauen Ber\u00fchmtheit. Bemerkenswert sind Marion Sandler von Golden West Financial und Linda Wachner von Warnaco Group Inc. <\/span><\/p>\n\n\n\n<p><span lang=\"en-US\">Im Jahr 1980 hatte es keine einzige Frau in die obersten F\u00fchrungsetagen der Fortune 100-Unternehmen geschafft. Im Jahr 2001 waren bereits elf Prozent dieser Unternehmensf\u00fchrer Frauen. Die Zahl der Unternehmen mit weiblichen CEOs hat sich mehr als versechsfacht. <\/span><\/p>\n\n\n\n<p><span lang=\"en-US\">Since 1980, American <a href=\"https:\/\/www.sisinternational.com\/de\/losungen\/strategieberatung\/unternehmensberatungen\/\" title=\"Globales Management-Beratungsunternehmen\"  data-wpil-monitor-id=\"10060\">firms have created almost 4.5 million management<\/a> positions. Women occupy 2.6 million of these positions. Unfortunately, the gender wage gap has kept step with these statistics. Women\u2019s increasing representation in management is in \u201cfeminized\u201d fields. The gender wage gaps are the most extreme in those fields. But the lowest gaps are in occupations with the lowest proportions of women. For example, engineering and architecture have small wage gaps. <\/span><\/p>\n\n\n\n<h2 class=\"wp-block-heading\"><span lang=\"en-US\">Geschlechtsspezifische Barrieren f\u00fcr den Einstieg in die obere F\u00fchrungsebene<\/span><\/h2>\n\n\n\n<p><span lang=\"en-US\">Die meisten Amerikaner halten Frauen f\u00fcr ebenso innovativ und intelligent wie M\u00e4nner. Dennoch erreichen nur sehr wenige Frauen die oberste F\u00fchrungsebene. Warum schaffen es so wenige Frauen in die Chefetage? Frauen, die in der Wirtschaft in die h\u00f6chsten Ebenen aufsteigen wollen, sind ebenfalls mit einer Doppelmoral konfrontiert. Sie m\u00fcssen M\u00e4nner in den Schatten stellen, wenn sie sich beweisen wollen.<\/span><\/p>\n\n\n\n<p><span lang=\"en-US\">Hier kommt das Konzept der \u201egl\u00e4sernen Decke\u201c ins Spiel. Das US-Arbeitsministerium beschrieb die gl\u00e4serne Decke 1991 als eine Reihe k\u00fcnstlicher Hindernisse, die auf Willk\u00fcr beruhen. Sie verhindern, dass qualifizierte Personen in ihrer Organisation bef\u00f6rdert werden und in F\u00fchrungspositionen gelangen. Der Weg, den Frauen gehen m\u00fcssen, um die F\u00fchrungsebene zu erreichen, ist komplex und weist zahlreiche Hindernisse auf. <\/span><\/p>\n\n\n\n<p><span lang=\"en-US\">Doch Vielfalt am Arbeitsplatz ist gut f\u00fcrs Gesch\u00e4ft. Die neue Dienstleistungswirtschaft ist auf F\u00e4higkeiten angewiesen, die Frauen leicht zu erlernen sind. So erfordert diese Wirtschaft beispielsweise Liebe zum Detail, Entschlossenheit und umsichtiges Denken. Die Probleme mit den Hindernissen, denen sich Frauen gegen\u00fcbersehen, sind von Menschen geschaffen. Organisationen und die Gesellschaft m\u00fcssen mehr tun, um allen Frauen die Chance zu geben, an die Spitze zu gelangen.<\/span><\/p>\n\n\n\n<p><span lang=\"en-US\">Eine falsche Wahrnehmung der Gleichberechtigung der Geschlechter schr\u00e4nkt die Chancen der Frauen als Gruppe ein. Warum? Weil sie falschen Optimismus weckt. Au\u00dferdem wird dadurch das Bed\u00fcrfnis nach Verbesserungen eliminiert. In Zeitungsartikeln werden manchmal Beispiele erfolgreicher Frauen gepriesen. Sie werden als Beweis daf\u00fcr dargestellt, dass es die gl\u00e4serne Decke nicht mehr gibt. Einige wenige Frauen haben es in Machtpositionen geschafft. Dennoch gibt es nach wie vor viele Ungleichheiten bei der Vertretung von Frauen in F\u00fchrungspositionen.<\/span><\/p>\n\n\n\n<p><span lang=\"en-US\">Die meisten amtierenden CEOs und Vorstandsmitglieder sind M\u00e4nner. Sie geben den Ton an und bestimmen, wer f\u00fcr den Erfolg geeignet ist. Auch die Kinderbetreuungssituation einer Frau ist ein wesentlicher Faktor daf\u00fcr, ob sie den Rang einer CEO erreicht. Qualitativ hochwertige und erschwingliche Kinderbetreuung zu finden, bleibt eine Herausforderung. Bis sie CEO wird, muss eine Frau viel durchstehen. <\/span><\/p>\n\n\n\n<p><span lang=\"en-US\">Auch die Anforderungen des Familienlebens sind gestiegen. Das Muttersein ist intensiver geworden. Berufst\u00e4tige M\u00fctter verbringen heute genauso viel Zeit mit ihren Kindern wie Hausfrauen in den 1970er Jahren.<\/span><\/p>\n\n\n\n<h2 class=\"wp-block-heading\"><span lang=\"en-US\">Die Geschlechterkluft schlie\u00dfen<\/span><\/h2>\n\n\n\n<p><span lang=\"en-US\">Unternehmen haben Fortschritte bei der F\u00f6rderung der Karrieren von Frauen gemacht. Bis zur echten Gleichstellung der Geschlechter am Arbeitsplatz haben sie noch einen langen Weg vor sich. Doch von der Schlie\u00dfung der Geschlechterkluft profitieren alle. Kunden profitieren, ebenso wie Teams und sogar die Gewinne der Unternehmen. Frauen machten in den 1970er und 80er Jahren gro\u00dfe Fortschritte, als sie in die Arbeitswelt eintraten. Es ist an der Zeit, auf diesen Errungenschaften aufzubauen und die F\u00fchrungsetage f\u00fcr Frauen einladender zu gestalten.<\/span><\/p>\n\n\n<h2>Unser Standort in New York<\/h2>\n<p><!-- \/wp:post-content --> <!-- wp:html --> <iframe loading=\"lazy\" src=\"https:\/\/www.google.com\/maps\/embed?pb=!1m18!1m12!1m3!1d3022.976188376966!2d-73.99130312499956!3d40.740549471389315!2m3!1f0!2f0!3f0!3m2!1i1024!2i768!4f13.1!3m3!1m2!1s0x89c259a15798c731%3A0xd695d09bdd495f25!2s11%20E%2022nd%20St%20FL%202%2C%20New%20York%2C%20NY%2010010%2C%20USA!5e0!3m2!1sen!2spe!4v1726171763526!5m2!1sen!2spe\" width=\"600\" height=\"450\" allowfullscreen=\"allowfullscreen\" data-mce-fragment=\"1\"><\/iframe> <!-- \/wp:html --> <!-- wp:paragraph --><\/p>\n<h3 class=\"wp-block-heading\">11 E 22nd Street, Floor 2, New York, NY 10010 T: +1(212) 505-6805<\/h3>\n<hr \/>\n<h2><span style=\"font-weight: 400;\">\u00dcber SIS International<\/span><\/h2>\n<p><a href=\"https:\/\/www.sisinternational.com\/de\/\"><span style=\"font-weight: 400;\">SIS International<\/span><\/a><span style=\"font-weight: 400;\"> offers Quantitative, Qualitative, and Strategy Research. We provide data, tools, strategies, reports, and insights for decision-making. We also conduct interviews, surveys, focus groups, and other <a href=\"https:\/\/www.sisinternational.com\/de\/quantitative-market-research-methods-and-techniques\/\" title=\"Quantitative Market Research Methods and Techniques\"  data-wpil-monitor-id=\"10056\">Market Research methods<\/a> and approaches.<\/span><a href=\"https:\/\/www.sisinternational.com\/de\/uber-sis-international-research\/contact-sis-international-market-research\/\"><span style=\"font-weight: 400;\"> Kontakt<\/span><\/a><span style=\"font-weight: 400;\"> f\u00fcr Ihr n\u00e4chstes Marktforschungsprojekt.<\/span><\/p>\n<p><!-- wp:heading --><\/p>\n<h2 id=\"about-sis-international\" class=\"wp-block-heading\">\u00a0<\/h2>\n<p><!-- \/wp:heading --><\/p>","protected":false},"excerpt":{"rendered":"<p>Unternehmen haben bei der F\u00f6rderung der Karriere von Frauen Fortschritte gemacht. Bis zur Gleichstellung der Geschlechter am Arbeitsplatz ist es jedoch noch ein weiter Weg.<\/p>","protected":false},"author":1,"featured_media":64875,"parent":20148,"menu_order":13,"comment_status":"closed","ping_status":"closed","template":"","meta":{"footnotes":""},"class_list":["post-40725","page","type-page","status-publish","has-post-thumbnail"],"_links":{"self":[{"href":"https:\/\/www.sisinternational.com\/de\/wp-json\/wp\/v2\/pages\/40725","targetHints":{"allow":["GET"]}}],"collection":[{"href":"https:\/\/www.sisinternational.com\/de\/wp-json\/wp\/v2\/pages"}],"about":[{"href":"https:\/\/www.sisinternational.com\/de\/wp-json\/wp\/v2\/types\/page"}],"author":[{"embeddable":true,"href":"https:\/\/www.sisinternational.com\/de\/wp-json\/wp\/v2\/users\/1"}],"replies":[{"embeddable":true,"href":"https:\/\/www.sisinternational.com\/de\/wp-json\/wp\/v2\/comments?post=40725"}],"version-history":[{"count":6,"href":"https:\/\/www.sisinternational.com\/de\/wp-json\/wp\/v2\/pages\/40725\/revisions"}],"predecessor-version":[{"id":70468,"href":"https:\/\/www.sisinternational.com\/de\/wp-json\/wp\/v2\/pages\/40725\/revisions\/70468"}],"up":[{"embeddable":true,"href":"https:\/\/www.sisinternational.com\/de\/wp-json\/wp\/v2\/pages\/20148"}],"wp:featuredmedia":[{"embeddable":true,"href":"https:\/\/www.sisinternational.com\/de\/wp-json\/wp\/v2\/media\/64875"}],"wp:attachment":[{"href":"https:\/\/www.sisinternational.com\/de\/wp-json\/wp\/v2\/media?parent=40725"}],"curies":[{"name":"wp","href":"https:\/\/api.w.org\/{rel}","templated":true}]}}