{"id":40713,"date":"2022-06-26T04:02:35","date_gmt":"2022-06-26T04:02:35","guid":{"rendered":"https:\/\/www.sisinternational.com\/?page_id=40713"},"modified":"2025-10-01T19:42:22","modified_gmt":"2025-10-01T23:42:22","slug":"marktforschung-fur-die-schwerindustrie","status":"publish","type":"page","link":"https:\/\/www.sisinternational.com\/de\/sachverstand\/marktforschung-fur-die-schwerindustrie\/","title":{"rendered":"Marktforschung f\u00fcr die Schwerindustrie"},"content":{"rendered":"<h1 class=\"wp-block-heading\">Marktforschung f\u00fcr die Schwerindustrie<\/h1>\n\n\n\n<figure class=\"gb-block-image gb-block-image-6da48f19\"><img loading=\"lazy\" decoding=\"async\" width=\"1456\" height=\"816\" class=\"gb-image gb-image-6da48f19\" src=\"https:\/\/www.sisinternational.com\/wp-content\/uploads\/2025\/08\/Manufacturing-4.jpg\" alt=\"SIS International Marktforschung &amp; Strategie\" title=\"Manufacturing (4)\" srcset=\"https:\/\/www.sisinternational.com\/wp-content\/uploads\/2025\/08\/Manufacturing-4.jpg 1456w, https:\/\/www.sisinternational.com\/wp-content\/uploads\/2025\/08\/Manufacturing-4-300x168.jpg 300w, https:\/\/www.sisinternational.com\/wp-content\/uploads\/2025\/08\/Manufacturing-4-1024x574.jpg 1024w, https:\/\/www.sisinternational.com\/wp-content\/uploads\/2025\/08\/Manufacturing-4-768x430.jpg 768w, https:\/\/www.sisinternational.com\/wp-content\/uploads\/2025\/08\/Manufacturing-4-18x10.jpg 18w\" sizes=\"auto, (max-width: 1456px) 100vw, 1456px\"><\/figure>\n\n\n\n<p><\/p>\n\n\n\n<h2 class=\"wp-block-heading\">Was ist HM Market Research?<\/h2>\n\n\n\n<p>You may know <a href=\"https:\/\/sisaisolutions.com\/application-of-ai-in-manufacturing\/\" target=\"_blank\" rel=\"noopener\">Schwerindustrie<\/a> by another name: Heavy Industry. HM focuses less on the consumer than the light industry sector. But, it uses much more capital. Further, it often involves extracting and using raw materials to produce goods. Thus HM has quite an impact on several industries.<\/p>\n\n\n\n<h3 class=\"wp-block-heading\">Beispiele f\u00fcr HM sind<span lang=\"en-US\">:<\/span><\/h3>\n\n\n\n<p><strong><span style=\"color: #cda349;\">1. Schiffbau<\/span><\/strong><\/p>\n\n\n\n<p><strong><span style=\"color: #cda349;\">2. Werkzeugmaschinenbau<\/span><\/strong><\/p>\n\n\n\n<p><strong><span style=\"color: #cda349;\">3. Stahlproduktion<\/span><\/strong><\/p>\n\n\n\n<p><strong><span style=\"color: #cda349;\">4. Bergbau<\/span><\/strong><\/p>\n\n\n\n<p><strong><span style=\"color: #cda349;\">5. Chemische Produkte<\/span><\/strong><\/p>\n\n\n\n<h3 class=\"wp-block-heading\">Zum HM geh\u00f6rt auch die Herstellung von Ger\u00e4ten f\u00fcr die Landwirtschaft und das Bauwesen.<\/h3>\n\n\n\n<p>Einer der wichtigsten Markttreiber in diesem Sektor ist der weltweite Anstieg der Bauausgaben. Neue Produkte im Bausektor zu entwickeln, erfordert jedoch enorme Kapitalausgaben. Daher k\u00f6nnen kleine Unternehmen in diesem Sektor nur Spezialmaschinen herstellen.<\/p>\n\n\n\n<h2 class=\"wp-block-heading\">Warum ist HM-Marktforschung wichtig?<\/h2>\n\n\n\n<p>In all industries and sectors, <a href=\"https:\/\/www.sisinternational.com\/de\/sachverstand\/branchen\/marktforschung-fur-kuchenutensilien\/\" title=\"Marktforschung f\u00fcr K\u00fcchenutensilien\" data-wpil-monitor-id=\"7752\">Market Research is essential<\/a>. It is vital in the HM industry, where the effects of making misinformed decisions can be severe. At times, such decisions can be nothing short of disastrous. Market Research is vital for entering new markets as well as acquiring other businesses. It\u2019s also needed for major new product launches. Here are four reasons why <a href=\"https:\/\/www.sisinternational.com\/de\/sachverstand\/branchen\/pharmacy-benefit-manager-pbm-marktforschung\/\" title=\"Pharmacy Benefit Manager (PBM) Marktforschung\" data-wpil-monitor-id=\"7750\">Market Research benefits<\/a> the HM industry:<\/p>\n\n\n\n<p><strong><span style=\"color: #0b5d95;\">1. Es hilft den Akteuren der Branche, prim\u00e4re Erkenntnisse zu gewinnen. Tats\u00e4chlich ist es selten, solche Erkenntnisse aus sekund\u00e4ren Quellen zu erhalten.<\/span><\/strong><\/p>\n\n\n\n<p><strong><span style=\"color: #0b5d95;\">2. Es hilft Herstellern von HM-Produkten, K\u00e4uferpers\u00f6nlichkeiten zu identifizieren<\/span><\/strong><\/p>\n\n\n\n<p><strong><span style=\"color: #0b5d95;\">3. Es hilft ihnen, Inhalte und Methoden zu identifizieren, die sie relevant halten<\/span><\/strong><\/p>\n\n\n\n<p><strong><span style=\"color: #0b5d95;\">4. Es hilft ihnen, das Risiko zu reduzieren<\/span><\/strong><\/p>\n\n\n\n<h2 class=\"wp-block-heading\">Wichtige Berufsbezeichnungen<\/h2>\n\n\n\n<h3 class=\"wp-block-heading\">Die wichtigsten Berufsbezeichnungen im HM sind die folgenden:<\/h3>\n\n\n\n<ul class=\"wp-block-list\">\n<li>Monteur. Ein Monteur baut HM-Ger\u00e4te zusammen. <span lang=\"en-US\">Er oder sie<\/span> montieren<span lang=\"en-US\">S<\/span> die verschiedenen Teile eines Produkts, um es funktionsf\u00e4hig zu machen.<\/li>\n\n\n\n<li>Bediener\/Maschinist. Bediener und Maschinisten sind Experten im Umgang mit Maschinen. Bediener\/Maschinisten sollten auch gut darin sein, Maschinenst\u00f6rungen zu beheben. Die meisten Bediener wissen, wie man fast jede Art von Maschine bedient. Daher sind die meisten von ihnen Experten im Maschinenbetrieb.<\/li>\n\n\n\n<li>Quality Inspector: a specialist in checking out how well the machinery works. That person can also identify a machine\u2019s <a href=\"https:\/\/www.sisinternational.com\/de\/losungen\/marktforschung-zum-customer-lifetime-value\/\" title=\"Customer Lifetime Value Marktforschung\" data-wpil-monitor-id=\"7757\">value in the market<\/a>. Quality inspectors tend to know every kind of material used in any heavy equipment.<\/li>\n<\/ul>\n\n\n\n<h2 class=\"wp-block-heading\">Warum Unternehmen HM Market Research ben\u00f6tigen<\/h2>\n\n\n\n<p><a href=\"https:\/\/www.sisinternational.com\/de\/abdeckung\/die-amerikaner\/usa-berichterstattung\/\" title=\"Marktforschung in den USA\" data-wpil-monitor-id=\"7754\">Marktforschung<\/a> provides knowledge of the current market state. Companies can also use it to predict future consumer needs. Sales cycles in this sector are often long. Market Research can help determine the best ways to keep prospects engaged throughout the process.<\/p>\n\n\n\n<p>Unternehmen mit globaler Reichweite m\u00fcssen lokale Standards einhalten. Sie m\u00fcssen in allen Phasen der Produktions- und Vertriebsprozesse auf dem Laufenden bleiben. Marktforschung kann Ihnen helfen, aufkommende Trends zu erkennen und zu verfolgen. So geben Sie weniger Geld f\u00fcr Compliance-\u00dcberraschungen aus.<\/p>\n\n\n\n<h2 class=\"wp-block-heading\">Schl\u00fcsselfaktoren f\u00fcr den Erfolg<\/h2>\n\n\n\n<h3 class=\"wp-block-heading\">Experten haben mehrere Faktoren herausgearbeitet, die den Akteuren dieser Branche helfen k\u00f6nnen. Diese Faktoren k\u00f6nnen ihnen helfen, auf ihren jeweiligen M\u00e4rkten wettbewerbsf\u00e4hig zu bleiben. Dazu geh\u00f6ren:<\/h3>\n\n\n\n<p>1. <strong>Produktivit\u00e4t.<\/strong> Expansion bedeutet oft, die Produktionsleistung zu steigern, ohne die Werksgr\u00f6\u00dfe zu erh\u00f6hen. Daher m\u00fcssen sich die Akteure der Branche darauf konzentrieren, ihre Betriebsabl\u00e4ufe effizienter zu gestalten.<\/p>\n\n\n\n<p>2. <strong>Konnektivit\u00e4t.<\/strong> Dank der Leistungsf\u00e4higkeit der KI sind heute Milliarden von Maschinen und Ger\u00e4ten mit dem Internet verbunden. Um wettbewerbsf\u00e4hig zu bleiben, m\u00fcssen die Hersteller von HM-Ger\u00e4ten ihre Systeme als Teil einer vernetzten Welt betrachten.<\/p>\n\n\n\n<p>3. <strong>Standardisierung.<\/strong> The process of making machines that conform to a standard makes HM operations more efficient. For one thing, it\u2019s quicker to get the <a href=\"https:\/\/www.sisinternational.com\/de\/sachverstand\/lebenslaufe\/marktforschung-fur-korperpflegeprodukte\/\" title=\"Marktforschung f\u00fcr K\u00f6rperpflegeprodukte\" data-wpil-monitor-id=\"7756\">product to market<\/a>. It also enables industry players to improve continuously.<\/p>\n\n\n\n<h2 class=\"wp-block-heading\">\u00dcber HM Market Research<\/h2>\n\n\n\n<p>Through the years, HM <a href=\"https:\/\/www.sisinternational.com\/de\/losungen\/qualitative-quantitative-forschungslosungen\/marktforschung-im-ausendienst\/\" title=\"Marktforschung im Au\u00dfendienst\" data-wpil-monitor-id=\"7753\">Market Research has helped the field<\/a> of science. It has made room for avant-garde players in tech and machinery, and it enables them to at least survive future risks.<\/p>\n\n\n\n<p>We do Qualitative, Quantitative, and Strategy Research through interviews and surveys. We also organize <a href=\"https:\/\/www.sisinternational.com\/de\/losungen\/fokusgruppen-marktforschung\/\" title=\"Fokusgruppe Marktforschung\" data-wpil-monitor-id=\"7751\">Focus Groups to help gauge market<\/a> response to products.<\/p>\n\n\n\n<p>Companies need to see the importance of HM <a href=\"https:\/\/www.sisinternational.com\/de\/sachverstand\/lebenslaufe\/lebenslauf-mit-berufserfahrung-in-der-chemie-und-energiebranche\/\" title=\"Chemie- und Energiemarktforschungsunternehmen\" data-wpil-monitor-id=\"7755\">Marktforschung<\/a>. It takes time, money, and effort, but it builds endless potential. It also enables the makers of heavy equipment to improve their bottom line.<\/p>\n\n\n\n<p><\/p>","protected":false},"excerpt":{"rendered":"<p>Die Marktforschung f\u00fcr die Schwerindustrie prognostiziert Bedarfe, bindet potenzielle Kunden ein, erkennt Trends und gew\u00e4hrleistet die Einhaltung von Vorschriften f\u00fcr globale Unternehmen.<\/p>","protected":false},"author":1,"featured_media":63589,"parent":14514,"menu_order":137,"comment_status":"closed","ping_status":"closed","template":"","meta":{"footnotes":""},"class_list":["post-40713","page","type-page","status-publish","has-post-thumbnail"],"_links":{"self":[{"href":"https:\/\/www.sisinternational.com\/de\/wp-json\/wp\/v2\/pages\/40713","targetHints":{"allow":["GET"]}}],"collection":[{"href":"https:\/\/www.sisinternational.com\/de\/wp-json\/wp\/v2\/pages"}],"about":[{"href":"https:\/\/www.sisinternational.com\/de\/wp-json\/wp\/v2\/types\/page"}],"author":[{"embeddable":true,"href":"https:\/\/www.sisinternational.com\/de\/wp-json\/wp\/v2\/users\/1"}],"replies":[{"embeddable":true,"href":"https:\/\/www.sisinternational.com\/de\/wp-json\/wp\/v2\/comments?post=40713"}],"version-history":[{"count":5,"href":"https:\/\/www.sisinternational.com\/de\/wp-json\/wp\/v2\/pages\/40713\/revisions"}],"predecessor-version":[{"id":70427,"href":"https:\/\/www.sisinternational.com\/de\/wp-json\/wp\/v2\/pages\/40713\/revisions\/70427"}],"up":[{"embeddable":true,"href":"https:\/\/www.sisinternational.com\/de\/wp-json\/wp\/v2\/pages\/14514"}],"wp:featuredmedia":[{"embeddable":true,"href":"https:\/\/www.sisinternational.com\/de\/wp-json\/wp\/v2\/media\/63589"}],"wp:attachment":[{"href":"https:\/\/www.sisinternational.com\/de\/wp-json\/wp\/v2\/media?parent=40713"}],"curies":[{"name":"wp","href":"https:\/\/api.w.org\/{rel}","templated":true}]}}