{"id":40696,"date":"2022-06-25T02:16:31","date_gmt":"2022-06-25T02:16:31","guid":{"rendered":"https:\/\/www.sisinternational.com\/?page_id=40696"},"modified":"2026-01-25T18:50:54","modified_gmt":"2026-01-25T23:50:54","slug":"dyad-marktforschung","status":"publish","type":"page","link":"https:\/\/www.sisinternational.com\/de\/sachverstand\/dyad-marktforschung\/","title":{"rendered":"Dyad Marktforschung"},"content":{"rendered":"<h1 class=\"wp-block-heading\">Dyad Marktforschung<\/h1>\n\n\n\n<figure class=\"gb-block-image gb-block-image-3e62a76b\"><img loading=\"lazy\" decoding=\"async\" width=\"1456\" height=\"816\" class=\"gb-image gb-image-3e62a76b\" src=\"https:\/\/www.sisinternational.com\/wp-content\/uploads\/2025\/09\/Research-16.jpg\" alt=\"SIS International Marktforschung &amp; Strategie\" title=\"Research (16)\" srcset=\"https:\/\/www.sisinternational.com\/wp-content\/uploads\/2025\/09\/Research-16.jpg 1456w, https:\/\/www.sisinternational.com\/wp-content\/uploads\/2025\/09\/Research-16-300x168.jpg 300w, https:\/\/www.sisinternational.com\/wp-content\/uploads\/2025\/09\/Research-16-1024x574.jpg 1024w, https:\/\/www.sisinternational.com\/wp-content\/uploads\/2025\/09\/Research-16-768x430.jpg 768w, https:\/\/www.sisinternational.com\/wp-content\/uploads\/2025\/09\/Research-16-18x10.jpg 18w\" sizes=\"auto, (max-width: 1456px) 100vw, 1456px\"><\/figure>\n\n\n\n<hr class=\"wp-block-separator has-alpha-channel-opacity is-style-dots\"\/>\n\n\n\n<h2 class=\"wp-block-heading\">Was ist eine Dyade?<\/h2>\n\n\n\n<p>The dyad is a qualitative type of market research used in business. As the name suggests, it takes place between two participants. A moderator is there to help keep the discussion on track. When two people know each other, we call it a known pair. In other cases, the people are strangers.<\/p>\n\n\n\n<h2 class=\"wp-block-heading\">Warum ist Dyad-Marktforschung wichtig?<\/h2>\n\n\n\n<p>A large part of running a business is doing market research. It gives the company <a href=\"https:\/\/www.sisinternational.com\/de\/losungen\/einblicke-der-kunden\/\" title=\"Einblicke der Kunden\"  data-wpil-monitor-id=\"8305\">insight into how to keep customers<\/a> and clients happy. And so, the way they do this research matters. Dyad market research only uses two people. Thus, it is cost-effective for the small-scale <a href=\"https:\/\/www.sisinternational.com\/de\/losungen\/strategieberatung\/markteintritts-machbarkeits-dimensionierungsstudien\/\" title=\"Markteintritts-, Machbarkeits- und Gr\u00f6\u00dfenstudien\"  data-wpil-monitor-id=\"8307\">study of the market<\/a>.<\/p>\n\n\n\n<h2 class=\"wp-block-heading\">Schl\u00fcsseljobs bei Dyad Market Research<\/h2>\n\n\n\n<p>Die entscheidende Aufgabe in der dyadischen Marktforschung ist die des Moderators. Er sorgt daf\u00fcr, dass die Diskussion fruchtbar ist. Er leitet sie mit Fragen und gibt bei Bedarf Input.<\/p>\n\n\n\n<h2 class=\"wp-block-heading\">Warum Unternehmen Dyad Market Research brauchen<\/h2>\n\n\n\n<h3 class=\"wp-block-heading\"><span style=\"color: #0b5d95;\">Es ist eine intimere Umgebung<\/span><\/h3>\n\n\n\n<p>In einer Fokusgruppe gibt es 6-8 Personen und jeder hat die M\u00f6glichkeit zu sprechen. Aber manche Leute sprechen vielleicht mehr als andere. Daher hat nicht jeder die gleichen M\u00f6glichkeiten, etwas zum Gespr\u00e4ch beizutragen. Eine Dyade kann dieses Problem beheben, da sie jedem mehr Redezeit gibt. Jede Person kann ihre Ansichten \u00e4u\u00dfern.<\/p>\n\n\n\n<h3 class=\"wp-block-heading\"><span style=\"color: #0b5d95;\">Sprechen Sie direkt mit Kunden<\/span><\/h3>\n\n\n\n<p>With other types of research, the company might use a system to get feedback. This method is not wrong, but the data is general. In a dyad, there is a face-to-face conversation with a person. So, the company gets more insight into things like buying habits. The company will get more detailed data from the dyad than from a <a href=\"https:\/\/www.sisinternational.com\/de\/abdeckung\/europa\/marktforschung-liverpool-grosbritannien\/\" title=\"Marktforschung in Liverpool | Fokusgruppen und Datenerfassung in Gro\u00dfbritannien\"  data-wpil-monitor-id=\"8308\">focus<\/a> group or survey.<\/p>\n\n\n\n<h3 class=\"wp-block-heading\"><span style=\"color: #0b5d95;\">Adaptive Konversation<\/span><\/h3>\n\n\n\n<p>Unternehmen f\u00fchren Marktforschung durch, um sich verbessern zu k\u00f6nnen. In einer Dyade kann der Moderator das Gespr\u00e4ch etwas st\u00e4rker kontrollieren. Somit ist es in einer Dyade einfacher, die Daten zu erhalten, die das Unternehmen zur Verbesserung ben\u00f6tigt.<\/p>\n\n\n\n<h2 class=\"wp-block-heading\">Schl\u00fcsselfaktoren f\u00fcr den Erfolg in der Dyad-Marktforschung<\/h2>\n\n\n\n<h3 class=\"wp-block-heading\"><span style=\"color: #cda349;\">Gute Fragen<\/span><\/h3>\n\n\n\n<p>Die Fragen eines Forschers sind sein wichtigstes Werkzeug. Ohne gute Fragen kann er keine guten Ergebnisse erzielen. Fragen sind das R\u00fcckgrat der dyadischen Marktforschung. Daher muss das Unternehmen sicherstellen, dass die Fragen ihm verwertbare Daten liefern. Geschlossene Fragen liefern beispielsweise nicht gen\u00fcgend Informationen. Dar\u00fcber hinaus d\u00fcrfen die Fragen nicht zu schwer zu verstehen sein. Stellen Sie Fragen, die den Teilnehmer dazu bringen, ausf\u00fchrlich zu sprechen.<\/p>\n\n\n\n<h3 class=\"wp-block-heading\"><span style=\"color: #cda349;\"><span lang=\"en-US\">Ein e<\/span>effektiver Moderator<\/span><\/h3>\n\n\n\n<p>With dyads, the conversation is more in-depth, which is good. But it can also go off-topic. Thus, the moderator must guide the speakers. This guidance ensures that the company gets its <a href=\"https:\/\/www.sisinternational.com\/de\/losungen\/fintech-strategieberatung-forschung\/anti-geldwasche-aml-marktforschung\/\" title=\"Anti Money Laundering Market Research\"  data-wpil-monitor-id=\"5207\">money\u2019s worth from market research<\/a>.<\/p>\n\n\n\n<h3 class=\"wp-block-heading\"><span style=\"color: #cda349;\"><span lang=\"en-US\">Das<\/span>Die richtige Paarung<\/span><\/h3>\n\n\n\n<p>Market research has different objectives. The goal might be to <a href=\"https:\/\/www.sisinternational.com\/de\/losungen\/strategieberatung\/marktforschung-zur-einfuhrung-neuer-produkte\/\" title=\"Forschung zur Einf\u00fchrung neuer Produkte\"  data-wpil-monitor-id=\"8303\">launch a product<\/a>. In another instance, <span lang=\"en-US\">Es<\/span> Wille <span lang=\"en-US\">ansehen<\/span> Markentreue. Der Forscher muss also den Teilnehmer \u00fcberpr\u00fcfen. Das ist f\u00fcr Kunden und Unternehmen der beste Weg, das zu bekommen, was sie wollen.<\/p>\n\n\n\n<h2 class=\"wp-block-heading\">\u00dcber Dyad Market Research<\/h2>\n\n\n\n<p>The purpose of every business is to develop and become more profitable. But what exactly does that mean? For some companies, growth means <a href=\"https:\/\/www.sisinternational.com\/de\/erweiterung-der-marktreichweite-durch-eine-vielschichtige-marketingstrategie\/\" title=\"Erweiterung der Marktreichweite durch eine vielschichtige Marketingstrategie\"  data-wpil-monitor-id=\"8306\">expanding their operations into new markets<\/a> or locations. For others, it might mean increasing their workforce. It could also mean developing new products and services. And for others still, it could mean something very different. But one thing is for sure: a <a href=\"https:\/\/www.sisinternational.com\/de\/veroffentlichungen\/japans-mittelstandsexporte\/\" title=\"Ausbau Ihres Gesch\u00e4fts in Japan\"  data-wpil-monitor-id=\"8309\">business needs to grow<\/a> and evolve if it wants to achieve long-term success.<\/p>\n\n\n\n<p>The best way to grow and turn a profit is to keep clients and customers happy. Thus, as <a href=\"https:\/\/www.sisinternational.com\/de\/sachverstand\/branchen\/marktforschung-zum-klimawandel\/\" title=\"Marktforschung zum Klimawandel\"  data-wpil-monitor-id=\"8304\">market trends change<\/a>, they must research how to adapt to these changes. This research must be strategic. It can happen in the form of <a href=\"https:\/\/www.sisinternational.com\/de\/losungen\/qualitative-quantitative-forschungslosungen\/qualitative-forschung-rekrutierung\/\" title=\"Qualitative Forschung Rekrutierung\"  data-wpil-monitor-id=\"8302\">qualitative or quantitative research<\/a>.<\/p>\n\n\n\n<p>Manchmal verwendet das Unternehmen Umfragen, um Erkenntnisse zu gewinnen. Fokusgruppen sind ebenfalls hilfreich. Bei gro\u00df angelegten Untersuchungen ist dies zeit- und kosteneffizient. Schlie\u00dflich verwenden Unternehmen Interviews, um Daten zu sammeln. Die Dyade f\u00e4llt in diese Gruppe.<\/p>\n\n\n\n<p>As stated above, using the dyad has some advantages for the company. Face-to-face conversations allow clients and customers to feel valued. These interactions encourage brand loyalty, which leads to company growth.<\/p>\n\n\n\n<p><\/p>","protected":false},"excerpt":{"rendered":"<p>Dyad ist eine Methode der Marktforschung, an der zwei bekannte oder unbekannte Teilnehmer teilnehmen und ein Moderator daf\u00fcr sorgt, dass die Diskussion auf Kurs bleibt.<\/p>","protected":false},"author":1,"featured_media":69511,"parent":14514,"menu_order":134,"comment_status":"closed","ping_status":"closed","template":"","meta":{"footnotes":""},"class_list":["post-40696","page","type-page","status-publish","has-post-thumbnail"],"_links":{"self":[{"href":"https:\/\/www.sisinternational.com\/de\/wp-json\/wp\/v2\/pages\/40696","targetHints":{"allow":["GET"]}}],"collection":[{"href":"https:\/\/www.sisinternational.com\/de\/wp-json\/wp\/v2\/pages"}],"about":[{"href":"https:\/\/www.sisinternational.com\/de\/wp-json\/wp\/v2\/types\/page"}],"author":[{"embeddable":true,"href":"https:\/\/www.sisinternational.com\/de\/wp-json\/wp\/v2\/users\/1"}],"replies":[{"embeddable":true,"href":"https:\/\/www.sisinternational.com\/de\/wp-json\/wp\/v2\/comments?post=40696"}],"version-history":[{"count":5,"href":"https:\/\/www.sisinternational.com\/de\/wp-json\/wp\/v2\/pages\/40696\/revisions"}],"predecessor-version":[{"id":81394,"href":"https:\/\/www.sisinternational.com\/de\/wp-json\/wp\/v2\/pages\/40696\/revisions\/81394"}],"up":[{"embeddable":true,"href":"https:\/\/www.sisinternational.com\/de\/wp-json\/wp\/v2\/pages\/14514"}],"wp:featuredmedia":[{"embeddable":true,"href":"https:\/\/www.sisinternational.com\/de\/wp-json\/wp\/v2\/media\/69511"}],"wp:attachment":[{"href":"https:\/\/www.sisinternational.com\/de\/wp-json\/wp\/v2\/media?parent=40696"}],"curies":[{"name":"wp","href":"https:\/\/api.w.org\/{rel}","templated":true}]}}