{"id":40688,"date":"2022-06-25T00:49:55","date_gmt":"2022-06-25T00:49:55","guid":{"rendered":"https:\/\/www.sisinternational.com\/?page_id=40688"},"modified":"2025-10-01T19:33:11","modified_gmt":"2025-10-01T23:33:11","slug":"beratung-zur-datenvisualisierung","status":"publish","type":"page","link":"https:\/\/www.sisinternational.com\/de\/sachverstand\/beratung-zur-datenvisualisierung\/","title":{"rendered":"Datenvisualisierungsberatung"},"content":{"rendered":"<h1 class=\"wp-block-heading\">Datenvisualisierungsberatung<\/h1>\n\n\n\n<figure class=\"gb-block-image gb-block-image-c677d547\"><img loading=\"lazy\" decoding=\"async\" width=\"1456\" height=\"816\" class=\"gb-image gb-image-c677d547\" src=\"https:\/\/www.sisinternational.com\/wp-content\/uploads\/2025\/09\/Predictive-analytics-44.jpg\" alt=\"SIS International Marktforschung &amp; Strategie\" title=\"Predictive analytics (44)\" srcset=\"https:\/\/www.sisinternational.com\/wp-content\/uploads\/2025\/09\/Predictive-analytics-44.jpg 1456w, https:\/\/www.sisinternational.com\/wp-content\/uploads\/2025\/09\/Predictive-analytics-44-300x168.jpg 300w, https:\/\/www.sisinternational.com\/wp-content\/uploads\/2025\/09\/Predictive-analytics-44-1024x574.jpg 1024w, https:\/\/www.sisinternational.com\/wp-content\/uploads\/2025\/09\/Predictive-analytics-44-768x430.jpg 768w, https:\/\/www.sisinternational.com\/wp-content\/uploads\/2025\/09\/Predictive-analytics-44-18x10.jpg 18w\" sizes=\"auto, (max-width: 1456px) 100vw, 1456px\"><\/figure>\n\n\n\n<p><\/p>\n\n\n\n<p>Das Beschaffen von Informationen oder Daten ist kein langsamer und m\u00fchsamer Prozess mehr. Daten findet man nicht mehr nur in Enzyklop\u00e4dien oder B\u00fcchern in der Gemeindebibliothek. Wir leben jetzt in einer Zeit, in der uns Unmengen an Daten oder Informationen auf Knopfdruck zur Verf\u00fcgung stehen. Wir riskieren eine Informations\u00fcberflutung. Wir m\u00fcssen Wege finden, diese neu gewonnene Informationsmenge zu sortieren, zu komprimieren und zu nutzen. Es gibt verschiedene Methoden, diese Daten umzuwandeln. Wir k\u00f6nnen sie in umsetzbare, einpr\u00e4gsame und nutzbare Informationen umwandeln. Eine dieser Methoden ist die Datenvisualisierung.<\/p>\n\n\n\n<h2 class=\"wp-block-heading\">Was ist Datenvisualisierung?<\/h2>\n\n\n\n<p>Experten beschreiben Datenvisualisierung als grafische oder visuelle Darstellung von Daten. Sie erm\u00f6glicht es dem Gehirn, Informationen schneller zu erfassen. Datenvisualisierung zeigt Zusammenh\u00e4nge. Sie zeigt, wie die dargestellten Informationen mit dem Ergebnis eines bestimmten Ziels zusammenh\u00e4ngen. Im Gegenzug erm\u00f6glicht sie eine schnellere Datenanalyse.<\/p>\n\n\n\n<h2 class=\"wp-block-heading\">Kategorien der Datenvisualisierung<\/h2>\n\n\n\n<h3 class=\"wp-block-heading\">Die f\u00fcnf Hauptkategorien der Datenvisualisierung sind wie folgt:<\/h3>\n\n\n\n<ul class=\"wp-block-list\">\n<li><strong>Hierarchisch: <\/strong>Wird verwendet, um Informationscluster anzuzeigen, die aus einer einzigen Quelle stammen. H\u00e4ufig verwendete Beispiele sind Ringdiagramme, Baumdiagramme und Sunburst-Diagramme.<\/li>\n\n\n\n<li><strong>Zeitlich: <\/strong>Diese Art der Visualisierung ist eindimensional und linear. Diese Kategorie umfasst Linien, die sich \u00fcberlappen oder einzeln stehen. Streudiagramme, Liniendiagramme und Zeitleisten fallen alle in diese Kategorie.<\/li>\n\n\n\n<li><strong>Mehrdimensional: <\/strong>Diese Visualisierungen zeigen in der Regel Daten mit zwei oder mehr Variablen. Dies sind in der Regel die ansprechendsten oder auff\u00e4lligsten Methoden. Beispiele sind Venn-Diagramme, Histogramme und gestapelte Balkendiagramme.<\/li>\n\n\n\n<li><strong>Netzwerk: <\/strong>Zeigt, wie ein Datensatz mit anderen Informationen verkn\u00fcpft ist oder in Beziehung steht. Bei diesem Typ werden wenige oder keine W\u00f6rter verwendet, um Beziehungen darzustellen. Matrixdiagramme, Wortwolken und Knoten-Verbindungsdiagramme zeigen die Verbindung zwischen den Netzwerken.<\/li>\n\n\n\n<li><strong>Geor\u00e4umlich: <\/strong>This category shows changes in sales over a specific period. It can show other changes, such as demographics or even acquisitions. <a href=\"https:\/\/www.sisinternational.com\/de\/abdeckung\/europa\/marktforschung-liverpool-grosbritannien\/\" title=\"Marktforschung in Liverpool | Fokusgruppen und Datenerfassung in Gro\u00dfbritannien\"  data-wpil-monitor-id=\"7731\">Researchers drape familiar maps with different data<\/a> points. These points represent real-time physical locations. Examples include Flow maps, Density maps, and heat maps.<\/li>\n<\/ul>\n\n\n\n<h2 class=\"wp-block-heading\">Warum Manager in der heutigen schnelllebigen Welt Visualisierung brauchen<\/h2>\n\n\n\n<p>To be effective, managers <a href=\"https:\/\/www.sisinternational.com\/de\/analysis-b2b\/\" title=\"What Business Leaders Need to Know Right Now\"  data-wpil-monitor-id=\"7735\">need<\/a> to understand information about their specific business. They also need the ability to manipulate this data into actionable information. One of these ways is mastering Data Visualization techniques. Placing complex data into a visual presentation has many advantages. It allows managers and their teams to comprehend the current state of the <a href=\"https:\/\/www.sisinternational.com\/de\/abdeckung\/die-amerikaner\/marktforschung-in-der-karibik\/karibisches-management-beratungsunternehmen\/\" title=\"Karibisches Management-Beratungsunternehmen\"  data-wpil-monitor-id=\"7732\">company<\/a>. It assists in pinpointing patterns that are detrimental to the business. Data Visualization can also help executives in making informed decisions. They can come up with better strategies geared towards the success of the <a href=\"https:\/\/www.sisinternational.com\/de\/abdeckung\/die-amerikaner\/marktforschung-in-der-karibik\/strategieberatungsunternehmen-in-der-karibik\/\" title=\"Karibisches Strategieberatungsunternehmen\"  data-wpil-monitor-id=\"7733\">company<\/a>.<\/p>\n\n\n\n<h2 class=\"wp-block-heading\">Can Data Visualization Consulting make businesses more productive?<\/h2>\n\n\n\n<p>Information is power. What good is a power that you can&#8217;t use? Data <a href=\"https:\/\/www.sisinternational.com\/de\/losungen\/marktforschung-zur-geschaftstransformation\/\" title=\"Business Transformation Marktforschung\"  data-wpil-monitor-id=\"7734\">transformed<\/a> into actionable information can take a business to new, effective heights. Data Visualization lets you know where your <a href=\"https:\/\/www.sisinternational.com\/de\/losungen\/reise-tourismus-und-gastgewerbeberatung\/marktforschung-fur-reiseleiterunternehmen\/\" title=\"Marktforschung f\u00fcr Reiseleiterunternehmen\"  data-wpil-monitor-id=\"7730\">company stands in the market<\/a> world. It allows you to paint a picture of your future goals. It will assist not only management but also staff to work together to achieve the shared goals.<\/p>\n\n\n\n<p><a name=\"_GoBack\"><\/a>Datenvisualisierung befreit Sie von der \u00fcblichen eint\u00f6nigen monotonen Stimme in einem Meeting. Sie f\u00fchrt zu Engagement, Input und Aktionen Ihrer Teamkollegen. Sie erm\u00f6glicht es den Leuten, st\u00e4rker am Ergebnis beteiligt zu sein, anstatt distanziert und desinteressiert zu sein. Sie hebt Informationen hervor, die nicht leicht zu verarbeiten sind. Sie beseitigt den gro\u00dfen Stapel Papier und Zahlen und spricht eine breitere Zielgruppe an.<\/p>\n\n\n\n<p>Wenn Sie Informationen schnell aufnehmen m\u00fcssen, ist die Datenvisualisierung der n\u00e4chste logische Schritt. Sie hilft Ihnen, die einzelnen Punkte zu verbinden und so Ihren n\u00e4chsten Schritt in Richtung Effizienz zu planen. Au\u00dferdem k\u00f6nnen Sie auf Grundlage der pr\u00e4sentierten Informationen handeln. Warum? Weil Sie dadurch weniger Zeit zum Verstehen der pr\u00e4sentierten Daten ben\u00f6tigen.<\/p>\n\n\n\n<h2 class=\"wp-block-heading\">SIS- und Datenvisualisierungsberatung<\/h2>\n\n\n\n<p>We at <a href=\"https:\/\/www.sisinternational.com\/de\/sis-stellt-plattform-fur-datenwissenschaft-und-quantitative-analyse-vor\/\" title=\"SIS stellt Plattform f\u00fcr Data Science und quantitative Analytik vor\"  data-wpil-monitor-id=\"7729\">SIS<\/a> will ensure that you present your data well. We want you to be effective when giving complex data to your target groups. We will use the best type of visualization to encourage engagement: our methods aid fast decision-making and prompt responses from your target audiences.<\/p>\n\n\n\n<p><\/p>","protected":false},"excerpt":{"rendered":"<p>Es gibt verschiedene Methoden, um Daten in umsetzbare, einpr\u00e4gsame und nutzbare Informationen umzuwandeln. Eine dieser Methoden ist die Datenvisualisierung.<\/p>","protected":false},"author":1,"featured_media":70260,"parent":14514,"menu_order":132,"comment_status":"closed","ping_status":"closed","template":"","meta":{"footnotes":""},"class_list":["post-40688","page","type-page","status-publish","has-post-thumbnail"],"_links":{"self":[{"href":"https:\/\/www.sisinternational.com\/de\/wp-json\/wp\/v2\/pages\/40688","targetHints":{"allow":["GET"]}}],"collection":[{"href":"https:\/\/www.sisinternational.com\/de\/wp-json\/wp\/v2\/pages"}],"about":[{"href":"https:\/\/www.sisinternational.com\/de\/wp-json\/wp\/v2\/types\/page"}],"author":[{"embeddable":true,"href":"https:\/\/www.sisinternational.com\/de\/wp-json\/wp\/v2\/users\/1"}],"replies":[{"embeddable":true,"href":"https:\/\/www.sisinternational.com\/de\/wp-json\/wp\/v2\/comments?post=40688"}],"version-history":[{"count":4,"href":"https:\/\/www.sisinternational.com\/de\/wp-json\/wp\/v2\/pages\/40688\/revisions"}],"predecessor-version":[{"id":81302,"href":"https:\/\/www.sisinternational.com\/de\/wp-json\/wp\/v2\/pages\/40688\/revisions\/81302"}],"up":[{"embeddable":true,"href":"https:\/\/www.sisinternational.com\/de\/wp-json\/wp\/v2\/pages\/14514"}],"wp:featuredmedia":[{"embeddable":true,"href":"https:\/\/www.sisinternational.com\/de\/wp-json\/wp\/v2\/media\/70260"}],"wp:attachment":[{"href":"https:\/\/www.sisinternational.com\/de\/wp-json\/wp\/v2\/media?parent=40688"}],"curies":[{"name":"wp","href":"https:\/\/api.w.org\/{rel}","templated":true}]}}