{"id":40680,"date":"2022-06-24T23:31:25","date_gmt":"2022-06-24T23:31:25","guid":{"rendered":"https:\/\/www.sisinternational.com\/?page_id=40680"},"modified":"2026-01-25T16:41:17","modified_gmt":"2026-01-25T21:41:17","slug":"datenanalyse-outsourcing","status":"publish","type":"page","link":"https:\/\/www.sisinternational.com\/de\/sachverstand\/datenanalyse-outsourcing\/","title":{"rendered":"Outsourcing von Daten und Analysen im Bereich Marktforschung"},"content":{"rendered":"<h1 class=\"wp-block-heading\">Outsourcing von Daten und Analysen im Bereich Marktforschung<\/h1>\n\n\n\n<figure class=\"gb-block-image gb-block-image-061f912c\"><img loading=\"lazy\" decoding=\"async\" width=\"1456\" height=\"816\" class=\"gb-image gb-image-061f912c\" src=\"https:\/\/www.sisinternational.com\/wp-content\/uploads\/2025\/09\/Predictive-analytics-80.jpg\" alt=\"SIS International Marktforschung &amp; Strategie\" title=\"Predictive analytics (80)\" srcset=\"https:\/\/www.sisinternational.com\/wp-content\/uploads\/2025\/09\/Predictive-analytics-80.jpg 1456w, https:\/\/www.sisinternational.com\/wp-content\/uploads\/2025\/09\/Predictive-analytics-80-300x168.jpg 300w, https:\/\/www.sisinternational.com\/wp-content\/uploads\/2025\/09\/Predictive-analytics-80-1024x574.jpg 1024w, https:\/\/www.sisinternational.com\/wp-content\/uploads\/2025\/09\/Predictive-analytics-80-768x430.jpg 768w, https:\/\/www.sisinternational.com\/wp-content\/uploads\/2025\/09\/Predictive-analytics-80-18x10.jpg 18w\" sizes=\"auto, (max-width: 1456px) 100vw, 1456px\"><\/figure>\n\n\n\n<hr class=\"wp-block-separator has-alpha-channel-opacity is-style-dots\"\/>\n\n\n\n<h2 class=\"wp-block-heading\">Ben\u00f6tigt Ihr Unternehmen <span lang=\"en-US\">D<\/span>an einer <span lang=\"en-US\">A<\/span>Analytik?<\/h2>\n\n\n\n<p>Sie haben das Gef\u00fchl, dass Ihrem Unternehmen die Effektivit\u00e4t fehlt, wissen aber nicht, wo das Problem liegt? Die Unterst\u00fctzung eines Profis <span lang=\"en-US\">D<\/span>an einer &amp; <span lang=\"en-US\">A<\/span>Das Analyseteam ist Ihre beste Wahl. Es kann die Effektivit\u00e4t und Rentabilit\u00e4t Ihres Unternehmens verbessern.<\/p>\n\n\n\n<p><span lang=\"en-US\">However, setting up an internal <a href=\"https:\/\/www.sisinternational.com\/de\/sachverstand\/branchen\/data-science-analytik-beratung\/\" title=\"Data Science und Analytics Beratung\"  data-wpil-monitor-id=\"3687\">Data &amp; Analytics<\/a> team is an expensive and challenging task. Furthermore, it will take time for the new team to become productive. Until then, it will not add value to the organization.<\/p>\n\n\n\n<p><span lang=\"en-US\">Have you considered outsourcing your <a href=\"https:\/\/www.sisinternational.com\/de\/losungen\/strategieberatung\/datenanalyse\/\" title=\"Datenanalyse-Unternehmen\"  data-wpil-monitor-id=\"10051\">Data &amp; Analytics<\/a> department? A professional consultancy office can provide you with the necessary analysis and reports. They can do so in a cost-effective manner. By outsourcing <span lang=\"en-US\">D<\/span>an einer <span lang=\"en-US\">A<\/span>Analyse erhalten Sie auch schnell die gew\u00fcnschten Berichte.<\/p>\n\n\n\n<p>Bei SIS Research <span lang=\"en-US\">Berichte<\/span> sind klar und leicht verst\u00e4ndlich. Wir haben erfahrene Agenten. Sie k\u00f6nnen Ihre Daten viel schneller erfassen und analysieren, als es ein internes Team k\u00f6nnte.<\/p>\n\n\n\n<p>Unser <a href=\"https:\/\/www.sisinternational.com\/de\/losungen\/fintech-strategieberatung-forschung\/bankdatenanalyse-marktforschung\/\" title=\"Marktforschung zur Bankdatenanalyse\"  data-wpil-monitor-id=\"10053\">Data &amp; Analytics<\/a> outsourcing teams know many analytical techniques. We can create insight into all your business processes. With more awareness, decision-making becomes more natural and more effective. You will lead your department or company in the right direction.<\/p>\n\n\n\n<h2 class=\"wp-block-heading\"><span lang=\"en-US\">Bei SIS Research bieten wir<\/span>er folgt <span lang=\"en-US\">Dienstleistungen:<\/span><\/h2>\n\n\n\n<ul class=\"wp-block-list\">\n<li>Ein ... Erstellen <span lang=\"en-US\">D<\/span>an einer <span lang=\"en-US\">V<\/span>Visualisierung &amp; <span lang=\"en-US\">T<\/span>ableau. Dieses Tool zeigt Ihre Ergebnisse grafisch an, sodass sie leicht zu verarbeiten und zu verstehen sind. Wir k\u00f6nnen es nach Ihren Anforderungen und W\u00fcnschen erstellen.<\/li>\n\n\n\n<li>Regression <span lang=\"en-US\">A<\/span>Die Analyse zeigt die Beziehung zwischen zwei oder mehr Variablen. Dieses Tool hilft Ihnen zu verstehen, wie die Komponenten im System miteinander in Beziehung stehen. Es zeigt die Elemente, die verbessert werden m\u00fcssen, um einen positiven Einfluss auf die Organisation zu erzielen.<\/li>\n\n\n\n<li>With the Conjoint Analysis, you check how your <a href=\"https:\/\/www.sisinternational.com\/de\/losungen\/geschmackstest\/produkttestdienste-in-new-york\/\" title=\"Produkttestdienste in New York\"  data-wpil-monitor-id=\"10062\">products and services<\/a> perform. You also see how your customers perceive them. It breaks down the different components and features of your products and services. Customers can thus rate separate parts. This rating will provide valuable <a href=\"https:\/\/www.sisinternational.com\/de\/sachverstand\/branchen\/chief-information-officer-cio-marktforschung\/\" title=\"Chief Information Officer (CIO) Marktforschung\"  data-wpil-monitor-id=\"10061\">information to marketing<\/a> teams.<\/li>\n\n\n\n<li>Predictive Analytics predict <a href=\"https:\/\/www.sisinternational.com\/de\/future-trends-in-qualitative-market-research\/\" title=\"Future Trends in Qualitative Market Research\"  data-wpil-monitor-id=\"10055\">future patterns and trends<\/a>. By analyzing historical data, we can predict future outcomes.<\/li>\n\n\n\n<li>Bei der Varianzanalyse (ANOVA) werden die Unterschiede zwischen mehr als zwei Variablen verglichen. Genauer gesagt werden die Unterschiede innerhalb von Gruppen untersucht. Au\u00dferdem werden die \u00c4nderungen zwischen Gruppen analysiert. ANOVA ist ein hilfreiches Tool zum Verst\u00e4ndnis komplizierterer Datens\u00e4tze.<\/li>\n\n\n\n<li>Montecarlo <a href=\"https:\/\/www.sisinternational.com\/de\/losungen\/ai-marktforschung-und-strategieberatung\/ki-sentiment-marktforschungsanalyse\/\" title=\"Marktforschungsanalyse zur KI-Stimmung\"  data-wpil-monitor-id=\"10050\">Analysis allows researchers<\/a> to run several trials. Thus, we can define all possible outcomes of an event or investment.<\/li>\n\n\n\n<li>Daten <span lang=\"en-US\">M<\/span>odeling betrachtet die Konzepte, f\u00fcr die Sie Daten verfolgen m\u00f6chten, und diese werden zu Tabellen in einer Datenbank.<\/li>\n\n\n\n<li>SQL &amp; Python ist ein weiteres Analysetool, das Datenwissenschaftlern viele Optionen bietet. Dieses Tool erleichtert die Verarbeitung, Abfrage und Verwendung der gesammelten Daten.<\/li>\n\n\n\n<li>Wir bieten ROA- und ROE-Analysen an. ROA <span lang=\"en-US\">steht f\u00fcr<\/span> Kapitalrendite oder ROE steht f\u00fcr die Eigenkapitalrendite.<\/li>\n\n\n\n<li>A <span lang=\"en-US\">D<\/span>saisonalisiert <span lang=\"en-US\">R<\/span>Im E-Port befreien wir Ihre Daten von saisonalen Mustern.<\/li>\n<\/ul>\n\n\n\n<h3 class=\"wp-block-heading\">Wir bieten auch eine <span lang=\"en-US\">C<\/span>umfassend <span lang=\"en-US\">A<\/span>Analyse <span lang=\"en-US\">P<\/span>Paket. Es beinhaltet Folgendes:<\/h3>\n\n\n\n<ul class=\"wp-block-list\">\n<li><span style=\"color: #0b5d95;\">Box-Analyse<\/span><\/li>\n\n\n\n<li><span style=\"color: #0b5d95;\">Vertrauensintervalle<\/span><\/li>\n\n\n\n<li><span style=\"color: #0b5d95;\">Ausrei\u00dferanalyse<\/span><\/li>\n\n\n\n<li><span style=\"color: #0b5d95;\">Verteilung, Schiefe und Kurtosis <span lang=\"en-US\">A<\/span>Analyse<\/span><\/li>\n\n\n\n<li><span style=\"color: #0b5d95;\">Alpha, F-Stat, p-Wert usw.<\/span><\/li>\n<\/ul>\n\n\n\n<p><a name=\"_GoBack\"><\/a>Ein Marktforschungsunternehmen kann Ihrem Unternehmen die oben genannten Arten von Analysen zur Verf\u00fcgung stellen, die ein tieferes Verst\u00e4ndnis Ihres Unternehmens, Ihrer Produkte und Dienstleistungen schaffen. Es kann auch bei Ihren Finanzen, Ihrer Effizienz und vielem mehr helfen. Daten &amp; <span lang=\"en-US\">A<\/span>nalytics outsourcing is low-cost, efficient, and reliable, and it&#8217;s the way to a better understanding of your operation. Of course, these <a href=\"https:\/\/www.sisinternational.com\/de\/sampling-techniques-in-qualitative-research-the-complete-guide-to-choosing-the-right-method\/\" title=\"Sampling Techniques in Qualitative Research: The Complete Guide to Choosing the Right Method\"  data-wpil-monitor-id=\"10059\">techniques are only a small sample<\/a>. You can expect much more from a professional <a href=\"https:\/\/www.sisinternational.com\/de\/sachverstand\/lebenslaufe\/lebenslauf-mit-erfahrungen-in-der-automobilindustrie\/\" title=\"Marktforschungsunternehmen f\u00fcr die Automobilindustrie\"  data-wpil-monitor-id=\"10048\">market research company<\/a>.<\/p>\n\n\n\n<p>A <a href=\"https:\/\/www.sisinternational.com\/de\/losungen\/store-check-marktforschung\/\" title=\"Store Check Marktforschung\"  data-wpil-monitor-id=\"2157\">market research company will check<\/a> the efficiency of your business processes. It will also look at the products\/services you offer. It examine<span lang=\"en-US\">S<\/span> die Beziehungen zwischen verschiedenen Komponenten im Unternehmen, erleichtert den Entscheidungsprozess und macht ihn effektiver. Die hochwertigen Analysen und Berichte werden Ihre Entscheidungen leiten.<\/p>\n\n\n\n<p><\/p>","protected":false},"excerpt":{"rendered":"<p>Das Outsourcing von Daten und Analysen der Marktforschung bietet Tools, Strategien und Berichte zur Entscheidungsfindung.<\/p>","protected":false},"author":1,"featured_media":70296,"parent":14514,"menu_order":130,"comment_status":"closed","ping_status":"closed","template":"","meta":{"footnotes":""},"class_list":["post-40680","page","type-page","status-publish","has-post-thumbnail"],"_links":{"self":[{"href":"https:\/\/www.sisinternational.com\/de\/wp-json\/wp\/v2\/pages\/40680","targetHints":{"allow":["GET"]}}],"collection":[{"href":"https:\/\/www.sisinternational.com\/de\/wp-json\/wp\/v2\/pages"}],"about":[{"href":"https:\/\/www.sisinternational.com\/de\/wp-json\/wp\/v2\/types\/page"}],"author":[{"embeddable":true,"href":"https:\/\/www.sisinternational.com\/de\/wp-json\/wp\/v2\/users\/1"}],"replies":[{"embeddable":true,"href":"https:\/\/www.sisinternational.com\/de\/wp-json\/wp\/v2\/comments?post=40680"}],"version-history":[{"count":6,"href":"https:\/\/www.sisinternational.com\/de\/wp-json\/wp\/v2\/pages\/40680\/revisions"}],"predecessor-version":[{"id":81663,"href":"https:\/\/www.sisinternational.com\/de\/wp-json\/wp\/v2\/pages\/40680\/revisions\/81663"}],"up":[{"embeddable":true,"href":"https:\/\/www.sisinternational.com\/de\/wp-json\/wp\/v2\/pages\/14514"}],"wp:featuredmedia":[{"embeddable":true,"href":"https:\/\/www.sisinternational.com\/de\/wp-json\/wp\/v2\/media\/70296"}],"wp:attachment":[{"href":"https:\/\/www.sisinternational.com\/de\/wp-json\/wp\/v2\/media?parent=40680"}],"curies":[{"name":"wp","href":"https:\/\/api.w.org\/{rel}","templated":true}]}}