{"id":40678,"date":"2022-06-24T23:25:04","date_gmt":"2022-06-24T23:25:04","guid":{"rendered":"https:\/\/www.sisinternational.com\/?page_id=40678"},"modified":"2026-03-13T01:00:09","modified_gmt":"2026-03-13T05:00:09","slug":"verbraucherpsychologie-covid-19","status":"publish","type":"page","link":"https:\/\/www.sisinternational.com\/de\/consumer-market-research-page\/verbraucherpsychologie-covid-19\/","title":{"rendered":"Verbraucherpsychologie und COVID-19"},"content":{"rendered":"<h1 class=\"wp-block-heading\"><span lang=\"en-US\">Verbraucherpsychologie und COVID-19<\/span><\/h1>\n\n\n\n<figure class=\"gb-block-image gb-block-image-29eebeeb\"><img loading=\"lazy\" decoding=\"async\" width=\"1456\" height=\"816\" class=\"gb-image gb-image-29eebeeb\" src=\"https:\/\/www.sisinternational.com\/wp-content\/uploads\/2025\/08\/Consumer-electronics-1.jpg\" alt=\"SIS International Marktforschung &amp; Strategie\" title=\"Consumer electronics (1)\" srcset=\"https:\/\/www.sisinternational.com\/wp-content\/uploads\/2025\/08\/Consumer-electronics-1.jpg 1456w, https:\/\/www.sisinternational.com\/wp-content\/uploads\/2025\/08\/Consumer-electronics-1-300x168.jpg 300w, https:\/\/www.sisinternational.com\/wp-content\/uploads\/2025\/08\/Consumer-electronics-1-1024x574.jpg 1024w, https:\/\/www.sisinternational.com\/wp-content\/uploads\/2025\/08\/Consumer-electronics-1-768x430.jpg 768w, https:\/\/www.sisinternational.com\/wp-content\/uploads\/2025\/08\/Consumer-electronics-1-18x10.jpg 18w\" sizes=\"auto, (max-width: 1456px) 100vw, 1456px\"><\/figure>\n\n\n\n<p><\/p>\n\n\n\n<hr class=\"wp-block-separator has-alpha-channel-opacity is-style-dots\"\/>\n\n\n\n<p><span lang=\"en-US\">Dank COVID-19 bilden wir uns weiter, kn\u00fcpfen soziale Kontakte und treiben Sport auf neue und andere Weise. Das neuartige Coronavirus scheint jeden Aspekt unseres Lebens ver\u00e4ndert zu haben. Eine der h\u00e4ufigsten St\u00f6rungen war die Auswirkung auf unsere Einkaufs- und Kaufgewohnheiten. Soziale Distanzierung, Engp\u00e4sse und sich st\u00e4ndig \u00e4ndernde Anforderungen haben unsere Einkaufsgewohnheiten ver\u00e4ndert. Wir kaufen Alltagsprodukte, Lebensmittel und alles andere auf neue und andere Weise.<\/span><\/p>\n\n\n\n<h2 class=\"wp-block-heading\"><span lang=\"en-US\">Psychologische Faktoren<\/span><\/h2>\n\n\n\n<p><span lang=\"en-US\">Many psychological factors affect our buying decisions during the pandemic. The lockdown has forced more family interaction, but there is not much social cohesion. Communities are experiencing social disruption as cultural norms change. Loneliness may affect the decisions of those who live outside of a family unit. Some families are going through periods of bereavement as they bury members stricken by the disease. The environment is another <a href=\"https:\/\/www.sisinternational.com\/de\/losungen\/qualitative-quantitative-forschungslosungen\/marktforschung-zu-menschlichen-faktoren\/\" title=\"Marktforschung zu menschlichen Faktoren\"  data-wpil-monitor-id=\"10025\">factor that marketers<\/a> need to take into consideration. So are social status and social integration.<\/span><\/p>\n\n\n\n<h2 class=\"wp-block-heading\"><span lang=\"en-US\">Psychische Verhaltensweisen w\u00e4hrend des Coronavirus<\/span><\/h2>\n\n\n\n<h3 class=\"wp-block-heading\"><span lang=\"en-US\" style=\"color: #0b5d95;\">Horten<\/span><\/h3>\n\n\n\n<p><span lang=\"en-US\">Menschen messen weniger verf\u00fcgbaren Dingen wie Toilettenpapier einen Wert bei. Bald nach Bekanntwerden der Pandemie sahen wir Knappheit vs. \u00dcberfluss. Die Menschen kauften zu viel. Horten ist ein nat\u00fcrliches Anpassungsverhalten. Es setzt immer dann ein, wenn die Versorgung mit Ressourcen unregelm\u00e4\u00dfig ist. Unser Gehirn ist darauf programmiert, Vorr\u00e4te anzulegen, wenn die Nachricht Panik ausl\u00f6st, dass die Gesch\u00e4fte keine Lebensmittel mehr haben.<\/span><\/p>\n\n\n\n<h3 class=\"wp-block-heading\"><span lang=\"en-US\" style=\"color: #0b5d95;\">Lagerbest\u00e4nde<\/span><\/h3>\n\n\n\n<p><span lang=\"en-US\">In Gro\u00dfst\u00e4dten schr\u00e4nkt COVID-19 die Freizeitgestaltung ein. Die Stadtverwaltung r\u00e4t von der Nutzung von Bussen und U-Bahnen ab. Hunderttausende Amerikaner kaufen deshalb jetzt Fahrr\u00e4der. In den ersten Tagen der Pandemie war es au\u00dferdem schwierig, Reis, Nudeln, T\u00fccher, Thunfischkonserven und Handdesinfektionsmittel zu finden. Einige Gesch\u00e4fte beschr\u00e4nkten die Menge der Artikel, die die Verbraucher kaufen konnten.<\/span><\/p>\n\n\n\n<h3 class=\"wp-block-heading\"><span lang=\"en-US\" style=\"color: #0b5d95;\">Trauma<\/span><\/h3>\n\n\n\n<p><span lang=\"en-US\">COVID-19 war ein pl\u00f6tzlicher, unerwarteter, \u00fcberw\u00e4ltigender und intensiver emotionaler Schlag. Es f\u00fchrte zu Warteschlangen vor den Sozialhilfeempf\u00e4ngern an der 5th Avenue und zu sozialen, wirtschaftlichen und gesundheitlichen Traumata. Viele Menschen berichteten von Gef\u00fchlen des Verrats, der Ohnmacht und der Stigmatisierung. Es hat bei den Menschen die Kampf-oder-Flucht-Reaktion ausgel\u00f6st. Sie sp\u00fcren es, wenn die Fernsehsender jede neue Bedrohung ank\u00fcndigen. Die Pandemie hat gezeigt, dass wir sichere Umgebungen schaffen m\u00fcssen. Diese Umgebungen helfen, den langfristigen Auswirkungen von chronischem Stress entgegenzuwirken.<\/span><\/p>\n\n\n\n<h3 class=\"wp-block-heading\"><span lang=\"en-US\" style=\"color: #0b5d95;\">Physiologischer Stress<\/span><\/h3>\n\n\n\n<p><span lang=\"en-US\">COVID-19 \u00e4u\u00dfert sich auch in Angst- und Panikst\u00f6rungen. Es erh\u00f6ht den Cortisolspiegel der Menschen und verursacht Schlafmangel. Bewegungsmangel l\u00e4sst den Endorphinspiegel sinken. Somit sind die Menschen nicht mehr vor Stress gesch\u00fctzt. Sie konsumieren mehr Konserven und weniger frisches Gem\u00fcse. Daher kann sich ein Mangel an N\u00e4hrstoffen und lebenswichtigen Vitaminen auf ihre Stimmung auswirken. Sie k\u00f6nnen die Kontrolle zur\u00fcckgewinnen, indem Sie sich um Ihre emotionale Gesundheit k\u00fcmmern. Nehmen Sie sich Zeit, um abzuschalten und mit anderen in Kontakt zu treten.<\/span><\/p>\n\n\n\n<h3 class=\"wp-block-heading\"><span lang=\"en-US\" style=\"color: #0b5d95;\">Theorie der erlernten Hilflosigkeit<\/span><\/h3>\n\n\n\n<p><span lang=\"en-US\">Wenn keine Ihrer Ma\u00dfnahmen funktioniert, egal, was Sie tun, entscheiden Sie sich vielleicht, nichts zu tun. Erlernte Hilflosigkeit ist eine Theorie der Depression. Sie besagt, dass eine Person aufh\u00f6rt, es zu versuchen, wenn nichts funktioniert. Deshalb sehen wir die Verzweiflung in Hotspots wie Florida und Kalifornien. Manche Menschen entscheiden sich vielleicht, infizierte Umgebungen nicht zu verlassen. Also bleiben sie, obwohl es vern\u00fcnftig w\u00e4re, zu gehen. Wie kann man erlernte Hilflosigkeit beheben? Nur indem man die Kontrolle zur\u00fcckgewinnt und sich selbst st\u00e4rkt.<\/span><\/p>\n\n\n\n<h3 class=\"wp-block-heading\"><span lang=\"en-US\" style=\"color: #0b5d95;\">Abnormale Psychologie<\/span><\/h3>\n\n\n\n<p><span lang=\"en-US\">Viele Menschen f\u00fchlen sich w\u00e4hrend der Pandemie zu Hause sicher. Dennoch berichten sie von Einsamkeit, einem hohen Ma\u00df an Angst, Wut und Langeweile. Der Mangel an Autorit\u00e4t l\u00f6st bei vielen Hoffnungslosigkeit aus. Die Menschen zeigen asoziales Verhalten und die Bandenaktivit\u00e4t in New York nimmt zu. Trotz dieser besorgniserregenden Entwicklungen ist es wichtig, die Dinge im Blick zu behalten. Wir m\u00fcssen mit uns selbst Mitgef\u00fchl haben, wenn die Dinge nicht wie geplant laufen.<\/span><\/p>\n\n\n\n<h2 class=\"wp-block-heading\"><span lang=\"en-US\">Schluss mit demonstrativem Konsum<\/span><\/h2>\n\n\n\n<p><span lang=\"en-US\">Luxury goods were the first <a href=\"https:\/\/www.sisinternational.com\/de\/sachverstand\/branchen\/digitale-kundenerfahrung-cx-marktforschung\/\" title=\"Marktforschung zur digitalen Kundenerfahrung (CX)\"  data-wpil-monitor-id=\"10028\">customer segment to experience<\/a> cutbacks due to the pandemic. It might be the last to recover since this segment is the most discretionary of all consumer purchases. The shutdown in the lifestyles of affluent consumers has given them downtime. They can now reassess their priorities. It\u2019s because the <a href=\"https:\/\/www.sisinternational.com\/de\/sachverstand\/branchen\/marktforschung-fur-luxushotels\/\" title=\"Marktforschung f\u00fcr Luxushotels\"  data-wpil-monitor-id=\"10032\">market for luxury<\/a> items thrives on the psychology of wealthy buyers. If they feel good about themselves, they splurge. If they don\u2019t, they won\u2019t.<\/span><\/p>\n\n\n\n<p><span lang=\"en-US\">COVID-19 has breached the consumer\u2019s mind and psychology, which may upset his or her ways of buying. Brands have to use new ways of communicating. It\u2019s the best way to reduce the psychological impact on <a href=\"https:\/\/www.sisinternational.com\/de\/kundenzufriedenheitsanalyse\/\" title=\"8 M\u00f6glichkeiten zur Steigerung der Kundenzufriedenheit im Einzelhandel\"  data-wpil-monitor-id=\"10019\">consumers<\/a>. Meanwhile, technology companies are coming up with new offerings. It may open new avenues to brands, enabling them to influence consumer behavior.<\/span><\/p>\n\n\n\n<p><span lang=\"en-US\">Einzelh\u00e4ndler m\u00fcssen die Psychologie der K\u00e4ufer verstehen. Sie k\u00f6nnen diese Erkenntnisse dann nutzen, um ihr Kaufverhalten zu beeinflussen. Das langfristige Potenzial des Verbraucherverhaltens zu bewerten, ist jedoch schwierig. Dennoch haben Einzelh\u00e4ndler die M\u00f6glichkeit, die Kaufentscheidungen ihrer Kunden zu beeinflussen. Sie k\u00f6nnen auch die Gelegenheit nutzen, eine sinnvolle Online-Pr\u00e4senz bereitzustellen. Sie k\u00f6nnen f\u00fcr Kunden da sein, die ihre Gesch\u00e4fte nicht betreten k\u00f6nnen.<\/span><\/p>\n\n\n<h2>Unser Standort in New York<\/h2>\n<p><!-- \/wp:post-content --> <!-- wp:html --> <iframe loading=\"lazy\" src=\"https:\/\/www.google.com\/maps\/embed?pb=!1m18!1m12!1m3!1d3022.976188376966!2d-73.99130312499956!3d40.740549471389315!2m3!1f0!2f0!3f0!3m2!1i1024!2i768!4f13.1!3m3!1m2!1s0x89c259a15798c731%3A0xd695d09bdd495f25!2s11%20E%2022nd%20St%20FL%202%2C%20New%20York%2C%20NY%2010010%2C%20USA!5e0!3m2!1sen!2spe!4v1726171763526!5m2!1sen!2spe\" width=\"600\" height=\"450\" allowfullscreen=\"allowfullscreen\" data-mce-fragment=\"1\"><\/iframe> <!-- \/wp:html --> <!-- wp:paragraph --><\/p>\n<h3 class=\"wp-block-heading\">11 E 22nd Street, Floor 2, New York, NY 10010 T: +1(212) 505-6805<\/h3>\n<hr \/>\n<h2><span style=\"font-weight: 400;\">\u00dcber SIS International<\/span><\/h2>\n<p><a href=\"https:\/\/www.sisinternational.com\/de\/\"><span style=\"font-weight: 400;\">SIS International<\/span><\/a><span style=\"font-weight: 400;\"> offers Quantitative, Qualitative, and Strategy Research. We provide data, tools, strategies, reports, and insights for decision-making. We also conduct interviews, surveys, focus groups, and other <a href=\"https:\/\/www.sisinternational.com\/de\/quantitative-market-research-methods-and-techniques\/\" title=\"Quantitative Market Research Methods and Techniques\"  data-wpil-monitor-id=\"10022\">Market Research methods<\/a> and approaches.<\/span><a href=\"https:\/\/www.sisinternational.com\/de\/uber-sis-international-research\/contact-sis-international-market-research\/\"><span style=\"font-weight: 400;\"> Kontakt<\/span><\/a><span style=\"font-weight: 400;\"> f\u00fcr Ihr n\u00e4chstes Marktforschungsprojekt.<\/span><\/p>\n<p><!-- wp:heading --><\/p>\n<h2 id=\"about-sis-international\" class=\"wp-block-heading\">\u00a0<\/h2>\n<p><!-- \/wp:heading --><\/p>","protected":false},"excerpt":{"rendered":"<p>COVID-19 hat jeden Aspekt unseres Lebens ver\u00e4ndert. Es hat die Art und Weise ver\u00e4ndert, wie wir uns weiterbilden, Kontakte kn\u00fcpfen, Sport treiben und einkaufen.<\/p>","protected":false},"author":1,"featured_media":64245,"parent":84529,"menu_order":12,"comment_status":"closed","ping_status":"closed","template":"","meta":{"footnotes":""},"class_list":["post-40678","page","type-page","status-publish","has-post-thumbnail"],"_links":{"self":[{"href":"https:\/\/www.sisinternational.com\/de\/wp-json\/wp\/v2\/pages\/40678","targetHints":{"allow":["GET"]}}],"collection":[{"href":"https:\/\/www.sisinternational.com\/de\/wp-json\/wp\/v2\/pages"}],"about":[{"href":"https:\/\/www.sisinternational.com\/de\/wp-json\/wp\/v2\/types\/page"}],"author":[{"embeddable":true,"href":"https:\/\/www.sisinternational.com\/de\/wp-json\/wp\/v2\/users\/1"}],"replies":[{"embeddable":true,"href":"https:\/\/www.sisinternational.com\/de\/wp-json\/wp\/v2\/comments?post=40678"}],"version-history":[{"count":6,"href":"https:\/\/www.sisinternational.com\/de\/wp-json\/wp\/v2\/pages\/40678\/revisions"}],"predecessor-version":[{"id":81658,"href":"https:\/\/www.sisinternational.com\/de\/wp-json\/wp\/v2\/pages\/40678\/revisions\/81658"}],"up":[{"embeddable":true,"href":"https:\/\/www.sisinternational.com\/de\/wp-json\/wp\/v2\/pages\/84529"}],"wp:featuredmedia":[{"embeddable":true,"href":"https:\/\/www.sisinternational.com\/de\/wp-json\/wp\/v2\/media\/64245"}],"wp:attachment":[{"href":"https:\/\/www.sisinternational.com\/de\/wp-json\/wp\/v2\/media?parent=40678"}],"curies":[{"name":"wp","href":"https:\/\/api.w.org\/{rel}","templated":true}]}}