{"id":40657,"date":"2022-06-24T20:55:03","date_gmt":"2022-06-24T20:55:03","guid":{"rendered":"https:\/\/www.sisinternational.com\/?page_id=40657"},"modified":"2026-01-26T14:24:02","modified_gmt":"2026-01-26T19:24:02","slug":"cloud-computing-marktforschung","status":"publish","type":"page","link":"https:\/\/www.sisinternational.com\/de\/sachverstand\/cloud-computing-marktforschung\/","title":{"rendered":"Cloud Computing Marktforschung"},"content":{"rendered":"<h1 class=\"wp-block-heading\">Cloud Computing Marktforschung<\/h1>\n\n\n\n<figure class=\"gb-block-image gb-block-image-4b310d80\"><img loading=\"lazy\" decoding=\"async\" width=\"1456\" height=\"816\" class=\"gb-image gb-image-4b310d80\" src=\"https:\/\/www.sisinternational.com\/wp-content\/uploads\/2025\/08\/Cloud-5-3.jpg\" alt=\"SIS International Marktforschung &amp; Strategie\" title=\"Cloud 5 (3)\" srcset=\"https:\/\/www.sisinternational.com\/wp-content\/uploads\/2025\/08\/Cloud-5-3.jpg 1456w, https:\/\/www.sisinternational.com\/wp-content\/uploads\/2025\/08\/Cloud-5-3-300x168.jpg 300w, https:\/\/www.sisinternational.com\/wp-content\/uploads\/2025\/08\/Cloud-5-3-1024x574.jpg 1024w, https:\/\/www.sisinternational.com\/wp-content\/uploads\/2025\/08\/Cloud-5-3-768x430.jpg 768w, https:\/\/www.sisinternational.com\/wp-content\/uploads\/2025\/08\/Cloud-5-3-18x10.jpg 18w\" sizes=\"auto, (max-width: 1456px) 100vw, 1456px\"><\/figure>\n\n\n\n<hr class=\"wp-block-separator has-alpha-channel-opacity is-style-dots\"\/>\n\n\n\n<h2 class=\"wp-block-heading\">Was ist Cloud Computing?<\/h2>\n\n\n\n<p>In simple words, cloud computing refers to on-demand services that provide software and storage, as well as servers. As a matter of fact, the \u201ccloud\u201d gives faster, more flexible, and state-of-the-art resources through the internet and offers economies of scale. Another feature is that companies only pay for the cloud services that they use. This structure further allows them to lower their business costs. They can also <a href=\"https:\/\/www.sisinternational.com\/de\/losungen\/innovation\/wie-man-ein-unternehmen-skaliert\/\" title=\"So skalieren Sie ein Unternehmen | Exponentielles Wachstum erreichen\"  data-wpil-monitor-id=\"10083\">scale when their business<\/a> needs to.<\/p>\n\n\n\n<p>What\u2019s another great thing about Cloud Computing? It allows efficient use of hardware. For example, companies no longer have to own a computing setup or even data centers. Instead, they rent access to a cloud. Furthermore, the cloud storage providers offer many options, from storage to applications.<\/p>\n\n\n\n<h2 class=\"wp-block-heading\">Warum ist Cloud Computing wichtig?<\/h2>\n\n\n\n<p>Cloud Computing is advanced tech when compared to the usual <a href=\"https:\/\/www.sisinternational.com\/de\/veroffentlichungen\/skalierbare-geschaftsmarktforschung-7-moglichkeiten-zum-aufbau-eines-skalierbaren-geschafts\/\" title=\"Marktforschung f\u00fcr skalierbare Unternehmen: 7 M\u00f6glichkeiten zum Aufbau eines skalierbaren Unternehmens\"  data-wpil-monitor-id=\"10086\">way of doing business<\/a>. It is important in this era, first because of costs. Firms no longer have to bear the cost of owning hardware and software. Nor do they have to pay for setting up and running on-demand data centers.<\/p>\n\n\n\n<h3 class=\"wp-block-heading\">Geschwindigkeit<\/h3>\n\n\n\n<p>Providers offer several cloud computing services on demand. They also provide self-service. Thus, companies have access to loads of computing data within a short time \u2013 often with only a few mouse clicks.\u00a0It also opens them to a global stage, because Cloud computing has the potential for elastic scaling.<\/p>\n\n\n\n<p>Cloud Computing macht lokale Rechenzentren \u00fcberfl\u00fcssig. Ein weiterer wichtiger Punkt ist, dass das IT-Team den Gro\u00dfteil seiner Zeit auf die Erreichung der Gesch\u00e4ftsziele verwenden kann.<\/p>\n\n\n\n<p>Die Cloud macht Datensicherung, Wiederherstellung und Gesch\u00e4ftskontinuit\u00e4t kosteng\u00fcnstiger. Dar\u00fcber hinaus k\u00f6nnen Daten an verschiedenen Standorten repliziert werden.<\/p>\n\n\n\n<h3 class=\"wp-block-heading\">Sicherheit<\/h3>\n\n\n\n<p>Die meisten Cloud-Dienstanbieter bieten ein komplettes Set an Technologien und Richtlinien. Dar\u00fcber hinaus bieten sie Kontrollen, die Ihre Sicherheit erh\u00f6hen. So sch\u00fctzen sie Ihre Infrastruktur, Apps und Daten vor potenziellen Bedrohungen.<\/p>\n\n\n\n<h2 class=\"wp-block-heading\">Wichtige Berufsbezeichnungen<\/h2>\n\n\n\n<h3 class=\"wp-block-heading\">Einige Berufsbezeichnungen im Zusammenhang mit Cloud Computing sind:<\/h3>\n\n\n\n<ul class=\"wp-block-list\">\n<li><a href=\"https:\/\/www.sisinternational.com\/de\/sachverstand\/branchen\/chief-information-officer-cio-marktforschung\/\" title=\"Chief Information Officer (CIO) Marktforschung\"  data-wpil-monitor-id=\"10087\">Chief Cloud Officer<\/a><\/li>\n\n\n\n<li>Beauftragter f\u00fcr digitale Kompetenzen<\/li>\n\n\n\n<li>Cloud-Sicherheitsexperte<\/li>\n\n\n\n<li>Cloud-Architekt<\/li>\n\n\n\n<li>Cloud-Ingenieur<\/li>\n\n\n\n<li>Cloud-Entwickler<\/li>\n\n\n\n<li>Cloud-Administrator<\/li>\n<\/ul>\n\n\n\n<h2 class=\"wp-block-heading\">Warum brauchen Unternehmen Cloud Computing?<\/h2>\n\n\n\n<h3 class=\"wp-block-heading\">Aus folgenden Hauptgr\u00fcnden ist f\u00fcr Unternehmen die Nutzung der Cloud erforderlich:<\/h3>\n\n\n\n<p><strong>It lowers cost<\/strong><\/p>\n\n\n\n<p>Cloud Computing ist nicht dasselbe wie das Einrichten und Betreiben eines Rechenzentrums. Stattdessen m\u00fcssen Unternehmen nur f\u00fcr die Dienste bezahlen, die sie nutzen. Cloud Computing ist also g\u00fcnstig.<\/p>\n\n\n\n<p>Die Cloud ist au\u00dferdem flexibel, was f\u00fcr Unternehmen ein weiterer Grund ist, Cloud Computing zu nutzen. Und zumindest k\u00f6nnen Ihre Mitarbeiter zusammenarbeiten, auch wenn sie an verschiedenen Standorten sind.<\/p>\n\n\n\n<p><strong>Eine gro\u00dfe Auswahl an Optionen<\/strong><\/p>\n\n\n\n<p>Es ist <span lang=\"en-US\">hoch <\/span>to you to choose the best cloud services. But, it offers users a wide range of options.&nbsp;The use of cloud computing also brings teamwork to life. Staff members can share data with ease, so it\u2019s not difficult to work together.<\/p>\n\n\n\n<h2 class=\"wp-block-heading\">Kritische Erfolgsfaktoren des Cloud Computing<\/h2>\n\n\n\n<h3 class=\"wp-block-heading\">Mit der Cloud k\u00f6nnen Sie Folgendes erwarten:<\/h3>\n\n\n\n<ul class=\"wp-block-list\">\n<li>Reduzierte Kosten<\/li>\n\n\n\n<li>Zuverl\u00e4ssigkeit<\/li>\n\n\n\n<li>Skalierbarkeit<\/li>\n\n\n\n<li>Effizienz<\/li>\n<\/ul>\n\n\n\n<h2 class=\"wp-block-heading\">\u00dcber Cloud Computing<\/h2>\n\n\n\n<p>Quantitativ <a href=\"https:\/\/www.sisinternational.com\/de\/losungen\/ai-marktforschung-und-strategieberatung\/computer-vision-ki-marktforschung\/\" title=\"Marktforschung f\u00fcr Computer Vision-KI\"  data-wpil-monitor-id=\"2764\">research has revealed interesting data on cloud<\/a> computing services. Focus groups, coupled with interviews, surveys, and strategy <a href=\"https:\/\/www.sisinternational.com\/de\/losungen\/branding-und-kundenforschungslosungen\/storytelling-marktforschung\/\" title=\"Storytelling Marktforschung\"  data-wpil-monitor-id=\"5959\">research tell the same story<\/a>. They have shown that this service is on an upward trend. In fact, many <a href=\"https:\/\/www.sisinternational.com\/de\/losungen\/strategieberatung\/datenanalyse\/\" title=\"Datenanalyse-Unternehmen\"  data-wpil-monitor-id=\"10084\">companies are outsourcing their data<\/a> services. Yet, qualitative <a href=\"https:\/\/www.sisinternational.com\/de\/losungen\/qualitative-quantitative-forschungslosungen\/marktforschung-zu-menschlichen-faktoren\/\" title=\"Marktforschung zu menschlichen Faktoren\"  data-wpil-monitor-id=\"10089\">research has pointed out a high-risk factor<\/a>. Cloud computing can lead to security threats.&nbsp;Still, the benefits of the cloud outweigh the risks, and it is an excellent way for companies to save money while having access to first-class data storage services.<\/p>\n\n\n\n<p><\/p>","protected":false},"excerpt":{"rendered":"<p>Cloud Computing ist eine kosteng\u00fcnstige Alternative zu herk\u00f6mmlichen Gesch\u00e4ftsmethoden, da keine eigene Hard- und Software sowie keine eigenen Rechenzentren erforderlich sind.<\/p>","protected":false},"author":1,"featured_media":64202,"parent":14514,"menu_order":129,"comment_status":"closed","ping_status":"closed","template":"","meta":{"footnotes":""},"class_list":["post-40657","page","type-page","status-publish","has-post-thumbnail"],"_links":{"self":[{"href":"https:\/\/www.sisinternational.com\/de\/wp-json\/wp\/v2\/pages\/40657","targetHints":{"allow":["GET"]}}],"collection":[{"href":"https:\/\/www.sisinternational.com\/de\/wp-json\/wp\/v2\/pages"}],"about":[{"href":"https:\/\/www.sisinternational.com\/de\/wp-json\/wp\/v2\/types\/page"}],"author":[{"embeddable":true,"href":"https:\/\/www.sisinternational.com\/de\/wp-json\/wp\/v2\/users\/1"}],"replies":[{"embeddable":true,"href":"https:\/\/www.sisinternational.com\/de\/wp-json\/wp\/v2\/comments?post=40657"}],"version-history":[{"count":6,"href":"https:\/\/www.sisinternational.com\/de\/wp-json\/wp\/v2\/pages\/40657\/revisions"}],"predecessor-version":[{"id":81668,"href":"https:\/\/www.sisinternational.com\/de\/wp-json\/wp\/v2\/pages\/40657\/revisions\/81668"}],"up":[{"embeddable":true,"href":"https:\/\/www.sisinternational.com\/de\/wp-json\/wp\/v2\/pages\/14514"}],"wp:featuredmedia":[{"embeddable":true,"href":"https:\/\/www.sisinternational.com\/de\/wp-json\/wp\/v2\/media\/64202"}],"wp:attachment":[{"href":"https:\/\/www.sisinternational.com\/de\/wp-json\/wp\/v2\/media?parent=40657"}],"curies":[{"name":"wp","href":"https:\/\/api.w.org\/{rel}","templated":true}]}}