{"id":40652,"date":"2022-06-24T17:56:41","date_gmt":"2022-06-24T17:56:41","guid":{"rendered":"https:\/\/www.sisinternational.com\/?page_id=40652"},"modified":"2026-01-26T18:18:01","modified_gmt":"2026-01-26T23:18:01","slug":"kauferverhalten-nach-corona-neue-verbraucher","status":"publish","type":"page","link":"https:\/\/www.sisinternational.com\/de\/veroffentlichungen\/kauferverhalten-nach-corona-neue-verbraucher\/","title":{"rendered":"K\u00e4uferverhalten nach Corona \u2013 Verbrauchermarktforschung"},"content":{"rendered":"<h1 class=\"wp-block-heading\">K\u00e4uferverhalten nach Corona \u2013 Verbrauchermarktforschung<\/h1>\n\n\n\n<figure class=\"gb-block-image gb-block-image-87e22311\"><img loading=\"lazy\" decoding=\"async\" width=\"1024\" height=\"574\" class=\"gb-image gb-image-87e22311\" src=\"https:\/\/www.sisinternational.com\/wp-content\/uploads\/2025\/09\/DNA-Genetics-18-1024x574.jpg\" alt=\"SIS International Marktforschung &amp; Strategie\" title=\"DNA Genetics (18)\" srcset=\"https:\/\/www.sisinternational.com\/wp-content\/uploads\/2025\/09\/DNA-Genetics-18-1024x574.jpg 1024w, https:\/\/www.sisinternational.com\/wp-content\/uploads\/2025\/09\/DNA-Genetics-18-300x168.jpg 300w, https:\/\/www.sisinternational.com\/wp-content\/uploads\/2025\/09\/DNA-Genetics-18-768x430.jpg 768w, https:\/\/www.sisinternational.com\/wp-content\/uploads\/2025\/09\/DNA-Genetics-18-18x10.jpg 18w, https:\/\/www.sisinternational.com\/wp-content\/uploads\/2025\/09\/DNA-Genetics-18.jpg 1456w\" sizes=\"auto, (max-width: 1024px) 100vw, 1024px\"><\/figure>\n\n\n\n<p><\/p>\n\n\n\n<hr class=\"wp-block-separator has-alpha-channel-opacity is-style-dots\"\/>\n\n\n\n<p>Die COVID-19-Pandemie hat die Welt, wie wir sie kennen, ver\u00e4ndert. Innerhalb weniger Wochen hat das Virus die Konsumg\u00fcterindustrie in Echtzeit umgestaltet. Es hat langfristige Trends beschleunigt. Unternehmen sollten die Trends studieren, die sich im Zuge dieser Katastrophe abzeichnen. Wir k\u00f6nnen dar\u00fcber nachdenken, was Konsumg\u00fcterunternehmen heute tun sollten, um sich auf das vorzubereiten, was als N\u00e4chstes kommt:<\/p>\n\n\n\n<h2 class=\"wp-block-heading\">Schritt 1: F\u00fchren Sie eine Analyse der Marktfaktoren durch<\/h2>\n\n\n\n<h3 class=\"wp-block-heading\">Unternehmen k\u00f6nnen das PESTLE-Prinzip nutzen. Es hilft ihnen, Chancen und Risiken zu erkennen.<\/h3>\n\n\n\n<p><span style=\"color: #cda349;\"><strong>P<\/strong><\/span> \u2013 Politik. Unternehmen k\u00f6nnen sich mit der Regierungspolitik, der politischen Stabilit\u00e4t und der Au\u00dfenhandelspolitik befassen. Sie k\u00f6nnen auch die Steuerpolitik, das Arbeitsrecht, Handelsbeschr\u00e4nkungen und die Finanzpolitik ber\u00fccksichtigen. Sogar Terrorismus und milit\u00e4rische Erw\u00e4gungen spielen eine Rolle. Das Gleiche gilt f\u00fcr Umweltgesetze, F\u00f6rdermittel und andere Initiativen.<\/p>\n\n\n\n<p><span style=\"color: #cda349;\"><strong>E<\/strong><\/span> \u2013 Wirtschaft. Hier k\u00f6nnen Unternehmen das Wirtschaftswachstum, die Zinsen und die Wechselkurse ber\u00fccksichtigen. Sie m\u00fcssen auch die Inflation und das verf\u00fcgbare Einkommen sowohl des Unternehmens als auch seiner Kunden ber\u00fccksichtigen. Steuern sind von wesentlicher Bedeutung, einschlie\u00dflich zwischenstaatlicher Steuern. Unternehmen m\u00fcssen auch die Lohns\u00e4tze und ihre finanziellen M\u00f6glichkeiten ber\u00fccksichtigen.<\/p>\n\n\n\n<p><span style=\"color: #cda349;\"><strong>S<\/strong><\/span> \u2013 Soziale \u00dcberlegungen. Zu den Faktoren, die Unternehmen hier ber\u00fccksichtigen m\u00fcssen, geh\u00f6rt das Bev\u00f6lkerungswachstum. Sie sollten auch die Altersstruktur und das Gesundheitsbewusstsein im Auge behalten. Sie m\u00fcssen auch Karriereeinstellungen, kulturelle und Kauftrends der Kunden ber\u00fccksichtigen. Demografische Aspekte sind ebenso wichtig wie Branchenbewertungen und das Verbrauchervertrauen. Unternehmen m\u00fcssen auch ein Organisationsimage entwickeln.<\/p>\n\n\n\n<p><span style=\"color: #cda349;\"><strong>T<\/strong> <\/span>\u2013 Technologie. Dieser Faktor befasst sich mit der tats\u00e4chlichen Produktion von Waren und Dienstleistungen. Um die Pandemie zu \u00fcberstehen, m\u00fcssen sich Unternehmen m\u00f6glicherweise mit neuen Technologien befassen. COVID-19 erfordert ein hohes Ma\u00df an technologischer Reife, um eine effiziente Verteilung von Waren und Dienstleistungen zu erm\u00f6glichen. Unternehmen m\u00fcssen in der Lage sein, mit ihrem Zielmarkt zu kommunizieren. Sie m\u00fcssen auch m\u00f6gliche Problembereiche im Auge behalten. Ein Beispiel sind m\u00f6gliche Urheberrechtsverletzungen. Das Virus zeigt keine Anzeichen einer Abschw\u00e4chung, daher m\u00fcssen Unternehmen m\u00f6glicherweise mehr Schulungen durchf\u00fchren, um Innovationen zu nutzen. Technologie ist ein wesentlicher Faktor. Unternehmen m\u00fcssen jedoch den potenziellen ROI pr\u00fcfen, bevor sie erhebliche Investitionen t\u00e4tigen.<\/p>\n\n\n\n<p><span style=\"color: #cda349;\"><strong>M<\/strong> <\/span>\u2013 Rechtliche \u00dcberlegungen. Unter diesem Gesichtspunkt m\u00fcssen Unternehmen Gesundheits- und Sicherheitsstandards ber\u00fccksichtigen. Sie m\u00fcssen Chancengleichheit bei der Besch\u00e4ftigung und in der Werbung gew\u00e4hrleisten und Verbraucherrechte, Gesetze und Produktkennzeichnungen ber\u00fccksichtigen. Die Arbeitsgesetze sind ebenso ein wesentlicher Gesichtspunkt wie zuk\u00fcnftige und wettbewerbsf\u00e4hige Gesetzgebung.<\/p>\n\n\n\n<p><span style=\"color: #cda349;\"><strong>E<\/strong><\/span> \u2013 Umwelt. Dieser Faktor betrifft die geografische Lage und Erreichbarkeit. Er ber\u00fccksichtigt den Rohstoffmangel, die Umweltverschmutzung und die Treibhausgasemissionen und fordert eine Reduzierung des CO2-Fu\u00dfabdrucks. Er f\u00f6rdert eine positive Gesch\u00e4ftsethik und Nachhaltigkeit. Er ber\u00fccksichtigt Klima und Wetter und befasst sich mit der Umweltgesetzgebung.<\/p>\n\n\n\n<h2 class=\"wp-block-heading\">Schritt 2: K\u00e4uferpsychologie und Kundenbed\u00fcrfnisse verstehen<\/h2>\n\n\n\n<p>Dieser Schritt umfasst qualitative Forschung, die sich mit nicht-numerischen Daten befasst. Er befasst sich mit Maslows Bed\u00fcrfnishierarchie, um die Motivationen der Verbraucher zu verstehen. Maslows Hierarchie beginnt mit physiologischen Bed\u00fcrfnissen wie Wasser, Luft, Nahrung und Obdach. Diese Bed\u00fcrfnisse stehen am unteren Ende der Pyramide. Dann geht es weiter mit Sicherheitsbed\u00fcrfnissen wie Besch\u00e4ftigung, Gesundheit und Eigentum. Als n\u00e4chstes in der Hierarchie folgen Liebe und Zugeh\u00f6rigkeit, wozu Freundschaft und Familie geh\u00f6ren. Als n\u00e4chstes m\u00fcssen Sie auf die Wertsch\u00e4tzung Ihres Verbrauchers eingehen: Respekt, Status und Anerkennung. Selbstverwirklichung oder der Wunsch, das Beste zu sein, was man sein kann, steht an der Spitze der Hierarchie.<\/p>\n\n\n\n<p>Um die Psychologie der K\u00e4ufer zu verstehen, ist Hofstedes Theorie der kulturellen Dimensionen hilfreich. Sie quantifiziert kulturelle Unterschiede und macht sie so leichter messbar. Sie misst die Machtdistanz, von egalit\u00e4ren bis hin zu denen, die die Hierarchie akzeptieren. Sie misst auch Kollektivismus vs. Individualismus auf M\u00e4rkten. Sie k\u00f6nnen sich den Unsicherheitsvermeidungsindex der K\u00e4ufer ansehen, ihre Weiblichkeit vs. M\u00e4nnlichkeit, ihre kurzfristige vs. langfristige Orientierung und ihre Ansichten \u00fcber Zur\u00fcckhaltung vs. Nachgiebigkeit.<\/p>\n\n\n\n<p>Verhaltens\u00f6konomie ist in Krisenzeiten von entscheidender Bedeutung. Das Marketing Ihres Unternehmens muss sich \u00e4ndern. Beispielsweise ist es besser, nur eine klare Marketingbotschaft zu haben. Weniger ist im Moment mehr. Sie k\u00f6nnen Chunking betreiben und kleine, einfache \u00c4nderungen an Dingen wie Ihrem Farbschema vornehmen. Diese Optimierungen k\u00f6nnen die Leistung Ihrer gesamten Marketingbotschaft verbessern. Weitere Aspekte der Verhaltens\u00f6konomie sind Preiswahrnehmung, Entscheidungsarchitektur, Verlustaversion und Framing. Es gibt auch zeitliche Diskontierung oder Zeitbarwert. Zeit ist jetzt wertvoll, daher t\u00e4tigen viele Verbraucher Impulsk\u00e4ufe.<\/p>\n\n\n\n<p>Das vierte Prinzip der Verhaltens\u00f6konomie ist freudianischen Ursprungs. Es befasst sich mit bewussten und unbewussten Entscheidungen. Sie m\u00fcssen die nonverbalen Signale Ihrer Kunden ber\u00fccksichtigen. Sie m\u00fcssen auch wissen, wie Sie Ihre Marketingbem\u00fchungen ausrichten. Sollten Sie auf das Es abzielen, das sich mit unbewussten Instinkten befasst? Oder sollten Sie sich auf das Ich konzentrieren, das sich mit der Realit\u00e4t befasst, oder auf das \u00dcber-Ich, das sich mit der Moral befasst?<\/p>\n\n\n\n<p>Some <a href=\"https:\/\/www.sisinternational.com\/de\/sachverstand\/branchen\/sensorische-marktforschung-2\/\" title=\"Sensorische Marktforschung\"  data-wpil-monitor-id=\"6833\">marketers go into Sensory<\/a> Models, for example, the Customer Empathy model. It\u2019s important to know what consumers think, feel, hear, and see, and what they say or do. You should know their pain points, as it will give you an idea of their fears and barriers. Marketers need to understand the principle behind Mapping the Customer Journey. They can go through the stages from Awareness to Consideration to Acquisition. Once you\u2019ve acquired the customer, you can give them the Service that ensures their Loyalty.<\/p>\n\n\n\n<p>Sie k\u00f6nnen diese Thought-Leadership-Strategien nutzen, um die K\u00e4uferpsychologie und die Kundenbed\u00fcrfnisse zu verstehen. Unternehmen nutzen zu diesem Zweck h\u00e4ufig qualitative Forschung. Wenn Sie ein vielf\u00e4ltiges Team haben, k\u00f6nnen Sie Online-Fokusgruppen einsetzen und mobile ethnografische Studien durchf\u00fchren. So k\u00f6nnen Sie bei der Durchf\u00fchrung ethnografischer Studien in die Materie eintauchen. Stellen Sie die \u201eWas w\u00e4re wenn\u201c-Fragen und f\u00fchren Sie ein Brainstorming durch, damit Sie Ihren Fokus eingrenzen k\u00f6nnen. Sie k\u00f6nnen auch Prototyping und Tests durchf\u00fchren.<\/p>\n\n\n\n<h2 class=\"wp-block-heading\">Schritt 3: Messen, Testen und Validieren<\/h2>\n\n\n\n<p>Dieser Schritt umfasst quantitative Forschungsmethoden, die sich mit Statistiken und numerischen Daten befassen. Dazu geh\u00f6ren Produktkonzepttests oder das Testen von Prototypen. F\u00fcr diesen Schritt verwenden wir Umfragen, ausf\u00fchrliche Interviews, Agile Sprints und Marktsegmentierung. Diese Art der Forschung ist zuverl\u00e4ssig und objektiv. Einige Unternehmen bevorzugen sie, weil sie schneller, fokussierter und wissenschaftlicher ist.<\/p>\n\n\n\n<h2 class=\"wp-block-heading\">Schritt 4: Markteinf\u00fchrungsstrategie<\/h2>\n\n\n\n<p>Dies sind ungew\u00f6hnliche Zeiten. Es ist wichtig, eine Unternehmensstrategie f\u00fcr die Kundengewinnung und -bindung zu haben. Ihr Unternehmen sollte wissen, wie es mit der Konkurrenz und der Lieferkette umgehen wird. M\u00f6glicherweise muss es entscheiden, ob es Partnerschaften oder Allianzen eingehen wird. Sie sollten eine Vorstellung davon haben, wie Sie Ihre Ressourcen (Mitarbeiter, Technologie, Einrichtungen und Kapital) einsetzen werden. Ihre Marktstrategie bestimmt auch Ihre Preisgestaltung, Werbung und Produktplatzierung.<\/p>\n\n\n\n<p>Online-Bestellungen bereiteten den K\u00e4ufern in der Anfangsphase der Pandemie viel \u00c4rger, da sie aufgrund der gestiegenen Nachfrage mit Verz\u00f6gerungen bei der Lieferung konfrontiert waren. Es gab nicht vorr\u00e4tige Artikel und falsche Angaben zur Lagerbestandslage. Diese Situationen sind schon unter normalen Umst\u00e4nden frustrierend und wurden in der Krise noch versch\u00e4rft. Unternehmen sollten diese Zeit der Unsicherheit als Chance nutzen. Sie k\u00f6nnen die Customer Journeys bewerten und sie sinnvoll und profitabel gestalten.<\/p>\n\n\n<h2>Unser Standort in New York<\/h2>\n<p><!-- \/wp:post-content --> <!-- wp:html --> <iframe loading=\"lazy\" src=\"https:\/\/www.google.com\/maps\/embed?pb=!1m18!1m12!1m3!1d3022.976188376966!2d-73.99130312499956!3d40.740549471389315!2m3!1f0!2f0!3f0!3m2!1i1024!2i768!4f13.1!3m3!1m2!1s0x89c259a15798c731%3A0xd695d09bdd495f25!2s11%20E%2022nd%20St%20FL%202%2C%20New%20York%2C%20NY%2010010%2C%20USA!5e0!3m2!1sen!2spe!4v1726171763526!5m2!1sen!2spe\" width=\"600\" height=\"450\" allowfullscreen=\"allowfullscreen\" data-mce-fragment=\"1\"><\/iframe> <!-- \/wp:html --> <!-- wp:paragraph --><\/p>\n<h3 class=\"wp-block-heading\">11 E 22nd Street, Floor 2, New York, NY 10010 T: +1(212) 505-6805<\/h3>\n<hr \/>\n<h2><span style=\"font-weight: 400;\">\u00dcber SIS International<\/span><\/h2>\n<p><a href=\"https:\/\/www.sisinternational.com\/de\/\"><span style=\"font-weight: 400;\">SIS International<\/span><\/a><span style=\"font-weight: 400;\"> bietet quantitative, qualitative und strategische Forschung an. Wir liefern Daten, Tools, Strategien, Berichte und Erkenntnisse zur Entscheidungsfindung. Wir f\u00fchren auch Interviews, Umfragen, Fokusgruppen und andere Methoden und Ans\u00e4tze der Marktforschung durch.<\/span><a href=\"https:\/\/www.sisinternational.com\/de\/uber-sis-international-research\/contact-sis-international-market-research\/\"><span style=\"font-weight: 400;\"> Kontakt<\/span><\/a><span style=\"font-weight: 400;\"> f\u00fcr Ihr n\u00e4chstes Marktforschungsprojekt.<\/span><\/p>\n<p><!-- wp:heading --><\/p>\n<h2 id=\"about-sis-international\" class=\"wp-block-heading\">\u00a0<\/h2>\n<p><!-- \/wp:heading --><\/p>","protected":false},"excerpt":{"rendered":"<p>Verstehen Sie das K\u00e4uferverhalten nach Coronavirus durch Verbrauchermarktforschung.<\/p>","protected":false},"author":1,"featured_media":69943,"parent":20148,"menu_order":11,"comment_status":"closed","ping_status":"closed","template":"","meta":{"footnotes":""},"class_list":["post-40652","page","type-page","status-publish","has-post-thumbnail"],"_links":{"self":[{"href":"https:\/\/www.sisinternational.com\/de\/wp-json\/wp\/v2\/pages\/40652","targetHints":{"allow":["GET"]}}],"collection":[{"href":"https:\/\/www.sisinternational.com\/de\/wp-json\/wp\/v2\/pages"}],"about":[{"href":"https:\/\/www.sisinternational.com\/de\/wp-json\/wp\/v2\/types\/page"}],"author":[{"embeddable":true,"href":"https:\/\/www.sisinternational.com\/de\/wp-json\/wp\/v2\/users\/1"}],"replies":[{"embeddable":true,"href":"https:\/\/www.sisinternational.com\/de\/wp-json\/wp\/v2\/comments?post=40652"}],"version-history":[{"count":5,"href":"https:\/\/www.sisinternational.com\/de\/wp-json\/wp\/v2\/pages\/40652\/revisions"}],"predecessor-version":[{"id":80409,"href":"https:\/\/www.sisinternational.com\/de\/wp-json\/wp\/v2\/pages\/40652\/revisions\/80409"}],"up":[{"embeddable":true,"href":"https:\/\/www.sisinternational.com\/de\/wp-json\/wp\/v2\/pages\/20148"}],"wp:featuredmedia":[{"embeddable":true,"href":"https:\/\/www.sisinternational.com\/de\/wp-json\/wp\/v2\/media\/69943"}],"wp:attachment":[{"href":"https:\/\/www.sisinternational.com\/de\/wp-json\/wp\/v2\/media?parent=40652"}],"curies":[{"name":"wp","href":"https:\/\/api.w.org\/{rel}","templated":true}]}}